{"id":17614,"date":"2020-09-18T14:28:06","date_gmt":"2020-09-18T14:28:06","guid":{"rendered":"https:\/\/www.cca-acc.com\/?page_id=17614"},"modified":"2026-03-10T12:40:53","modified_gmt":"2026-03-10T16:40:53","slug":"anciennes-presidentes-du-conseil","status":"publish","type":"page","link":"https:\/\/www.cca-acc.com\/fr\/a-propos-de-nous\/governance\/anciennes-presidentes-du-conseil\/","title":{"rendered":"Ancien(ne)s pr\u00e9sident(e)s du Conseil"},"content":{"rendered":"\n<p><strong>2024-2026<\/strong> Francis Roy, Groupe Humaco, L\u00e9vis, QC<\/p>\n\n\n\n<p><strong>2022-2024<\/strong> Brendan Nobes, rcs Construction, Bedford, NS<\/p>\n\n\n\n<p><strong>2021<\/strong> Ray Bassett, Compagnie d&#8217;assurance Travelers du Canada, Toronto, ON<\/p>\n\n\n\n<p><strong>2020<\/strong> Joe Wrobel, JPW Road and Bridge Inc., Armstrong, BC<\/p>\n\n\n\n<p><strong>2019<\/strong>&nbsp;John Bockstael, Bockstael Construction Ltd., Winnipeg, MB<\/p>\n\n\n\n<p><strong>2018<\/strong>&nbsp;Zey Emir, Revay et associ\u00e9s limit\u00e9e, Montr\u00e9al, QC<\/p>\n\n\n\n<p><strong>2017<\/strong>&nbsp;C. McNally, C &amp; M McNally Engineering Corp., Burlington, ON<\/p>\n\n\n\n<p><strong>2016<\/strong>&nbsp;G. Brulotte. EllisDon, Edmonton, AB<\/p>\n\n\n\n<p><strong>2015<\/strong>&nbsp;A. Valente, PCL Constructors Inc., Richmond, BC<\/p>\n\n\n\n<p><strong>2014<\/strong>&nbsp;S. Massicotte, Massicotte Construction Ltd., Vanier, ON<\/p>\n\n\n\n<p><strong>2013<\/strong>&nbsp;F. Rizzardo, Emcon Services, Merritt, BC<\/p>\n\n\n\n<p><strong>2012<\/strong>&nbsp;J. Schubert, McCaine Electric Ltd., Winnipeg, MB<\/p>\n\n\n\n<p><strong>2011<\/strong>&nbsp;N.J. (Dee) Miller, JJM Construction, Delta, BC<\/p>\n\n\n\n<p><strong>2010<\/strong>&nbsp;W. Morsky, Morsky Group of Companies, Regina, SK<\/p>\n\n\n\n<p><strong>2009<\/strong>&nbsp;B. Greene, Project Management Services Inc., St. John\u2019s, NL<\/p>\n\n\n\n<p><strong>2008<\/strong>&nbsp;P. Charette, Bird Construction Company, Toronto, ON<\/p>\n\n\n\n<p><strong>2007<\/strong>&nbsp;R. Brunet, Ed Brunet et associ\u00e9s inc., Gatineau, QC<\/p>\n\n\n\n<p><strong>2006<\/strong>&nbsp;A. Argento, Seven Brothers Constr. Contractors Inc., Montr\u00e9al, QC<\/p>\n\n\n\n<p><strong>2005<\/strong>&nbsp;M. Farmer, Farmer Construction Ltd., Victoria, BC<\/p>\n\n\n\n<p><strong>2004<\/strong>&nbsp;S. Westeinde, Westeinde Group of Companies, Ottawa, ON<\/p>\n\n\n\n<p><strong>2003<\/strong>&nbsp;T. Brown, Ledcor Alberta Ltd., Edmonton, AB<\/p>\n\n\n\n<p><strong>2002<\/strong>&nbsp;B. Brown, Maple Leaf Construction Ltd., Winnipeg, MB<\/p>\n\n\n\n<p><strong>2001<\/strong>&nbsp;J. Gardner, Gardner Electric Ltd., Saint John, NB<\/p>\n\n\n\n<p><strong>2000<\/strong>&nbsp;P. McLellan, Alliance Energy Ltd., Regina, SK<\/p>\n\n\n\n<p><strong>1999<\/strong>&nbsp;M. Butt, Buttcon Ltd., Etobicoke, ON<\/p>\n\n\n\n<p><strong>1998<\/strong>&nbsp;W. Kirkpatrick, Maxam Contracting Ltd., Calgary, AB<\/p>\n\n\n\n<p><strong>1996-1997<\/strong>&nbsp;B. Scroggs*, Farmer Construction Ltd., Victoria, BC<\/p>\n\n\n\n<p><strong>1996<\/strong>&nbsp;T. Billings*, Consolidated Piping Ltd., Fredericton, NB<\/p>\n\n\n\n<p><strong>1995<\/strong>&nbsp;J. Spratt*, Spratt Sand &amp; Gravel Ltd., Stittsville, ON<\/p>\n\n\n\n<p><strong>1994<\/strong>&nbsp;D. Whitmore, Vector Construction Group, Winnipeg, MB<\/p>\n\n\n\n<p><strong>1993<\/strong>&nbsp;J. Morton*, E.G.M. Cape &amp; Company Ltd., Willowdale, ON<\/p>\n\n\n\n<p><strong>1992<\/strong>&nbsp;J. Ceriko*, Ceriko Asselin Lombardi Inc., St-Laurent, QC<\/p>\n\n\n\n<p><strong>1991<\/strong>&nbsp;J.T. Thygesen*, Fuller &amp; Knowles Inc., Edmonton, AB<\/p>\n\n\n\n<p><strong>1990<\/strong>&nbsp;R.G. Hunter, Carrier Canada Ltd., Mississauga, ON<\/p>\n\n\n\n<p><strong>1989<\/strong>&nbsp;J. Flemming, Ocean Contractors Ltd., Dartmouth, NS<\/p>\n\n\n\n<p><strong>1988<\/strong>&nbsp;P. Lysak, Redi-Mix Ltd., Regina, SK<\/p>\n\n\n\n<p><strong>1987<\/strong>&nbsp;G. D\u00e9sourdy, Le Groupe D\u00e9sourdy, St-Hubert, QC<\/p>\n\n\n\n<p><strong>1986<\/strong>&nbsp;A.I. Reed, Carmacks Construction Ltd., Edmonton, AB<\/p>\n\n\n\n<p><strong>1985<\/strong>&nbsp;H.J. VanderNoot*, Franki Canada Ltd., Westmount, QC<\/p>\n\n\n\n<p><strong>1984<\/strong>&nbsp;R.B. Schuett*, CMT Construction Management Technology, Calgary, AB<\/p>\n\n\n\n<p><strong>1983<\/strong>&nbsp;D.P. Giffin*, Giffin Sheet Metals Ltd., Toronto, ON<\/p>\n\n\n\n<p><strong>1982<\/strong>&nbsp;R.M. Gosse, Avalon Const. and Engineering Ltd., St. John\u2019s, NL<\/p>\n\n\n\n<p><strong>1981<\/strong>&nbsp;N.S. Wither*, Red River Construction Co. Ltd., Winnipeg, MB<\/p>\n\n\n\n<p><strong>1980<\/strong>&nbsp;L. Caletti*, Univex (Canada) Ltd., Ottawa, ON<\/p>\n\n\n\n<p><strong>1979<\/strong>&nbsp;I.C. MacInnes, Ian MacInnes Enterprises Ltd., Dartmouth, NS<\/p>\n\n\n\n<p><strong>1978<\/strong>&nbsp;R.C. Scrim*, The Beaver Group of Companies, Montr\u00e9al, QC<\/p>\n\n\n\n<p><strong>1977<\/strong>&nbsp;F.H.B. Charlesworth*, Dillingham Corporation Canada Ltd., Vancouver, BC<\/p>\n\n\n\n<p><strong>1976<\/strong>&nbsp;D.A. Bain*, Asbestos Erectors of Canada Ltd., Montr\u00e9al, QC<\/p>\n\n\n\n<p><strong>1975<\/strong>&nbsp;D.R. Penner*, Genstar Construction Ltd., Winnipeg, MB<\/p>\n\n\n\n<p><strong>1974<\/strong>&nbsp;R.A. Bird*, Bird Construction Ltd., Toronto, ON<\/p>\n\n\n\n<p><strong>1973<\/strong>&nbsp;R. L\u2019Heureux*, R\u00e9ly Construction lt\u00e9e, Qu\u00e9bec, QC<\/p>\n\n\n\n<p><strong>1972<\/strong>&nbsp;E.L. Hartley*, Frankel Structural Steel Ltd., Toronto, ON<\/p>\n\n\n\n<p><strong>1971<\/strong>&nbsp;R.C.T. Stewart*, Cameron Contracting Ltd., Dartmouth, NS<\/p>\n\n\n\n<p><strong>1970<\/strong>&nbsp;R.G. Saunders*, Smith Brothers &amp; Wilson Ltd., Vancouver, BC<\/p>\n\n\n\n<p><strong>1969<\/strong>&nbsp;M. Stein, Magil Construction Ltd., Montr\u00e9al, QC<\/p>\n\n\n\n<p><strong>1968<\/strong>&nbsp;A.W. Purdy*, Canada Cement Lafarge Ltd., Calgary, AB<\/p>\n\n\n\n<p><strong>1967<\/strong>&nbsp;P.D. Dalton*, Dalton Engineering and Const. Co. Ltd., Toronto, ON<\/p>\n\n\n\n<p><strong>1966<\/strong>&nbsp;A. Trottier*, Phillippe Trottier inc., Qu\u00e9bec, QC<\/p>\n\n\n\n<p><strong>1965<\/strong>&nbsp;N.R. Williams*, Maple Leaf Construction Ltd., Winnipeg, MB<\/p>\n\n\n\n<p><strong>1964<\/strong>&nbsp;D.H. Jupp, O.B.E.*, Pilkington Bros. (Canada) Ltd., Toronto, ON<\/p>\n\n\n\n<p><strong>1963<\/strong>&nbsp;T.A. Somerville*, E.G.M. Cape &amp; Company Ltd., Montr\u00e9al, QC<\/p>\n\n\n\n<p><strong>1962<\/strong>&nbsp;H.R. Montgomery*, Pentagon Const. (1959) Co. Ltd., Montr\u00e9al, QC<\/p>\n\n\n\n<p><strong>1961<\/strong>&nbsp;A.G. Sullivan*, Foundation Maritime Ltd., Halifax, NS<\/p>\n\n\n\n<p><strong>1960<\/strong>&nbsp;J.M. Soules*, Robertson-Yates Corp. Ltd., Hamilton, ON<\/p>\n\n\n\n<p><strong>1959<\/strong>&nbsp;J.E. Harrington*, Anglin-Norcross Corp. Ltd., Montr\u00e9al, QC<\/p>\n\n\n\n<p><strong>1958<\/strong>&nbsp;H.J. Ball*, Ball Brothers Ltd., Kitchener, Ontario<\/p>\n\n\n\n<p><strong>1957<\/strong>&nbsp;T.N. Carter*, The Carter Construction Co. Ltd., Toronto, ON<\/p>\n\n\n\n<p><strong>1956<\/strong>&nbsp;A. Turner Bone*, J.L. E. Price &amp; Co. Ltd., Montr\u00e9al, QC<\/p>\n\n\n\n<p><strong>1955<\/strong>&nbsp;W.G. Malcom*, Malcom Construction Co. Ltd., Winnipeg, MB<\/p>\n\n\n\n<p><strong>1954<\/strong>&nbsp;R. Brunet, O.B.E.*, Ed Brunet et Fils lt\u00e9e, Gatineau, QC<\/p>\n\n\n\n<p><strong>1953<\/strong>&nbsp;J.N. Flood*, John Flood &amp; Sons Ltd., Saint John, NB<\/p>\n\n\n\n<p><strong>1952<\/strong>&nbsp;P.G. Wilmut*, E.G.M. Cape &amp; Company Ltd., Montr\u00e9al, QC<\/p>\n\n\n\n<p><strong>1950-1951<\/strong>&nbsp;R. Drummond*, Angus Robertson Ltd., Toronto, ON<\/p>\n\n\n\n<p><strong>1948-1949<\/strong>&nbsp;A.C. Ross*, Ross-Meagher Ltd., Ottawa, ON<\/p>\n\n\n\n<p><strong>1946-1947<\/strong>&nbsp;A. Deschamps, O.B.E.*, Albert Deschamps lt\u00e9e, Montr\u00e9al, QC<\/p>\n\n\n\n<p><strong>1944-1945<\/strong>&nbsp;H.C. Nicholls*, Milne &amp; Nicholls Ltd., Toronto, ON<\/p>\n\n\n\n<p><strong>1942-1943<\/strong>&nbsp;J.B. Stirling* O.C., LL.D. E.G.M. Cape &amp; Company Ltd., Montr\u00e9al, QC<\/p>\n\n\n\n<p><strong>1941<\/strong>&nbsp;J.E. Clarke*, Carter-Halls-Aldinger Co. Ltd., Toronto, ON<\/p>\n\n\n\n<p><strong>1940<\/strong>&nbsp;C.H. Gunn*, John Gunn &amp; Son Ltd., Winnipeg, MB<\/p>\n\n\n\n<p><strong>1938-1939<\/strong>&nbsp;C.D. Harrington*, Anglin-Norcross Corporation Ltd., Montr\u00e9al, QC<\/p>\n\n\n\n<p><strong>1936-1937<\/strong>&nbsp;F.G. Rutley*, Foundation Company of Canada Ltd., Montr\u00e9al, QC<\/p>\n\n\n\n<p><strong>1934-1935<\/strong>&nbsp;W.H. Yates*, W.H. Yates Construction Co. Ltd., Hamilton, ON<\/p>\n\n\n\n<p><strong>1932-1933<\/strong>&nbsp;C.J.A. Cook*, Cook &amp; Leitch Ltd., Montr\u00e9al, QC<\/p>\n\n\n\n<p><strong>1930-1931<\/strong>&nbsp;H.P. Frid, LL.D.*, Frid Construction Co. Ltd., Hamilton, ON<\/p>\n\n\n\n<p><strong>1928-1929<\/strong>&nbsp;S.E. Dinsmore*, Dinsmore Construction Ltd., Windsor, ON<\/p>\n\n\n\n<p><strong>1926-1927<\/strong>&nbsp;C.B. Jackson*, The Jackson-Lewis Co. Ltd., Toronto, ON<\/p>\n\n\n\n<p><strong>1925<\/strong>&nbsp;J.V. Gray*, John V. Gray Construction Co., Toronto, ON<\/p>\n\n\n\n<p><strong>1923-1924<\/strong>&nbsp;J.M. Pigott, C.B.E.*, Pigott Construction Co. Ltd., Hamilton, ON<\/p>\n\n\n\n<p><strong>1922<\/strong>&nbsp;J.B. Carswell, O.B.E.*, Carswell Construction Co., Toronto, ON<\/p>\n\n\n\n<p><strong>1918-1921<\/strong>&nbsp;J.P. Anglin*, Anglin-Norcross Corporation Ltd., Montr\u00e9al, QC<\/p>\n\n\n\n<p style=\"font-size:14px\">* D\u00e9c\u00e9d\u00e9<\/p>\n\n\n\n<p style=\"font-size:14px\">En 1973, la structure de l\u2019Association a \u00e9t\u00e9 modifi\u00e9e: le poste de pr\u00e9sident de l\u2019ACC est devenu celui de pr\u00e9sident du Conseil (premier cadre sup\u00e9rieur \u00e9lu de l\u2019Association). Parall\u00e8lement, la fonction de pr\u00e9sident a \u00e9t\u00e9 convertie, son titulaire devenant le pr\u00e9sident-directeur g\u00e9n\u00e9ral \u00e0 plein temps de l\u2019Association, \u00e0 Ottawa.<\/p>\n","protected":false},"excerpt":{"rendered":"<p>2024-2026 Francis Roy, Groupe Humaco, L\u00e9vis, QC 2022-2024 Brendan Nobes, rcs Construction, Bedford, NS 2021 Ray Bassett, Compagnie d&#8217;assurance Travelers du Canada, Toronto, ON 2020 Joe Wrobel, JPW Road and Bridge Inc., Armstrong, BC 2019&nbsp;John Bockstael, Bockstael Construction Ltd., Winnipeg, MB 2018&nbsp;Zey Emir, Revay et associ\u00e9s limit\u00e9e, Montr\u00e9al, QC 2017&nbsp;C. McNally, C &amp; M McNally [&hellip;]<\/p>\n","protected":false},"author":1,"featured_media":0,"parent":15812,"menu_order":6,"comment_status":"closed","ping_status":"closed","template":"","meta":{"_acf_changed":false,"footnotes":""},"class_list":["post-17614","page","type-page","status-publish","hentry"],"acf":[],"_links":{"self":[{"href":"https:\/\/www.cca-acc.com\/fr\/wp-json\/wp\/v2\/pages\/17614","targetHints":{"allow":["GET"]}}],"collection":[{"href":"https:\/\/www.cca-acc.com\/fr\/wp-json\/wp\/v2\/pages"}],"about":[{"href":"https:\/\/www.cca-acc.com\/fr\/wp-json\/wp\/v2\/types\/page"}],"author":[{"embeddable":true,"href":"https:\/\/www.cca-acc.com\/fr\/wp-json\/wp\/v2\/users\/1"}],"replies":[{"embeddable":true,"href":"https:\/\/www.cca-acc.com\/fr\/wp-json\/wp\/v2\/comments?post=17614"}],"version-history":[{"count":9,"href":"https:\/\/www.cca-acc.com\/fr\/wp-json\/wp\/v2\/pages\/17614\/revisions"}],"predecessor-version":[{"id":77709,"href":"https:\/\/www.cca-acc.com\/fr\/wp-json\/wp\/v2\/pages\/17614\/revisions\/77709"}],"up":[{"embeddable":true,"href":"https:\/\/www.cca-acc.com\/fr\/wp-json\/wp\/v2\/pages\/15812"}],"wp:attachment":[{"href":"https:\/\/www.cca-acc.com\/fr\/wp-json\/wp\/v2\/media?parent=17614"}],"curies":[{"name":"wp","href":"https:\/\/api.w.org\/{rel}","templated":true}]}}