{"id":17926,"date":"2020-09-25T13:51:09","date_gmt":"2020-09-25T13:51:09","guid":{"rendered":"https:\/\/www.cca-acc.com\/adhesion\/why-belong-to-cca\/"},"modified":"2025-07-17T10:15:32","modified_gmt":"2025-07-17T14:15:32","slug":"pourquoi-etre-membre-de-lacc","status":"publish","type":"page","link":"https:\/\/www.cca-acc.com\/fr\/adhesion\/pourquoi-etre-membre-de-lacc\/","title":{"rendered":"Pourquoi \u00eatre membre de l\u2019ACC?"},"content":{"rendered":"\n<p>L\u2019Association canadienne de la construction (ACC) est la voix nationale de l\u2019industrie de la construction, repr\u00e9sentant les secteurs institutionnel, commercial, industriel, civil et multi-r\u00e9sidentiel. L\u2019ACC repr\u00e9sente plus de 18\u202f000\u202fentreprises membres par l\u2019interm\u00e9diaire d\u2019un r\u00e9seau de 57\u202fassociations partenaires int\u00e9gr\u00e9es locales et provinciales, qui d\u00e9fendent les int\u00e9r\u00eats des entrepreneurs, des fournisseurs et des professionnels connexes dans tout le Canada.&nbsp;<\/p>\n\n\n\n<p>En adh\u00e9rant \u00e0 l\u2019ACC, vous profitez des avantages suivants\u202f:&nbsp;<\/p>\n\n\n\n<ul class=\"wp-block-list\">\n<li>Des ressources \u00e0 la pointe de l\u2019industrie;&nbsp;&nbsp;<\/li>\n\n\n\n<li>Une d\u00e9fense d\u2019int\u00e9r\u00eats au niveau national;<\/li>\n\n\n\n<li>Des opportunit\u00e9s de perfectionnement professionnel;&nbsp;&nbsp;<\/li>\n\n\n\n<li>Un puissant r\u00e9seau renfor\u00e7ant votre influence et soutenant la croissance de votre entreprise.&nbsp;&nbsp;<\/li>\n<\/ul>\n\n\n\n<p>Il est possible de faire partie de cette communaut\u00e9 de deux fa\u00e7ons\u202f: gr\u00e2ce \u00e0 une adh\u00e9sion int\u00e9gr\u00e9e par une association locale ou provinciale, ou directement, gr\u00e2ce \u00e0 une adh\u00e9sion d\u2019entreprise.&nbsp;&nbsp;<\/p>\n\n\n\n<p>L\u2019adh\u00e9sion signifie faire partie d\u2019une force unie qui stimule l\u2019innovation, la durabilit\u00e9 et le progr\u00e8s du secteur de la construction du Canada.&nbsp;<\/p>\n\n\n\n<h3 class=\"wp-block-heading\">Adh\u00e9sion \u00e0 titre de membre int\u00e9gr\u00e9&nbsp;<\/h3>\n\n\n\n<p>Les membres int\u00e9gr\u00e9s constituent la majorit\u00e9 des 18\u202f000\u202fmembres de l\u2019ACC. Ces entreprises adh\u00e8rent \u00e0 l\u2019une de nos 57\u202fassociations partenaires locales ou provinciales, ce qui leur donne automatiquement acc\u00e8s \u00e0 l\u2019ACC au niveau national. En devenant membre \u00e0 part enti\u00e8re d\u2019une association locale de la construction, votre entreprise est reli\u00e9e directement \u00e0 une puissante voix nationale qui d\u00e9fend vos int\u00e9r\u00eats.&nbsp;<\/p>\n\n\n\n<p>L\u2019adh\u00e9sion int\u00e9gr\u00e9e signifie que vous avez acc\u00e8s aux offres de votre association r\u00e9gionale tout en profitant des avantages plus \u00e9tendus de l\u2019ACC (repr\u00e9sentation nationale, leadership dans l\u2019industrie et ressources).&nbsp;&nbsp;<\/p>\n\n\n\n<p>Les cotisations sont fix\u00e9es par l\u2019association locale et les avantages varient selon les r\u00e9gions. Cela vous offre la flexibilit\u00e9 dont vous avez besoin pour r\u00e9pondre \u00e0 vos besoins locaux tout en vous reliant \u00e0 un r\u00e9seau national uni qui contribue \u00e0 fa\u00e7onner l\u2019avenir de la construction au Canada.&nbsp;<\/p>\n\n\n\n<p>Souhaitez-vous devenir membre int\u00e9gr\u00e9? Veuillez communiquer avec votre <a href=\"https:\/\/www.cca-acc.com\/fr\/adhesion\/repertoire-des-associations-partenaires\/\">association locale de la construction<\/a> pour en savoir plus sur les avantages et les frais d\u2019adh\u00e9sion.\u202f&nbsp;<\/p>\n\n\n\n<h3 class=\"wp-block-heading\">Adh\u00e9sion \u00e0 titre de membre corporatif<\/h3>\n\n\n\n<p>L\u2019adh\u00e9sion d\u2019entreprise \u00e0 l\u2019ACC s\u2019adresse aux entreprises pr\u00eates \u00e0 faire passer leur participation \u00e0 l\u2019industrie \u00e0 un niveau sup\u00e9rieur. Bien que plusieurs de nos entreprises membres commencent leur parcours en tant que membres int\u00e9gr\u00e9s par l\u2019entremise d\u2019une association partenaire locale ou provinciale, elles choisissent de devenir des entreprises membres afin d\u2019approfondir leur engagement aupr\u00e8s de l\u2019ACC et de jouer un r\u00f4le plus actif sur la sc\u00e8ne nationale.&nbsp;<\/p>\n\n\n\n<p>Les entreprises membres ont directement acc\u00e8s aux efforts de d\u00e9fense d\u2019int\u00e9r\u00eats de niveau f\u00e9d\u00e9ral de l\u2019ACC, ainsi qu\u2019aux rapports \u00e9conomiques et aux initiatives en mati\u00e8re de pratiques exemplaires \u00e0 l\u2019\u00e9chelle de l\u2019industrie de l\u2019ACC. Cela leur permet de se positionner en tant que chefs de file et de contribuer \u00e0 fa\u00e7onner l\u2019avenir de la construction au Canada. Cette adh\u00e9sion offre une visibilit\u00e9 accrue, une influence strat\u00e9gique et la possibilit\u00e9 d\u2019entrer en contact avec des d\u00e9cideurs et des acteurs cl\u00e9s de tout le pays.&nbsp;<\/p>\n\n\n\n<p>L\u2019adh\u00e9sion d\u2019entreprise est renouvel\u00e9e chaque ann\u00e9e et est id\u00e9ale pour les entreprises qui recherchent une plateforme plus \u00e9tendue pour stimuler le changement, contribuer \u00e0 la politique nationale et renforcer leur voix au sein de l\u2019industrie.&nbsp;<\/p>\n\n\n\n<p>Pour devenir une entreprise membre, veuillez <a href=\"https:\/\/www.cca-acc.com\/fr\/adhesion\/impliquez-vous\/\">remplir le formulaire suivant.\u202f&nbsp;<\/a><\/p>\n\n\n\n<p><strong>Droits d\u2019adh\u00e9sion de 2025&nbsp;<\/strong><\/p>\n\n\n\n<p>Les droits d\u2019adh\u00e9sion \u00e0 titre de membre corporatif sont d\u00e9termin\u00e9s en fonction des revenus annuels li\u00e9s \u00e0 la construction (revenus sup\u00e9rieurs ou inf\u00e9rieurs \u00e0 10 millions de dollars). Les droits d\u2019adh\u00e9sion de la premi\u00e8re ann\u00e9e sont calcul\u00e9s au prorata en fonction de la date \u00e0 laquelle la demande d\u2019adh\u00e9sion est approuv\u00e9e par la pr\u00e9sidente de l\u2019ACC.<\/p>\n\n\n\n<p>Cat\u00e9gorie A&nbsp;:&nbsp;<\/p>\n\n\n\n<p>2 013 $+ la TPS\/TVH\/TVQ pour les entreprises dont les revenus annuels li\u00e9s \u00e0 la construction sont de moins de 10 millions de dollars&nbsp;<\/p>\n\n\n\n<p>Cat\u00e9gorie AA :&nbsp;<\/p>\n\n\n\n<p>3 616 $ + la TPS\/TVH\/TVQ pour les entreprises dont les revenus annuels li\u00e9s \u00e0 la construction sont de 10 millions de dollars ou plus&nbsp;<\/p>\n\n\n\n<h3 class=\"wp-block-heading\">Pourquoi devenir membre de l\u2019ACC?<\/h3>\n\n\n\n<div class=\"gallery-slider\">\n    <div>\n        <div class=\"wp-block-columns\">\n            <div\n                class=\"wp-block-column\"\n                style=\"flex-basis: 33.33%\"\n            >\n                <figure\n                    class=\"wp-block-image size-large\"\n                    style=\"width: 100%; aspect-ratio: 16 \/ 9; overflow: hidden; margin: 0\"\n                >\n                    <img decoding=\"async\"\n                        src=\"https:\/\/www.cca-acc.com\/wp-content\/uploads\/2024\/01\/slider_1.jpg\"\n                        alt=\"\"\n                        class=\"wp-image-17681\"\n                        style=\"\n                            width: 100%;\n                            height: 100%;\n                            object-position: 50% 15%;\n                            object-fit: cover;\n                        \"\n                    \/>\n                <\/figure>\n            <\/div>\n\n            <div\n                class=\"wp-block-column\"\n                style=\"flex-basis: 66.66%\"\n            >\n                <blockquote class=\"wp-block-quote\">\n                    <p\n                        data-aos=\"fade-in\"\n                        class=\"aos-init aos-animate\"\n                    >\n                        \u00ab Deux mots : renseignements et r\u00e9seautage. Pour \u00eatre inform\u00e9 et savoir\n                        ce qui se passe dans l\u2019industrie et cr\u00e9er des liens pour favoriser le\n                        d\u00e9veloppement d\u2019entreprise! \u00bb\n                    <\/p>\n                    <cite>Raymond Brunet, pr\u00e9sident, Ed Brunet et Associ\u00e9s<\/cite>\n                <\/blockquote>\n            <\/div>\n        <\/div>\n    <\/div>\n\n    <div>\n        <div class=\"wp-block-columns\">\n            <div\n                class=\"wp-block-column\"\n                style=\"flex-basis: 33.33%\"\n            >\n                <figure\n                    class=\"wp-block-image size-large\"\n                    style=\"width: 100%; aspect-ratio: 16 \/ 9; overflow: hidden; margin: 0\"\n                >\n                    <img decoding=\"async\"\n                        src=\"https:\/\/www.cca-acc.com\/wp-content\/uploads\/2024\/01\/slider_4.jpg\"\n                        alt=\"\"\n                        class=\"wp-image-17683\"\n                        style=\"\n                            width: 100%;\n                            height: 100%;\n                            object-position: center;\n                            object-fit: cover;\n                        \"\n                    \/>\n                <\/figure>\n            <\/div>\n\n            <div\n                class=\"wp-block-column\"\n                style=\"flex-basis: 66.66%\"\n            >\n                <blockquote class=\"wp-block-quote\">\n                    <p\n                        data-aos=\"fade-in\"\n                        class=\"aos-init aos-animate\"\n                    >\n                        \u00ab L\u2019industrie de la construction dans son ensemble est sans cesse\n                        appel\u00e9e \u00e0 construire des ouvrages de meilleure qualit\u00e9, plus rapidement\n                        et \u00e0 moindre co\u00fbt. L\u2019ACC est une pr\u00e9cieuse ressource facilement\n                        accessible qui nous aide \u00e0 optimiser davantage nos activit\u00e9s de\n                        construction. \u00bb\n                    <\/p>\n                    <cite\n                        >Jason Block, directeur des partenariats strat\u00e9giques et du\n                        d\u00e9veloppement des march\u00e9s, Kiewit<\/cite\n                    >\n                <\/blockquote>\n            <\/div>\n        <\/div>\n    <\/div>\n\n    <div>\n        <div class=\"wp-block-columns\">\n            <div\n                class=\"wp-block-column\"\n                style=\"flex-basis: 33.33%\"\n            >\n                <figure\n                    class=\"wp-block-image size-large\"\n                    style=\"width: 100%; aspect-ratio: 16 \/ 9; overflow: hidden; margin: 0\"\n                >\n                    <img decoding=\"async\"\n                        src=\"https:\/\/www.cca-acc.com\/wp-content\/uploads\/2024\/01\/slider_2.jpg\"\n                        alt=\"\"\n                        class=\"wp-image-14379\"\n                        style=\"\n                            width: 100%;\n                            height: 100%;\n                            object-position: center;\n                            object-fit: cover;\n                        \"\n                    \/>\n                <\/figure>\n            <\/div>\n\n            <div\n                class=\"wp-block-column\"\n                style=\"flex-basis: 66.66%\"\n            >\n                <blockquote class=\"wp-block-quote\">\n                    <p\n                        data-aos=\"fade-in\"\n                        class=\"aos-init\"\n                    >\n                        \u00ab Nous croyons que les collaborations pancanadiennes sont tr\u00e8s\n                        avantageuses pour ce qui est des enjeux comme les questions li\u00e9es aux\n                        modalit\u00e9s de contrats, les pr\u00e9occupations relatives \u00e0 la p\u00e9nurie de\n                        main-d\u2019\u0153uvre, ainsi que les enjeux concernant les diff\u00e9rents mod\u00e8les\n                        d\u2019approvisionnement partout au pays. Le fait d\u2019\u00eatre un membre qui s\u2019est\n                        impliqu\u00e9 activement dans les activit\u00e9s de l\u2019ACC s\u2019est vraiment av\u00e9r\u00e9 un\n                        \u00e9norme avantage pour Ocean. L\u2019ACC jouit d\u2019une r\u00e9putation solide, ce qui\n                        facilite notre d\u00e9cision, chaque ann\u00e9e, de renouveler notre adh\u00e9sion \u00e0\n                        titre de membre corporatif. \u00bb\n                    <\/p>\n                    <cite>John Flemming, pr\u00e9sident, Ocean Contractors<\/cite>\n                <\/blockquote>\n            <\/div>\n        <\/div>\n    <\/div>\n\n    <div>\n        <div class=\"wp-block-columns\">\n            <div\n                class=\"wp-block-column\"\n                style=\"flex-basis: 33.33%\"\n            >\n                <figure\n                    class=\"wp-block-image size-large\"\n                    style=\"width: 100%; aspect-ratio: 16 \/ 9; overflow: hidden; margin: 0\"\n                >\n                    <img decoding=\"async\"\n                        src=\"https:\/\/www.cca-acc.com\/wp-content\/uploads\/2024\/01\/slider_3.jpg\"\n                        alt=\"\"\n                        class=\"wp-image-17750\"\n                        style=\"\n                            width: 100%;\n                            height: 100%;\n                            object-position: center;\n                            object-fit: cover;\n                        \"\n                    \/>\n                <\/figure>\n            <\/div>\n\n            <div\n                class=\"wp-block-column\"\n                style=\"flex-basis: 66.66%\"\n            >\n                <blockquote class=\"wp-block-quote\">\n                    <p\n                        data-aos=\"fade-in\"\n                        class=\"aos-init aos-animate\"\n                    >\n                        \u00ab Alors que l\u2019industrie canadienne de la construction continue d\u2019aller\n                        de l\u2019avant, le fait d\u2019\u00eatre membre de l\u2019ACC nous a donn\u00e9 la possibilit\u00e9\n                        de faire partie de la conversation et de participer au dialogue sur des\n                        enjeux importants qui ont des r\u00e9percussions sur les entreprises dans\n                        l\u2019ensemble du pays. \u00bb\n                    <\/p>\n                    <cite>Betty Dietz, directrice de la souscription, Northbridge.<\/cite>\n                <\/blockquote>\n            <\/div>\n        <\/div>\n    <\/div>\n<\/div>\n\n\n\n<div class=\"wp-block-group alignfull has-ccp-light-gray-background-color has-background\"><div class=\"wp-block-group__inner-container is-layout-flow wp-block-group-is-layout-flow\">\n<h4 class=\"wp-block-heading\">Avez-vous des questions concernant l\u2019adh\u00e9sion \u00e0 l\u2019ACC?<\/h4>\n\n\n\n<p>Veuillez communiquer avec Colleen Sullivan, \u00e0 <a href=\"mailto:csullivan@cca-acc.com\">csullivan@cca-acc.com<\/a>.<\/p>\n<\/div><\/div>\n","protected":false},"excerpt":{"rendered":"<p>L\u2019Association canadienne de la construction (ACC) est la voix nationale de l\u2019industrie de la construction, repr\u00e9sentant les secteurs institutionnel, commercial, industriel, civil et multi-r\u00e9sidentiel. L\u2019ACC repr\u00e9sente plus de 18\u202f000\u202fentreprises membres par l\u2019interm\u00e9diaire d\u2019un r\u00e9seau de 57\u202fassociations partenaires int\u00e9gr\u00e9es locales et provinciales, qui d\u00e9fendent les int\u00e9r\u00eats des entrepreneurs, des fournisseurs et des professionnels connexes dans tout [&hellip;]<\/p>\n","protected":false},"author":1,"featured_media":0,"parent":15838,"menu_order":1,"comment_status":"closed","ping_status":"closed","template":"","meta":{"_acf_changed":false,"footnotes":""},"class_list":["post-17926","page","type-page","status-publish","hentry"],"acf":[],"_links":{"self":[{"href":"https:\/\/www.cca-acc.com\/fr\/wp-json\/wp\/v2\/pages\/17926","targetHints":{"allow":["GET"]}}],"collection":[{"href":"https:\/\/www.cca-acc.com\/fr\/wp-json\/wp\/v2\/pages"}],"about":[{"href":"https:\/\/www.cca-acc.com\/fr\/wp-json\/wp\/v2\/types\/page"}],"author":[{"embeddable":true,"href":"https:\/\/www.cca-acc.com\/fr\/wp-json\/wp\/v2\/users\/1"}],"replies":[{"embeddable":true,"href":"https:\/\/www.cca-acc.com\/fr\/wp-json\/wp\/v2\/comments?post=17926"}],"version-history":[{"count":12,"href":"https:\/\/www.cca-acc.com\/fr\/wp-json\/wp\/v2\/pages\/17926\/revisions"}],"predecessor-version":[{"id":69779,"href":"https:\/\/www.cca-acc.com\/fr\/wp-json\/wp\/v2\/pages\/17926\/revisions\/69779"}],"up":[{"embeddable":true,"href":"https:\/\/www.cca-acc.com\/fr\/wp-json\/wp\/v2\/pages\/15838"}],"wp:attachment":[{"href":"https:\/\/www.cca-acc.com\/fr\/wp-json\/wp\/v2\/media?parent=17926"}],"curies":[{"name":"wp","href":"https:\/\/api.w.org\/{rel}","templated":true}]}}