{"id":17930,"date":"2020-09-25T14:04:20","date_gmt":"2020-09-25T14:04:20","guid":{"rendered":"https:\/\/www.cca-acc.com\/adhesion\/your-benefits\/"},"modified":"2025-05-29T15:24:34","modified_gmt":"2025-05-29T19:24:34","slug":"vos-avantages","status":"publish","type":"page","link":"https:\/\/www.cca-acc.com\/fr\/adhesion\/vos-avantages\/","title":{"rendered":"Vos avantages"},"content":{"rendered":"\n<p>Que vous soyez une petite ou une grande entreprise, une entreprise de construction ou un prestataire de services soutenant l\u2019industrie, notre structure d\u2019adh\u00e9sion offre des options r\u00e9pondant aux besoins uniques de votre entreprise.\u202f&nbsp;<\/p>\n\n\n\n<p>Gr\u00e2ce \u00e0 l\u2019adh\u00e9sion int\u00e9gr\u00e9e et \u00e0 l\u2019adh\u00e9sion corporative, vous aurez acc\u00e8s \u00e0 de pr\u00e9cieuses connaissances concernant le secteur, \u00e0 des avis d\u2019experts et \u00e0 un solide r\u00e9seau national. Tout ce que nous offrons est con\u00e7u pour aider votre entreprise \u00e0 se d\u00e9velopper, \u00e0 s\u2019adapter et \u00e0 prosp\u00e9rer dans le contexte toujours changeant de la construction.\u202f&nbsp;<\/p>\n\n\n\n<h2 class=\"wp-block-heading\">Avantages consentis aux membres int\u00e9gr\u00e9s<\/h2>\n\n\n\n<p>L\u2019ACC s\u2019associe \u00e0 des associations de construction locales et provinciales de tout le pays afin de fournir des services et du soutien, pr\u00e9sentant un front uni sur toutes les questions touchant \u00e0 la construction au Canada.\u202f&nbsp;<\/p>\n\n\n\n<p>Lorsque vous devenez membre \u00e0 part enti\u00e8re de votre association locale ou provinciale de la construction, vous \u00eates automatiquement inscrit en tant que membre int\u00e9gr\u00e9 de l\u2019ACC. Cette double adh\u00e9sion signifie que vous b\u00e9n\u00e9ficiez non seulement des programmes et services offerts localement, mais aussi d\u2019un acc\u00e8s aux initiatives, ressources et efforts de d\u00e9fense d\u2019int\u00e9r\u00eats de niveau national de l\u2019ACC.&nbsp;&nbsp;<\/p>\n\n\n\n<p>En tant que membre int\u00e9gr\u00e9, vous b\u00e9n\u00e9ficiez des avantages suivants\u202f:&nbsp;<\/p>\n\n\n\n<h3 class=\"wp-block-heading\">Influence accrue&nbsp;<\/h3>\n\n\n\n<ul class=\"wp-block-list\">\n<li>Proposer des candidats pour si\u00e9ger au conseil d\u2019administration, aux comit\u00e9s du conseil d\u2019administration et aux conseils consultatifs nationaux de l\u2019ACC<\/li>\n\n\n\n<li>Profiter de tarifs r\u00e9duits offerts aux d\u00e9l\u00e9gu\u00e9s pour participer \u00e0 la conf\u00e9rence annuelle de l\u2019ACC afin de r\u00e9seauter, de collaborer et d\u2019apprendre des leaders de l\u2019industrie<\/li>\n\n\n\n<li>Participer \u00e0 des campagnes nationales de l\u2019industrie, comme Le talent a sa place ici, #ConstructionCANRedonne et d\u2019autres initiatives, afin de cr\u00e9er des changements importants<\/li>\n<\/ul>\n\n\n\n<figure class=\"wp-block-image alignwide size-large\"><img loading=\"lazy\" decoding=\"async\" width=\"1024\" height=\"576\" src=\"https:\/\/www.cca-acc.com\/wp-content\/uploads\/2023\/12\/bucket_your-benefits-1024x576.jpg\" alt=\"\" class=\"wp-image-46819\" srcset=\"https:\/\/www.cca-acc.com\/wp-content\/uploads\/2023\/12\/bucket_your-benefits-1024x576.jpg 1024w, https:\/\/www.cca-acc.com\/wp-content\/uploads\/2023\/12\/bucket_your-benefits-600x338.jpg 600w, https:\/\/www.cca-acc.com\/wp-content\/uploads\/2023\/12\/bucket_your-benefits-300x169.jpg 300w, https:\/\/www.cca-acc.com\/wp-content\/uploads\/2023\/12\/bucket_your-benefits-768x432.jpg 768w, https:\/\/www.cca-acc.com\/wp-content\/uploads\/2023\/12\/bucket_your-benefits-1536x864.jpg 1536w, https:\/\/www.cca-acc.com\/wp-content\/uploads\/2023\/12\/bucket_your-benefits-1200x675.jpg 1200w, https:\/\/www.cca-acc.com\/wp-content\/uploads\/2023\/12\/bucket_your-benefits.jpg 1920w\" sizes=\"auto, (max-width: 1024px) 100vw, 1024px\" \/><\/figure>\n\n\n\n<h3 class=\"wp-block-heading\">Renseignements sur l\u2019industrie et pratiques exemplaires<\/h3>\n\n\n\n<ul class=\"wp-block-list\">\n<li>Participer \u00e0 des webinaires de l\u2019ACC et du CCDC r\u00e9serv\u00e9s aux membres et \u00e0 des s\u00e9ances de formation priv\u00e9e organis\u00e9es par le biais de votre association locale ou provinciale&nbsp;<\/li>\n\n\n\n<li>Acc\u00e8s \u00e0 des documents et des guides r\u00e9serv\u00e9s aux membres, permettant \u00e0 votre entreprise d\u2019acqu\u00e9rir des connaissances et des pratiques exemplaires de l\u2019industrie<\/li>\n\n\n\n<li>Pr\u00e9senter des candidatures pour le programme de mentorat CONtact de l\u2019ACC dans le but de soutenir la croissance et d\u2019influencer l\u2019adoption de solutions de nouvelle g\u00e9n\u00e9ration pour votre entreprise et votre industrie<\/li>\n<\/ul>\n\n\n\n<h3 class=\"wp-block-heading\">Perfectionnement professionnel et formation<\/h3>\n\n\n\n<ul class=\"wp-block-list\">\n<li>Profiter de tarifs sp\u00e9ciaux offerts aux membres pour des s\u00e9ances de formation organis\u00e9es par le biais de l\u2019ACC<\/li>\n<\/ul>\n\n\n\n<h3 class=\"wp-block-heading\">Communications<\/h3>\n\n\n\n<ul class=\"wp-block-list\">\n<li>Acc\u00e8s aux plus r\u00e9centes nouvelles de l\u2019industrie, aux mises \u00e0 jour sur les enjeux en mati\u00e8re de d\u00e9fense des int\u00e9r\u00eats et aux plus r\u00e9cents d\u00e9veloppements dans la construction partout au pays gr\u00e2ce au bulletin d\u2019information de l\u2019ACC <a href=\"https:\/\/www.cca-acc.com\/fr\/plus\/\">PLUS+<\/a><\/li>\n<\/ul>\n\n\n\n<p>Renseignez-vous sur les avantages offerts par votre a<a href=\"https:\/\/www.cca-acc.com\/fr\/adhesion\/repertoire-des-associations-partenaires\/\">ssociation locale ou provinciale.\u00a0\u00a0<\/a><\/p>\n\n\n\n<div style=\"height:40px\" aria-hidden=\"true\" class=\"wp-block-spacer\"><\/div>\n\n\n\n<div class=\"wp-block-group alignfull has-ccp-light-gray-background-color has-background\"><div class=\"wp-block-group__inner-container is-layout-constrained wp-block-group-is-layout-constrained\">\n<h2 class=\"wp-block-heading\">Avantages consentis aux membres corporatifs<\/h2>\n\n\n\n<p>Les entreprises membres de l\u2019ACC sont des chefs de file avant-gardistes qui s\u2019engagent \u00e0 promouvoir une industrie de la construction progressiste, innovatrice et durable au Canada. Les entreprises membres obtiennent un acc\u00e8s direct \u00e0 des id\u00e9es, \u00e0 l\u2019influence et \u00e0 des opportunit\u00e9s de niveau national, profitant du leadership \u00e9clair\u00e9 de l\u2019ACC concernant les tendances de l\u2019industrie, les pratiques exemplaires, le perfectionnement professionnel et la d\u00e9fense d\u2019int\u00e9r\u00eats strat\u00e9gique.&nbsp;<\/p>\n\n\n\n<p>De nombreuses entreprises membres commencent \u00e0 s\u2019impliquer par l\u2019entremise de l\u2019adh\u00e9sion int\u00e9gr\u00e9e et choisissent d\u2019approfondir leur engagement en adh\u00e9rant directement, motiv\u00e9es par le d\u00e9sir de soutenir non seulement l\u2019ACC, mais aussi l\u2019ensemble de l\u2019industrie canadienne de la construction et la croissance \u00e9conomique du Canada. L\u2019adh\u00e9sion d\u2019entreprise est plus qu\u2019une d\u00e9signation, c\u2019est un r\u00f4le de leader quant \u00e0 l\u2019avenir de l\u2019industrie.&nbsp;<\/p>\n\n\n\n<h3 class=\"wp-block-heading\">Influence accrue<\/h3>\n\n\n\n<ul class=\"wp-block-list\">\n<li>Proposer des candidats pour si\u00e9ger au conseil d\u2019administration, aux comit\u00e9s du conseil d\u2019administration et aux conseils consultatifs nationaux de l\u2019ACC<\/li>\n\n\n\n<li>Profiter de tarifs r\u00e9duits offerts aux d\u00e9l\u00e9gu\u00e9s pour participer \u00e0 la conf\u00e9rence annuelle de l\u2019ACC afin de r\u00e9seauter, de collaborer et d\u2019apprendre des leaders de l\u2019industrie<\/li>\n\n\n\n<li>Participer \u00e0 des campagnes nationales de l\u2019industrie, comme Le talent a sa place ici, #ConstructionCANRedonne et d\u2019autres initiatives, afin de cr\u00e9er des changements importants<\/li>\n\n\n\n<li>Invitation \u00e0 un repr\u00e9sentant de l\u2019entreprise pour participer \u00e0 La Journ\u00e9e sur la Colline de l\u2019ACC&nbsp;<\/li>\n\n\n\n<li>Se voir offrir en premier la possibilit\u00e9 de fournir un leadership \u00e9clair\u00e9 sur une vari\u00e9t\u00e9 de sujets pour des webinaires, des articles, etc.<\/li>\n\n\n\n<li>Invitation \u00e0 participer \u00e0 une s\u00e9ance d\u2019information trimestrielle pour examiner les enjeux et les efforts de d\u00e9fense des int\u00e9r\u00eats, les donn\u00e9es \u00e9conomiques et discuter des strat\u00e9gies \u00e0 venir avec les dirigeants de l\u2019ACC&nbsp;<\/li>\n<\/ul>\n\n\n\n<h3 class=\"wp-block-heading\">Renseignements sur l\u2019industrie et pratiques exemplaires&nbsp;<\/h3>\n\n\n\n<ul class=\"wp-block-list\">\n<li>Participer \u00e0 des webinaires de l\u2019ACC et du CCDC r\u00e9serv\u00e9s aux membres et \u00e0 des s\u00e9ances de formation priv\u00e9e&nbsp;<\/li>\n\n\n\n<li>Acc\u00e8s \u00e0 des documents et des guides r\u00e9serv\u00e9s aux membres, permettant \u00e0 votre entreprise d\u2019acqu\u00e9rir des connaissances et des pratiques exemplaires de l\u2019industrie<\/li>\n\n\n\n<li>Pr\u00e9senter des candidatures pour le programme de mentorat CONtact de l\u2019ACC dans le but de soutenir la croissance et d\u2019influencer l\u2019adoption de solutions de nouvelle g\u00e9n\u00e9ration pour votre entreprise et votre industrie<\/li>\n<\/ul>\n\n\n\n<h3 class=\"wp-block-heading\">Perfectionnement professionnel et formation&nbsp;<\/h3>\n\n\n\n<ul class=\"wp-block-list\">\n<li>Profiter de tarifs sp\u00e9ciaux offerts aux membres pour des s\u00e9ances de formation organis\u00e9es par le biais de l\u2019ACC<\/li>\n<\/ul>\n\n\n\n<h3 class=\"wp-block-heading\">Communications<\/h3>\n\n\n\n<ul class=\"wp-block-list\">\n<li>Acc\u00e8s aux plus r\u00e9centes nouvelles de l\u2019industrie, aux mises \u00e0 jour sur les enjeux en mati\u00e8re de d\u00e9fense des int\u00e9r\u00eats et aux plus r\u00e9cents d\u00e9veloppements dans la construction partout au pays gr\u00e2ce au bulletin d\u2019information de l\u2019ACC PLUS+<\/li>\n<\/ul>\n\n\n\n<h3 class=\"wp-block-heading\">Documents normalis\u00e9s de l\u2019ACC<\/h3>\n\n\n\n<ul class=\"wp-block-list\">\n<li>Acc\u00e8s aux documents et guides de l\u2019ACC r\u00e9serv\u00e9s aux membres et \u00e0 des ressources de l\u2019ACC (p. ex. la Bo\u00eete \u00e0 outils des ressources humaines de l\u2019ACC)<\/li>\n\n\n\n<li>Acc\u00e8s \u00e0 des renseignements exclusifs sur des sujets tels que le financement des projets, les assurances, la r\u00e9duction des d\u00e9chets solides, l\u2019am\u00e9lioration des mouvements de l\u2019encaisse, la planification de la gestion environnementale, l\u2019exportation vers les \u00c9tats-Unis, les questions bancaires, etc.<\/li>\n<\/ul>\n\n\n\n<h3 class=\"wp-block-heading\">Visibilit\u00e9<\/h3>\n\n\n\n<ul class=\"wp-block-list\">\n<li>Rehausser la visibilit\u00e9 de votre entreprise en participant \u00e0 des \u00e9v\u00e9nements de l\u2019ACC, tout en b\u00e9n\u00e9ficiant d\u2019occasions de r\u00e9seautage<\/li>\n\n\n\n<li>Figurer dans le r\u00e9pertoire des membres corporatifs affich\u00e9 sur le site Web de l\u2019ACC, afin d\u2019accro\u00eetre la visibilit\u00e9 et le rayonnement de votre entreprise<\/li>\n\n\n\n<li>Faire valoir les r\u00e9alisations de votre organisation qui seront mises en vedette dans un article publi\u00e9 dans le bulletin d\u2019information de l\u2019ACC<\/li>\n\n\n\n<li>Visibilit\u00e9 accrue gr\u00e2ce \u00e0 l\u2019annonce de votre adh\u00e9sion \u00e0 l\u2019ACC dans les m\u00e9dias sociaux de l\u2019ACC et le bulletin d\u2019information officiel de l\u2019ACC<\/li>\n\n\n\n<li>Possibilit\u00e9s de commanditer la conf\u00e9rence annuelle de l\u2019ACC<\/li>\n\n\n\n<li>Occasion exclusive d\u2019acheter de la publicit\u00e9 et des possibilit\u00e9s de visibilit\u00e9 suppl\u00e9mentaires par l\u2019entremise des canaux de l\u2019ACC<\/li>\n<\/ul>\n<\/div><\/div>\n\n\n\n<div class=\"is-layout-flow wp-block-group alignfull block-cta block-cta--purple-motif\">\n\n    <div class=\"block-cta__motif\">\n    <svg xmlns=\"http:\/\/www.w3.org\/2000\/svg\" width=\"527.292\" height=\"547.292\" viewBox=\"0 0 527.292 547.292\">\n      <path d=\"M491.99,410.507a280.341,280.341,0,0,0,35.3-136.861C527.29,122.515,409.251,0,263.644,0S0,122.515,0,273.646A280.341,280.341,0,0,0,35.3,410.507l0,0h0c45.591,81.768,130.776,136.783,228.344,136.783S446.4,492.277,491.988,410.509h0ZM449.8,80.429c49.724,51.61,77.107,120.229,77.107,193.216a279.6,279.6,0,0,1-35.1,136.525L263.868.4C334.1.461,400.129,28.875,449.8,80.429Zm41.528,329.682H35.96L263.644.795ZM.381,273.646c0-72.988,27.384-141.607,77.107-193.216C127.16,28.875,193.186.461,263.422.4L35.485,410.171A279.624,279.624,0,0,1,.381,273.646ZM449.8,466.862c-49.724,51.61-115.835,80.032-186.156,80.032S127.212,518.472,77.488,466.862a273.8,273.8,0,0,1-41.811-56.354H491.613A273.8,273.8,0,0,1,449.8,466.862Z\" transform=\"translate(0.002)\" fill=\"#fff\"\/>\n    <\/svg>\n  <\/div>\n  \n  <div class=\"wp-block-group__inner-container\">\n    <p class=\"text-center\">Vous aimeriez devenir un membre de l\u2019ACC?<\/p>\n    <div class=\"button_center\"><a class=\"btn-white outlined\" href=\"https:\/\/www.cca-acc.com\/fr\/adhesion\/impliquez-vous\/\">Devenir membre de l&#8217;ACC<\/a><\/div>\n  <\/div>\n<\/div>","protected":false},"excerpt":{"rendered":"<p>Que vous soyez une petite ou une grande entreprise, une entreprise de construction ou un prestataire de services soutenant l\u2019industrie, notre structure d\u2019adh\u00e9sion offre des options r\u00e9pondant aux besoins uniques de votre entreprise.\u202f&nbsp; Gr\u00e2ce \u00e0 l\u2019adh\u00e9sion int\u00e9gr\u00e9e et \u00e0 l\u2019adh\u00e9sion corporative, vous aurez acc\u00e8s \u00e0 de pr\u00e9cieuses connaissances concernant le secteur, \u00e0 des avis d\u2019experts [&hellip;]<\/p>\n","protected":false},"author":1,"featured_media":0,"parent":15838,"menu_order":2,"comment_status":"closed","ping_status":"closed","template":"","meta":{"_acf_changed":false,"footnotes":""},"class_list":["post-17930","page","type-page","status-publish","hentry"],"acf":[],"_links":{"self":[{"href":"https:\/\/www.cca-acc.com\/fr\/wp-json\/wp\/v2\/pages\/17930","targetHints":{"allow":["GET"]}}],"collection":[{"href":"https:\/\/www.cca-acc.com\/fr\/wp-json\/wp\/v2\/pages"}],"about":[{"href":"https:\/\/www.cca-acc.com\/fr\/wp-json\/wp\/v2\/types\/page"}],"author":[{"embeddable":true,"href":"https:\/\/www.cca-acc.com\/fr\/wp-json\/wp\/v2\/users\/1"}],"replies":[{"embeddable":true,"href":"https:\/\/www.cca-acc.com\/fr\/wp-json\/wp\/v2\/comments?post=17930"}],"version-history":[{"count":9,"href":"https:\/\/www.cca-acc.com\/fr\/wp-json\/wp\/v2\/pages\/17930\/revisions"}],"predecessor-version":[{"id":67180,"href":"https:\/\/www.cca-acc.com\/fr\/wp-json\/wp\/v2\/pages\/17930\/revisions\/67180"}],"up":[{"embeddable":true,"href":"https:\/\/www.cca-acc.com\/fr\/wp-json\/wp\/v2\/pages\/15838"}],"wp:attachment":[{"href":"https:\/\/www.cca-acc.com\/fr\/wp-json\/wp\/v2\/media?parent=17930"}],"curies":[{"name":"wp","href":"https:\/\/api.w.org\/{rel}","templated":true}]}}