{"id":17949,"date":"2020-09-21T21:02:20","date_gmt":"2020-09-21T21:02:20","guid":{"rendered":"https:\/\/www.cca-acc.com\/defense-des-interets\/enjeux-importants\/prompt-payment\/"},"modified":"2020-10-08T20:07:00","modified_gmt":"2020-10-08T20:07:00","slug":"paiement-rapide","status":"publish","type":"page","link":"https:\/\/www.cca-acc.com\/fr\/defense-des-interets\/campagnes-precedentes\/paiement-rapide\/","title":{"rendered":"Paiement rapide"},"content":{"rendered":"\n<p>L\u2019Association canadienne de la construction (ACC) appuie le principe selon lequel les ma\u00eetres d\u2019ouvrage, les entrepreneurs principaux, les sous-traitants, les fournisseurs, les certificateurs de paiement et d\u2019autres intervenants de la cha\u00eene de paiement doivent se conformer \u00e0 toutes les exigences l\u00e9gislatives\/l\u00e9gales et qu\u2019ils respectent les engagements et les obligations contractuelles.&nbsp;<\/p>\n\n\n\n<p>En octobre 2015, l\u2019ACC a commenc\u00e9 \u00e0 participer \u00e0 un groupe de travail gouvernement-industrie pour sensibiliser le gouvernement f\u00e9d\u00e9ral \u00e0 l\u2019importance des enjeux de paiement rapide et de flux de tr\u00e9sorerie dans le cadre des projets f\u00e9d\u00e9raux de construction et pour travailler ensemble afin de r\u00e9gler les pr\u00e9occupations, ce qui pouvait inclure l\u2019adoption d\u2019une loi f\u00e9d\u00e9rale sur le paiement rapide qui est jug\u00e9e acceptable pour l\u2019industrie.<\/p>\n\n\n\n<div class=\"wp-block-buttons aligncenter is-layout-flex wp-block-buttons-is-layout-flex\">\n<div class=\"wp-block-button\"><a class=\"wp-block-button__link has-background has-ccp-purple-background-color\" href=\"\/wp-content\/uploads\/2018\/08\/%C3%89tablissement-d%E2%80%99un-cadre-f%C3%A9d%C3%A9ral.pdf\" target=\"_blank\" rel=\"noreferrer noopener\">\u00c9tablissement d\u2019un cadre f\u00e9d\u00e9ral pour le r\u00e9gime de paiement sans d\u00e9lai et d\u2019arbitrage int\u00e9rimaire<\/a><\/div>\n<\/div>\n\n\n\n<p>\u00c0 la suite du rapport de Singleton Reynolds pr\u00e9sent\u00e9 en juin 2018, lequel donnait suite aux pr\u00e9occupations et aux recommandations soulev\u00e9es par l\u2019ACC, le gouvernement f\u00e9d\u00e9ral a annonc\u00e9, dans le cadre de son \u00e9nonc\u00e9 \u00e9conomique du 21 novembre 2018, la cr\u00e9ation d\u2019une loi sur le paiement rapide et, le 8 avril 2019, a officiellement pr\u00e9sent\u00e9 la&nbsp;<em>Loi f\u00e9d\u00e9rale sur le paiement rapide des travaux de construction<\/em>&nbsp;qui faisait partie du projet de loi C-97,&nbsp;<em>Loi d\u2019ex\u00e9cution du budget de 2019<\/em>.&nbsp;<\/p>\n\n\n\n<p>Cette loi sur le paiement rapide s\u2019applique aux biens r\u00e9els f\u00e9d\u00e9raux et aux immeubles f\u00e9d\u00e9raux. La&nbsp;<em>Loi f\u00e9d\u00e9rale sur le paiement rapide des travaux de construction<\/em>&nbsp;a re\u00e7u la sanction royale le 21 juin 2019. La date d\u2019entr\u00e9e en vigueur officielle demeure ind\u00e9termin\u00e9e, mais, selon le texte de loi, la loi entrera en vigueur \u00ab&nbsp;\u00e0 la date fix\u00e9e par d\u00e9cret&nbsp;\u00bb.<\/p>\n\n\n\n<p>Il est important de noter qu\u2019au cours de l\u2019ann\u00e9e suivant la date de son entr\u00e9e en vigueur, la loi ne s\u2019appliquera pas \u00e0 l\u2019\u00e9gard de deux cat\u00e9gories de contrat&nbsp;:<\/p>\n\n\n\n<p>(a) un contrat conclu, avant la date d\u2019entr\u00e9e en vigueur de la loi, entre un entrepreneur et Sa Majest\u00e9 ou un fournisseur de services;<\/p>\n\n\n\n<p>(b) un contrat conclu, avant la date d\u2019entr\u00e9e en vigueur de la loi ou au cours de l\u2019ann\u00e9e suivant cette date, entre un sous-traitant et en entrepreneur vis\u00e9 \u00e0 l\u2019alin\u00e9a (a) ci-dessus ou entre un sous-traitant et tout autre sous-traitant.<\/p>\n\n\n\n<h3 class=\"wp-block-heading\">Loi f\u00e9d\u00e9rale sur le paiement rapide des travaux de construction\u00a0\u2013 D\u00e9lais<\/h3>\n\n\n\n<figure class=\"wp-block-image size-large\"><img loading=\"lazy\" decoding=\"async\" width=\"1024\" height=\"872\" src=\"https:\/\/www.cca-acc.com\/wp-content\/uploads\/2020\/09\/Timeline-E-1-1024x872.png\" alt=\"\" class=\"wp-image-17628\" srcset=\"https:\/\/www.cca-acc.com\/wp-content\/uploads\/2020\/09\/Timeline-E-1-1024x872.png 1024w, https:\/\/www.cca-acc.com\/wp-content\/uploads\/2020\/09\/Timeline-E-1-600x511.png 600w, https:\/\/www.cca-acc.com\/wp-content\/uploads\/2020\/09\/Timeline-E-1-300x255.png 300w, https:\/\/www.cca-acc.com\/wp-content\/uploads\/2020\/09\/Timeline-E-1-768x654.png 768w, https:\/\/www.cca-acc.com\/wp-content\/uploads\/2020\/09\/Timeline-E-1-1536x1308.png 1536w, https:\/\/www.cca-acc.com\/wp-content\/uploads\/2020\/09\/Timeline-E-1-2048x1744.png 2048w, https:\/\/www.cca-acc.com\/wp-content\/uploads\/2020\/09\/Timeline-E-1-1200x1022.png 1200w, https:\/\/www.cca-acc.com\/wp-content\/uploads\/2020\/09\/Timeline-E-1-1980x1686.png 1980w\" sizes=\"auto, (max-width: 1024px) 100vw, 1024px\" \/><\/figure>\n\n\n\n<div class=\"wp-block-buttons aligncenter is-layout-flex wp-block-buttons-is-layout-flex\">\n<div class=\"wp-block-button\"><a class=\"wp-block-button__link has-background has-ccp-purple-background-color\" href=\"\/wp-content\/uploads\/2019\/07\/Prompt-payment-FAQ-F.pdf\" target=\"_blank\" rel=\"noreferrer noopener\">FAQ sur le paiement rapide<\/a><\/div>\n<\/div>\n","protected":false},"excerpt":{"rendered":"<p>L\u2019Association canadienne de la construction (ACC) appuie le principe selon lequel les ma\u00eetres d\u2019ouvrage, les entrepreneurs principaux, les sous-traitants, les fournisseurs, les certificateurs de paiement et d\u2019autres intervenants de la cha\u00eene de paiement doivent se conformer \u00e0 toutes les exigences l\u00e9gislatives\/l\u00e9gales et qu\u2019ils respectent les engagements et les obligations contractuelles.&nbsp; En octobre 2015, l\u2019ACC a [&hellip;]<\/p>\n","protected":false},"author":1,"featured_media":0,"parent":15886,"menu_order":4,"comment_status":"closed","ping_status":"closed","template":"","meta":{"_acf_changed":false,"footnotes":""},"class_list":["post-17949","page","type-page","status-publish","hentry"],"acf":[],"_links":{"self":[{"href":"https:\/\/www.cca-acc.com\/fr\/wp-json\/wp\/v2\/pages\/17949","targetHints":{"allow":["GET"]}}],"collection":[{"href":"https:\/\/www.cca-acc.com\/fr\/wp-json\/wp\/v2\/pages"}],"about":[{"href":"https:\/\/www.cca-acc.com\/fr\/wp-json\/wp\/v2\/types\/page"}],"author":[{"embeddable":true,"href":"https:\/\/www.cca-acc.com\/fr\/wp-json\/wp\/v2\/users\/1"}],"replies":[{"embeddable":true,"href":"https:\/\/www.cca-acc.com\/fr\/wp-json\/wp\/v2\/comments?post=17949"}],"version-history":[{"count":0,"href":"https:\/\/www.cca-acc.com\/fr\/wp-json\/wp\/v2\/pages\/17949\/revisions"}],"up":[{"embeddable":true,"href":"https:\/\/www.cca-acc.com\/fr\/wp-json\/wp\/v2\/pages\/15886"}],"wp:attachment":[{"href":"https:\/\/www.cca-acc.com\/fr\/wp-json\/wp\/v2\/media?parent=17949"}],"curies":[{"name":"wp","href":"https:\/\/api.w.org\/{rel}","templated":true}]}}