{"id":18759,"date":"2020-11-09T15:35:29","date_gmt":"2020-11-09T20:35:29","guid":{"rendered":"https:\/\/www.cca-acc.com\/?page_id=18759"},"modified":"2023-06-06T15:59:54","modified_gmt":"2023-06-06T19:59:54","slug":"kpmg-la-construction-4-0","status":"publish","type":"page","link":"https:\/\/www.cca-acc.com\/fr\/services-aux-membres\/kpmg-la-construction-4-0\/","title":{"rendered":"La construction 4.0: \u00c7a passe ou \u00e7a casse"},"content":{"rendered":"\n<figure class=\"wp-block-image size-large\"><img loading=\"lazy\" decoding=\"async\" width=\"1024\" height=\"536\" src=\"https:\/\/www.cca-acc.com\/wp-content\/uploads\/2023\/06\/CC_digital_report_1_FR-Social-1024x536.jpg\" alt=\"\" class=\"wp-image-40959\" srcset=\"https:\/\/www.cca-acc.com\/wp-content\/uploads\/2023\/06\/CC_digital_report_1_FR-Social-1024x536.jpg 1024w, https:\/\/www.cca-acc.com\/wp-content\/uploads\/2023\/06\/CC_digital_report_1_FR-Social-600x314.jpg 600w, https:\/\/www.cca-acc.com\/wp-content\/uploads\/2023\/06\/CC_digital_report_1_FR-Social-300x157.jpg 300w, https:\/\/www.cca-acc.com\/wp-content\/uploads\/2023\/06\/CC_digital_report_1_FR-Social-768x402.jpg 768w, https:\/\/www.cca-acc.com\/wp-content\/uploads\/2023\/06\/CC_digital_report_1_FR-Social.jpg 1200w\" sizes=\"auto, (max-width: 1024px) 100vw, 1024px\" \/><\/figure>\n\n\n\n<h2 class=\"wp-block-heading\"><strong><strong>Dans quelle mesure \u00eates-vous pr\u00eat \u00e0 suivre le rythme des changements num\u00e9riques transformateurs qui s\u2019op\u00e8rent dans l\u2019industrie de la construction?<\/strong><\/strong><\/h2>\n\n\n\n<div class=\"wp-block-buttons is-layout-flex wp-block-buttons-is-layout-flex\">\n<div class=\"wp-block-button\"><a class=\"wp-block-button__link wp-element-button\" href=\"https:\/\/www.cca-acc.com\/fr\/la-technologie-de-la-construction-aide-le-canada\/\" target=\"_blank\" rel=\"noreferrer noopener\">Voir Raport<\/a><\/div>\n<\/div>\n\n\n\n<h4 class=\"wp-block-heading\"><strong>Unir nos forces pour faire avancer la transformation<\/strong><\/h4>\n\n\n\n<div class=\"wp-block-columns is-layout-flex wp-container-core-columns-is-layout-9d6595d7 wp-block-columns-is-layout-flex\">\n<div class=\"wp-block-column is-layout-flow wp-block-column-is-layout-flow\"><div class=\"wp-block-image\">\n<figure class=\"aligncenter size-large is-resized\"><img loading=\"lazy\" decoding=\"async\" src=\"https:\/\/www.cca-acc.com\/wp-content\/uploads\/2020\/11\/CCA_Fr_K-1-1024x438.png\" alt=\"\" class=\"wp-image-18761\" width=\"268\" height=\"113\" srcset=\"https:\/\/www.cca-acc.com\/wp-content\/uploads\/2020\/11\/CCA_Fr_K-1-600x256.png 600w, https:\/\/www.cca-acc.com\/wp-content\/uploads\/2020\/11\/CCA_Fr_K-1-300x128.png 300w, https:\/\/www.cca-acc.com\/wp-content\/uploads\/2020\/11\/CCA_Fr_K-1-768x328.png 768w\" sizes=\"auto, (max-width: 268px) 100vw, 268px\" \/><\/figure>\n<\/div><\/div>\n\n\n\n<div class=\"wp-block-column is-layout-flow wp-block-column-is-layout-flow\"><div class=\"wp-block-image\">\n<figure class=\"aligncenter size-large is-resized\"><a href=\"https:\/\/home.kpmg\/ca\/en\/home.html\"><img loading=\"lazy\" decoding=\"async\" src=\"https:\/\/www.cca-acc.com\/wp-content\/uploads\/2020\/11\/KPMG_NoCP_RGB-cropped-1024x458.png\" alt=\"\" class=\"wp-image-18753\" width=\"282\" height=\"126\" srcset=\"https:\/\/www.cca-acc.com\/wp-content\/uploads\/2020\/11\/KPMG_NoCP_RGB-cropped-1024x458.png 1024w, https:\/\/www.cca-acc.com\/wp-content\/uploads\/2020\/11\/KPMG_NoCP_RGB-cropped-600x268.png 600w, https:\/\/www.cca-acc.com\/wp-content\/uploads\/2020\/11\/KPMG_NoCP_RGB-cropped-300x134.png 300w, https:\/\/www.cca-acc.com\/wp-content\/uploads\/2020\/11\/KPMG_NoCP_RGB-cropped-768x343.png 768w, https:\/\/www.cca-acc.com\/wp-content\/uploads\/2020\/11\/KPMG_NoCP_RGB-cropped-1200x536.png 1200w, https:\/\/www.cca-acc.com\/wp-content\/uploads\/2020\/11\/KPMG_NoCP_RGB-cropped.png 1208w\" sizes=\"auto, (max-width: 282px) 100vw, 282px\" \/><\/a><\/figure>\n<\/div><\/div>\n<\/div>\n\n\n\n<p>En 2020, KPMG au Canada a collabor\u00e9 avec l\u2019Association canadienne de la construction afin de d\u00e9couvrir comment les entreprises du secteur s\u2019adaptaient aux changements transformateurs n\u00e9cessaires pour r\u00e9ellement tirer profit de l\u2019\u00e8re num\u00e9rique. Depuis, le secteur a connu plusieurs bouleversements et de nombreuses nouvelles tendances se sont manifest\u00e9es, ce qui a eu une incidence sur l\u2019ordre du jour des chefs d\u2019entreprise.<\/p>\n\n\n\n<p><br>J\u2019ai le plaisir de vous annoncer que nous lan\u00e7ons de nouveau notre <a href=\"https:\/\/survey.euro.confirmit.com\/wix\/7\/p530329945107.aspx?l=3084&amp;dsrc=99&amp;source=527\" data-type=\"URL\" data-id=\"https:\/\/survey.euro.confirmit.com\/wix\/7\/p530329945107.aspx?l=3084&amp;dsrc=99&amp;source=527\" target=\"_blank\" rel=\"noreferrer noopener\">sondage <\/a>afin de mesurer les progr\u00e8s r\u00e9alis\u00e9s par le secteur depuis notre dernier rapport. \u00c0 l\u2019aide de ces donn\u00e9es, nous explorerons en profondeur les strat\u00e9gies d\u2019investissement, les capacit\u00e9s, les objectifs de mise en \u0153uvre de la technologie et la gestion des risques du secteur de la construction. Cette fois-ci, nous explorerons aussi les enjeux ESG, les r\u00e9percussions d\u2019une \u00e9ventuelle r\u00e9cession et le contexte de la main-d\u2019\u0153uvre du secteur.<\/p>\n\n\n\n<p>Si vous avez des questions ou si vous souhaitez discuter de ce projet, n\u2019h\u00e9sitez pas \u00e0 communiquer avec Kenny Leon \u00e0 kleon@cca-acc.com .<\/p>\n","protected":false},"excerpt":{"rendered":"<p>Dans quelle mesure \u00eates-vous pr\u00eat \u00e0 suivre le rythme des changements num\u00e9riques transformateurs qui s\u2019op\u00e8rent dans l\u2019industrie de la construction? Unir nos forces pour faire avancer la transformation En 2020, KPMG au Canada a collabor\u00e9 avec l\u2019Association canadienne de la construction afin de d\u00e9couvrir comment les entreprises du secteur s\u2019adaptaient aux changements transformateurs n\u00e9cessaires pour [&hellip;]<\/p>\n","protected":false},"author":13,"featured_media":36816,"parent":15917,"menu_order":0,"comment_status":"closed","ping_status":"closed","template":"","meta":{"_acf_changed":false,"footnotes":""},"class_list":["post-18759","page","type-page","status-publish","has-post-thumbnail","hentry"],"acf":[],"_links":{"self":[{"href":"https:\/\/www.cca-acc.com\/fr\/wp-json\/wp\/v2\/pages\/18759","targetHints":{"allow":["GET"]}}],"collection":[{"href":"https:\/\/www.cca-acc.com\/fr\/wp-json\/wp\/v2\/pages"}],"about":[{"href":"https:\/\/www.cca-acc.com\/fr\/wp-json\/wp\/v2\/types\/page"}],"author":[{"embeddable":true,"href":"https:\/\/www.cca-acc.com\/fr\/wp-json\/wp\/v2\/users\/13"}],"replies":[{"embeddable":true,"href":"https:\/\/www.cca-acc.com\/fr\/wp-json\/wp\/v2\/comments?post=18759"}],"version-history":[{"count":2,"href":"https:\/\/www.cca-acc.com\/fr\/wp-json\/wp\/v2\/pages\/18759\/revisions"}],"predecessor-version":[{"id":40962,"href":"https:\/\/www.cca-acc.com\/fr\/wp-json\/wp\/v2\/pages\/18759\/revisions\/40962"}],"up":[{"embeddable":true,"href":"https:\/\/www.cca-acc.com\/fr\/wp-json\/wp\/v2\/pages\/15917"}],"wp:featuredmedia":[{"embeddable":true,"href":"https:\/\/www.cca-acc.com\/fr\/wp-json\/wp\/v2\/media\/36816"}],"wp:attachment":[{"href":"https:\/\/www.cca-acc.com\/fr\/wp-json\/wp\/v2\/media?parent=18759"}],"curies":[{"name":"wp","href":"https:\/\/api.w.org\/{rel}","templated":true}]}}