{"id":20511,"date":"2021-03-10T13:10:18","date_gmt":"2021-03-10T18:10:18","guid":{"rendered":"https:\/\/www.cca-acc.com\/?page_id=20511"},"modified":"2026-03-20T14:56:41","modified_gmt":"2026-03-20T18:56:41","slug":"examen-du-sceau-dor","status":"publish","type":"page","link":"https:\/\/www.cca-acc.com\/fr\/sceau-dor\/examen-du-sceau-dor\/","title":{"rendered":"Examen du Sceau d\u2019or"},"content":{"rendered":"\n<p><strong>L\u2019examen est offert quatre fois par ann\u00e9e&nbsp;<\/strong>(en mars, juin, septembre et novembre)<\/p>\n\n\n\n<h2 class=\"wp-block-heading\"><strong>Dates d&#8217;examen<\/strong><\/h2>\n\n\n<div class=\"wp-block-group accordion-block-group\">\n\t<div class=\"wp-block-group__inner-container\">\n\t\t<div class=\"wp-block-group mission-accordion\">\n\t\t\t<div class=\"wp-block-group__inner-container\">\n\t\t\t\t<h4 data-aos=\"fade-in\">12 juin 2026 <\/h4>\n\t\t\t\t<p data-aos=\"fade-in\"><p>Heure: 12 h 00 (heure de l\u2019Est) <\/p>\n<p>Inscrivez-vous avant le 22 mai 2026. <\/p>\n<p>Pour les nouveaux candidats inscrits au programme et les candidats dont la demande est en cours, la date limite pour la pr\u00e9sentation de votre demande de CSO est le 3 juin 2026. <\/p>\n<p>Pour les candidats dont la demande de CSO a \u00e9t\u00e9 approuv\u00e9e, la date limite pour vous inscrire \u00e0 l\u2019examen d\u2019octobre est le 3 juin 2026. <\/p>\n<\/p>\n\t\t\t<\/div>\n\t\t<\/div>\n\t<\/div>\n<\/div>\n\n<div class=\"wp-block-group accordion-block-group\">\n\t<div class=\"wp-block-group__inner-container\">\n\t\t<div class=\"wp-block-group mission-accordion\">\n\t\t\t<div class=\"wp-block-group__inner-container\">\n\t\t\t\t<h4 data-aos=\"fade-in\">18 septembre 2026 <\/h4>\n\t\t\t\t<p data-aos=\"fade-in\"><p>Heure: 12 h 00 (heure de l\u2019Est) <\/p>\n<p>Inscrivez-vous avant le 28 ao\u00fbt 2026. <\/p>\n<p>Pour les nouveaux candidats inscrits au programme et les candidats dont la demande est en cours, la date limite pour la pr\u00e9sentation de votre demande de CSO est le 9 septembre 2026. <\/p>\n<p>Pour les candidats dont la demande de CSO a \u00e9t\u00e9 approuv\u00e9e, la date limite pour vous inscrire \u00e0 l\u2019examen d\u2019octobre est le 9 septembre 2026. <\/p>\n<\/p>\n\t\t\t<\/div>\n\t\t<\/div>\n\t<\/div>\n<\/div>\n\n<div class=\"wp-block-group accordion-block-group\">\n\t<div class=\"wp-block-group__inner-container\">\n\t\t<div class=\"wp-block-group mission-accordion\">\n\t\t\t<div class=\"wp-block-group__inner-container\">\n\t\t\t\t<h4 data-aos=\"fade-in\">20 novembre 2026 <\/h4>\n\t\t\t\t<p data-aos=\"fade-in\"><p>Heure: 12 h 00 (heure de l\u2019Est) <\/p>\n<p>Inscrivez-vous avant le 30 octobre 2026. <\/p>\n<p>Pour les nouveaux candidats inscrits au programme et les candidats dont la demande est en cours, la date limite pour la pr\u00e9sentation de votre demande de CSO est le 11 novembre 2026. <\/p>\n<p>Pour les candidats dont la demande de CSO a \u00e9t\u00e9 approuv\u00e9e, la date limite pour vous inscrire \u00e0 l\u2019examen d\u2019octobre est le 11 novembre 2026. <\/p>\n<\/p>\n\t\t\t<\/div>\n\t\t<\/div>\n\t<\/div>\n<\/div>\n\n\n<h2 class=\"wp-block-heading\"><strong><strong>Renseignements<\/strong> sur l&#8217;examen<\/strong><\/h2>\n\n\n\n<p>L\u2019examen de certification Sceau d\u2019or est compos\u00e9 de questions \u00e0 choix multiples. Les candidats passent l\u2019examen \u00e0 leur domicile ou leur bureau. Comme l\u2019examen est bas\u00e9 principalement sur l\u2019exp\u00e9rience des candidats, il n\u2019y a pas de guide d\u2019\u00e9tude. Cependant, pour se pr\u00e9parer \u00e0 l\u2019examen, les candidats sont encourag\u00e9s \u00e0 passer en revue le mat\u00e9riel des cours qu\u2019ils ont suivis, les politiques et proc\u00e9dures de l\u2019entreprise, les questions de pratique ci-dessous et leur questionnaire d\u2019auto\u00e9valuation des comp\u00e9tences.<\/p>\n\n\n\n<h4 class=\"wp-block-heading\">Admissibilit\u00e9<\/h4>\n\n\n\n<ul class=\"wp-block-list\">\n<li>Pour \u00eatre admissible \u00e0 l\u2019examen du Sceau d\u2019or, les candidats doivent d\u2019abord <a href=\"https:\/\/goldseal.wufoo.com\/forms\/sto6nl1p1uw09\/\" target=\"_blank\" rel=\"noreferrer noopener\">s\u2019inscrire au Programme de certification Sceau d\u2019or<\/a> et \u00eatre approuv\u00e9s en tant qu\u2019apprenti Sceau d\u2019or (ASO). Une fois approuv\u00e9s, les candidats ont jusqu\u2019\u00e0 cinq ans pour satisfaire aux exigences du programme, soumettre leur demande de CSO et \u00eatre approuv\u00e9s pour passer l\u2019examen du Sceau d\u2019or.<\/li>\n\n\n\n<li>Seuls les candidats dont la demande de CSO a \u00e9t\u00e9 approuv\u00e9e sont invit\u00e9s \u00e0 choisir une date d\u2019examen.<\/li>\n\n\n\n<li>Les candidats dont la demande a \u00e9t\u00e9 approuv\u00e9e, ou approuv\u00e9e conditionnellement, doivent passer l\u2019examen du Sceau d\u2019or dans l\u2019ann\u00e9e qui suit la date d\u2019approbation de leur demande. De m\u00eame, ceux qui souhaitent reprendre l\u2019examen doivent le faire dans l\u2019ann\u00e9e qui suit la derni\u00e8re tentative. Les candidats qui ne passent pas l\u2019examen dans ce d\u00e9lai d\u2019un an devront recommencer le processus de demande.<\/li>\n<\/ul>\n\n\n\n<h4 class=\"wp-block-heading\">Pr\u00e9paration \u00e0 l\u2019examen<\/h4>\n\n\n\n<ul class=\"wp-block-list\">\n<li>Regardez <a href=\"https:\/\/youtu.be\/AiAP0TrGNcU?si=ktHM_uVtJFUjKDGH\">l&#8217;enregistrement du webinaire de pr\u00e9paration \u00e0 l\u2019examen<\/a>. <br>Pour toute question concernant l&#8217;examen, veuillez contacter <a href=\"mailto:goldseal@cca-acc.com\">goldseal@cca-acc.com<\/a>.<\/li>\n\n\n\n<li>Une semaine avant l\u2019examen, l\u2019\u00e9quipe du Sceau d\u2019or enverra aux candidats un courriel pour confirmer la date et l\u2019heure de leur examen et leur fournir les donn\u00e9es de connexion pour acc\u00e9der \u00e0 la plateforme d\u2019examen.<\/li>\n\n\n\n<li>Si les candidats \u00e0 l\u2019examen doivent changer la date de leur examen, ils doivent envoyer un courriel \u00e0 <a href=\"mailto:goldseal@cca-acc.com\">goldseal@cca-acc.com<\/a> pour en informer l\u2019\u00e9quipe du Sceau d\u2019or.<\/li>\n\n\n\n<li>Si les candidats ne se pr\u00e9sentent pas \u00e0 l\u2019examen \u00e0 la date choisie, ils doivent s\u2019inscrire \u00e0 un examen de reprise moyennant des frais de 125,00 $ (plus les taxes applicables).<\/li>\n<\/ul>\n\n\n\n<h4 class=\"wp-block-heading\"><strong>Examen<\/strong><\/h4>\n\n\n\n<ul class=\"wp-block-list\">\n<li>L\u2019examen est accessible \u00e0 midi heure de l\u2019Est. Si les candidats ont besoin de mesures d\u2019accommodement pour passer l\u2019examen, ils peuvent s\u2019adresser \u00e0 l\u2019\u00e9quipe du Sceau d\u2019or. Les types d\u2019accommodements varient et peuvent inclure, entre autres, du temps suppl\u00e9mentaire.<\/li>\n\n\n\n<li>L\u2019examen comporte des questions et r\u00e9ponses randomis\u00e9es.<\/li>\n\n\n\n<li>Les examens pour les d\u00e9signations de Contrema\u00eetre, de Coordonnateur Sant\u00e9 et S\u00e9curit\u00e9, et d\u2019Estimateur sont d\u2019une dur\u00e9e de 3 heures chacun et comportent 150 questions.<\/li>\n\n\n\n<li>Les examens pour les d\u00e9signations de Directeur de la Construction de Ma\u00eetre d\u2019Ouvrage, de Gestionnaire de Projet et de Surintendant sont d\u2019une dur\u00e9e de 3,5 heures chacun et comportent 180 questions.<\/li>\n\n\n\n<li>La note de passage est de 70%. Les r\u00e9sultats d\u2019examen sont finals.<\/li>\n\n\n\n<li>Les r\u00e9sultats d\u2019examen sont fournis imm\u00e9diatement aux candidats une fois leur examen termin\u00e9.<\/li>\n\n\n\n<li>Les certificats de CSO sont exp\u00e9di\u00e9s dans les trois \u00e0 quatre \u00e0 semaines apr\u00e8s l\u2019examen.<\/li>\n\n\n\n<li>Les candidats qui ne r\u00e9ussissent pas l\u2019examen sont invit\u00e9s \u00e0 s\u2019inscrire \u00e0 un examen de reprise et \u00e0 payer les frais d\u2019examen de reprise de 125,00&nbsp;$. Il n\u2019y a aucune limite quant au nombre de fois que les candidats peuvent reprendre l\u2019examen.<\/li>\n<\/ul>\n\n\n\n<h2 class=\"wp-block-heading\"><strong>Comp\u00e9tences \u00e9valu\u00e9es \u00e0 l\u2019examen<\/strong><\/h2>\n\n\n\n<p>Le Programme de certification Sceau d\u2019or a fait appel \u00e0 des professionnels de l\u2019\u00e9ducation des adultes, des experts de l\u2019industrie et des groupes de praticiens b\u00e9n\u00e9voles de l\u2019industrie pour d\u00e9finir les connaissances, les comp\u00e9tences et les aptitudes que doivent poss\u00e9der les professionnels de la construction qui travaillent dans un domaine li\u00e9 aux d\u00e9signations du Sceau d\u2019or. Nous encourageons les candidats \u00e0 utiliser l\u2019outil d\u2019auto\u00e9valuation des comp\u00e9tences pour \u00e9valuer leurs comp\u00e9tences par rapport \u00e0 celles qui seront \u00e9valu\u00e9es \u00e0 l\u2019examen, ainsi que pour d\u00e9terminer les domaines qu\u2019ils doivent am\u00e9liorer.<\/p>\n\n\n\n<div class=\"wp-block-buttons is-layout-flex wp-block-buttons-is-layout-flex\">\n<div class=\"wp-block-button\"><a class=\"wp-block-button__link has-ccp-purple-background-color has-background has-normal-font-size has-custom-font-size wp-element-button\" href=\"https:\/\/www.cca-acc.com\/fr\/sceau-dor\/par-ou-commencer\/evaluation-des-competences\/\" target=\"_blank\" rel=\"noreferrer noopener\">Auto\u00e9valuation des comp\u00e9tences<\/a><\/div>\n<\/div>\n\n\n\n<h2 class=\"wp-block-heading\">Questions de pratique<\/h2>\n\n\n\n<p>Les questions de pratique pour chaque d\u00e9signation ci-dessous comprennent des exemples de questions et de contenu qui seront pr\u00e9sent\u00e9s aux examens du Sceau d\u2019or.<\/p>\n\n\n\n<p>Veuillez noter que toutes les questions et r\u00e9ponses \u00e0 l\u2019examen sont la propri\u00e9t\u00e9 de l\u2019Association canadienne de la construction.<\/p>\n\n\n\n<ul class=\"wp-block-list\">\n<li><a href=\"https:\/\/sceaudor-construction.talentlms.com\/shared\/start\/key:LQTIDNHR\" target=\"_blank\" rel=\"noreferrer noopener\">Contrema\u00eetre<\/a><\/li>\n\n\n\n<li><a href=\"https:\/\/sceaudor-construction.talentlms.com\/shared\/start\/key:LTLIDNHR\" target=\"_blank\" rel=\"noreferrer noopener\">Coordonnateur Sant\u00e9 et S\u00e9curit\u00e9<\/a><\/li>\n\n\n\n<li><a href=\"https:\/\/sceaudor-construction.talentlms.com\/shared\/start\/key:ZOADNHRK\" target=\"_blank\" rel=\"noreferrer noopener\">Directeur de la Construction de Ma\u00eetre d\u2019Ouvrage <\/a><\/li>\n\n\n\n<li><a rel=\"noreferrer noopener\" href=\"https:\/\/sceaudor-construction.talentlms.com\/shared\/start\/key:ZOSDNHRK\" target=\"_blank\">Estimateur<\/a><\/li>\n\n\n\n<li><a href=\"https:\/\/construction.talentlms.com\/shared\/start\/key:LQGIDNHR\" target=\"_blank\" rel=\"noreferrer noopener\">Gestionnaire de Projet<\/a><\/li>\n\n\n\n<li><a rel=\"noreferrer noopener\" href=\"https:\/\/sceaudor-construction.talentlms.com\/shared\/start\/key:LTZIDNHR\" target=\"_blank\">Surintendant<\/a><\/li>\n<\/ul>\n\n\n\n<h2 class=\"wp-block-heading\">Exigences techniques<\/h2>\n\n\n\n<ul class=\"wp-block-list\">\n<li>Navigateur : version \u00e0 jour de Chrome, Internet Explorer, Firefox ou Edge<\/li>\n\n\n\n<li>\u00c9cran&nbsp;: 11 pouces ou plus<\/li>\n\n\n\n<li>Souris, pav\u00e9 tactile<\/li>\n\n\n\n<li>L\u2019utilisation d\u2019une calculatrice non programmable est autoris\u00e9e.<\/li>\n<\/ul>\n\n\n\n<h2 class=\"wp-block-heading\">Mat\u00e9riel de soutien<\/h2>\n\n\n\n<ul class=\"wp-block-list\">\n<li><a href=\"https:\/\/www.cca-acc.com\/wp-content\/uploads\/2022\/04\/Gold-Seal-exam-support-document_FR_Apr142022.pdf\" target=\"_blank\" rel=\"noreferrer noopener\">Document de soutien \u00e0 l\u2019examen<\/a><\/li>\n\n\n\n<li><a rel=\"noreferrer noopener\" href=\"https:\/\/www.cca-acc.com\/wp-content\/uploads\/2021\/03\/Gold-Seal-glossary_French-Final.pdf\" target=\"_blank\">Glossaire<\/a><\/li>\n\n\n\n<li><a href=\"https:\/\/www.youtube.com\/watch?v=AiAP0TrGNcU\">Webinaire de pr\u00e9paration \u00e0 l&#8217;examen du Sceau d&#8217;or<\/a><\/li>\n<\/ul>\n\n\n\n<div class=\"is-layout-flow wp-block-group alignfull block-cta block-cta--purple-motif\">\n\n    <div class=\"block-cta__motif\">\n    <svg xmlns=\"http:\/\/www.w3.org\/2000\/svg\" width=\"527.292\" height=\"547.292\" viewBox=\"0 0 527.292 547.292\">\n      <path d=\"M491.99,410.507a280.341,280.341,0,0,0,35.3-136.861C527.29,122.515,409.251,0,263.644,0S0,122.515,0,273.646A280.341,280.341,0,0,0,35.3,410.507l0,0h0c45.591,81.768,130.776,136.783,228.344,136.783S446.4,492.277,491.988,410.509h0ZM449.8,80.429c49.724,51.61,77.107,120.229,77.107,193.216a279.6,279.6,0,0,1-35.1,136.525L263.868.4C334.1.461,400.129,28.875,449.8,80.429Zm41.528,329.682H35.96L263.644.795ZM.381,273.646c0-72.988,27.384-141.607,77.107-193.216C127.16,28.875,193.186.461,263.422.4L35.485,410.171A279.624,279.624,0,0,1,.381,273.646ZM449.8,466.862c-49.724,51.61-115.835,80.032-186.156,80.032S127.212,518.472,77.488,466.862a273.8,273.8,0,0,1-41.811-56.354H491.613A273.8,273.8,0,0,1,449.8,466.862Z\" transform=\"translate(0.002)\" fill=\"#fff\"\/>\n    <\/svg>\n  <\/div>\n  \n  <div class=\"wp-block-group__inner-container\">\n    <p class=\"text-center\">Si vous ne trouvez pas de r\u00e9ponses \u00e0 vos questions concernant le Sceau d\u2019or sur notre site Web, veuillez communiquer avec nous \u00e0 <a href=\"mailto:goldseal@cca-acc.com\">goldseal@cca-acc.com<\/a> ou au <a href=\"tel:6132369455\">613-236-9455<\/a>. <\/p>\n    <div class=\"button_center\"><a class=\"btn-white outlined\" href=\"mailto:goldseal@cca-acc.com\">Contactez-nous<\/a><\/div>\n  <\/div>\n<\/div>","protected":false},"excerpt":{"rendered":"<p>L\u2019examen est offert quatre fois par ann\u00e9e&nbsp;(en mars, juin, septembre et novembre) Dates d&#8217;examen Renseignements sur l&#8217;examen L\u2019examen de certification Sceau d\u2019or est compos\u00e9 de questions \u00e0 choix multiples. Les candidats passent l\u2019examen \u00e0 leur domicile ou leur bureau. Comme l\u2019examen est bas\u00e9 principalement sur l\u2019exp\u00e9rience des candidats, il n\u2019y a pas de guide d\u2019\u00e9tude. [&hellip;]<\/p>\n","protected":false},"author":1,"featured_media":42900,"parent":16695,"menu_order":4,"comment_status":"closed","ping_status":"closed","template":"","meta":{"_acf_changed":false,"footnotes":""},"class_list":["post-20511","page","type-page","status-publish","has-post-thumbnail","hentry"],"acf":[],"_links":{"self":[{"href":"https:\/\/www.cca-acc.com\/fr\/wp-json\/wp\/v2\/pages\/20511","targetHints":{"allow":["GET"]}}],"collection":[{"href":"https:\/\/www.cca-acc.com\/fr\/wp-json\/wp\/v2\/pages"}],"about":[{"href":"https:\/\/www.cca-acc.com\/fr\/wp-json\/wp\/v2\/types\/page"}],"author":[{"embeddable":true,"href":"https:\/\/www.cca-acc.com\/fr\/wp-json\/wp\/v2\/users\/1"}],"replies":[{"embeddable":true,"href":"https:\/\/www.cca-acc.com\/fr\/wp-json\/wp\/v2\/comments?post=20511"}],"version-history":[{"count":32,"href":"https:\/\/www.cca-acc.com\/fr\/wp-json\/wp\/v2\/pages\/20511\/revisions"}],"predecessor-version":[{"id":78226,"href":"https:\/\/www.cca-acc.com\/fr\/wp-json\/wp\/v2\/pages\/20511\/revisions\/78226"}],"up":[{"embeddable":true,"href":"https:\/\/www.cca-acc.com\/fr\/wp-json\/wp\/v2\/pages\/16695"}],"wp:featuredmedia":[{"embeddable":true,"href":"https:\/\/www.cca-acc.com\/fr\/wp-json\/wp\/v2\/media\/42900"}],"wp:attachment":[{"href":"https:\/\/www.cca-acc.com\/fr\/wp-json\/wp\/v2\/media?parent=20511"}],"curies":[{"name":"wp","href":"https:\/\/api.w.org\/{rel}","templated":true}]}}