{"id":20599,"date":"2021-03-08T17:04:38","date_gmt":"2021-03-08T22:04:38","guid":{"rendered":"https:\/\/www.cca-acc.com\/rapport-annuel\/member-value\/"},"modified":"2021-03-11T11:11:10","modified_gmt":"2021-03-11T16:11:10","slug":"mise-en-valuer-des-membres","status":"publish","type":"page","link":"https:\/\/www.cca-acc.com\/fr\/a-propos-de-nous\/rapport-annuel\/mise-en-valuer-des-membres\/","title":{"rendered":"Mise en valeur des membres"},"content":{"rendered":"\n<figure class=\"wp-block-embed-youtube wp-block-embed is-type-video is-provider-youtube wp-embed-aspect-16-9 wp-has-aspect-ratio\"><div class=\"wp-block-embed__wrapper\">\n<iframe loading=\"lazy\" title=\"Rapport annuel 2020 : Mise en valeur des membres\" width=\"580\" height=\"326\" src=\"https:\/\/www.youtube.com\/embed\/uJuDnWTn_RQ?feature=oembed\" frameborder=\"0\" allow=\"accelerometer; autoplay; clipboard-write; encrypted-media; gyroscope; picture-in-picture; web-share\" referrerpolicy=\"strict-origin-when-cross-origin\" allowfullscreen><\/iframe>\n<\/div><\/figure>\n\n\n\n<h2 class=\"wp-block-heading\">La valeur consentie aux membres<\/h2>\n\n\n\n<p>Les liens entre les parties prenantes sont essentiels lors d\u2019\u00e9v\u00e9nements tumultueux comme une pand\u00e9mie. L\u2019ACC a tout mis en \u0153uvre tout au long de 2020 pour \u00eatre une ressource respect\u00e9e et pour rallier les membres de partout au pays afin qu\u2019ils apprennent les uns des autres.<\/p>\n\n\n\n<p>\u00ab&nbsp;Comme le confinement a \u00e9t\u00e9 le mot d\u2019ordre cette ann\u00e9e, la valeur de l\u2019ACC a \u00e9t\u00e9 de d\u00e9velopper un sentiment de solidarit\u00e9, puisque nous sommes tous touch\u00e9s par la situation qui s\u00e9vit, explique le directeur des grands projets chez RCS, Brendan Nobes, \u00e9galement membre du conseil d\u2019administration de l\u2019ACC et repr\u00e9sentant de l\u2019ACC au CCDC. En partageant les renseignements \u00e0 notre disposition, et ce, \u00e0 de multiples niveaux, dans de multiples r\u00e9gions et avec de multiples entrepreneurs, nous avons pu assurer la s\u00e9curit\u00e9 de nos chantiers.&nbsp;\u00bb<\/p>\n\n\n\n<p>John DeVries, pr\u00e9sident et chef de la direction de l\u2019Association de la construction d\u2019Ottawa, compte sur l\u2019ACC pour servir de forum o\u00f9 toutes les associations locales de la construction peuvent dialoguer, mettre en commun leurs exp\u00e9riences et \u00e9changer de l\u2019information. \u00ab&nbsp;L\u2019ACC a su r\u00e9pondre \u00e0 l\u2019appel \u00e0 cet \u00e9gard, et cela a \u00e9t\u00e9 vraiment b\u00e9n\u00e9fique de pouvoir compter sur la contribution de diff\u00e9rentes associations et diff\u00e9rents secteurs, explique John. Des groupes de travail \u00e9taient actifs \u00e0 l\u2019\u00e9chelle du pays pour se pencher sur l\u2019am\u00e9lioration de nos syst\u00e8mes de gestion de la s\u00e9curit\u00e9 des chantiers.&nbsp;\u00bb<\/p>\n\n\n\n<hr class=\"wp-block-separator\"\/>\n\n\n\n<h3 class=\"has-ccp-purple-color has-text-color wp-block-heading\">Une gouvernance cibl\u00e9e et ax\u00e9e sur les objectifs<\/h3>\n\n\n\n<div class=\"wp-block-columns is-layout-flex wp-container-core-columns-is-layout-9d6595d7 wp-block-columns-is-layout-flex\">\n<div class=\"wp-block-column is-layout-flow wp-block-column-is-layout-flow\">\n<p>Le nouveau mod\u00e8le de gouvernance de l\u2019ACC s\u2019est av\u00e9r\u00e9 parfaitement adapt\u00e9 au d\u00e9fi de la pand\u00e9mie. \u00ab&nbsp;L\u2019un des objectifs \u00e9tait de cr\u00e9er un conseil d\u2019administration plus souple et plus dynamique, tout en conservant ce sentiment d\u2019inclusion et cette participation d\u2019un oc\u00e9an \u00e0 l\u2019autre, dit Brendan Nobes. La valeur de cette nouvelle gouvernance souple et dynamique est peut-\u00eatre mieux illustr\u00e9e par la prise de d\u00e9cisions rapide qui a permis d\u2019aider les membres \u00e0 poursuivre leurs activit\u00e9s et \u00e0 travailler en s\u00e9curit\u00e9 pendant la COVID.&nbsp;\u00bb<\/p>\n<\/div>\n\n\n\n<div class=\"wp-block-column is-layout-flow wp-block-column-is-layout-flow\">\n<p>\u00ab&nbsp;Une semaine \u00e0 peine apr\u00e8s la d\u00e9claration de la pand\u00e9mie, il y avait d\u00e9j\u00e0 un mod\u00e8le de plan op\u00e9rationnel pour les chantiers, ainsi que des conseils sur les contr\u00f4les d\u2019acc\u00e8s aux chantiers, les questions de d\u00e9pistage et les politiques d\u2019hygi\u00e8ne, explique John DeVries. On fait r\u00e9f\u00e9rence au guide de l\u2019ACC sur les protocoles normalis\u00e9s en mati\u00e8re de s\u00e9curit\u00e9 pour les chantiers partout au pays. M\u00eame les acheteurs f\u00e9d\u00e9raux de services de construction s\u2019y r\u00e9f\u00e8rent. Ce guide st comme un contrat standard pour eux.&nbsp;\u00bb<\/p>\n<\/div>\n<\/div>\n\n\n\n<hr class=\"wp-block-separator\"\/>\n\n\n\n<h3 class=\"has-ccp-purple-color has-text-color wp-block-heading\">Un imp\u00e9ratif num\u00e9rique<\/h3>\n\n\n\n<div class=\"wp-block-columns is-layout-flex wp-container-core-columns-is-layout-9d6595d7 wp-block-columns-is-layout-flex\">\n<div class=\"wp-block-column is-layout-flow wp-block-column-is-layout-flow\">\n<p>Il a fallu apprendre \u00e0 travailler diff\u00e9remment en cette p\u00e9riode de confinements et, malgr\u00e9 cette situation, l\u2019ACC a r\u00e9ussi \u00e0 \u00e9largir sensiblement sa port\u00e9e. La transformation num\u00e9rique en mode acc\u00e9l\u00e9r\u00e9e a \u00e9t\u00e9 la cl\u00e9. Les communications et les cours sont pass\u00e9s \u00e0 un format en ligne. Entre autres, des webinaires \u00e0 valeur ajout\u00e9e ont \u00e9t\u00e9 diffus\u00e9s afin de tenir les membres inform\u00e9s des plus r\u00e9cents d\u00e9veloppements. <\/p>\n\n\n\n<p>Brendan Nobes souligne la valeur de l\u2019ACC en tant que carrefour <\/p>\n<\/div>\n\n\n\n<div class=\"wp-block-column is-layout-flow wp-block-column-is-layout-flow\">\n<p>d\u2019information num\u00e9rique vital pour faciliter le partage de renseignements sur l\u2019industrie \u00e0 l\u2019\u00e9chelle nationale.<\/p>\n\n\n\n<p>\u00ab&nbsp;Gr\u00e2ce \u00e0 la transformation num\u00e9rique pour la prestation des s\u00e9minaires et des cours du CCDC, nous avons pu rejoindre un public plus large qu\u2019auparavant et dans un d\u00e9lai plus court, dit-il. Nous n\u2019avons pas eu besoin de nous d\u00e9placer en avion d\u2019un bout \u00e0 l\u2019autre du pays pour offrir ces s\u00e9minaires en personne.&nbsp;\u00bb<\/p>\n<\/div>\n<\/div>\n\n\n\n<figure class=\"wp-block-pullquote\"><blockquote><p>L\u2019ACC adapte son approche et son intervention au rythme de l\u2019\u00e9volution de l\u2019industrie.<\/p><\/blockquote><\/figure>\n\n\n\n<h3 class=\"has-ccp-purple-color has-text-color wp-block-heading\">Des d\u00e9fenseurs infatigables<\/h3>\n\n\n\n<div class=\"wp-block-columns is-layout-flex wp-container-core-columns-is-layout-9d6595d7 wp-block-columns-is-layout-flex\">\n<div class=\"wp-block-column is-layout-flow wp-block-column-is-layout-flow\">\n<p>L\u2019ACC a su d\u00e9montrer sa valeur \u00e0 maintes reprises en 2020 gr\u00e2ce \u00e0 un lobbying efficace au nom de ses membres. Agissant comme courroie de transmission pour communiquer directement avec le gouvernement, l\u2019ACC excelle dans l\u2019art de fa\u00e7onner les commentaires des membres pour obtenir des mesures tangibles et produire des r\u00e9sultats concrets. \u00ab&nbsp;Les membres nous appelaient pour dire qu\u2019ils devaient engager des co\u00fbts pour de nouveaux postes de lavage, des toilettes et d\u2019autres exigences, explique John DeVries. Qui va payer tout cela? On s\u2019attend \u00e0 ce que l\u2019ACC intervienne aupr\u00e8s du gouvernement pour lui expliquer&nbsp;: \u2018Voici ce que nos membres nous disent\u2019. C\u2019est \u00e7a le r\u00f4le de l\u2019ACC, d\u2019agir comme leader et d\u2019avoir ces relations avec les politiciens, et l\u2019association a \u00e9cout\u00e9 ses membres partout au pays et s\u2019est acquitt\u00e9e de son r\u00f4le.&nbsp;\u00bb<\/p>\n\n\n\n<p>L\u2019ACC adapte son approche et son intervention au rythme de l\u2019\u00e9volution de l\u2019industrie.<\/p>\n<\/div>\n\n\n\n<div class=\"wp-block-column is-layout-flow wp-block-column-is-layout-flow\">\n<p>\u00ab&nbsp;Nous faisons actuellement une \u00e9valuation de la proposition de valeur de l\u2019ACC, explique Brendan Nobes. Un groupe de travail se r\u00e9unit r\u00e9guli\u00e8rement pour cerner comment nous pouvons am\u00e9liorer la valeur consentie aux membres, d\u00e9terminer ce qu\u2019ils recherchent comme services et produits et d\u00e9terminer comment nous pouvons leur offrir cela de mani\u00e8re efficace.&nbsp;\u00bb<\/p>\n\n\n\n<p>Le conseil d\u2019administration de l\u2019ACC est plus attentif que jamais aux besoins des membres, et tant la port\u00e9e que le rayonnement des efforts que nous d\u00e9ployons au nom de nos membres ne feront que s\u2019\u00e9largir alors que nous travaillons tous ensemble pour <em>b\u00e2tir un Canada meilleur<\/em>.<\/p>\n<\/div>\n<\/div>\n\n\n\n<div class=\"wp-block-group alignfull is-layout-flow wp-block-group-is-layout-flow\"><div class=\"wp-block-group__inner-container\"><\/div><\/div>\n\n\n\n<div class=\"wp-block-group alignfull\"><div class=\"wp-block-group__inner-container is-layout-flow wp-block-group-is-layout-flow\">\n<div class=\"wp-block-columns alignfull is-layout-flex wp-container-core-columns-is-layout-9d6595d7 wp-block-columns-is-layout-flex\">\n<div class=\"wp-block-column is-layout-flow wp-block-column-is-layout-flow\">\t<div data-aos=\"fade-up\" style=\"width: 100%;\">\n\t\t<div class=\"bucket-sm-2 cca_purple\">\n\t\t\t<div class=\"background-image\" style=\"background-image: url()\"><\/div>\n\t\t\t<a href=\"https:\/\/www.cca-acc.com\/fr\/rapport-annuel\/defense-des-interets\/\">\n\t\t\t\t<div class=\"box-inner\">\n\t\t\t\t\t<h4 class=\"white-text\" style=\"margin: 0px;\">D\u00e9fense des int\u00e9r\u00eats et relations gouvernementales<\/h4>\n\t\t\t\t\t<p class=\"white-text\"><\/p>\n\t\t\t\t\t\n\t\t\t\t\t\n\t\t\t\t\t\t<button class=\"btn-white hover-btn\" style=\"color: #582c83;\">Pour en savoir plus<\/button>\n\t\t\t\t\t\n\t\t\t\t<\/div>\n\t\t\t<\/a>\n\t\t<\/div>\n\t<\/div>\n\n\n<\/div>\n\n\n\n<div class=\"wp-block-column is-layout-flow wp-block-column-is-layout-flow\">\t<div data-aos=\"fade-up\" style=\"width: 100%;\">\n\t\t<div class=\"bucket-sm-2 cca_grey\">\n\t\t\t<div class=\"background-image\" style=\"background-image: url()\"><\/div>\n\t\t\t<a href=\"https:\/\/www.cca-acc.com\/fr\/rapport-annuel\/excellence-de-la-main-doeuvre\/\">\n\t\t\t\t<div class=\"box-inner\">\n\t\t\t\t\t<h4 class=\"white-text\" style=\"margin: 0px;\">Excellence de la main-d\u2019\u0153uvre<\/h4>\n\t\t\t\t\t<p class=\"white-text\"><\/p>\n\t\t\t\t\t\n\t\t\t\t\t\n\t\t\t\t\t\t<button class=\"btn-white hover-btn\" style=\"color: #4d4d4f;\">Pour en savoir plus<\/button>\n\t\t\t\t\t\n\t\t\t\t<\/div>\n\t\t\t<\/a>\n\t\t<\/div>\n\t<\/div>\n\n\n\n\n\n<p><\/p>\n<\/div>\n\n\n\n<div class=\"wp-block-column is-layout-flow wp-block-column-is-layout-flow\">\t<div data-aos=\"fade-up\" style=\"width: 100%;\">\n\t\t<div class=\"bucket-sm-2 cca_purple\">\n\t\t\t<div class=\"background-image\" style=\"background-image: url()\"><\/div>\n\t\t\t<a href=\"https:\/\/www.cca-acc.com\/fr\/rapport-annuel\/renforce-la-resilience\/\">\n\t\t\t\t<div class=\"box-inner\">\n\t\t\t\t\t<h4 class=\"white-text\" style=\"margin: 0px;\">Renforce la r\u00e9silience<\/h4>\n\t\t\t\t\t<p class=\"white-text\"><\/p>\n\t\t\t\t\t\n\t\t\t\t\t\n\t\t\t\t\t\t<button class=\"btn-white hover-btn\" style=\"color: #582c83;\">Pour en savoir plus<\/button>\n\t\t\t\t\t\n\t\t\t\t<\/div>\n\t\t\t<\/a>\n\t\t<\/div>\n\t<\/div>\n\n\n<\/div>\n<\/div>\n<\/div><\/div>\n\n\n\n<p><\/p>\n","protected":false},"excerpt":{"rendered":"<p>La valeur consentie aux membres Les liens entre les parties prenantes sont essentiels lors d\u2019\u00e9v\u00e9nements tumultueux comme une pand\u00e9mie. L\u2019ACC a tout mis en \u0153uvre tout au long de 2020 pour \u00eatre une ressource respect\u00e9e et pour rallier les membres de partout au pays afin qu\u2019ils apprennent les uns des autres. \u00ab&nbsp;Comme le confinement a [&hellip;]<\/p>\n","protected":false},"author":13,"featured_media":20377,"parent":20564,"menu_order":0,"comment_status":"closed","ping_status":"closed","template":"","meta":{"_acf_changed":false,"footnotes":""},"class_list":["post-20599","page","type-page","status-publish","has-post-thumbnail","hentry"],"acf":[],"_links":{"self":[{"href":"https:\/\/www.cca-acc.com\/fr\/wp-json\/wp\/v2\/pages\/20599","targetHints":{"allow":["GET"]}}],"collection":[{"href":"https:\/\/www.cca-acc.com\/fr\/wp-json\/wp\/v2\/pages"}],"about":[{"href":"https:\/\/www.cca-acc.com\/fr\/wp-json\/wp\/v2\/types\/page"}],"author":[{"embeddable":true,"href":"https:\/\/www.cca-acc.com\/fr\/wp-json\/wp\/v2\/users\/13"}],"replies":[{"embeddable":true,"href":"https:\/\/www.cca-acc.com\/fr\/wp-json\/wp\/v2\/comments?post=20599"}],"version-history":[{"count":0,"href":"https:\/\/www.cca-acc.com\/fr\/wp-json\/wp\/v2\/pages\/20599\/revisions"}],"up":[{"embeddable":true,"href":"https:\/\/www.cca-acc.com\/fr\/wp-json\/wp\/v2\/pages\/20564"}],"wp:featuredmedia":[{"embeddable":true,"href":"https:\/\/www.cca-acc.com\/fr\/wp-json\/wp\/v2\/media\/20377"}],"wp:attachment":[{"href":"https:\/\/www.cca-acc.com\/fr\/wp-json\/wp\/v2\/media?parent=20599"}],"curies":[{"name":"wp","href":"https:\/\/api.w.org\/{rel}","templated":true}]}}