{"id":20610,"date":"2021-03-08T17:13:42","date_gmt":"2021-03-08T22:13:42","guid":{"rendered":"https:\/\/www.cca-acc.com\/rapport-annuel\/advocacy-and-government-relations\/"},"modified":"2021-03-11T11:07:17","modified_gmt":"2021-03-11T16:07:17","slug":"defense-des-interets","status":"publish","type":"page","link":"https:\/\/www.cca-acc.com\/fr\/a-propos-de-nous\/rapport-annuel\/defense-des-interets\/","title":{"rendered":"D\u00e9fense des int\u00e9r\u00eats et relations gouvernementales"},"content":{"rendered":"\n<figure class=\"wp-block-embed-youtube wp-block-embed is-type-video is-provider-youtube wp-embed-aspect-16-9 wp-has-aspect-ratio\"><div class=\"wp-block-embed__wrapper\">\n<iframe loading=\"lazy\" title=\"Rapport annuel 2020 : D\u00e9fense des int\u00e9r\u00eats et relations gouvernementales\" width=\"580\" height=\"326\" src=\"https:\/\/www.youtube.com\/embed\/-9VOn0uvvNI?feature=oembed\" frameborder=\"0\" allow=\"accelerometer; autoplay; clipboard-write; encrypted-media; gyroscope; picture-in-picture; web-share\" referrerpolicy=\"strict-origin-when-cross-origin\" allowfullscreen><\/iframe>\n<\/div><\/figure>\n\n\n\n<h2 class=\"wp-block-heading\">Exercer une influence accrue<\/h2>\n\n\n\n<p>\u00ab&nbsp;La principale pr\u00e9occupation lorsque COVID-19 a franchi nos fronti\u00e8res \u00e9tait de savoir si notre industrie aurait le droit de travailler ou non&nbsp;\u00bb, se souvient Chris Lorenc, pr\u00e9sident de la Manitoba Heavy Construction Association. La r\u00e9ponse reposait sur la force de persuasion de l\u2019ACC et sur la solidit\u00e9 de ses relations gouvernementales.<\/p>\n\n\n\n<p>\u00ab&nbsp;Nos activit\u00e9s de d\u00e9fense des int\u00e9r\u00eats sont toujours li\u00e9es \u00e0 des positions qui font avancer l\u2019int\u00e9r\u00eat public, explique Chris Lorenc. Cette fa\u00e7on de faire a permis \u00e0 notre association de se tailler une r\u00e9putation et une cr\u00e9dibilit\u00e9 vraiment solides aupr\u00e8s de tous les niveaux de gouvernement.&nbsp;\u00bb<\/p>\n\n\n\n<hr class=\"wp-block-separator\"\/>\n\n\n\n<h3 class=\"has-ccp-purple-color has-text-color wp-block-heading\">Mettre l\u2019accent sur une culture de la s\u00e9curit\u00e9<\/h3>\n\n\n\n<div class=\"wp-block-columns is-layout-flex wp-container-core-columns-is-layout-9d6595d7 wp-block-columns-is-layout-flex\">\n<div class=\"wp-block-column is-layout-flow wp-block-column-is-layout-flow\">\n<p>Dans le chaos des premiers jours de la pand\u00e9mie, l\u2019ACC a agi rapidement, sachant que pour obtenir le feu vert du gouvernement f\u00e9d\u00e9ral pour que l\u2019industrie puisse continuer ses activit\u00e9s, il fallait pouvoir travailler de mani\u00e8re s\u00e9curitaire. La d\u00e9marche d\u00e9terminante adopt\u00e9e par l\u2019association a consist\u00e9 \u00e0 coordonner le partage de protocoles de s\u00e9curit\u00e9 rigoureux parmi tous ses membres.<\/p>\n\n\n\n<p>\u00ab&nbsp;Nous avons tous mis nos ressources \u00e0 contribution, explique Brendan Nobes, membre du conseil de l\u2019ACC et directeur des grands projets de RCS en Nouvelle-\u00c9cosse. Pomerleau, EllisDon et les dirigeants nationaux ont partag\u00e9 leurs renseignements sur la s\u00e9curit\u00e9 afin d\u2019aider les entrepreneurs g\u00e9n\u00e9raux de petite et moyenne taille. Personne ne dissimulait de l\u2019information.&nbsp;\u00bb<\/p>\n\n\n\n<p>\u00ab&nbsp;La s\u00e9curit\u00e9 fait partie int\u00e9grante de la culture de notre industrie, ajoute Stephen Coote, membre du conseil de l\u2019ACC et pr\u00e9sident de Group 92 Mechanical de la r\u00e9gion du Niagara.<\/p>\n<\/div>\n\n\n\n<div class=\"wp-block-column is-layout-flow wp-block-column-is-layout-flow\">\n<p>La s\u00e9curit\u00e9 est au c\u0153ur de notre travail et c\u2019est ainsi que nous fonctionnons tous les jours.&nbsp;\u00bb<\/p>\n\n\n\n<p>La promotion faite par l\u2019ACC de cette culture ax\u00e9e sur la s\u00e9curit\u00e9, laquelle a \u00e9t\u00e9 renforc\u00e9e par les associations partenaires aupr\u00e8s des repr\u00e9sentants provinciaux et municipaux, a \u00e9t\u00e9 indispensable \u00e0 l\u2019obtention du statut de service essentiel pour notre industrie.<\/p>\n\n\n\n<p>\u00ab&nbsp;Nous sommes membres de l\u2019ACC pr\u00e9cis\u00e9ment en raison de l\u2019importance que rev\u00eat l\u2019association dans son ensemble, d\u2019un oc\u00e9an \u00e0 l\u2019autre, d\u00e9clare Pierre Hamel. L\u2019ACC regroupe un grand nombre d\u2019entreprises et cet appui donne \u00e0 l\u2019ACC la force du nombre de sorte que, lorsque l\u2019ACC se pr\u00e9sente \u00e0 Ottawa, elle parle v\u00e9ritablement au nom de l\u2019industrie.&nbsp;\u00bb<\/p>\n<\/div>\n<\/div>\n\n\n\n<figure class=\"wp-block-pullquote\"><blockquote><p>Nos Journ\u00e9es sur la Colline sont indispensables, car elles soulignent le fait que la d\u00e9fense des int\u00e9r\u00eats repose avant tout sur l\u2019importance de forger des relations&nbsp;<\/p><\/blockquote><\/figure>\n\n\n\n<h3 class=\"has-ccp-purple-color has-text-color wp-block-heading\">Forger un climat de confiance<\/h3>\n\n\n\n<div class=\"wp-block-columns is-layout-flex wp-container-core-columns-is-layout-9d6595d7 wp-block-columns-is-layout-flex\">\n<div class=\"wp-block-column is-layout-flow wp-block-column-is-layout-flow\">\n<p>Au cours d\u2019une ann\u00e9e marqu\u00e9e par l\u2019incertitude et la confusion, chaque industrie a \u00e9t\u00e9 mise au d\u00e9fi d\u2019exprimer son besoin d\u2019obtenir du soutien du gouvernement f\u00e9d\u00e9ral. La Journ\u00e9e virtuelle sur la Colline de l\u2019ACC a donn\u00e9 aux membres la possibilit\u00e9 de faire valoir leurs demandes et leurs besoins en s\u2019adressant directement aux repr\u00e9sentants du gouvernement.<\/p>\n\n\n\n<p>\u00ab&nbsp;Nos Journ\u00e9es sur la Colline sont indispensables, car elles soulignent le fait que la d\u00e9fense des int\u00e9r\u00eats repose avant tout sur l\u2019importance de forger des relations&nbsp;\u00bb, explique Chris Lorenc. \u00ab&nbsp;Notre voix se fait entendre, ajoute Stephen Coote.<\/p>\n<\/div>\n\n\n\n<div class=\"wp-block-column is-layout-flow wp-block-column-is-layout-flow\">\n<p>J\u2019ai eu une rencontre avec le pr\u00e9sident du Comit\u00e9 permanent des transports, de l\u2019infrastructure et des collectivit\u00e9s, et il souhaitait obtenir des renseignements pour \u00e9laborer des programmes qui pourraient \u00eatre efficaces pour nous. C\u2019est \u00e0 cette loge que nous devons nous trouver et cr\u00e9er des relations.&nbsp;\u00bb<\/p>\n\n\n\n<p>Pierre Hamel croit que l\u2019ACC a \u00e9tabli une relation de confiance avec le gouvernement et cela est d\u00e9montr\u00e9 par la volont\u00e9 du gouvernement d\u2019\u00e9couter et de s\u2019engager dans des discussions. \u00ab&nbsp;L\u2019ACC a une \u00e9coute tr\u00e8s attentive de la part du gouvernement, et les repr\u00e9sentants du gouvernement \u00e9coutent \u00e9galement leurs \u00e9lecteurs \u2014 les associations r\u00e9gionales et les entrepreneurs de partout au pays.&nbsp;\u00bb<\/p>\n<\/div>\n<\/div>\n\n\n\n<hr class=\"wp-block-separator\"\/>\n\n\n\n<h3 class=\"has-ccp-purple-color has-text-color wp-block-heading\">Une voix forte pour l\u2019avenir<\/h3>\n\n\n\n<div class=\"wp-block-columns is-layout-flex wp-container-core-columns-is-layout-9d6595d7 wp-block-columns-is-layout-flex\">\n<div class=\"wp-block-column is-layout-flow wp-block-column-is-layout-flow\">\n<p>En 2020, les efforts de d\u00e9fense des int\u00e9r\u00eats de l\u2019ACC se sont av\u00e9r\u00e9s particuli\u00e8rement efficaces, notamment pour ce qui est de d\u00e9montrer au gouvernement pourquoi il est dans leur int\u00e9r\u00eat politique, \u00e9conomique et social de tirer parti de notre expertise en mati\u00e8re de croissance \u00e9conomique. \u00ab&nbsp;Cette ann\u00e9e, la visibilit\u00e9 de l\u2019ACC a augment\u00e9 de mani\u00e8re significative aupr\u00e8s du gouvernement f\u00e9d\u00e9ral, confirme Chris Lorenc. Le gouvernement nous per\u00e7oit comme des alli\u00e9s, et non comme des lobbyistes \u00e0 la vision \u00e9troite. Cela augure bien pour notre capacit\u00e9 \u00e0 exercer une influence dans les dossiers politiques \u00e0 l\u2019\u00e9chelle nationale.&nbsp;\u00bb Notre voix peut toujours \u00eatre amplifi\u00e9e et, pour ce faire, la participation de tous les membres est essentielle. \u00ab&nbsp;En tant que membres, nous devons nous impliquer davantage, d\u00e9clare Stephen Coote.<\/p>\n<\/div>\n\n\n\n<div class=\"wp-block-column is-layout-flow wp-block-column-is-layout-flow\">\n<p>Le gouvernement sait que nous avons 20 000 membres. Il faudrait que ces 20.000 membres soient pr\u00e9sents \u00e0 Ottawa lors de notre Journ\u00e9e sur la Colline. T\u00e9l\u00e9phonez \u00e0 votre d\u00e9put\u00e9 et, quand les campagnes \u00e9pistolaires sont lanc\u00e9es, signez une lettre et envoyez-la \u00e0 vos repr\u00e9sentants \u00e9lus.&nbsp;\u00bb<\/p>\n\n\n\n<p>Nous sommes plus forts quand nous unissons nos efforts pour diriger et faire avancer notre industrie. L\u2019ACC, avec l\u2019engagement et le soutien de ses membres, est une voix stable et influente \u00e0 tous les niveaux de gouvernement, une voix qui est respect\u00e9e pour sa cr\u00e9dibilit\u00e9, son efficacit\u00e9 et sa vision de <em>b\u00e2tir un Canada meilleur.<\/em><\/p>\n<\/div>\n<\/div>\n\n\n\n<div class=\"wp-block-group alignfull\"><div class=\"wp-block-group__inner-container is-layout-flow wp-block-group-is-layout-flow\">\n<div class=\"wp-block-columns alignfull is-layout-flex wp-container-core-columns-is-layout-9d6595d7 wp-block-columns-is-layout-flex\">\n<div class=\"wp-block-column is-layout-flow wp-block-column-is-layout-flow\">\t<div data-aos=\"fade-up\" style=\"width: 100%;\">\n\t\t<div class=\"bucket-sm-2 cca_purple\">\n\t\t\t<div class=\"background-image\" style=\"background-image: url()\"><\/div>\n\t\t\t<a href=\"https:\/\/www.cca-acc.com\/fr\/rapport-annuel\/mise-en-valuer-des-membres\/\">\n\t\t\t\t<div class=\"box-inner\">\n\t\t\t\t\t<h4 class=\"white-text\" style=\"margin: 0px;\">Mise en valeur des membres<\/h4>\n\t\t\t\t\t<p class=\"white-text\"><\/p>\n\t\t\t\t\t\n\t\t\t\t\t\n\t\t\t\t\t\t<button class=\"btn-white hover-btn\" style=\"color: #582c83;\">Pour en savoir plus<\/button>\n\t\t\t\t\t\n\t\t\t\t<\/div>\n\t\t\t<\/a>\n\t\t<\/div>\n\t<\/div>\n\n\n<\/div>\n\n\n\n<div class=\"wp-block-column is-layout-flow wp-block-column-is-layout-flow\">\t<div data-aos=\"fade-up\" style=\"width: 100%;\">\n\t\t<div class=\"bucket-sm-2 cca_grey\">\n\t\t\t<div class=\"background-image\" style=\"background-image: url()\"><\/div>\n\t\t\t<a href=\"https:\/\/www.cca-acc.com\/fr\/rapport-annuel\/excellence-de-la-main-doeuvre\/\">\n\t\t\t\t<div class=\"box-inner\">\n\t\t\t\t\t<h4 class=\"white-text\" style=\"margin: 0px;\">Excellence de la main-d\u2019\u0153uvre<\/h4>\n\t\t\t\t\t<p class=\"white-text\"><\/p>\n\t\t\t\t\t\n\t\t\t\t\t\n\t\t\t\t\t\t<button class=\"btn-white hover-btn\" style=\"color: #4d4d4f;\">Pour en savoir plus<\/button>\n\t\t\t\t\t\n\t\t\t\t<\/div>\n\t\t\t<\/a>\n\t\t<\/div>\n\t<\/div>\n\n\n<\/div>\n\n\n\n<div class=\"wp-block-column is-layout-flow wp-block-column-is-layout-flow\">\t<div data-aos=\"fade-up\" style=\"width: 100%;\">\n\t\t<div class=\"bucket-sm-2 cca_purple\">\n\t\t\t<div class=\"background-image\" style=\"background-image: url()\"><\/div>\n\t\t\t<a href=\"https:\/\/www.cca-acc.com\/fr\/rapport-annuel\/renforce-la-resilience\/\">\n\t\t\t\t<div class=\"box-inner\">\n\t\t\t\t\t<h4 class=\"white-text\" style=\"margin: 0px;\">Renforce la r\u00e9silience<\/h4>\n\t\t\t\t\t<p class=\"white-text\"><\/p>\n\t\t\t\t\t\n\t\t\t\t\t\n\t\t\t\t\t\t<button class=\"btn-white hover-btn\" style=\"color: #582c83;\">Pour en savoir plus<\/button>\n\t\t\t\t\t\n\t\t\t\t<\/div>\n\t\t\t<\/a>\n\t\t<\/div>\n\t<\/div>\n\n\n<\/div>\n<\/div>\n<\/div><\/div>\n","protected":false},"excerpt":{"rendered":"<p>Exercer une influence accrue \u00ab&nbsp;La principale pr\u00e9occupation lorsque COVID-19 a franchi nos fronti\u00e8res \u00e9tait de savoir si notre industrie aurait le droit de travailler ou non&nbsp;\u00bb, se souvient Chris Lorenc, pr\u00e9sident de la Manitoba Heavy Construction Association. La r\u00e9ponse reposait sur la force de persuasion de l\u2019ACC et sur la solidit\u00e9 de ses relations gouvernementales. [&hellip;]<\/p>\n","protected":false},"author":13,"featured_media":20387,"parent":20564,"menu_order":0,"comment_status":"closed","ping_status":"closed","template":"","meta":{"_acf_changed":false,"footnotes":""},"class_list":["post-20610","page","type-page","status-publish","has-post-thumbnail","hentry"],"acf":[],"_links":{"self":[{"href":"https:\/\/www.cca-acc.com\/fr\/wp-json\/wp\/v2\/pages\/20610","targetHints":{"allow":["GET"]}}],"collection":[{"href":"https:\/\/www.cca-acc.com\/fr\/wp-json\/wp\/v2\/pages"}],"about":[{"href":"https:\/\/www.cca-acc.com\/fr\/wp-json\/wp\/v2\/types\/page"}],"author":[{"embeddable":true,"href":"https:\/\/www.cca-acc.com\/fr\/wp-json\/wp\/v2\/users\/13"}],"replies":[{"embeddable":true,"href":"https:\/\/www.cca-acc.com\/fr\/wp-json\/wp\/v2\/comments?post=20610"}],"version-history":[{"count":0,"href":"https:\/\/www.cca-acc.com\/fr\/wp-json\/wp\/v2\/pages\/20610\/revisions"}],"up":[{"embeddable":true,"href":"https:\/\/www.cca-acc.com\/fr\/wp-json\/wp\/v2\/pages\/20564"}],"wp:featuredmedia":[{"embeddable":true,"href":"https:\/\/www.cca-acc.com\/fr\/wp-json\/wp\/v2\/media\/20387"}],"wp:attachment":[{"href":"https:\/\/www.cca-acc.com\/fr\/wp-json\/wp\/v2\/media?parent=20610"}],"curies":[{"name":"wp","href":"https:\/\/api.w.org\/{rel}","templated":true}]}}