{"id":20898,"date":"2021-03-12T11:17:13","date_gmt":"2021-03-12T16:17:13","guid":{"rendered":"https:\/\/www.cca-acc.com\/excellence-de-la-main-doeuvre\/sceau-dor\/candidats\/competency-assessment\/"},"modified":"2022-03-31T13:50:36","modified_gmt":"2022-03-31T17:50:36","slug":"evaluation-des-competences","status":"publish","type":"page","link":"https:\/\/www.cca-acc.com\/fr\/sceau-dor\/nouveaux-candidats-au-sceau-dor\/evaluation-des-competences\/","title":{"rendered":"\u00c9valuation des comp\u00e9tences"},"content":{"rendered":"\n<div class=\"wp-block-columns is-layout-flex wp-container-core-columns-is-layout-9d6595d7 wp-block-columns-is-layout-flex\">\n<div class=\"wp-block-column is-layout-flow wp-block-column-is-layout-flow\" style=\"flex-basis:75%\">\n<p style=\"font-size:24px\"><strong><strong><strong>Normes du Sceau d\u2019or en mati\u00e8re de comp\u00e9tences, d\u2019aptitudes et de connaissances<\/strong><\/strong><\/strong><\/p>\n\n\n\n<p>Le programme du Sceau d\u2019or a fait appel \u00e0 des professionnels de l\u2019\u00e9ducation des adultes, des experts de l\u2019industrie et des groupes de praticiens b\u00e9n\u00e9voles de l\u2019industrie pour d\u00e9finir les connaissances, les comp\u00e9tences et les aptitudes que doivent poss\u00e9der les professionnels de la construction qui travaillent dans un domaine li\u00e9 aux d\u00e9signations du Sceau d\u2019or, et ce, quels que soient le type, la taille ou le lieu g\u00e9ographique de l\u2019entreprise. L\u2019examen du Sceau d\u2019or permet d\u2019\u00e9valuer les candidats en fonction de cette norme. Il n\u2019y a pas de guide ou de manuel d\u2019\u00e9tude pour l\u2019examen; les candidats doivent appliquer les connaissances qu\u2019ils ont acquises au cours de leurs ann\u00e9es d\u2019exp\u00e9rience (minimum de 5 ann\u00e9es) en plus de la formation et des \u00e9tudes qu\u2019ils ont suivies.<\/p>\n\n\n\n<p>Les candidats CSO sont tenus d\u2019\u00e9valuer leurs comp\u00e9tences par rapport \u00e0 la norme du programme. Si vous n\u2019effectuez pas certaines des t\u00e2ches qui sont d\u00e9crites dans l\u2019outil d\u2019auto\u00e9valuation ou si vous \u00eates moins familier avec certaines d\u2019entre elles, vous devriez acqu\u00e9rir ces comp\u00e9tences en suivant une formation, en faisant des recherches ou en discutant avec vos pairs. Veuillez noter que, pour vous inscrire au programme et \u00e9ventuellement pr\u00e9senter une demande de CSO, la majorit\u00e9 de vos t\u00e2ches doivent correspondre aux comp\u00e9tences \u00e9nonc\u00e9es dans l\u2019outil d\u2019auto\u00e9valuation.<\/p>\n\n\n\n<p>L\u2019\u00e9valuation est \u00e9galement un excellent outil pour les personnes int\u00e9ress\u00e9es \u00e0 s\u2019inscrire au programme ou encore, pour les apprentis Sceau d\u2019or qui souhaitent identifier leurs besoins de formation pour accro\u00eetre leurs chances de r\u00e9ussir l\u2019examen Sceau d\u2019or. Cette \u00e9valuation peut \u00e9galement servir d\u2019outil aux entreprises qui souhaitent \u00e9valuer de nouveaux candidats avant leur embauche ou pour \u00e9laborer des plans de formation personnalis\u00e9s.<\/p>\n<\/div>\n\n\n\n<div class=\"wp-block-column is-layout-flow wp-block-column-is-layout-flow\"><\/div>\n<\/div>\n\n\n\n<div style=\"height:35px\" aria-hidden=\"true\" class=\"wp-block-spacer\"><\/div>\n\n\n\n<div class=\"wp-block-group alignfull mission-block-large motif-alt-4 has-ccp-purple-background-color has-background\"><div class=\"wp-block-group__inner-container is-layout-flow wp-block-group-is-layout-flow\">\n<div class=\"wp-block-columns is-layout-flex wp-container-core-columns-is-layout-9d6595d7 wp-block-columns-is-layout-flex\">\n<div class=\"wp-block-column is-layout-flow wp-block-column-is-layout-flow\" style=\"flex-basis:80%\">\n<p class=\"has-ccp-white-color has-text-color\"><strong>\u00c9valuation des comp\u00e9tences :<\/strong><\/p>\n<\/div>\n\n\n\n<div class=\"wp-block-column is-layout-flow wp-block-column-is-layout-flow\"><\/div>\n<\/div>\n\n\n\n<div class=\"wp-block-buttons is-layout-flex wp-block-buttons-is-layout-flex\">\n<div class=\"wp-block-button\"><a class=\"wp-block-button__link has-ccp-purple-color has-ccp-white-background-color has-text-color has-background\" href=\"\/wp-content\/uploads\/2021\/03\/FRENCH-CSP-competency-self-assessement-tool_March102021-1.xlsx\" target=\"_blank\" rel=\"noreferrer noopener\">\u00c9valuation des comp\u00e9tences d\u2019agent de s\u00e9curit\u00e9<\/a><\/div>\n\n\n\n<div class=\"wp-block-button\"><a class=\"wp-block-button__link has-ccp-purple-color has-ccp-white-background-color has-text-color has-background\" href=\"\/wp-content\/uploads\/2021\/03\/FRENCH-Foreman-competency-self-assessement-tool_March102021-1.xlsx\" target=\"_blank\" rel=\"noreferrer noopener\">\u00c9valuation des comp\u00e9tences de contrema\u00eetre<\/a><\/div>\n\n\n\n<div class=\"wp-block-button\"><a class=\"wp-block-button__link has-ccp-purple-color has-ccp-white-background-color has-text-color has-background\" href=\"\/wp-content\/uploads\/2021\/03\/FRENCH-OCM-competency-self-assessement-tool_March102021-1.xlsx\" target=\"_blank\" rel=\"noreferrer noopener\">\u00c9valuation des comp\u00e9tences de directeur de la construction de ma\u00eetre d\u2019ouvrage<\/a><\/div>\n\n\n\n<div class=\"wp-block-button\"><a class=\"wp-block-button__link has-ccp-purple-color has-ccp-white-background-color has-text-color has-background\" href=\"\/wp-content\/uploads\/2021\/03\/FRENCH-Estimator-competency-self-assessement-tool_March102021-1.xlsx\" target=\"_blank\" rel=\"noreferrer noopener\">\u00c9valuation des comp\u00e9tences d\u2019estimateur<\/a><\/div>\n\n\n\n<div class=\"wp-block-button\"><a class=\"wp-block-button__link has-ccp-purple-color has-ccp-white-background-color has-text-color has-background\" href=\"\/wp-content\/uploads\/2021\/03\/FRENCH-PM-competency-self-assessement-tool_March102021-1.xlsx\" target=\"_blank\" rel=\"noreferrer noopener\">\u00c9valuation des comp\u00e9tences de gestionnaire de projet<\/a><\/div>\n\n\n\n<div class=\"wp-block-button\"><a class=\"wp-block-button__link has-ccp-purple-color has-ccp-white-background-color has-text-color has-background\" href=\"\/wp-content\/uploads\/2021\/03\/FRENCH-Superintendent-competency-self-assessement-tool_March102021-1.xlsx\" target=\"_blank\" rel=\"noreferrer noopener\">\u00c9valuation des comp\u00e9tences de surintendant<\/a><\/div>\n<\/div>\n<\/div><\/div>\n\n\n\n<div style=\"height:20px\" aria-hidden=\"true\" class=\"wp-block-spacer\"><\/div>\n\n\n\n<p>Si vous ne trouvez pas de r\u00e9ponses \u00e0 vos questions concernant le Sceau d\u2019or sur notre site Web, veuillez communiquer avec nous \u00e0 <a rel=\"noreferrer noopener\" href=\"mailto:goldseal@cca-acc.com\" target=\"_blank\">goldseal@cca-acc.com<\/a> ou au 613-236-9455.<\/p>\n","protected":false},"excerpt":{"rendered":"<p>Normes du Sceau d\u2019or en mati\u00e8re de comp\u00e9tences, d\u2019aptitudes et de connaissances Le programme du Sceau d\u2019or a fait appel \u00e0 des professionnels de l\u2019\u00e9ducation des adultes, des experts de l\u2019industrie et des groupes de praticiens b\u00e9n\u00e9voles de l\u2019industrie pour d\u00e9finir les connaissances, les comp\u00e9tences et les aptitudes que doivent poss\u00e9der les professionnels de la [&hellip;]<\/p>\n","protected":false},"author":1,"featured_media":0,"parent":16713,"menu_order":0,"comment_status":"closed","ping_status":"closed","template":"","meta":{"_acf_changed":false,"footnotes":""},"class_list":["post-20898","page","type-page","status-publish","hentry"],"acf":[],"_links":{"self":[{"href":"https:\/\/www.cca-acc.com\/fr\/wp-json\/wp\/v2\/pages\/20898","targetHints":{"allow":["GET"]}}],"collection":[{"href":"https:\/\/www.cca-acc.com\/fr\/wp-json\/wp\/v2\/pages"}],"about":[{"href":"https:\/\/www.cca-acc.com\/fr\/wp-json\/wp\/v2\/types\/page"}],"author":[{"embeddable":true,"href":"https:\/\/www.cca-acc.com\/fr\/wp-json\/wp\/v2\/users\/1"}],"replies":[{"embeddable":true,"href":"https:\/\/www.cca-acc.com\/fr\/wp-json\/wp\/v2\/comments?post=20898"}],"version-history":[{"count":0,"href":"https:\/\/www.cca-acc.com\/fr\/wp-json\/wp\/v2\/pages\/20898\/revisions"}],"up":[{"embeddable":true,"href":"https:\/\/www.cca-acc.com\/fr\/wp-json\/wp\/v2\/pages\/16713"}],"wp:attachment":[{"href":"https:\/\/www.cca-acc.com\/fr\/wp-json\/wp\/v2\/media?parent=20898"}],"curies":[{"name":"wp","href":"https:\/\/api.w.org\/{rel}","templated":true}]}}