{"id":22664,"date":"2021-05-09T21:38:11","date_gmt":"2021-05-10T01:38:11","guid":{"rendered":"https:\/\/www.cca-acc.com\/diversite-et-inclusion-un-appel-a-action\/connect-with-under-represented-businesses-and-workers-in-construction\/"},"modified":"2023-06-19T14:00:03","modified_gmt":"2023-06-19T18:00:03","slug":"creez-des-liens-avec-des-entreprises-sous-representes","status":"publish","type":"page","link":"https:\/\/www.cca-acc.com\/fr\/services-axes-sur-les-pratiques-exemplaires\/diversity-and-inclusion-a-call-to-action\/creez-des-liens-avec-des-entreprises-sous-representes\/","title":{"rendered":"Cr\u00e9ez des liens avec des entreprises et des travailleurs sous-repr\u00e9sent\u00e9s du secteur de la construction"},"content":{"rendered":"\n<div class=\"wp-block-columns alignwide is-layout-flex wp-container-core-columns-is-layout-9d6595d7 wp-block-columns-is-layout-flex\">\n<div class=\"wp-block-column is-layout-flow wp-block-column-is-layout-flow\">\n<figure class=\"wp-block-image size-full\"><img loading=\"lazy\" decoding=\"async\" width=\"300\" height=\"300\" src=\"https:\/\/www.cca-acc.com\/wp-content\/uploads\/2023\/06\/1.png\" alt=\"\" class=\"wp-image-41140\" srcset=\"https:\/\/www.cca-acc.com\/wp-content\/uploads\/2023\/06\/1.png 300w, https:\/\/www.cca-acc.com\/wp-content\/uploads\/2023\/06\/1-100x100.png 100w, https:\/\/www.cca-acc.com\/wp-content\/uploads\/2023\/06\/1-150x150.png 150w\" sizes=\"auto, (max-width: 300px) 100vw, 300px\" \/><\/figure>\n\n\n\n<h5 class=\"wp-block-heading has-text-align-center\">Aboriginal Skilled Workers&#8217; Association<\/h5>\n\n\n\n<div class=\"wp-block-buttons is-content-justification-center is-layout-flex wp-container-core-buttons-is-layout-16018d1d wp-block-buttons-is-layout-flex\">\n<div class=\"wp-block-button\"><a class=\"wp-block-button__link has-ccp-purple-background-color has-background wp-element-button\" href=\"https:\/\/www.aswa.ca\/\" target=\"_blank\" rel=\"noreferrer noopener\">POUR EN SAVOIR PLUS<\/a><\/div>\n<\/div>\n<\/div>\n\n\n\n<div class=\"wp-block-column is-layout-flow wp-block-column-is-layout-flow\">\n<figure class=\"wp-block-image size-full\"><img loading=\"lazy\" decoding=\"async\" width=\"300\" height=\"300\" src=\"https:\/\/www.cca-acc.com\/wp-content\/uploads\/2023\/06\/2.png\" alt=\"\" class=\"wp-image-41142\" srcset=\"https:\/\/www.cca-acc.com\/wp-content\/uploads\/2023\/06\/2.png 300w, https:\/\/www.cca-acc.com\/wp-content\/uploads\/2023\/06\/2-100x100.png 100w, https:\/\/www.cca-acc.com\/wp-content\/uploads\/2023\/06\/2-150x150.png 150w\" sizes=\"auto, (max-width: 300px) 100vw, 300px\" \/><\/figure>\n\n\n\n<h5 class=\"wp-block-heading has-text-align-center\">Afro Canadian Contractors Association <\/h5>\n\n\n\n<div class=\"wp-block-buttons is-content-justification-center is-layout-flex wp-container-core-buttons-is-layout-16018d1d wp-block-buttons-is-layout-flex\">\n<div class=\"wp-block-button\"><a class=\"wp-block-button__link has-ccp-purple-background-color has-background wp-element-button\" href=\"https:\/\/www.accacan.com\/\" target=\"_blank\" rel=\"noreferrer noopener\">POUR EN SAVOIR PLUS<\/a><\/div>\n<\/div>\n<\/div>\n\n\n\n<div class=\"wp-block-column is-layout-flow wp-block-column-is-layout-flow\">\n<figure class=\"wp-block-image size-full\"><img loading=\"lazy\" decoding=\"async\" width=\"300\" height=\"300\" src=\"https:\/\/www.cca-acc.com\/wp-content\/uploads\/2023\/06\/3.png\" alt=\"\" class=\"wp-image-41144\" srcset=\"https:\/\/www.cca-acc.com\/wp-content\/uploads\/2023\/06\/3.png 300w, https:\/\/www.cca-acc.com\/wp-content\/uploads\/2023\/06\/3-100x100.png 100w, https:\/\/www.cca-acc.com\/wp-content\/uploads\/2023\/06\/3-150x150.png 150w\" sizes=\"auto, (max-width: 300px) 100vw, 300px\" \/><\/figure>\n\n\n\n<h5 class=\"wp-block-heading has-text-align-center\">Canadian Association of Women in Construction<\/h5>\n\n\n\n<div class=\"wp-block-buttons is-content-justification-center is-layout-flex wp-container-core-buttons-is-layout-16018d1d wp-block-buttons-is-layout-flex\">\n<div class=\"wp-block-button\"><a class=\"wp-block-button__link has-ccp-purple-background-color has-background wp-element-button\" href=\"https:\/\/cawic.ca\/\" target=\"_blank\" rel=\"noreferrer noopener\">POUR EN SAVOIR PLUS<\/a><\/div>\n<\/div>\n<\/div>\n\n\n\n<div class=\"wp-block-column is-layout-flow wp-block-column-is-layout-flow\">\n<figure class=\"wp-block-image size-full\"><img loading=\"lazy\" decoding=\"async\" width=\"300\" height=\"300\" src=\"https:\/\/www.cca-acc.com\/wp-content\/uploads\/2023\/06\/5.png\" alt=\"\" class=\"wp-image-41146\" srcset=\"https:\/\/www.cca-acc.com\/wp-content\/uploads\/2023\/06\/5.png 300w, https:\/\/www.cca-acc.com\/wp-content\/uploads\/2023\/06\/5-100x100.png 100w, https:\/\/www.cca-acc.com\/wp-content\/uploads\/2023\/06\/5-150x150.png 150w\" sizes=\"auto, (max-width: 300px) 100vw, 300px\" \/><\/figure>\n\n\n\n<h5 class=\"wp-block-heading has-text-align-center\">Conseil canadien pour l\u2019entreprise autochtone<\/h5>\n\n\n\n<div class=\"wp-block-buttons is-content-justification-center is-layout-flex wp-container-core-buttons-is-layout-16018d1d wp-block-buttons-is-layout-flex\">\n<div class=\"wp-block-button\"><a class=\"wp-block-button__link has-ccp-purple-background-color has-background wp-element-button\" href=\"https:\/\/www.ccab.com\/fr\/\" target=\"_blank\" rel=\"noreferrer noopener\">POUR EN SAVOIR PLUS<\/a><\/div>\n<\/div>\n<\/div>\n<\/div>\n\n\n\n<div class=\"wp-block-group alignfull callout-bucket-group\"><div class=\"wp-block-group__inner-container is-layout-flow wp-block-group-is-layout-flow\">\n<hr class=\"wp-block-separator has-css-opacity\"\/>\n\n\n\n<div class=\"wp-block-columns alignwide is-layout-flex wp-container-core-columns-is-layout-9d6595d7 wp-block-columns-is-layout-flex\">\n<div class=\"wp-block-column is-layout-flow wp-block-column-is-layout-flow\">\n<figure class=\"wp-block-image size-full\"><img loading=\"lazy\" decoding=\"async\" width=\"300\" height=\"300\" src=\"https:\/\/www.cca-acc.com\/wp-content\/uploads\/2023\/06\/6.png\" alt=\"\" class=\"wp-image-41148\" srcset=\"https:\/\/www.cca-acc.com\/wp-content\/uploads\/2023\/06\/6.png 300w, https:\/\/www.cca-acc.com\/wp-content\/uploads\/2023\/06\/6-100x100.png 100w, https:\/\/www.cca-acc.com\/wp-content\/uploads\/2023\/06\/6-150x150.png 150w\" sizes=\"auto, (max-width: 300px) 100vw, 300px\" \/><\/figure>\n\n\n\n<h5 class=\"wp-block-heading\">First Nations National Building Officer&#8217;s Association <\/h5>\n\n\n\n<div class=\"wp-block-buttons is-content-justification-center is-layout-flex wp-container-core-buttons-is-layout-16018d1d wp-block-buttons-is-layout-flex\">\n<div class=\"wp-block-button\"><a class=\"wp-block-button__link has-ccp-purple-background-color has-background wp-element-button\" href=\"https:\/\/www.fnnboa.ca\/francais\" target=\"_blank\" rel=\"noreferrer noopener\">POUR EN SAVOIR PLUS<\/a><\/div>\n<\/div>\n<\/div>\n\n\n\n<div class=\"wp-block-column is-layout-flow wp-block-column-is-layout-flow\">\n<figure class=\"wp-block-image size-full\"><img loading=\"lazy\" decoding=\"async\" width=\"300\" height=\"300\" src=\"https:\/\/www.cca-acc.com\/wp-content\/uploads\/2023\/06\/7.png\" alt=\"\" class=\"wp-image-41150\" srcset=\"https:\/\/www.cca-acc.com\/wp-content\/uploads\/2023\/06\/7.png 300w, https:\/\/www.cca-acc.com\/wp-content\/uploads\/2023\/06\/7-100x100.png 100w, https:\/\/www.cca-acc.com\/wp-content\/uploads\/2023\/06\/7-150x150.png 150w\" sizes=\"auto, (max-width: 300px) 100vw, 300px\" \/><\/figure>\n\n\n\n<h5 class=\"wp-block-heading\">Indigenous Works<\/h5>\n\n\n\n<div class=\"wp-block-buttons is-content-justification-center is-layout-flex wp-container-core-buttons-is-layout-16018d1d wp-block-buttons-is-layout-flex\">\n<div class=\"wp-block-button\"><a class=\"wp-block-button__link has-ccp-purple-background-color has-background wp-element-button\" href=\"https:\/\/indigenousworks.ca\/en\" target=\"_blank\" rel=\"noreferrer noopener\">POUR EN SAVOIR PLUS<\/a><\/div>\n<\/div>\n<\/div>\n\n\n\n<div class=\"wp-block-column is-layout-flow wp-block-column-is-layout-flow\">\n<figure class=\"wp-block-image size-full\"><img loading=\"lazy\" decoding=\"async\" width=\"300\" height=\"300\" src=\"https:\/\/www.cca-acc.com\/wp-content\/uploads\/2023\/06\/8.png\" alt=\"\" class=\"wp-image-41152\" srcset=\"https:\/\/www.cca-acc.com\/wp-content\/uploads\/2023\/06\/8.png 300w, https:\/\/www.cca-acc.com\/wp-content\/uploads\/2023\/06\/8-100x100.png 100w, https:\/\/www.cca-acc.com\/wp-content\/uploads\/2023\/06\/8-150x150.png 150w\" sizes=\"auto, (max-width: 300px) 100vw, 300px\" \/><\/figure>\n\n\n\n<h5 class=\"wp-block-heading has-text-align-center\">Les elles de la construction<\/h5>\n\n\n\n<div class=\"wp-block-buttons is-layout-flex wp-block-buttons-is-layout-flex\">\n<div class=\"wp-block-button\"><a class=\"wp-block-button__link has-ccp-purple-background-color has-background wp-element-button\" href=\"https:\/\/ellesdelaconstruction.com\/\" target=\"_blank\" rel=\"noreferrer noopener\">POUR EN SAVOIR PLUS<\/a><\/div>\n<\/div>\n<\/div>\n\n\n\n<div class=\"wp-block-column is-layout-flow wp-block-column-is-layout-flow\"><\/div>\n<\/div>\n\n\n\n<div class=\"wp-block-columns alignfull is-layout-flex wp-container-core-columns-is-layout-9d6595d7 wp-block-columns-is-layout-flex\">\n<div class=\"wp-block-column is-layout-flow wp-block-column-is-layout-flow\">\t<div data-aos=\"fade-up\" style=\"width: 100%;\">\n\t\t<div class=\"bucket-sm-2 cca_purple\">\n\t\t\t<div class=\"background-image\" style=\"background-image: url()\"><\/div>\n\t\t\t<a href=\"https:\/\/www.cca-acc.com\/fr\/excellence-de-la-main-doeuvre\/diversite-et-inclusion-un-appel-a-action\/\">\n\t\t\t\t<div class=\"box-inner\">\n\t\t\t\t\t<h4 class=\"white-text\" style=\"margin: 0px;\">Diversit\u00e9 et inclusion : un appel \u00e0 l\u2019action<\/h4>\n\t\t\t\t\t<p class=\"white-text\">Il n\u2019a jamais \u00e9t\u00e9 aussi important de travailler ensemble qu\u2019il ne l\u2019est qu\u2019aujourd\u2019hui. En tant que votre association nationale, l\u2019Association canadienne de la construction (ACC) collabore avec divers intervenants afin de mettre en \u0153uvre des programmes et d\u2019offrir des ressources et des outils pour aider l\u2019industrie \u00e0 \u00eatre plus diversifi\u00e9e et inclusive.<\/p>\n\t\t\t\t\t\n\t\t\t\t\t\n\t\t\t\t\t\t<button class=\"btn-white hover-btn\" style=\"color: #582c83;\">Pour en savoir plus<\/button>\n\t\t\t\t\t\n\t\t\t\t<\/div>\n\t\t\t<\/a>\n\t\t<\/div>\n\t<\/div>\n\n\n<\/div>\n\n\n\n<div class=\"wp-block-column is-layout-flow wp-block-column-is-layout-flow\">\t<div data-aos=\"fade-up\" style=\"width: 100%;\">\n\t\t<div class=\"bucket-sm-2 cca_orange\">\n\t\t\t<div class=\"background-image\" style=\"background-image: url()\"><\/div>\n\t\t\t<a href=\"https:\/\/www.cca-acc.com\/fr\/excellence-de-la-main-doeuvre\/diversite-et-inclusion-un-appel-a-action\/lutte-contre-le-racisme-en-milieu-de-travail\/\">\n\t\t\t\t<div class=\"box-inner\">\n\t\t\t\t\t<h4 class=\"white-text\" style=\"margin: 0px;\">Programmes et ressources sur la lutte contre le racisme en milieu de travail<\/h4>\n\t\t\t\t\t<p class=\"white-text\">Vous cherchez de plus amples renseignements sur la lutte contre le racisme? Consultez ces organisations, programmes et ressources.<\/p>\n\t\t\t\t\t\n\t\t\t\t\t\n\t\t\t\t\t\t<button class=\"btn-white hover-btn\" style=\"color: #cf4520;\">Pour en savoir plus<\/button>\n\t\t\t\t\t\n\t\t\t\t<\/div>\n\t\t\t<\/a>\n\t\t<\/div>\n\t<\/div>\n\n\n<\/div>\n\n\n\n<div class=\"wp-block-column is-layout-flow wp-block-column-is-layout-flow\">\t<div data-aos=\"fade-up\" style=\"width: 100%;\">\n\t\t<div class=\"bucket-sm-2 cca_red\">\n\t\t\t<div class=\"background-image\" style=\"background-image: url()\"><\/div>\n\t\t\t<a href=\"https:\/\/www.cca-acc.com\/fr\/excellence-de-la-main-doeuvre\/diversite-et-inclusion-un-appel-a-action\/respect-diversite-et-inclusion-en-milieu-de-travail\/\">\n\t\t\t\t<div class=\"box-inner\">\n\t\t\t\t\t<h4 class=\"white-text\" style=\"margin: 0px;\">Trousses \u00e0 outils et ressources sur le respect, la diversit\u00e9 et l\u2019inclusion en milieu de travail<\/h4>\n\t\t\t\t\t<p class=\"white-text\">Vous cherchez de plus amples renseignements sur la diversit\u00e9 et l\u2019inclusion? Consultez ces organisations, trousses \u00e0 outils et ressources.<\/p>\n\t\t\t\t\t\n\t\t\t\t\t\n\t\t\t\t\t\t<button class=\"btn-white hover-btn\" style=\"color: #c8102e;\">Pour en savoir plus<\/button>\n\t\t\t\t\t\n\t\t\t\t<\/div>\n\t\t\t<\/a>\n\t\t<\/div>\n\t<\/div>\n\n\n<\/div>\n<\/div>\n<\/div><\/div>\n\n\n\n<p><\/p>\n","protected":false},"excerpt":{"rendered":"<p>Aboriginal Skilled Workers&#8217; Association Afro Canadian Contractors Association Canadian Association of Women in Construction Conseil canadien pour l\u2019entreprise autochtone First Nations National Building Officer&#8217;s Association Indigenous Works Les elles de la construction<\/p>\n","protected":false},"author":13,"featured_media":0,"parent":22662,"menu_order":0,"comment_status":"closed","ping_status":"closed","template":"","meta":{"_acf_changed":false,"footnotes":""},"class_list":["post-22664","page","type-page","status-publish","hentry"],"acf":[],"_links":{"self":[{"href":"https:\/\/www.cca-acc.com\/fr\/wp-json\/wp\/v2\/pages\/22664","targetHints":{"allow":["GET"]}}],"collection":[{"href":"https:\/\/www.cca-acc.com\/fr\/wp-json\/wp\/v2\/pages"}],"about":[{"href":"https:\/\/www.cca-acc.com\/fr\/wp-json\/wp\/v2\/types\/page"}],"author":[{"embeddable":true,"href":"https:\/\/www.cca-acc.com\/fr\/wp-json\/wp\/v2\/users\/13"}],"replies":[{"embeddable":true,"href":"https:\/\/www.cca-acc.com\/fr\/wp-json\/wp\/v2\/comments?post=22664"}],"version-history":[{"count":1,"href":"https:\/\/www.cca-acc.com\/fr\/wp-json\/wp\/v2\/pages\/22664\/revisions"}],"predecessor-version":[{"id":41154,"href":"https:\/\/www.cca-acc.com\/fr\/wp-json\/wp\/v2\/pages\/22664\/revisions\/41154"}],"up":[{"embeddable":true,"href":"https:\/\/www.cca-acc.com\/fr\/wp-json\/wp\/v2\/pages\/22662"}],"wp:attachment":[{"href":"https:\/\/www.cca-acc.com\/fr\/wp-json\/wp\/v2\/media?parent=22664"}],"curies":[{"name":"wp","href":"https:\/\/api.w.org\/{rel}","templated":true}]}}