{"id":23374,"date":"2021-08-16T21:09:02","date_gmt":"2021-08-17T01:09:02","guid":{"rendered":"https:\/\/www.cca-acc.com\/?page_id=23374"},"modified":"2025-09-18T15:38:59","modified_gmt":"2025-09-18T19:38:59","slug":"conferenciers","status":"publish","type":"page","link":"https:\/\/www.cca-acc.com\/fr\/evenements\/conference-annuelle-acc\/conferenciers\/","title":{"rendered":"Conf\u00e9renciers"},"content":{"rendered":"\n<div class=\"wp-block-columns alignwide has-background is-layout-flex wp-container-core-columns-is-layout-9d6595d7 wp-block-columns-is-layout-flex\" style=\"background:linear-gradient(135deg,rgb(238,238,238) 0%,rgb(238,238,238) 100%)\">\n<div class=\"wp-block-column is-layout-flow wp-block-column-is-layout-flow\">\n<p class=\"has-text-align-center has-primary-color has-text-color has-link-color has-small-font-size wp-elements-2e360b3e84e30b205077917e2c1a669e\"><a href=\"https:\/\/www.cca-acc.com\/fr\/evenements\/conference-annuelle-acc\/\" data-type=\"link\" data-id=\"https:\/\/www.cca-acc.com\/fr\/evenements\/conference-annuelle-acc\/\">Inscription<\/a><\/p>\n<\/div>\n\n\n\n<div class=\"wp-block-column is-layout-flow wp-block-column-is-layout-flow\">\n<p class=\"has-text-align-center has-primary-color has-text-color has-link-color has-small-font-size wp-elements-26d7397e5663b7f891aafc8d610b2122\"><a href=\"https:\/\/www.cca-acc.com\/fr\/evenements\/conference-annuelle-acc\/faq\/\" data-type=\"link\" data-id=\"https:\/\/www.cca-acc.com\/fr\/evenements\/conference-annuelle-acc\/programme\/\">Questions fr\u00e9quentes<\/a><\/p>\n<\/div>\n\n\n\n<div class=\"wp-block-column is-layout-flow wp-block-column-is-layout-flow\">\n<p class=\"has-text-align-center has-primary-color has-text-color has-link-color has-small-font-size wp-elements-523f6531e050c14964782b8b320ee038\"><a href=\"https:\/\/www.cca-acc.com\/fr\/evenements\/conference-annuelle-acc\/programme\/\" data-type=\"link\" data-id=\"https:\/\/www.cca-acc.com\/fr\/evenements\/conference-annuelle-acc\/programme\/\">Programme<\/a><\/p>\n<\/div>\n\n\n\n<div class=\"wp-block-column is-layout-flow wp-block-column-is-layout-flow\">\n<p class=\"has-text-align-center has-primary-color has-text-color has-link-color has-small-font-size wp-elements-81018b4d57f0ef98e580af940a1effc8\"><a href=\"https:\/\/www.cca-acc.com\/fr\/evenements\/conference-annuelle-acc\/voyage-et-destination\/\" data-type=\"link\" data-id=\"https:\/\/www.cca-acc.com\/fr\/evenements\/conference-annuelle-acc\/voyage-et-destination\/\">H\u00f4tel et voyage<\/a><\/p>\n<\/div>\n\n\n\n<div class=\"wp-block-column is-layout-flow wp-block-column-is-layout-flow\">\n<p class=\"has-text-align-center has-brand-color has-text-color has-link-color has-small-font-size wp-elements-55c43c60d1ba47d87bfe94187ca264c2\"><strong>Conf\u00e9renciers<\/strong><\/p>\n<\/div>\n\n\n\n<div class=\"wp-block-column is-layout-flow wp-block-column-is-layout-flow\">\n<p class=\"has-text-align-center has-primary-color has-text-color has-link-color has-small-font-size wp-elements-ca8d93335f48e81654d48f86d64ab7d8\"><a href=\"https:\/\/www.cca-acc.com\/fr\/evenements\/conference-annuelle-acc\/reunions-preparatoires\/\" data-type=\"link\" data-id=\"https:\/\/www.cca-acc.com\/events\/cca-annual-conference\/board-and-nac-meetings\/\">Reunions preparatoires<\/a><\/p>\n<\/div>\n<\/div>\n\n\n\n<div class=\"wp-block-group\"><div class=\"wp-block-group__inner-container is-layout-constrained wp-block-group-is-layout-constrained\">\n<div class=\"wp-block-columns is-layout-flex wp-container-core-columns-is-layout-9d6595d7 wp-block-columns-is-layout-flex\">\n<div class=\"wp-block-column is-vertically-aligned-center is-layout-flow wp-block-column-is-layout-flow\" style=\"flex-basis:33.33%\">\n<figure class=\"wp-block-image size-full is-style-default\"><img loading=\"lazy\" decoding=\"async\" width=\"1862\" height=\"2560\" src=\"https:\/\/www.cca-acc.com\/wp-content\/uploads\/2025\/09\/Jean-Charest-Photo-officielle-TCJ-2024-1-scaled.jpg\" alt=\"\" class=\"wp-image-71693\" srcset=\"https:\/\/www.cca-acc.com\/wp-content\/uploads\/2025\/09\/Jean-Charest-Photo-officielle-TCJ-2024-1-scaled.jpg 1862w, https:\/\/www.cca-acc.com\/wp-content\/uploads\/2025\/09\/Jean-Charest-Photo-officielle-TCJ-2024-1-scaled-600x825.jpg 600w, https:\/\/www.cca-acc.com\/wp-content\/uploads\/2025\/09\/Jean-Charest-Photo-officielle-TCJ-2024-1-218x300.jpg 218w, https:\/\/www.cca-acc.com\/wp-content\/uploads\/2025\/09\/Jean-Charest-Photo-officielle-TCJ-2024-1-745x1024.jpg 745w, https:\/\/www.cca-acc.com\/wp-content\/uploads\/2025\/09\/Jean-Charest-Photo-officielle-TCJ-2024-1-768x1056.jpg 768w, https:\/\/www.cca-acc.com\/wp-content\/uploads\/2025\/09\/Jean-Charest-Photo-officielle-TCJ-2024-1-1117x1536.jpg 1117w, https:\/\/www.cca-acc.com\/wp-content\/uploads\/2025\/09\/Jean-Charest-Photo-officielle-TCJ-2024-1-1489x2048.jpg 1489w, https:\/\/www.cca-acc.com\/wp-content\/uploads\/2025\/09\/Jean-Charest-Photo-officielle-TCJ-2024-1-1200x1650.jpg 1200w, https:\/\/www.cca-acc.com\/wp-content\/uploads\/2025\/09\/Jean-Charest-Photo-officielle-TCJ-2024-1-1980x2723.jpg 1980w, https:\/\/www.cca-acc.com\/wp-content\/uploads\/2025\/09\/Jean-Charest-Photo-officielle-TCJ-2024-1-291x400.jpg 291w\" sizes=\"auto, (max-width: 1862px) 100vw, 1862px\" \/><\/figure>\n<\/div>\n\n\n\n<div class=\"wp-block-column is-layout-flow wp-block-column-is-layout-flow\" style=\"flex-basis:60px\"><\/div>\n\n\n\n<div class=\"wp-block-column is-vertically-aligned-top is-layout-flow wp-block-column-is-layout-flow\" style=\"flex-basis:66.66%\">\n<h2 class=\"wp-block-heading alignwide\"><strong>L&#8217;honorable Jean Charest, conf\u00e9rencier principal de la Conf\u00e9rence 2026 de l\u2019ACC<\/strong><\/h2>\n\n\n\n<p><strong>Associ\u00e9, Therrien Couture Joli-Coeur<br>Premier ministre du Qu\u00e9bec (2003-2012)<br>Vice-premier ministre du Canada (1993)<br>Membre du Conseil priv\u00e9 de la Reine pour le Canada<\/strong><\/p>\n\n\n\n<p>Ancien vice-premier ministre du Canada et ancien premier ministre du Qu\u00e9bec, Jean Charest est l\u2019une des personnalit\u00e9s politiques les plus connues du Canada.<\/p>\n<\/div>\n<\/div>\n\n\n\n<div class=\"wp-block-columns is-layout-flex wp-container-core-columns-is-layout-9d6595d7 wp-block-columns-is-layout-flex\">\n<div class=\"wp-block-column is-layout-flow wp-block-column-is-layout-flow\">\n<p>Jean Charest a \u00e9t\u00e9 \u00e9lu pour la premi\u00e8re fois \u00e0 la Chambre des communes en 1984. Deux ans plus tard, \u00e0 l\u2019\u00e2ge de 28 ans, il est devenu le plus jeune ministre de l\u2019Histoire du Canada, lorsqu\u2019il a \u00e9t\u00e9 nomm\u00e9 ministre d&#8217;\u00c9tat \u00e0 la Jeunesse. En 1991, il a \u00e9t\u00e9 promu ministre de l&#8217;Environnement et ministre de l&#8217;Industrie, des Sciences et de la Technologie, ainsi que vice-premier ministre du Canada en 1993.<\/p>\n\n\n\n<p>En 1994, Jean Charest a \u00e9t\u00e9 nomm\u00e9 chef du Parti Progressiste-Conservateur du Canada. Il a occup\u00e9 ce poste jusqu\u2019en 1998, ann\u00e9e o\u00f9 il est devenu chef du Parti lib\u00e9ral du Qu\u00e9bec.&nbsp; Jean Charest est asserment\u00e9 premier ministre du Qu\u00e9bec suite aux \u00e9lections g\u00e9n\u00e9rales de 2003. Le gouvernement qu\u2019il dirige est r\u00e9\u00e9lu en 2007 puis en 2008, devenant ainsi le premier gouvernement du Qu\u00e9bec \u00e0 obtenir trois mandats cons\u00e9cutifs depuis les 50 derni\u00e8res ann\u00e9es.<\/p>\n\n\n\n<p>De plus, le premier ministre Charest a notamment \u00e9t\u00e9 l&#8217;initiateur de la n\u00e9gociation de l&#8217;Accord \u00c9conomique Commercial et Global (AECG\/CETA) entre le Canada et l&#8217;Union Europ\u00e9enne. Il a conclu avec la France l&#8217;entente de mobilit\u00e9 de main-d&#8217;\u0153uvre la plus moderne au monde et son gouvernement a livr\u00e9 le &#8220;Plan Nord&#8221;, un plan de d\u00e9veloppement durable pour le Nord du Qu\u00e9bec.<\/p>\n\n\n\n<p>Il est, aujourd\u2019hui, associ\u00e9 au sein du cabinet Therrien Couture Joli-Coeur, o\u00f9 il apporte une expertise gr\u00e2ce \u00e0 sa connaissance approfondie de la politique publique, du secteur des affaires et des questions internationales. En tant que conseiller strat\u00e9gique poss\u00e9dant une perspective unique, il accompagne les clients sur des transactions complexes, des projets et des mandats internationaux.<\/p>\n\n\n\n<p>En janvier 2025, M. Charest a \u00e9t\u00e9 nomm\u00e9 au Conseil sur les relations canado-am\u00e9ricaines lanc\u00e9 par le premier ministre du Canada. Il est \u00e9galement membre du comit\u00e9 directeur du Conseil commercial Canada-\u00c9U cr\u00e9\u00e9 par le secteur priv\u00e9, pour collaborer sur l\u2019enjeu des tarifs douaniers et de l\u2019ACEUM.<\/p>\n<\/div>\n<\/div>\n<\/div><\/div>\n\n\n\n<div style=\"height:35px\" aria-hidden=\"true\" class=\"wp-block-spacer\"><\/div>\n\n\n\n<hr class=\"wp-block-separator has-alpha-channel-opacity\"\/>\n\n\n\n<div class=\"wp-block-group alignfull has-brand-background-color has-background\"><div class=\"wp-block-group__inner-container is-layout-constrained wp-block-group-is-layout-constrained\">\n<h4 class=\"wp-block-heading has-text-align-center has-background-color has-text-color has-link-color wp-elements-524bcdb5d3b072e035cf740b1e264f7a\">Pour toute question relative \u00e0 l\u2019\u00e9v\u00e9nement, veuillez communiquer avec Theresa Ellwood au 613-236-9455 poste 112 ou \u00e0 l\u2019adresse courriel tellwood@cca-acc.com<br><\/h4>\n\n\n\n<h4 class=\"wp-block-heading has-text-align-center\">Pour les possibilit\u00e9s de commandite, veuillez communiquer avec Nicole Emmett au 613-236-9455 ou \u00e0 nemmett@cca-acc.com.<\/h4>\n<\/div><\/div>\n","protected":false},"excerpt":{"rendered":"<p>Inscription Questions fr\u00e9quentes Programme H\u00f4tel et voyage Conf\u00e9renciers Reunions preparatoires L&#8217;honorable Jean Charest, conf\u00e9rencier principal de la Conf\u00e9rence 2026 de l\u2019ACC Associ\u00e9, Therrien Couture Joli-CoeurPremier ministre du Qu\u00e9bec (2003-2012)Vice-premier ministre du Canada (1993)Membre du Conseil priv\u00e9 de la Reine pour le Canada Ancien vice-premier ministre du Canada et ancien premier ministre du Qu\u00e9bec, Jean Charest [&hellip;]<\/p>\n","protected":false},"author":1,"featured_media":72004,"parent":16174,"menu_order":1,"comment_status":"closed","ping_status":"closed","template":"","meta":{"_acf_changed":false,"footnotes":""},"class_list":["post-23374","page","type-page","status-publish","has-post-thumbnail","hentry"],"acf":[],"_links":{"self":[{"href":"https:\/\/www.cca-acc.com\/fr\/wp-json\/wp\/v2\/pages\/23374","targetHints":{"allow":["GET"]}}],"collection":[{"href":"https:\/\/www.cca-acc.com\/fr\/wp-json\/wp\/v2\/pages"}],"about":[{"href":"https:\/\/www.cca-acc.com\/fr\/wp-json\/wp\/v2\/types\/page"}],"author":[{"embeddable":true,"href":"https:\/\/www.cca-acc.com\/fr\/wp-json\/wp\/v2\/users\/1"}],"replies":[{"embeddable":true,"href":"https:\/\/www.cca-acc.com\/fr\/wp-json\/wp\/v2\/comments?post=23374"}],"version-history":[{"count":28,"href":"https:\/\/www.cca-acc.com\/fr\/wp-json\/wp\/v2\/pages\/23374\/revisions"}],"predecessor-version":[{"id":72134,"href":"https:\/\/www.cca-acc.com\/fr\/wp-json\/wp\/v2\/pages\/23374\/revisions\/72134"}],"up":[{"embeddable":true,"href":"https:\/\/www.cca-acc.com\/fr\/wp-json\/wp\/v2\/pages\/16174"}],"wp:featuredmedia":[{"embeddable":true,"href":"https:\/\/www.cca-acc.com\/fr\/wp-json\/wp\/v2\/media\/72004"}],"wp:attachment":[{"href":"https:\/\/www.cca-acc.com\/fr\/wp-json\/wp\/v2\/media?parent=23374"}],"curies":[{"name":"wp","href":"https:\/\/api.w.org\/{rel}","templated":true}]}}