{"id":24298,"date":"2021-09-21T13:06:37","date_gmt":"2021-09-21T17:06:37","guid":{"rendered":"https:\/\/www.cca-acc.com\/excellence-de-la-main-doeuvre\/prix-nationaux-de-lacc\/cca-young-leader\/"},"modified":"2025-12-02T09:48:08","modified_gmt":"2025-12-02T14:48:08","slug":"prix-du-jeune-leader-de-lacc","status":"publish","type":"page","link":"https:\/\/www.cca-acc.com\/fr\/services-axes-sur-les-pratiques-exemplaires\/prix-nationaux-de-lacc\/prix-du-jeune-leader-de-lacc\/","title":{"rendered":"Prix du jeune leader de l\u2019ACC"},"content":{"rendered":"\n<p>Anthony DeVito est une \u00e9toile montante du secteur de la construction. Il allie le savoir-faire technique \u00e0 un grand sens de la communaut\u00e9. Apr\u00e8s avoir obtenu son dipl\u00f4me au Mohawk College et poursuivi sa formation \u00e0 l\u2019Universit\u00e9 McMaster, Anthony a obtenu sa certification du Sceau d\u2019or et a rapidement fait sa marque chez Oakridge Landscape Contractors. Aujourd\u2019hui \u00e9conomiste en construction, il est connu pour sa pr\u00e9cision, son travail d\u2019\u00e9quipe et sa volont\u00e9 d\u2019\u00e9voluer vers un poste d\u2019\u00e9conomiste en construction principal.<\/p>\n\n\n\n<p>Au-del\u00e0 du chantier, Anthony se fait le champion de l\u2019avenir du secteur. En tant que jeune membre ex\u00e9cutif de l\u2019association HAND, il a organis\u00e9 des \u00e9v\u00e9nements permettant aux \u00e9tudiants de se familiariser avec les carri\u00e8res dans le secteur de la construction. Sa passion s\u2019\u00e9tend au service de la collectivit\u00e9&nbsp;: il est entra\u00eeneur sportif, soutient des associations caritatives et participe b\u00e9n\u00e9volement \u00e0 des nettoyages locaux. En 2024, il a rejoint les Fils et Filles d\u2019Italie pour honorer ses racines et rendre service.<\/p>\n\n\n\n<p>\u00c0 seulement 33&nbsp;ans, Anthony est respect\u00e9 pour son professionnalisme, sa g\u00e9n\u00e9rosit\u00e9 et son engagement \u00e0 construire un secteur plus fort et une communaut\u00e9 plus forte.<\/p>\n\n\n\n<figure class=\"wp-block-image size-full\"><img loading=\"lazy\" decoding=\"async\" width=\"7795\" height=\"3743\" src=\"https:\/\/www.cca-acc.com\/wp-content\/uploads\/2025\/08\/closeup-Anthony-and-coworker-min.png\" alt=\"\" class=\"wp-image-70344\" srcset=\"https:\/\/www.cca-acc.com\/wp-content\/uploads\/2025\/08\/closeup-Anthony-and-coworker-min.png 7795w, https:\/\/www.cca-acc.com\/wp-content\/uploads\/2025\/08\/closeup-Anthony-and-coworker-min-600x288.png 600w, https:\/\/www.cca-acc.com\/wp-content\/uploads\/2025\/08\/closeup-Anthony-and-coworker-min-300x144.png 300w, https:\/\/www.cca-acc.com\/wp-content\/uploads\/2025\/08\/closeup-Anthony-and-coworker-min-1024x492.png 1024w, https:\/\/www.cca-acc.com\/wp-content\/uploads\/2025\/08\/closeup-Anthony-and-coworker-min-768x369.png 768w, https:\/\/www.cca-acc.com\/wp-content\/uploads\/2025\/08\/closeup-Anthony-and-coworker-min-1536x738.png 1536w, https:\/\/www.cca-acc.com\/wp-content\/uploads\/2025\/08\/closeup-Anthony-and-coworker-min-2048x983.png 2048w, https:\/\/www.cca-acc.com\/wp-content\/uploads\/2025\/08\/closeup-Anthony-and-coworker-min-1200x576.png 1200w, https:\/\/www.cca-acc.com\/wp-content\/uploads\/2025\/08\/closeup-Anthony-and-coworker-min-1980x951.png 1980w, https:\/\/www.cca-acc.com\/wp-content\/uploads\/2025\/08\/closeup-Anthony-and-coworker-min-400x192.png 400w\" sizes=\"auto, (max-width: 7795px) 100vw, 7795px\" \/><\/figure>\n\n\n\n<figure class=\"wp-block-image size-full\"><img loading=\"lazy\" decoding=\"async\" width=\"1280\" height=\"1700\" src=\"https:\/\/www.cca-acc.com\/wp-content\/uploads\/2025\/08\/1704903321071-min.jpg\" alt=\"\" class=\"wp-image-70338\" srcset=\"https:\/\/www.cca-acc.com\/wp-content\/uploads\/2025\/08\/1704903321071-min.jpg 1280w, https:\/\/www.cca-acc.com\/wp-content\/uploads\/2025\/08\/1704903321071-min-600x797.jpg 600w, https:\/\/www.cca-acc.com\/wp-content\/uploads\/2025\/08\/1704903321071-min-226x300.jpg 226w, https:\/\/www.cca-acc.com\/wp-content\/uploads\/2025\/08\/1704903321071-min-771x1024.jpg 771w, https:\/\/www.cca-acc.com\/wp-content\/uploads\/2025\/08\/1704903321071-min-768x1020.jpg 768w, https:\/\/www.cca-acc.com\/wp-content\/uploads\/2025\/08\/1704903321071-min-1157x1536.jpg 1157w, https:\/\/www.cca-acc.com\/wp-content\/uploads\/2025\/08\/1704903321071-min-1200x1594.jpg 1200w, https:\/\/www.cca-acc.com\/wp-content\/uploads\/2025\/08\/1704903321071-min-301x400.jpg 301w\" sizes=\"auto, (max-width: 1280px) 100vw, 1280px\" \/><\/figure>\n\n\n\n<p><em>Apprenez pourquoi Anthony DeVito a re\u00e7u ce prix<\/em> :<\/p>\n\n\n\n<div class=\"wp-block-buttons is-layout-flex wp-block-buttons-is-layout-flex\">\n<div class=\"wp-block-button lightbox\"><a class=\"wp-block-button__link wp-element-button\" href=\"https:\/\/www.youtube.com\/watch?v=TiMy4atXlDU\" target=\"_blank\" rel=\"noreferrer noopener\"><strong>Regardez maintenant<\/strong><\/a><\/div>\n<\/div>\n","protected":false},"excerpt":{"rendered":"<p>Anthony DeVito est une \u00e9toile montante du secteur de la construction. Il allie le savoir-faire technique \u00e0 un grand sens de la communaut\u00e9. Apr\u00e8s avoir obtenu son dipl\u00f4me au Mohawk College et poursuivi sa formation \u00e0 l\u2019Universit\u00e9 McMaster, Anthony a obtenu sa certification du Sceau d\u2019or et a rapidement fait sa marque chez Oakridge Landscape [&hellip;]<\/p>\n","protected":false},"author":1,"featured_media":0,"parent":16138,"menu_order":7,"comment_status":"closed","ping_status":"closed","template":"templates\/template-awards-subpage.php","meta":{"_acf_changed":false,"footnotes":""},"class_list":["post-24298","page","type-page","status-publish","hentry"],"acf":[],"_links":{"self":[{"href":"https:\/\/www.cca-acc.com\/fr\/wp-json\/wp\/v2\/pages\/24298","targetHints":{"allow":["GET"]}}],"collection":[{"href":"https:\/\/www.cca-acc.com\/fr\/wp-json\/wp\/v2\/pages"}],"about":[{"href":"https:\/\/www.cca-acc.com\/fr\/wp-json\/wp\/v2\/types\/page"}],"author":[{"embeddable":true,"href":"https:\/\/www.cca-acc.com\/fr\/wp-json\/wp\/v2\/users\/1"}],"replies":[{"embeddable":true,"href":"https:\/\/www.cca-acc.com\/fr\/wp-json\/wp\/v2\/comments?post=24298"}],"version-history":[{"count":12,"href":"https:\/\/www.cca-acc.com\/fr\/wp-json\/wp\/v2\/pages\/24298\/revisions"}],"predecessor-version":[{"id":75199,"href":"https:\/\/www.cca-acc.com\/fr\/wp-json\/wp\/v2\/pages\/24298\/revisions\/75199"}],"up":[{"embeddable":true,"href":"https:\/\/www.cca-acc.com\/fr\/wp-json\/wp\/v2\/pages\/16138"}],"wp:attachment":[{"href":"https:\/\/www.cca-acc.com\/fr\/wp-json\/wp\/v2\/media?parent=24298"}],"curies":[{"name":"wp","href":"https:\/\/api.w.org\/{rel}","templated":true}]}}