{"id":25866,"date":"2021-11-18T11:35:51","date_gmt":"2021-11-18T16:35:51","guid":{"rendered":"https:\/\/www.cca-acc.com\/defense-des-interets\/impliquez-vous\/hill-day-2021\/"},"modified":"2024-01-17T11:30:21","modified_gmt":"2024-01-17T16:30:21","slug":"investir-dans-le-canada","status":"publish","type":"page","link":"https:\/\/www.cca-acc.com\/fr\/defense-des-interets\/campagnes-precedentes\/investir-dans-le-canada\/","title":{"rendered":"Investir dans le Canada"},"content":{"rendered":"\n<p>La relance \u00e9conomique \u00e9tant une priorit\u00e9 absolue pour tous les Canadiens, l\u2019industrie canadienne de la construction demande au gouvernement f\u00e9d\u00e9ral ce qui suit&nbsp;:<\/p>\n\n\n\n<h4 class=\"wp-block-heading has-text-align-center\"><span style=\"background-color:rgba(0, 0, 0, 0)\" class=\"has-inline-color has-ccp-purple-color\">Investir dans le Canada. Investir dans les Canadiens. Investir dans les infrastructures.<\/span><\/h4>\n\n\n\n<p>Il est temps d\u2019agir et d\u2019investir pour aider les gens, les entreprises, les familles et les collectivit\u00e9s \u00e0 prosp\u00e9rer maintenant et pendant des ann\u00e9es \u00e0 venir. La construction sera un secteur n\u00e9vralgique qui stimulera l\u2019\u00e9conomie future du Canada, en cr\u00e9ant des emplois, en connectant les collectivit\u00e9s et les pays et en augmentant la confiance dans les d\u00e9penses de consommation et les investissements priv\u00e9s. Pour appuyer ces objectifs, un gouvernement nouvellement \u00e9lu peut&nbsp;:<\/p>\n\n\n\n<h4 class=\"wp-block-heading\"><strong>Accro\u00eetre les investissements dans les infrastructures<\/strong><\/h4>\n\n\n\n<p>Il existe un \u00e9cart entre les investissements affect\u00e9s aux infrastructures et les fonds n\u00e9cessaires pour r\u00e9parer nos infrastructures vieillissantes et bien positionner le Canada pour l\u2019avenir.<br><br>L\u2019\u00e9tablissement d\u2019objectifs nationaux visant \u00e0 int\u00e9grer la durabilit\u00e9 dans nos infrastructures et \u00e0 appuyer l\u2019Initiative de la porte et du corridor de commerce de l\u2019Ouest canadien ne sont que deux exemples de possibilit\u00e9s importantes pour le Canada. L\u2019\u00e9conomie a besoin d\u2019infrastructures fiables pour relier les cha\u00eenes d\u2019approvisionnement et assurer le mouvement transfrontalier efficace des biens et services. Le financement doit \u00eatre pr\u00e9visible, octroy\u00e9 rapidement et correspondre aux besoins des provinces, des municipalit\u00e9s et des Autochtones.<br><br>Pour ce faire, le gouvernement f\u00e9d\u00e9ral doit cr\u00e9er un organisme consultatif ind\u00e9pendant qui peut aligner les gouvernements \u00e0 l\u2019\u00e9chelle provinciale et municipale afin de combler les d\u00e9ficits d\u2019infrastructure dans l\u2019ensemble du Canada. La stabilit\u00e9 que cr\u00e9erait une r\u00e9serve de projets pluriannuels, fond\u00e9s sur des donn\u00e9es probantes et des conseils d\u2019experts ind\u00e9pendants, favoriserait \u00e9galement le d\u00e9veloppement de la main-d\u2019\u0153uvre qualifi\u00e9e n\u00e9cessaire et stimulerait des investissements du secteur priv\u00e9.<\/p>\n\n\n\n<h4 class=\"wp-block-heading\">Actualiser l\u2019approche du gouvernement pour am\u00e9liorer l\u2019approvisionnement \u00e9quitable et concurrentiel<\/h4>\n\n\n\n<p>La strat\u00e9gie d\u2019approvisionnement du gouvernement f\u00e9d\u00e9ral est d\u00e9pass\u00e9e et laisse peu de place aux solutions cr\u00e9atives et au partage \u00e9quitable des risques. Face \u00e0 l\u2019augmentation des probl\u00e8mes de productivit\u00e9 et de durabilit\u00e9, notamment les objectifs de z\u00e9ro \u00e9missions nettes, sans compter les p\u00e9nuries de mat\u00e9riaux et de main-d\u2019\u0153uvre qui affectent les marges b\u00e9n\u00e9ficiaires, le moment est venu de moderniser les pratiques d\u2019approvisionnement.<\/p>\n\n\n\n<p>Afin de b\u00e2tir les infrastructures n\u00e9cessaires dans tout le pays et de recruter la main-d\u2019\u0153uvre de l\u2019avenir, les strat\u00e9gies d\u2019approvisionnement du gouvernement f\u00e9d\u00e9ral doivent \u00eatre adapt\u00e9es de sorte \u00e0 encourager l\u2019innovation, \u00e0 tenir compte de la valeur \u00e0 long terme et de la durabilit\u00e9, \u00e0 promouvoir l\u2019utilisation d\u2019autres modes de r\u00e9alisation de projets et \u00e0 appuyer le partage des risques.<\/p>\n\n\n\n<p>Des m\u00e9thodes novatrices d\u2019approvisionnement et de r\u00e9alisation peuvent am\u00e9liorer la productivit\u00e9, permettre de r\u00e9aliser des \u00e9conomies et r\u00e9duire les d\u00e9lais de construction des projets.<\/p>\n\n\n\n<h4 class=\"wp-block-heading\">Collaborer avec l\u2019industrie pour b\u00e2tir la main-d\u2019\u0153uvre de l\u2019avenir<\/h4>\n\n\n\n<p>L\u2019industrie de la construction fait face \u00e0 de graves p\u00e9nuries de main-d\u2019\u0153uvre qui auront des r\u00e9percussions sur nos progr\u00e8s en vue de b\u00e2tir pour l\u2019avenir. On ne peut pas former des personnes de m\u00e9tier qualifi\u00e9es du jour au lendemain. Il est temps de se concentrer sur le renforcement de la capacit\u00e9 de la main-d\u2019\u0153uvre et d\u2019accro\u00eetre les programmes de formation sp\u00e9cialis\u00e9e.<\/p>\n\n\n\n<p>Pour combler ces p\u00e9nuries, le gouvernement f\u00e9d\u00e9ral doit collaborer avec l\u2019industrie pour recruter, former et conserver la main-d\u2019\u0153uvre de demain. L\u2019imposition de quotas alors que la main-d\u2019\u0153uvre n\u2019existe tout simplement pas ne r\u00e9glera pas les probl\u00e8mes \u00e0 la source. Il faut plut\u00f4t que la construction soit per\u00e7ue comme une carri\u00e8re de choix, notamment parmi les groupes sous-repr\u00e9sent\u00e9s. Cet objectif ne peut \u00eatre atteint qu\u2019au moyen d\u2019un partenariat entre l\u2019industrie et le gouvernement, y compris le financement de la campagne de l\u2019ACC \u00ab&nbsp;Le talent a sa place ici&nbsp;\u00bb et des programmes qui appuient le renforcement de la capacit\u00e9 de la main-d\u2019\u0153uvre.<\/p>\n\n\n\n<p>Le Canada est \u00e0 une crois\u00e9e des chemins historique pour b\u00e2tir un avenir meilleur et plus radieux \u2015 un avenir qui appuie une croissance durable et qui est avantageux pour tous les Canadiens.<\/p>\n\n\n\n<p>En travaillant ensemble sur les trois recommandations ci-dessus, nous pouvons veiller \u00e0 ce que le secteur de la construction continue de cr\u00e9er et d\u2019entretenir les infrastructures essentielles sur lesquelles les Canadiens comptent chaque jour, que ce soit les \u00e9coles que fr\u00e9quentent nos enfants, les h\u00f4pitaux o\u00f9 nous obtenons des soins ou encore, les routes, les ponts et les corridors commerciaux qui relient nos collectivit\u00e9s non seulement les unes aux autres, mais aussi au march\u00e9 mondial.<\/p>\n\n\n\n<p>Travaillons ensemble pour b\u00e2tir un avenir meilleur et plus radieux \u2015 un avenir qui appuie une croissance durable et qui est avantageux pour tous les Canadiens.<\/p>\n\n\n\n<p class=\"has-text-align-center\"><strong>#Construction4Cdns<\/strong><\/p>\n\n\n\n<p>En pr\u00e9vision du budget f\u00e9d\u00e9ral de 2022, l\u2019ACC a pr\u00e9sent\u00e9 \u00e0 la ministre des Finances, au sous-ministre et au secr\u00e9taire parlementaire du minist\u00e8re des Finances une lettre expliquant en detail les recommandations de notre industrie sur la fa\u00e7on dont la construction peut appuyer une relance solide qui profite \u00e0 tous les Canadiens. <a href=\"https:\/\/www.cca-acc.com\/wp-content\/uploads\/2022\/02\/ACC-Consultation-prebudgetaire-2022.pdf\" data-type=\"URL\" data-id=\"https:\/\/www.cca-acc.com\/wp-content\/uploads\/2022\/02\/ACC-Consultation-prebudgetaire-2022.pdf\" target=\"_blank\" rel=\"noreferrer noopener\">Lisez la consultation pr\u00e9budg\u00e9taire i<\/a>ci.<\/p>\n\n\n\n<p>Vos personnes-ressources \u00e0 l\u2019Association canadienne de la construction :<\/p>\n\n\n\n<div class=\"wp-block-columns is-layout-flex wp-container-core-columns-is-layout-9d6595d7 wp-block-columns-is-layout-flex\">\n<div class=\"wp-block-column is-layout-flow wp-block-column-is-layout-flow\">\n<p>Rodrigue Gilbert<br>Vice-pr\u00e9sident principal, Affaires publiques et pratiques d\u2019approvisionnement<br><a href=\"mailto:rgilbert@cca-acc.com\">rgilbert@cca-acc.com<\/a><br><a href=\"tel:+16132369455\" data-type=\"tel\" data-id=\"tel:+16132369455\">(613) 236-9455<\/a>, ext. 102<\/p>\n<\/div>\n\n\n\n<div class=\"wp-block-column is-layout-flow wp-block-column-is-layout-flow\">\n<p>Louis-Philippe Champagne<br>Directeur, relations gouvernementales et politiques<br><a href=\"mailto:lpchampagne@cca-acc.com\" target=\"_blank\" rel=\"noreferrer noopener\">lpchampagne@cca-acc.com<\/a><br><a href=\"tel:+16132369455\" data-type=\"tel\" data-id=\"tel:+16132369455\">(613) 236-9455<\/a>, ext. 123<\/p>\n<\/div>\n<\/div>\n","protected":false},"excerpt":{"rendered":"<p>La relance \u00e9conomique \u00e9tant une priorit\u00e9 absolue pour tous les Canadiens, l\u2019industrie canadienne de la construction demande au gouvernement f\u00e9d\u00e9ral ce qui suit&nbsp;: Investir dans le Canada. Investir dans les Canadiens. Investir dans les infrastructures. Il est temps d\u2019agir et d\u2019investir pour aider les gens, les entreprises, les familles et les collectivit\u00e9s \u00e0 prosp\u00e9rer maintenant [&hellip;]<\/p>\n","protected":false},"author":13,"featured_media":0,"parent":15886,"menu_order":4,"comment_status":"closed","ping_status":"closed","template":"","meta":{"_acf_changed":false,"footnotes":""},"class_list":["post-25866","page","type-page","status-publish","hentry"],"acf":[],"_links":{"self":[{"href":"https:\/\/www.cca-acc.com\/fr\/wp-json\/wp\/v2\/pages\/25866","targetHints":{"allow":["GET"]}}],"collection":[{"href":"https:\/\/www.cca-acc.com\/fr\/wp-json\/wp\/v2\/pages"}],"about":[{"href":"https:\/\/www.cca-acc.com\/fr\/wp-json\/wp\/v2\/types\/page"}],"author":[{"embeddable":true,"href":"https:\/\/www.cca-acc.com\/fr\/wp-json\/wp\/v2\/users\/13"}],"replies":[{"embeddable":true,"href":"https:\/\/www.cca-acc.com\/fr\/wp-json\/wp\/v2\/comments?post=25866"}],"version-history":[{"count":3,"href":"https:\/\/www.cca-acc.com\/fr\/wp-json\/wp\/v2\/pages\/25866\/revisions"}],"predecessor-version":[{"id":48088,"href":"https:\/\/www.cca-acc.com\/fr\/wp-json\/wp\/v2\/pages\/25866\/revisions\/48088"}],"up":[{"embeddable":true,"href":"https:\/\/www.cca-acc.com\/fr\/wp-json\/wp\/v2\/pages\/15886"}],"wp:attachment":[{"href":"https:\/\/www.cca-acc.com\/fr\/wp-json\/wp\/v2\/media?parent=25866"}],"curies":[{"name":"wp","href":"https:\/\/api.w.org\/{rel}","templated":true}]}}