{"id":27263,"date":"2022-01-24T09:00:12","date_gmt":"2022-01-24T14:00:12","guid":{"rendered":"https:\/\/www.cca-acc.com\/?page_id=27263"},"modified":"2022-02-01T15:26:58","modified_gmt":"2022-02-01T20:26:58","slug":"vous-etes-invite-2022","status":"publish","type":"page","link":"https:\/\/www.cca-acc.com\/fr\/vous-etes-invite-2022\/","title":{"rendered":"Vous \u00eates invit\u00e9!"},"content":{"rendered":"\n<p><\/p>\n\n\n\n<div class=\"wp-block-image\"><figure class=\"aligncenter size-large\"><img loading=\"lazy\" decoding=\"async\" width=\"1024\" height=\"205\" src=\"https:\/\/www.cca-acc.com\/wp-content\/uploads\/2022\/02\/PLUS-F3-1024x205.jpg\" alt=\"\" class=\"wp-image-27557\" srcset=\"https:\/\/www.cca-acc.com\/wp-content\/uploads\/2022\/02\/PLUS-F3-1024x205.jpg 1024w, https:\/\/www.cca-acc.com\/wp-content\/uploads\/2022\/02\/PLUS-F3-600x120.jpg 600w, https:\/\/www.cca-acc.com\/wp-content\/uploads\/2022\/02\/PLUS-F3-300x60.jpg 300w, https:\/\/www.cca-acc.com\/wp-content\/uploads\/2022\/02\/PLUS-F3-768x154.jpg 768w, https:\/\/www.cca-acc.com\/wp-content\/uploads\/2022\/02\/PLUS-F3-1200x240.jpg 1200w, https:\/\/www.cca-acc.com\/wp-content\/uploads\/2022\/02\/PLUS-F3.jpg 1280w\" sizes=\"auto, (max-width: 1024px) 100vw, 1024px\" \/><\/figure><\/div>\n\n\n\n<figure class=\"wp-block-image size-large\"><img loading=\"lazy\" decoding=\"async\" width=\"960\" height=\"225\" src=\"https:\/\/www.cca-acc.com\/wp-content\/uploads\/2022\/01\/Corner-NAC-banner-F2.jpg\" alt=\"\" class=\"wp-image-27228\" srcset=\"https:\/\/www.cca-acc.com\/wp-content\/uploads\/2022\/01\/Corner-NAC-banner-F2.jpg 960w, https:\/\/www.cca-acc.com\/wp-content\/uploads\/2022\/01\/Corner-NAC-banner-F2-600x141.jpg 600w, https:\/\/www.cca-acc.com\/wp-content\/uploads\/2022\/01\/Corner-NAC-banner-F2-300x70.jpg 300w, https:\/\/www.cca-acc.com\/wp-content\/uploads\/2022\/01\/Corner-NAC-banner-F2-768x180.jpg 768w\" sizes=\"auto, (max-width: 960px) 100vw, 960px\" \/><\/figure>\n\n\n\n<p>LE COIN de l&#8217;ACC<\/p>\n\n\n\n<p>Vous aimeriez voir comment les conseils consultatifs nationaux (CCN) de l\u2019ACC travaillent dans votre int\u00e9r\u00eat? Les membres de l\u2019ACC et les dirigeants des associations partenaires sont invit\u00e9s \u00e0 assister aux r\u00e9unions des CCN \u00e0 titre d\u2019observateurs.<\/p>\n\n\n\n<p>Les prochaines r\u00e9unions des CCN auront lieu le 7 mars 2022 et seront ax\u00e9es sur la planification strat\u00e9gique. Veuillez ajouter cette date \u00e0 votre calendrier et vous joindre \u00e0 nous \u00e0 Vancouver. L\u2019atelier de planification strat\u00e9gique se d\u00e9roulera de 8 h 00 \u00e0 11 h 30.<\/p>\n\n\n\n<p>Si vous pr\u00e9voyez participer \u00e0 la Conf\u00e9rence annuelle de l\u2019ACC, assurez-vous de s\u00e9lectionner l\u2019option CCN lors de votre inscription. Si vous vous \u00eates d\u00e9j\u00e0 inscrit \u00e0 la conf\u00e9rence, mais que vous n\u2019\u00eates pas certain d\u2019avoir choisi l\u2019option d\u2019assister comme observateur aux CCN, veuillez envoyer un courriel \u00e0 <a href=\"mailto:infoconference@cca-acc.com\" target=\"_blank\" rel=\"noreferrer noopener\">infoconference@cca-acc.com<\/a> pour plus de renseignements.<br><br>Si vous n\u2019avez pas l\u2019intention de participer \u00e0 la Conf\u00e9rence annuelle de l\u2019ACC, mais que vous aimeriez assister en personne aux r\u00e9unions des CCN \u00e0 titre d\u2019observateur, <a rel=\"noreferrer noopener\" href=\"https:\/\/app.certain.com\/profile\/form\/index.cfm?PKformID=0x3292891c0ca\" target=\"_blank\"><strong>veuillez vous inscrire ici.<\/strong><\/a><\/p>\n\n\n\n<p>Les r\u00e9unions des CCN de mars ne seront pas diffus\u00e9es en mode virtuel.<\/p>\n\n\n\n<p><\/p>\n","protected":false},"excerpt":{"rendered":"<p>LE COIN de l&#8217;ACC Vous aimeriez voir comment les conseils consultatifs nationaux (CCN) de l\u2019ACC travaillent dans votre int\u00e9r\u00eat? Les membres de l\u2019ACC et les dirigeants des associations partenaires sont invit\u00e9s \u00e0 assister aux r\u00e9unions des CCN \u00e0 titre d\u2019observateurs. Les prochaines r\u00e9unions des CCN auront lieu le 7 mars 2022 et seront ax\u00e9es sur [&hellip;]<\/p>\n","protected":false},"author":1,"featured_media":0,"parent":0,"menu_order":0,"comment_status":"closed","ping_status":"closed","template":"","meta":{"_acf_changed":false,"footnotes":""},"class_list":["post-27263","page","type-page","status-publish","hentry"],"acf":[],"_links":{"self":[{"href":"https:\/\/www.cca-acc.com\/fr\/wp-json\/wp\/v2\/pages\/27263","targetHints":{"allow":["GET"]}}],"collection":[{"href":"https:\/\/www.cca-acc.com\/fr\/wp-json\/wp\/v2\/pages"}],"about":[{"href":"https:\/\/www.cca-acc.com\/fr\/wp-json\/wp\/v2\/types\/page"}],"author":[{"embeddable":true,"href":"https:\/\/www.cca-acc.com\/fr\/wp-json\/wp\/v2\/users\/1"}],"replies":[{"embeddable":true,"href":"https:\/\/www.cca-acc.com\/fr\/wp-json\/wp\/v2\/comments?post=27263"}],"version-history":[{"count":0,"href":"https:\/\/www.cca-acc.com\/fr\/wp-json\/wp\/v2\/pages\/27263\/revisions"}],"wp:attachment":[{"href":"https:\/\/www.cca-acc.com\/fr\/wp-json\/wp\/v2\/media?parent=27263"}],"curies":[{"name":"wp","href":"https:\/\/api.w.org\/{rel}","templated":true}]}}