{"id":27657,"date":"2022-02-03T13:15:01","date_gmt":"2022-02-03T18:15:01","guid":{"rendered":"https:\/\/www.cca-acc.com\/excellence-de-la-main-doeuvre\/sceau-dor\/candidats\/histoires-de-reussite\/pgsc-success-stories\/"},"modified":"2022-02-03T15:36:36","modified_gmt":"2022-02-03T20:36:36","slug":"pgsc-success-stories","status":"publish","type":"page","link":"https:\/\/www.cca-acc.com\/fr\/sceau-dor\/nouveaux-candidats-au-sceau-dor\/histoires-de-reussite\/pgsc-success-stories\/","title":{"rendered":"P.CSO histoires de r\u00e9ussite"},"content":{"rendered":"\n<p><meta charset=\"utf-8\">Le programme de certification Sceau d\u2019or vise \u00e0 produire des professionnels en gestion de la construction qui ont rempli les exigences d\u2019admissibilit\u00e9 rigoureuses du programme et qui sont reconnus comme ayant satisfait aux normes de qualification \u00e9lev\u00e9es \u00e9tablies par l\u2019industrie \u00e0 l\u2019\u00e9chelle nationale.<\/p>\n","protected":false},"excerpt":{"rendered":"<p>Le programme de certification Sceau d\u2019or vise \u00e0 produire des professionnels en gestion de la construction qui ont rempli les exigences d\u2019admissibilit\u00e9 rigoureuses du programme et qui sont reconnus comme ayant satisfait aux normes de qualification \u00e9lev\u00e9es \u00e9tablies par l\u2019industrie \u00e0 l\u2019\u00e9chelle nationale.<\/p>\n","protected":false},"author":1,"featured_media":0,"parent":16722,"menu_order":1,"comment_status":"closed","ping_status":"closed","template":"templates\/template-goldseal-success-list.php","meta":{"_acf_changed":false,"footnotes":""},"class_list":["post-27657","page","type-page","status-publish","hentry"],"acf":[],"_links":{"self":[{"href":"https:\/\/www.cca-acc.com\/fr\/wp-json\/wp\/v2\/pages\/27657","targetHints":{"allow":["GET"]}}],"collection":[{"href":"https:\/\/www.cca-acc.com\/fr\/wp-json\/wp\/v2\/pages"}],"about":[{"href":"https:\/\/www.cca-acc.com\/fr\/wp-json\/wp\/v2\/types\/page"}],"author":[{"embeddable":true,"href":"https:\/\/www.cca-acc.com\/fr\/wp-json\/wp\/v2\/users\/1"}],"replies":[{"embeddable":true,"href":"https:\/\/www.cca-acc.com\/fr\/wp-json\/wp\/v2\/comments?post=27657"}],"version-history":[{"count":0,"href":"https:\/\/www.cca-acc.com\/fr\/wp-json\/wp\/v2\/pages\/27657\/revisions"}],"up":[{"embeddable":true,"href":"https:\/\/www.cca-acc.com\/fr\/wp-json\/wp\/v2\/pages\/16722"}],"wp:attachment":[{"href":"https:\/\/www.cca-acc.com\/fr\/wp-json\/wp\/v2\/media?parent=27657"}],"curies":[{"name":"wp","href":"https:\/\/api.w.org\/{rel}","templated":true}]}}