{"id":34494,"date":"2022-10-21T13:08:50","date_gmt":"2022-10-21T17:08:50","guid":{"rendered":"https:\/\/www.cca-acc.com\/advocacy\/get-involved\/workers-needed-now-copy\/"},"modified":"2024-01-17T11:31:51","modified_gmt":"2024-01-17T16:31:51","slug":"besoin-de-travailleurs-maintenant","status":"publish","type":"page","link":"https:\/\/www.cca-acc.com\/fr\/defense-des-interets\/campagnes-precedentes\/besoin-de-travailleurs-maintenant\/","title":{"rendered":"Reb\u00e2tir la main-d\u2019\u0153uvre du Canada d\u00e8s MAINTENANT"},"content":{"rendered":"\n<h3 class=\"wp-block-heading\"><strong><strong>La crise du travail qui s\u00e9vit au Canada menace notre croissance future. Il est temps de passer \u00e0 l\u2019action<\/strong><\/strong><\/h3>\n\n\n\n<p>Plus de personnes quittent le march\u00e9 du travail que de personnes qui y acc\u00e8dent. Le Canada est aux prises avec le march\u00e9 du travail le plus serr\u00e9 que le pays ait connu depuis des g\u00e9n\u00e9rations, et tous les secteurs sont touch\u00e9s. Pr\u00e8s d\u2019un million d\u2019emplois ne sont pas combl\u00e9s. Malgr\u00e9 les investissements importants faits par l\u2019industrie pour attirer et maintenir en poste des travailleurs canadiens, il reste que plus de 81 000 postes demeurent vacants, soit un nombre sans pr\u00e9c\u00e9dent.<\/p>\n\n\n\n<p>Le gouvernement f\u00e9d\u00e9ral a un plan de croissance ambitieux, lequel comprend la r\u00e9paration, l\u2019entretien et la modernisation des infrastructures vieillissantes, tout en veillant \u00e0 renforcer la r\u00e9silience climatique future de nos infrastructures. Mais m\u00eame les plans les mieux con\u00e7us peuvent \u00e9chouer si nous ne disposons pas des travailleurs dont nous avons besoin pour maintenir le cap. Cela signifie que les projets d\u2019infrastructures essentielles sur lesquels 38 millions de Canadiens comptent chaque jour risquent d\u2019\u00eatre annul\u00e9s ou retard\u00e9s.<\/p>\n\n\n\n<p>La formation prend du temps et nous avons besoin de travailleurs maintenant. Il est indispensable que nous ayons recours \u00e0 l\u2019immigration et aux travailleurs \u00e9trangers temporaires pour aider \u00e0 r\u00e9duire les goulots d\u2019\u00e9tranglement cr\u00e9\u00e9s par la p\u00e9nurie de main-d\u2019\u0153uvre.<\/p>\n\n\n\n<p>Nous exhortons tous les ordres de gouvernement \u00e0 prendre les mesures suivantes :<\/p>\n\n\n\n<ol class=\"wp-block-list\">\n<li><strong><strong>\u00c9liminer la partialit\u00e9 dans le syst\u00e8me de points d\u2019appr\u00e9ciation<\/strong><\/strong><br>Un afflux d\u2019immigrants est n\u00e9cessaire pour maintenir la sant\u00e9 de l\u2019\u00e9conomie, mais la politique d\u2019immigration actuelle du Canada n\u2019est pas favorable \u00e0 l\u2019industrie de la construction. Il faut \u00e9liminer la partialit\u00e9 qui existe dans le syst\u00e8me et accorder davantage de points aux candidats qui ont de l\u2019exp\u00e9rience dans les m\u00e9tiers ou comme man\u0153uvres en construction.<br><\/li>\n\n\n\n<li><strong><strong>Faire correspondre les comp\u00e9tences aux emplois en demande<\/strong><\/strong><br>De nombreux nouveaux arrivants qualifi\u00e9s viennent s\u2019installer au Canada et ne peuvent m\u00eame pas travailler dans leur domaine d\u2019expertise. Nous devons mettre leurs comp\u00e9tences \u00e0 profit et acc\u00e9l\u00e9rer la reconnaissance de leur formation et de leurs titres de comp\u00e9tences. Le gouvernement f\u00e9d\u00e9ral doit travailler avec les provinces et les territoires pour s\u2019assurer que le jumelage des comp\u00e9tences est bien harmonis\u00e9 entre les juridictions et qu\u2019il est ad\u00e9quatement financ\u00e9 et appuy\u00e9.<br><\/li>\n\n\n\n<li><strong><strong>Moderniser le Programme des travailleurs \u00e9trangers temporaires<\/strong><\/strong><br>Le Programme des travailleurs \u00e9trangers temporaires doit \u00eatre r\u00e9form\u00e9 afin de faciliter la reconnaissance des dipl\u00f4mes et titres de comp\u00e9tences, de r\u00e9duire les d\u00e9lais d\u2019approbation, d\u2019offrir davantage de permis de travail saisonnier et de supprimer les processus qui entravent la migration.<br><\/li>\n<\/ol>\n\n\n\n<figure class=\"wp-block-image size-large\"><img loading=\"lazy\" decoding=\"async\" width=\"1024\" height=\"587\" src=\"https:\/\/www.cca-acc.com\/wp-content\/uploads\/2022\/10\/Rebuild-canadas-workforce-now-960x550-fr-1024x587.png\" alt=\"\" class=\"wp-image-34496\" srcset=\"https:\/\/www.cca-acc.com\/wp-content\/uploads\/2022\/10\/Rebuild-canadas-workforce-now-960x550-fr-1024x587.png 1024w, https:\/\/www.cca-acc.com\/wp-content\/uploads\/2022\/10\/Rebuild-canadas-workforce-now-960x550-fr-600x344.png 600w, https:\/\/www.cca-acc.com\/wp-content\/uploads\/2022\/10\/Rebuild-canadas-workforce-now-960x550-fr-300x172.png 300w, https:\/\/www.cca-acc.com\/wp-content\/uploads\/2022\/10\/Rebuild-canadas-workforce-now-960x550-fr-768x440.png 768w, https:\/\/www.cca-acc.com\/wp-content\/uploads\/2022\/10\/Rebuild-canadas-workforce-now-960x550-fr-1536x880.png 1536w, https:\/\/www.cca-acc.com\/wp-content\/uploads\/2022\/10\/Rebuild-canadas-workforce-now-960x550-fr-1200x688.png 1200w, https:\/\/www.cca-acc.com\/wp-content\/uploads\/2022\/10\/Rebuild-canadas-workforce-now-960x550-fr.png 1921w\" sizes=\"auto, (max-width: 1024px) 100vw, 1024px\" \/><\/figure>\n\n\n\n<h4 class=\"wp-block-heading\"><strong><strong><strong>La r\u00e9alit\u00e9 : Les investissements dans les infrastructures profitent \u00e0 tous les Canadiens.<\/strong><\/strong><\/strong><\/h4>\n\n\n\n<p>Le secteur de la construction est indispensable \u00e0 la cr\u00e9ation et \u00e0 l\u2019entretien des infrastructures essentielles sur lesquelles les Canadiens comptent tous les jours, que ce soit les \u00e9coles que fr\u00e9quentent nos enfants, les h\u00f4pitaux qui nous prodiguent des soins ou les routes, les ponts et les corridors commerciaux qui relient nos collectivit\u00e9s non seulement les unes aux autres, mais aussi au march\u00e9 mondial.<\/p>\n\n\n\n<p>Les politiques qui favorisent et mettent \u00e0 profit les comp\u00e9tences et l\u2019exp\u00e9rience des immigrants et des nouveaux arrivants contribueront \u00e0 cr\u00e9er la main-d\u2019\u0153uvre dont l\u2019industrie a besoin pour b\u00e2tir un Canada meilleur pour tous.<\/p>\n\n\n\n<p>Vos personnes-ressources \u00e0 l\u2019Association canadienne de la construction :<\/p>\n\n\n\n<div class=\"wp-block-columns is-layout-flex wp-container-core-columns-is-layout-9d6595d7 wp-block-columns-is-layout-flex\">\n<div class=\"wp-block-column is-layout-flow wp-block-column-is-layout-flow\">\n<p>Rodrigue Gilbert<br>Vice-pr\u00e9sident principal, Affaires publiques et pratiques d\u2019approvisionnement<br><a href=\"mailto:rgilbert@cca-acc.com\">rgilbert@cca-acc.com<\/a><br><a href=\"tel:+16132369455\" data-type=\"tel\" data-id=\"tel:+16132369455\">(613) 236-9455<\/a>, ext. 102<\/p>\n<\/div>\n\n\n\n<div class=\"wp-block-column is-layout-flow wp-block-column-is-layout-flow\">\n<p>Louis-Philippe Champagne<br>Directeur, relations gouvernementales et politiques<br><a href=\"mailto:lpchampagne@cca-acc.com\" target=\"_blank\" rel=\"noreferrer noopener\">lpchampagne@cca-acc.com<\/a><br><a href=\"tel:+16132369455\" data-type=\"tel\" data-id=\"tel:+16132369455\">(613) 236-9455<\/a>, ext. 123<\/p>\n<\/div>\n<\/div>\n\n\n\n<h4 class=\"wp-block-heading\"><strong><strong>\u00c0 propos de l\u2019ACC<\/strong><\/strong><\/h4>\n\n\n\n<p>L\u2019ACC repr\u00e9sente plus de 20 000 entreprises membres \u00e0 l\u2019\u00e9chelle du Canada qui font partie d\u2019une structure int\u00e9gr\u00e9e regroupant 63 associations partenaires locales et provinciales. \u00c0 titre de porte-parole de l\u2019industrie, l\u2019ACC d\u00e9fend les int\u00e9r\u00eats et les objectifs en mati\u00e8re de politiques publiques, d\u2019enjeux l\u00e9gaux et d\u2019\u00e9laboration de normes au nom des entrepreneurs, des fournisseurs et des professionnels de secteurs connexes qui \u0153uvrent dans l\u2019industrie canadienne de la construction institutionnelle, commerciale, industrielle et de g\u00e9nie civil ou qui travaillent de concert avec celle-ci.<\/p>\n\n\n\n<p>Le secteur de la construction est l\u2019un des plus importants employeurs du Canada et contribue grandement au succ\u00e8s \u00e9conomique du pays. L\u2019industrie, compos\u00e9e \u00e0 70 % de petites et moyennes entreprises, emploie plus de 1,4 million de Canadiens et repr\u00e9sente 7,5 % du produit int\u00e9rieur brut du Canada.<\/p>\n\n\n\n<hr class=\"wp-block-separator has-css-opacity\"\/>\n","protected":false},"excerpt":{"rendered":"<p>La crise du travail qui s\u00e9vit au Canada menace notre croissance future. Il est temps de passer \u00e0 l\u2019action Plus de personnes quittent le march\u00e9 du travail que de personnes qui y acc\u00e8dent. Le Canada est aux prises avec le march\u00e9 du travail le plus serr\u00e9 que le pays ait connu depuis des g\u00e9n\u00e9rations, et [&hellip;]<\/p>\n","protected":false},"author":23,"featured_media":0,"parent":15886,"menu_order":0,"comment_status":"closed","ping_status":"closed","template":"","meta":{"_acf_changed":false,"footnotes":""},"class_list":["post-34494","page","type-page","status-publish","hentry"],"acf":[],"_links":{"self":[{"href":"https:\/\/www.cca-acc.com\/fr\/wp-json\/wp\/v2\/pages\/34494","targetHints":{"allow":["GET"]}}],"collection":[{"href":"https:\/\/www.cca-acc.com\/fr\/wp-json\/wp\/v2\/pages"}],"about":[{"href":"https:\/\/www.cca-acc.com\/fr\/wp-json\/wp\/v2\/types\/page"}],"author":[{"embeddable":true,"href":"https:\/\/www.cca-acc.com\/fr\/wp-json\/wp\/v2\/users\/23"}],"replies":[{"embeddable":true,"href":"https:\/\/www.cca-acc.com\/fr\/wp-json\/wp\/v2\/comments?post=34494"}],"version-history":[{"count":4,"href":"https:\/\/www.cca-acc.com\/fr\/wp-json\/wp\/v2\/pages\/34494\/revisions"}],"predecessor-version":[{"id":48091,"href":"https:\/\/www.cca-acc.com\/fr\/wp-json\/wp\/v2\/pages\/34494\/revisions\/48091"}],"up":[{"embeddable":true,"href":"https:\/\/www.cca-acc.com\/fr\/wp-json\/wp\/v2\/pages\/15886"}],"wp:attachment":[{"href":"https:\/\/www.cca-acc.com\/fr\/wp-json\/wp\/v2\/media?parent=34494"}],"curies":[{"name":"wp","href":"https:\/\/api.w.org\/{rel}","templated":true}]}}