{"id":38049,"date":"2023-02-27T13:31:12","date_gmt":"2023-02-27T18:31:12","guid":{"rendered":"https:\/\/www.cca-acc.com\/annual-review-2022\/"},"modified":"2023-03-08T10:28:15","modified_gmt":"2023-03-08T15:28:15","slug":"annual-review-2022","status":"publish","type":"page","link":"https:\/\/www.cca-acc.com\/fr\/a-propos-de-nous\/annual-review-2022\/","title":{"rendered":"Rapport Annuel 2022"},"content":{"rendered":"","protected":false},"excerpt":{"rendered":"","protected":false},"author":1,"featured_media":38213,"parent":15804,"menu_order":0,"comment_status":"closed","ping_status":"closed","template":"templates\/template-annualreview-2022.php","meta":{"_acf_changed":false,"footnotes":""},"class_list":["post-38049","page","type-page","status-publish","has-post-thumbnail","hentry"],"acf":{"header":{"image":38213,"title":"<strong>Champion<\/strong> de confiance.\r\n\r\n<strong>Conseiller<\/strong> de confiance.\r\n\r\n<strong>Partenaire<\/strong> de confiance.","content":"C\u2019est en \u00e9tant attentifs \u00e0 vos int\u00e9r\u00eats et en faisant preuve de fermet\u00e9 et de souplesse lorsque cela \u00e9tait n\u00e9cessaire que nous avons pu diriger avec autorit\u00e9 et compassion. Nous avons entendu vos pr\u00e9occupations, nous avons transmis le message et nous avons d\u00e9montr\u00e9 concr\u00e8tement qu\u2019\u00eatre membre de l\u2019Association canadienne de la construction est un avantage toujours aussi inestimable."},"pdf":{"button":"T\u00e9l\u00e9chargez la version pdf","pdf_url":"https:\/\/www.cca-acc.com\/wp-content\/uploads\/2023\/03\/ACC_Rapport_Annuel_2022.pdf","button_2":"","pdf_url_2":""},"pdf_download":{"section_header":"Voir la version PDF du rapport"},"video":{"excerpt":"L\u2019ann\u00e9e 2022 n\u2019a pas \u00e9t\u00e9 sans ses d\u00e9fis, mais notre engagement \u00e0 d\u00e9fendre l\u2019industrie est rest\u00e9 in\u00e9branlable.","button":"Regarder la vid\u00e9o","preview_url":"https:\/\/www.cca-acc.com\/wp-content\/uploads\/2023\/03\/CCA_15346_AnnualReview_Recap_Preview_2022.mp4","preview_poster":38223,"video_url":"https:\/\/www.youtube.com\/watch?v=rhjq6AtH5U4"}},"_links":{"self":[{"href":"https:\/\/www.cca-acc.com\/fr\/wp-json\/wp\/v2\/pages\/38049","targetHints":{"allow":["GET"]}}],"collection":[{"href":"https:\/\/www.cca-acc.com\/fr\/wp-json\/wp\/v2\/pages"}],"about":[{"href":"https:\/\/www.cca-acc.com\/fr\/wp-json\/wp\/v2\/types\/page"}],"author":[{"embeddable":true,"href":"https:\/\/www.cca-acc.com\/fr\/wp-json\/wp\/v2\/users\/1"}],"replies":[{"embeddable":true,"href":"https:\/\/www.cca-acc.com\/fr\/wp-json\/wp\/v2\/comments?post=38049"}],"version-history":[{"count":0,"href":"https:\/\/www.cca-acc.com\/fr\/wp-json\/wp\/v2\/pages\/38049\/revisions"}],"up":[{"embeddable":true,"href":"https:\/\/www.cca-acc.com\/fr\/wp-json\/wp\/v2\/pages\/15804"}],"wp:featuredmedia":[{"embeddable":true,"href":"https:\/\/www.cca-acc.com\/fr\/wp-json\/wp\/v2\/media\/38213"}],"wp:attachment":[{"href":"https:\/\/www.cca-acc.com\/fr\/wp-json\/wp\/v2\/media?parent=38049"}],"curies":[{"name":"wp","href":"https:\/\/api.w.org\/{rel}","templated":true}]}}