{"id":39985,"date":"2023-04-26T08:51:34","date_gmt":"2023-04-26T12:51:34","guid":{"rendered":"https:\/\/www.cca-acc.com\/member-services\/contact-mentorship-program\/innovators-pitch-winner-copy\/"},"modified":"2023-04-26T09:26:08","modified_gmt":"2023-04-26T13:26:08","slug":"les-innovateurs-sous-la-loupe","status":"publish","type":"page","link":"https:\/\/www.cca-acc.com\/fr\/services-axes-sur-les-pratiques-exemplaires\/contact-mentorship-program\/les-innovateurs-sous-la-loupe\/","title":{"rendered":"Les innovateurs sous la loupe"},"content":{"rendered":"\n<h4 class=\"wp-block-heading\"><strong>Bio-Brick Labs est choisi le gagnant de l\u2019innovation la plus int\u00e9ressante \u00e0 la Conf\u00e9rence annuelle de l\u2019ACC<\/strong><\/h4>\n\n\n\n<p>Le programme de mentorat CONtact, lanc\u00e9 en 2018 par l\u2019ACC en partenariat avec le Conseil national de recherches Canada, vise \u00e0 jumeler des innovateurs et des entrepreneurs en herbe du secteur de la construction avec des experts de l\u2019industrie. L\u2019ACC, en collaboration avec des experts de l\u2019industrie, a encadr\u00e9 pr\u00e8s de 30 mentor\u00e9s au cours des cinq derni\u00e8res ann\u00e9es.<\/p>\n\n\n\n<p>Lors de la Conf\u00e9rence annuelle de l\u2019ACC de 2023, trois mentor\u00e9s CONtact ont \u00e9t\u00e9 s\u00e9lectionn\u00e9s pour pr\u00e9senter leurs innovations aux d\u00e9l\u00e9gu\u00e9s de la conf\u00e9rence et \u00e0 un panel d\u2019experts de l\u2019industrie dans le cadre d\u2019une s\u00e9ance intitul\u00e9e \u00ab&nbsp;Les innovateurs sous la loupe&nbsp;\u00bb. Le panel d\u2019experts de cette ann\u00e9e \u00e9tait compos\u00e9 de John Bockstael, PDG, Bockstael Construction; Quentin Huillery, chef de l\u2019exploitation, constructeurs (g\u00e9nie minier et infrastructure), Ledcor; et Harold Reinders, pr\u00e9sident et directeur g\u00e9n\u00e9ral, Maple Reinders Group Ltd.<\/p>\n\n\n\n<div class=\"wp-block-columns alignwide is-layout-flex wp-container-core-columns-is-layout-9d6595d7 wp-block-columns-is-layout-flex\">\n<div class=\"wp-block-column is-layout-flow wp-block-column-is-layout-flow\">\n<figure class=\"wp-block-image size-large\"><img decoding=\"async\" src=\"https:\/\/www.cca-acc.com\/wp-content\/uploads\/2022\/12\/Laurent-Blanchet-300x300.jpg\" alt=\"\"\/><\/figure>\n\n\n\n<p class=\"has-primary-color has-text-color has-small-font-size\"><strong>Laurent Blanchet<\/strong> <br>Cofondateur, Biolift Technologies <br><a rel=\"noreferrer noopener\" href=\"https:\/\/www.linkedin.com\/in\/laurent-blanchet-a90719166\/\" target=\"_blank\">LinkedIn<\/a><\/p>\n<\/div>\n\n\n\n<div class=\"wp-block-column is-layout-flow wp-block-column-is-layout-flow\">\n<figure class=\"wp-block-image size-large is-resized\"><img loading=\"lazy\" decoding=\"async\" src=\"https:\/\/www.cca-acc.com\/wp-content\/uploads\/2022\/12\/Jeff-300x300-1.jpg\" alt=\"\" width=\"300\" height=\"300\"\/><\/figure>\n\n\n\n<p><strong><strong>Jeff Carmichae<\/strong>l<\/strong> <br>Cofondateur, Qualomate <br><a rel=\"noreferrer noopener\" href=\"https:\/\/www.linkedin.com\/in\/jeffcarmichael1\/\" target=\"_blank\">LinkedIn<\/a><\/p>\n<\/div>\n\n\n\n<div class=\"wp-block-column is-layout-flow wp-block-column-is-layout-flow\">\n<figure class=\"wp-block-image size-large\"><img decoding=\"async\" src=\"https:\/\/www.cca-acc.com\/wp-content\/uploads\/2022\/12\/Adrian-300x300-1.jpg\" alt=\"\"\/><\/figure>\n\n\n\n<p><strong><strong>Adrian Simone<\/strong><\/strong><br>Cofondateur, Bio-Brick Labs<br><a rel=\"noreferrer noopener\" href=\"https:\/\/www.linkedin.com\/in\/adrian-simone-a1a753219\/\" target=\"_blank\">LinkedIn<\/a><\/p>\n<\/div>\n<\/div>\n\n\n\n<p>Apr\u00e8s la pr\u00e9sentation de chaque mentor\u00e9 et des questions pos\u00e9es par le panel d\u2019experts de l\u2019industrie, les d\u00e9l\u00e9gu\u00e9s de la conf\u00e9rence ont vot\u00e9 pour l\u2019innovation qu\u2019ils souhaitaient le plus voir mise en \u0153uvre dans l\u2019industrie.<\/p>\n\n\n\n<p>Adrian Simone de Bio-Brick Labs, une entreprise de biotechnologie sp\u00e9cialis\u00e9e dans la recherche, le d\u00e9veloppement et la fabrication de briques \u00e9cologiquement durables, a \u00e9t\u00e9 choisi le gagnant. La Bio-Brick, fabriqu\u00e9e \u00e0 partir de deux ingr\u00e9dients (des bact\u00e9ries et des granulats), se solidifie \u00e0 temp\u00e9rature ambiante, \u00e9liminant ainsi les \u00e9missions de carbone lors du processus de solidification.<\/p>\n\n\n\n<p>L\u2019ACC a rencontr\u00e9 Adrian apr\u00e8s la conf\u00e9rence pour discuter de son innovation et de son exp\u00e9rience dans le cadre du programme de mentorat CONtact.<\/p>\n\n\n\n<h5 class=\"wp-block-heading has-brand-color has-text-color\"><strong>ACC : Comment l\u2019id\u00e9e de Bio-Brick a-t-elle vu le jour? Pourquoi cette innovation particuli\u00e8re?<\/strong><\/h5>\n\n\n\n<p><strong>Adrian Simone :<\/strong> Bio-Brick Labs est n\u00e9 du constat que, si les m\u00e9thodes de construction et l\u2019\u00e9quipement que nous utilisons ont consid\u00e9rablement chang\u00e9, les mat\u00e9riaux que nous utilisons n\u2019ont pas \u00e9volu\u00e9. Les polluants auxquels sont expos\u00e9es les personnes qui fabriquent les mat\u00e9riaux et les environnements dans lesquels ils sont fabriqu\u00e9s sont les m\u00eames qu\u2019il y a 50 ans. Les temp\u00e9ratures excessivement \u00e9lev\u00e9es et la d\u00e9pendance aux combustibles pour les fabriquer ont rendu le secteur de fabrication des mat\u00e9riaux responsable de 22&nbsp;% des \u00e9missions \u00e0 l\u2019\u00e9chelle mondiale. Nous voulions cr\u00e9er un mat\u00e9riau qui n\u2019\u00e9met pas d\u2019\u00e9manations nocives et qui ne n\u00e9cessite pas de chaleur pour durcir le produit. Cet objectif allait de pair avec l\u2019am\u00e9lioration des conditions de travail des fabricants et l\u2019att\u00e9nuation des effets n\u00e9gatifs sur l\u2019environnement.<\/p>\n\n\n\n<div class=\"wp-block-columns is-layout-flex wp-container-core-columns-is-layout-9d6595d7 wp-block-columns-is-layout-flex\">\n<div class=\"wp-block-column is-layout-flow wp-block-column-is-layout-flow\">\n<figure class=\"wp-block-image size-full\"><img loading=\"lazy\" decoding=\"async\" width=\"870\" height=\"491\" src=\"https:\/\/www.cca-acc.com\/wp-content\/uploads\/2023\/04\/underlying-technology.jpg\" alt=\"\" class=\"wp-image-39974\" srcset=\"https:\/\/www.cca-acc.com\/wp-content\/uploads\/2023\/04\/underlying-technology.jpg 870w, https:\/\/www.cca-acc.com\/wp-content\/uploads\/2023\/04\/underlying-technology-600x339.jpg 600w, https:\/\/www.cca-acc.com\/wp-content\/uploads\/2023\/04\/underlying-technology-300x169.jpg 300w, https:\/\/www.cca-acc.com\/wp-content\/uploads\/2023\/04\/underlying-technology-768x433.jpg 768w\" sizes=\"auto, (max-width: 870px) 100vw, 870px\" \/><\/figure>\n<\/div>\n\n\n\n<div class=\"wp-block-column is-layout-flow wp-block-column-is-layout-flow\">\n<p>Nous nous sommes donc tourn\u00e9s vers la nature pour trouver une solution. La pierre a \u00e9t\u00e9 utilis\u00e9e pour construire depuis la nuit des temps, mais quels sont les processus naturels qui peuvent produire cette pierre? En utilisant un processus bact\u00e9rien naturel, nous pouvons cr\u00e9er des briques ayant les m\u00eames propri\u00e9t\u00e9s et la m\u00eame apparence et pouvant \u00eatre install\u00e9es de la m\u00eame fa\u00e7on, mais sans produire aucune \u00e9mission de carbone. La brique est fabriqu\u00e9e \u00e0 temp\u00e9rature ambiante, sans utiliser de fours, et le d\u00e9lai de solidification est le m\u00eame que celui pour les briques en terre cuite.<\/p>\n<\/div>\n<\/div>\n\n\n\n<p>Un autre de nos objectifs \u00e9tait de r\u00e9duire le transport n\u00e9cessaire entre le lieu de fabrication du mat\u00e9riau et son lieu d\u2019utilisation. Comme le prix du carburant continue d\u2019augmenter, le prix du transport de mat\u00e9riaux lourds et volumineux comme les briques augmentera en cons\u00e9quence. Notre proc\u00e9d\u00e9 peut \u00eatre adapt\u00e9 afin de fabriquer les briques au moyen d\u2019une \u00ab&nbsp;usine portable&nbsp;\u00bb de la taille d\u2019un conteneur d\u2019exp\u00e9dition. Cela permet de r\u00e9duire le transport des mat\u00e9riaux et de les fabriquer localement.<\/p>\n\n\n\n<h5 class=\"wp-block-heading has-brand-color has-text-color\"><strong>ACC : Vous avez particip\u00e9 au programme de mentorat CONtact de l\u2019ACC et avez \u00e9t\u00e9 choisi pour pr\u00e9senter votre solution \u00e0 des experts de l\u2019industrie \u00e0 la conf\u00e9rence de l\u2019ACC. Comment cette exp\u00e9rience vous a-t-elle aid\u00e9? Et comment cela influencera-t-il votre travail \u00e0 l\u2019avenir?<\/strong><\/h5>\n\n\n\n<p><strong>Adrian Simone :<\/strong> J\u2019ai particip\u00e9 au programme de mentorat CONtact de l\u2019ACC parce que je voulais voir si le carbone intrins\u00e8que \u00e9tait un probl\u00e8me qui pr\u00e9occupait les gens de l\u2019industrie et pour lequel ils voulaient une solution. Cela m\u2019a donn\u00e9 l\u2019occasion de demander \u00e0 de nombreux professionnels du secteur comment ils percevaient le probl\u00e8me et s\u2019ils voyaient un besoin pour cette solution. Nous avons trouv\u00e9 r\u00e9ponse \u00e0 toutes ces questions. Nous utiliserons les conseils que nous avons re\u00e7us lors de la conf\u00e9rence pour nos futurs essais. Nous veillerons \u00e0 ce que l\u2019apparence du produit soit la m\u00eame, nous peaufinerons les proc\u00e9dures entourant les unit\u00e9s portables de fabrication et nous nous assurerons que tous nos essais sont identiques aux exigences en mati\u00e8re d\u2019essais auxquelles sont soumis les mat\u00e9riaux actuels.<\/p>\n\n\n\n<p>Plus particuli\u00e8rement, les experts de l\u2019industrie nous ont fait r\u00e9fl\u00e9chir \u00e0 la mani\u00e8re dont nous pouvons modifier le mat\u00e9riau pour l\u2019utilisateur final, notamment modifier nos moules pour que les briques collent mieux au mortier, produire des briques plus l\u00e9g\u00e8res pour qu\u2019elles soient plus faciles \u00e0 installer, etc., soit des changements qui peuvent faciliter et acc\u00e9l\u00e9rer le travail sur le chantier pour les entreprises de construction.<\/p>\n\n\n\n<h5 class=\"wp-block-heading has-brand-color has-text-color\"><strong>ACC : Bien que vous ayez abord\u00e9 cette question dans votre pr\u00e9sentation, quel est, selon vous, le plus grand avantage de votre produit Bio-Brick et pourquoi l\u2019industrie de la construction devrait-elle s\u2019int\u00e9resser \u00e0 ce nouveau produit plut\u00f4t qu\u2019aux briques existantes?<\/strong><\/h5>\n\n\n\n<p><strong>Adrian Simone :<\/strong> La Bio-Brick permet aux entreprises qui souhaitent adopter des solutions plus durables d\u2019avoir acc\u00e8s \u00e0 un produit viable et concurrentiel. Les mat\u00e9riaux verts actuels peuvent \u00eatre co\u00fbteux avec des majorations de prix allant jusqu\u2019\u00e0 32 %, et peuvent augmenter les d\u00e9lais de construction de 11&nbsp;%. Les prix et les d\u00e9lais plus importants pour ces produits verts ne les rendent pas pratiques pour la plupart des projets, mais nous avons constat\u00e9 que de nombreuses entreprises de construction souhaitent s\u2019engager dans la voie \u00e9cologique et durable. Notre produit leur permettra de commencer \u00e0 r\u00e9duire leur empreinte carbone tout en respectant les budgets et les d\u00e9lais.<\/p>\n\n\n\n<p>Comparativement aux briques existantes, la question qui se pose est pourquoi ne pas adopter notre produit. Il est offert \u00e0 un prix comp\u00e9titif par rapport \u00e0 la plupart des options traditionnelles en terre cuite ou en b\u00e9ton, le temps de fabrication est plus court, le processus d\u2019installation est identique et ses propri\u00e9t\u00e9s visuelles peuvent \u00eatre personnalis\u00e9es. Nous pouvons reproduire l\u2019apparence de n\u2019importe quel mat\u00e9riau que nous utilisons comme agr\u00e9gat, ce qui permet une grande polyvalence et la possibilit\u00e9 d\u2019harmoniser le produit \u00e0 des mat\u00e9riaux existants. En outre, notre proc\u00e9d\u00e9 de fabrication est carboneutre, ce qu\u2019aucun autre fournisseur de briques ne peut offrir.<\/p>\n\n\n<div class=\"button_left\"><a href=\"https:\/\/www.youtube.com\/watch?v=VSvuNKNlaY0\"  class=\" cca_purple btn_outlined\" target=\"_blank\">Regardez la pr\u00e9sentation d\u2019Adrian<\/a>\n<\/div>\n\n\n\n\n\n<div style=\"height:44px\" aria-hidden=\"true\" class=\"wp-block-spacer\"><\/div>\n\n\n\n<div class=\"wp-block-group alignfull has-ccp-white-color has-ccp-purple-background-color has-text-color has-background\"><div class=\"wp-block-group__inner-container is-layout-flow wp-block-group-is-layout-flow\">\n<p class=\"has-normal-font-size\">Le programme de mentorat CONtact permet de jumeler des innovateurs avec des experts de l\u2019industrie. Au cours des cinq derni\u00e8res ann\u00e9es, de nombreux experts de l\u2019industrie ont donn\u00e9 de leur temps et partag\u00e9 leur expertise pour encadrer les innovateurs du programme. Quentin Huillery, chef de l\u2019exploitation, constructeurs (g\u00e9nie minier et infrastructure) chez Ledcor, nous a fait part de ses r\u00e9flexions sur la pr\u00e9sentation de l\u2019innovateur gagnant et des raisons pour lesquelles il appuie le programme de mentorat CONtact.<\/p>\n\n\n\n<p class=\"has-normal-font-size\"><strong><strong>Qu\u2019est-ce qui vous a int\u00e9ress\u00e9 le plus en ce qui a trait \u00e0 l\u2019innovation de Bio-Brick Labs?<\/strong><\/strong><br>La durabilit\u00e9 et la r\u00e9duction des \u00e9missions de carbone sont des initiatives cruciales pour notre plan\u00e8te, et le secteur de la construction est souvent critiqu\u00e9 pour ne pas en faire assez \u00e0 cet \u00e9gard. Les jeunes entrepreneurs qui ont cr\u00e9\u00e9 ce nouveau produit int\u00e9ressant font un travail remarquable pour changer la donne.<\/p>\n\n\n\n<p class=\"has-normal-font-size\"><strong>Pourquoi consid\u00e9rez-vous qu\u2019il est important de faire partie du programme de mentorat CONtact?<\/strong><br>Malheureusement, le secteur de la construction a pris du retard par rapport \u00e0 de nombreux autres secteurs en ce qui concerne l\u2019innovation et les progr\u00e8s en mati\u00e8re de durabilit\u00e9 et d\u2019efficacit\u00e9 d\u2019ex\u00e9cution. Cela est enrichissant d\u2019aider ceux qui tentent de rem\u00e9dier \u00e0 cette situation, car notre secteur d\u00e9pend de la technologie que mettent au point ces innovateurs.<\/p>\n\n\n\n<p class=\"has-normal-font-size\"><strong>Alors que nous cherchons \u00e0 encourager de nouveaux innovateurs \u00e0 pr\u00e9senter leur candidature au programme CONtact \u00e0 l\u2019avenir, quels sont les domaines dans lesquels vous souhaiteriez voir davantage d\u2019innovation?<\/strong><br>Puisque la disponibilit\u00e9 de main-d\u2019\u0153uvre continue d\u2019\u00eatre un enjeu crucial dans le secteur de la construction, je crois qu\u2019il est essentiel de continuer d\u2019explorer des innovations qui permettent d\u2019am\u00e9liorer l\u2019efficacit\u00e9 d\u2019ex\u00e9cution.<\/p>\n\n\n\n<p>D\u00e9couvrez comment vous pouvez <strong><a href=\"https:\/\/www.cca-acc.com\/fr\/services-aux-membres\/programme-de-mentorat-contact\/\" data-type=\"URL\" data-id=\"https:\/\/www.cca-acc.com\/fr\/services-aux-membres\/programme-de-mentorat-contact\/\" target=\"_blank\" rel=\"noreferrer noopener\">devenir mentor\u00e9 ou mentor du programme CONtact \u2197<\/a><\/strong><\/p>\n<\/div><\/div>\n","protected":false},"excerpt":{"rendered":"<p>Bio-Brick Labs est choisi le gagnant de l\u2019innovation la plus int\u00e9ressante \u00e0 la Conf\u00e9rence annuelle de l\u2019ACC Le programme de mentorat CONtact, lanc\u00e9 en 2018 par l\u2019ACC en partenariat avec le Conseil national de recherches Canada, vise \u00e0 jumeler des innovateurs et des entrepreneurs en herbe du secteur de la construction avec des experts de [&hellip;]<\/p>\n","protected":false},"author":1,"featured_media":0,"parent":15923,"menu_order":3,"comment_status":"closed","ping_status":"closed","template":"","meta":{"_acf_changed":false,"footnotes":""},"class_list":["post-39985","page","type-page","status-publish","hentry"],"acf":[],"_links":{"self":[{"href":"https:\/\/www.cca-acc.com\/fr\/wp-json\/wp\/v2\/pages\/39985","targetHints":{"allow":["GET"]}}],"collection":[{"href":"https:\/\/www.cca-acc.com\/fr\/wp-json\/wp\/v2\/pages"}],"about":[{"href":"https:\/\/www.cca-acc.com\/fr\/wp-json\/wp\/v2\/types\/page"}],"author":[{"embeddable":true,"href":"https:\/\/www.cca-acc.com\/fr\/wp-json\/wp\/v2\/users\/1"}],"replies":[{"embeddable":true,"href":"https:\/\/www.cca-acc.com\/fr\/wp-json\/wp\/v2\/comments?post=39985"}],"version-history":[{"count":3,"href":"https:\/\/www.cca-acc.com\/fr\/wp-json\/wp\/v2\/pages\/39985\/revisions"}],"predecessor-version":[{"id":39998,"href":"https:\/\/www.cca-acc.com\/fr\/wp-json\/wp\/v2\/pages\/39985\/revisions\/39998"}],"up":[{"embeddable":true,"href":"https:\/\/www.cca-acc.com\/fr\/wp-json\/wp\/v2\/pages\/15923"}],"wp:attachment":[{"href":"https:\/\/www.cca-acc.com\/fr\/wp-json\/wp\/v2\/media?parent=39985"}],"curies":[{"name":"wp","href":"https:\/\/api.w.org\/{rel}","templated":true}]}}