{"id":41989,"date":"2023-08-01T15:46:32","date_gmt":"2023-08-01T19:46:32","guid":{"rendered":"https:\/\/www.cca-acc.com\/?page_id=41989"},"modified":"2023-08-01T15:46:33","modified_gmt":"2023-08-01T19:46:33","slug":"plan-dinfrastructure-canadien-en-matiere-de-commerce","status":"publish","type":"page","link":"https:\/\/www.cca-acc.com\/fr\/plan-dinfrastructure-canadien-en-matiere-de-commerce\/","title":{"rendered":"Plan d\u2019infrastructure canadien en mati\u00e8re de commerce"},"content":{"rendered":"\n<p>Le commerce est essentiel \u00e0 la prosp\u00e9rit\u00e9 \u00e9conomique, mais notre infrastructure commerciale n&#8217;est pas \u00e0 la hauteur pour acheminer les produits canadiens vers les march\u00e9s internationaux. Pendant trop longtemps, le Canada a donn\u00e9 la priorit\u00e9 \u00e0 des projets pr\u00eats \u00e0 d\u00e9marrer plut\u00f4t qu&#8217;\u00e0 en valoir la peine. Parmi nos concurrents commerciaux, seul le Canada manque de planification coh\u00e9rente et \u00e0 long terme de l&#8217;infrastructure commerciale.<\/p>\n\n\n\n<p><strong>Nous devons corriger cela maintenant. Les gouvernements et l&#8217;industrie doivent se concerter pour \u00e9laborer un Plan d&#8217;infrastructure commerciale du Canada (PICT).<\/strong><\/p>\n\n\n\n<p>Selon un <a href=\"https:\/\/www.ipsos.com\/fr-ca\/plus-de-90-des-canadiens-pensent-que-le-commerce-est-important-pour-leconomie-du-pays-mais\" target=\"_blank\" rel=\"noreferrer noopener\">sondage Ipsos de juin\u00a02023<\/a>, presque toute la population canadienne (95\u00a0%) estime que les infrastructures commerciales du Canada, comme les autoroutes, les ports, les chemins de fer et les a\u00e9roports, sont importantes pour l\u2019\u00e9conomie canadienne. <strong>Toutefois, seulement 9\u00a0% des Canadiennes et Canadiens pensent que les infrastructures commerciales du Canada sont en bon \u00e9tat.<\/strong><\/p>\n\n\n\n<p>L&#8217;industrie gagne du terrain dans sa qu\u00eate d&#8217;investissements accrus dans les portes d&#8217;entr\u00e9e et les corridors commerciaux cl\u00e9s du pays. Le d\u00e9clin de la r\u00e9putation du Canada en tant que partenaire commercial mondial a fait l&#8217;objet d&#8217;une pr\u00e9sentation le 12 juillet aux premiers ministres provinciaux et aux dirigeants territoriaux par une coalition de partenaires, comprenant l&#8217;Association canadienne de la construction, le Conseil canadien des affaires, la Chambre de commerce du Canada, la Canada West Foundation, les Manufacturiers et Exportateurs du Canada, la Civil Infrastructure Council Corporation et la Western Canada Roadbuilders and Heavy Construction Association, qui plaide en faveur d&#8217;un plan d&#8217;infrastructure commerciale du Canada.<\/p>\n\n\n\n<p><a href=\"https:\/\/www.cca-acc.com\/fr\/plus\/les-premiers-ministres-du-canada-approuvent-la-proposition-dinvestissement-dans-les-infrastructures-favorisant-le-commerce-soutenue-par-lacc\/\"><strong>Plus d&#8217;informations dans PLUS+<\/strong><\/a><\/p>\n","protected":false},"excerpt":{"rendered":"<p>Le commerce est essentiel \u00e0 la prosp\u00e9rit\u00e9 \u00e9conomique, mais notre infrastructure commerciale n&#8217;est pas \u00e0 la hauteur pour acheminer les produits canadiens vers les march\u00e9s internationaux. Pendant trop longtemps, le Canada a donn\u00e9 la priorit\u00e9 \u00e0 des projets pr\u00eats \u00e0 d\u00e9marrer plut\u00f4t qu&#8217;\u00e0 en valoir la peine. Parmi nos concurrents commerciaux, seul le Canada manque [&hellip;]<\/p>\n","protected":false},"author":36,"featured_media":41987,"parent":0,"menu_order":0,"comment_status":"closed","ping_status":"closed","template":"","meta":{"_acf_changed":false,"footnotes":""},"class_list":["post-41989","page","type-page","status-publish","has-post-thumbnail","hentry"],"acf":[],"_links":{"self":[{"href":"https:\/\/www.cca-acc.com\/fr\/wp-json\/wp\/v2\/pages\/41989","targetHints":{"allow":["GET"]}}],"collection":[{"href":"https:\/\/www.cca-acc.com\/fr\/wp-json\/wp\/v2\/pages"}],"about":[{"href":"https:\/\/www.cca-acc.com\/fr\/wp-json\/wp\/v2\/types\/page"}],"author":[{"embeddable":true,"href":"https:\/\/www.cca-acc.com\/fr\/wp-json\/wp\/v2\/users\/36"}],"replies":[{"embeddable":true,"href":"https:\/\/www.cca-acc.com\/fr\/wp-json\/wp\/v2\/comments?post=41989"}],"version-history":[{"count":1,"href":"https:\/\/www.cca-acc.com\/fr\/wp-json\/wp\/v2\/pages\/41989\/revisions"}],"predecessor-version":[{"id":41990,"href":"https:\/\/www.cca-acc.com\/fr\/wp-json\/wp\/v2\/pages\/41989\/revisions\/41990"}],"wp:featuredmedia":[{"embeddable":true,"href":"https:\/\/www.cca-acc.com\/fr\/wp-json\/wp\/v2\/media\/41987"}],"wp:attachment":[{"href":"https:\/\/www.cca-acc.com\/fr\/wp-json\/wp\/v2\/media?parent=41989"}],"curies":[{"name":"wp","href":"https:\/\/api.w.org\/{rel}","templated":true}]}}