{"id":42517,"date":"2023-09-06T17:33:03","date_gmt":"2023-09-06T21:33:03","guid":{"rendered":"https:\/\/www.cca-acc.com\/?page_id=42517"},"modified":"2025-09-25T11:11:55","modified_gmt":"2025-09-25T15:11:55","slug":"reunions-preparatoires","status":"publish","type":"page","link":"https:\/\/www.cca-acc.com\/fr\/evenements\/conference-annuelle-acc\/reunions-preparatoires\/","title":{"rendered":"R\u00e9unions pr\u00e9paratoires"},"content":{"rendered":"\n<div class=\"wp-block-columns alignwide has-background is-layout-flex wp-container-core-columns-is-layout-9d6595d7 wp-block-columns-is-layout-flex\" style=\"background:linear-gradient(135deg,rgb(238,238,238) 0%,rgb(238,238,238) 100%)\">\n<div class=\"wp-block-column is-layout-flow wp-block-column-is-layout-flow\">\n<p class=\"has-text-align-center has-primary-color has-text-color has-link-color has-small-font-size wp-elements-e609e0e77da4a6d9046f4902cac59624\"><a href=\"https:\/\/www.cca-acc.com\/fr\/evenements\/conference-annuelle-acc\/\" data-type=\"link\" data-id=\"https:\/\/www.cca-acc.com\/fr\/evenements\/conference-annuelle-acc\/\" target=\"_blank\" rel=\"noreferrer noopener\">L&#8217;inscription<\/a><\/p>\n<\/div>\n\n\n\n<div class=\"wp-block-column is-layout-flow wp-block-column-is-layout-flow\">\n<p class=\"has-text-align-center has-primary-color has-text-color has-link-color has-small-font-size wp-elements-7ae032e1d63739d88ef0676cf554c9cb\"><a href=\"https:\/\/www.cca-acc.com\/fr\/evenements\/conference-annuelle-acc\/faq\" data-type=\"link\" data-id=\"https:\/\/www.cca-acc.com\/fr\/evenements\/conference-annuelle-acc\/faq\" target=\"_blank\" rel=\"noreferrer noopener\">Questions fr\u00e9quentes<\/a><\/p>\n<\/div>\n\n\n\n<div class=\"wp-block-column is-layout-flow wp-block-column-is-layout-flow\">\n<p class=\"has-text-align-center has-primary-color has-text-color has-link-color has-small-font-size wp-elements-41586faf052979c0a6ff40a18322fe84\"><a href=\"https:\/\/www.cca-acc.com\/fr\/evenements\/conference-annuelle-acc\/programme\/\" target=\"_blank\" rel=\"noreferrer noopener\">Programme<\/a><\/p>\n<\/div>\n\n\n\n<div class=\"wp-block-column is-layout-flow wp-block-column-is-layout-flow\">\n<p class=\"has-text-align-center has-primary-color has-text-color has-link-color has-small-font-size wp-elements-fb1530694e0d96f52a25db73c563cabd\"><a href=\"https:\/\/www.cca-acc.com\/fr\/evenements\/conference-annuelle-acc\/voyage-et-destination\/\" target=\"_blank\" rel=\"noreferrer noopener\">H\u00f4tel et voyage<\/a><\/p>\n<\/div>\n\n\n\n<div class=\"wp-block-column is-layout-flow wp-block-column-is-layout-flow\">\n<p class=\"has-text-align-center has-primary-color has-text-color has-link-color has-small-font-size wp-elements-eb1382c12579ba17a9975fcef21b7824\"><a href=\"https:\/\/www.cca-acc.com\/fr\/evenements\/conference-annuelle-acc\/conferenciers\/\" data-type=\"link\" data-id=\"https:\/\/www.cca-acc.com\/fr\/evenements\/conference-annuelle-acc\/conferenciers\/\">Conf\u00e9renciers<\/a><\/p>\n<\/div>\n\n\n\n<div class=\"wp-block-column is-layout-flow wp-block-column-is-layout-flow\">\n<p class=\"has-text-align-center has-brand-color has-text-color has-link-color has-small-font-size wp-elements-df99d39f4c388d79b85c1626dda63319\"><strong>Reunions-preparatoires<\/strong><\/p>\n<\/div>\n<\/div>\n\n\n\n<div class=\"wp-block-group\"><div class=\"wp-block-group__inner-container is-layout-constrained wp-block-group-is-layout-constrained\">\n<p>Rejoignez-nous les 8 et 9&nbsp;mars&nbsp;2026 \u00e0 San Diego pour les r\u00e9unions d\u2019affaires de l\u2019ACC, qui se d\u00e9roulent avant la Conf\u00e9rence annuelle de l\u2019ACC. Il s\u2019agit notamment de notre assembl\u00e9e g\u00e9n\u00e9rale annuelle (r\u00e9serv\u00e9e aux membres) et des r\u00e9unions des conseils consultatifs nationaux (CCN) (toute personne peut s\u2019inscrire pour y assister en tant qu\u2019observateur).<\/p>\n\n\n\n<p><strong><strong>L\u2019assembl\u00e9e g\u00e9n\u00e9rale annuelle n\u00e9cessite une inscription s\u00e9par\u00e9e. <\/strong><\/strong><\/p>\n\n\n<div class=\"\"><a href=\"https:\/\/app.certain.com\/profile\/form\/index.cfm?PKformID=0x3461383c38e\"  class=\" cca_purple btn_solid\" target=\"_blank\">Inscrivez-vous \u00e0 l\u2019AGA de l&#8217;ACC<\/a>\n<\/div>\n\n\n\n\n\n<div style=\"height:13px\" aria-hidden=\"true\" class=\"wp-block-spacer\"><\/div>\n\n\n\n<p>Si vous souhaitez observer le fonctionnement de nos conseils consultatifs nationaux, veuillez vous <a href=\"https:\/\/app.certain.com\/profile\/form\/index.cfm?PKformID=0x3461098abcd\" target=\"_blank\" rel=\"noreferrer noopener\">inscrire ici<\/a>.<\/p>\n\n\n\n<figure class=\"wp-block-table\"><table class=\"has-fixed-layout\"><tbody><tr><td>R\u00e9union du conseil d\u2019administration de l\u2019ACC (\u00e0 huis clos)<\/td><td>Dimanche, le 8&nbsp;mars&nbsp;2026<\/td><td>13&nbsp;h \u2013 16&nbsp;h<\/td><\/tr><tr><td>Conseil d\u2019administration de l\u2019ACC et CCN, avec ensuite une r\u00e9union d\u2019information du pr\u00e9sident<\/td><td>Lundi, le 9 mars 2026<\/td><td>7&nbsp;h \u2013 8&nbsp;h&nbsp;30<\/td><\/tr><tr><td>R\u00e9unions des CCN<\/td><td>Lundi, le 9 mars 2026<\/td><td>8 h&nbsp;45 \u2013 12&nbsp;h&nbsp;30<\/td><\/tr><tr><td>AGA de l\u2019ACC<\/td><td>Lundi, le 9 mars 2026<\/td><td>13&nbsp;h&nbsp;30 \u2013 14&nbsp;h&nbsp;30<\/td><\/tr><\/tbody><\/table><\/figure>\n\n\n\n<p>Si vous avez des questions concernant l\u2019une de ces r\u00e9unions, veuillez envoyer un courriel \u00e0 l\u2019adresse <a href=\"mailto:infoconference@cca-acc.com\">infoconference@cca-acc.com<\/a>.<\/p>\n<\/div><\/div>\n\n\n\n<div class=\"wp-block-group alignfull has-brand-background-color has-background\"><div class=\"wp-block-group__inner-container is-layout-constrained wp-block-group-is-layout-constrained\">\n<h4 class=\"wp-block-heading has-text-align-center has-background-color has-text-color has-link-color wp-elements-524bcdb5d3b072e035cf740b1e264f7a\">Pour toute question relative \u00e0 l\u2019\u00e9v\u00e9nement, veuillez communiquer avec Theresa Ellwood au 613-236-9455 poste 112 ou \u00e0 l\u2019adresse courriel tellwood@cca-acc.com<br><\/h4>\n\n\n\n<h4 class=\"wp-block-heading has-text-align-center\">Pour les possibilit\u00e9s de commandite, veuillez communiquer avec Nicole Emmett au 613-236-9455 poste 105 ou \u00e0 l\u2019adresse courriel nemmett@cca-acc.com<\/h4>\n<\/div><\/div>\n","protected":false},"excerpt":{"rendered":"<p>L&#8217;inscription Questions fr\u00e9quentes Programme H\u00f4tel et voyage Conf\u00e9renciers Reunions-preparatoires Rejoignez-nous les 8 et 9&nbsp;mars&nbsp;2026 \u00e0 San Diego pour les r\u00e9unions d\u2019affaires de l\u2019ACC, qui se d\u00e9roulent avant la Conf\u00e9rence annuelle de l\u2019ACC. Il s\u2019agit notamment de notre assembl\u00e9e g\u00e9n\u00e9rale annuelle (r\u00e9serv\u00e9e aux membres) et des r\u00e9unions des conseils consultatifs nationaux (CCN) (toute personne peut s\u2019inscrire [&hellip;]<\/p>\n","protected":false},"author":1,"featured_media":72004,"parent":16174,"menu_order":0,"comment_status":"closed","ping_status":"closed","template":"","meta":{"_acf_changed":false,"footnotes":""},"class_list":["post-42517","page","type-page","status-publish","has-post-thumbnail","hentry"],"acf":[],"_links":{"self":[{"href":"https:\/\/www.cca-acc.com\/fr\/wp-json\/wp\/v2\/pages\/42517","targetHints":{"allow":["GET"]}}],"collection":[{"href":"https:\/\/www.cca-acc.com\/fr\/wp-json\/wp\/v2\/pages"}],"about":[{"href":"https:\/\/www.cca-acc.com\/fr\/wp-json\/wp\/v2\/types\/page"}],"author":[{"embeddable":true,"href":"https:\/\/www.cca-acc.com\/fr\/wp-json\/wp\/v2\/users\/1"}],"replies":[{"embeddable":true,"href":"https:\/\/www.cca-acc.com\/fr\/wp-json\/wp\/v2\/comments?post=42517"}],"version-history":[{"count":35,"href":"https:\/\/www.cca-acc.com\/fr\/wp-json\/wp\/v2\/pages\/42517\/revisions"}],"predecessor-version":[{"id":72675,"href":"https:\/\/www.cca-acc.com\/fr\/wp-json\/wp\/v2\/pages\/42517\/revisions\/72675"}],"up":[{"embeddable":true,"href":"https:\/\/www.cca-acc.com\/fr\/wp-json\/wp\/v2\/pages\/16174"}],"wp:featuredmedia":[{"embeddable":true,"href":"https:\/\/www.cca-acc.com\/fr\/wp-json\/wp\/v2\/media\/72004"}],"wp:attachment":[{"href":"https:\/\/www.cca-acc.com\/fr\/wp-json\/wp\/v2\/media?parent=42517"}],"curies":[{"name":"wp","href":"https:\/\/api.w.org\/{rel}","templated":true}]}}