{"id":45813,"date":"2023-12-06T14:50:07","date_gmt":"2023-12-06T19:50:07","guid":{"rendered":"https:\/\/www.cca-acc.com\/?page_id=45813"},"modified":"2023-12-06T14:51:29","modified_gmt":"2023-12-06T19:51:29","slug":"merci-davoir-complete-lauto-evaluation","status":"publish","type":"page","link":"https:\/\/www.cca-acc.com\/fr\/merci-davoir-complete-lauto-evaluation\/","title":{"rendered":"Merci d&#8217;avoir compl\u00e9t\u00e9 l&#8217;auto-\u00e9valuation"},"content":{"rendered":"\n<p>L&#8217;adh\u00e9sion \u00e0 l&#8217;ACC est ouverte aux entreprises de construction et non aux particuliers. Pour inscrire votre entreprise, veuillez s\u00e9lectionner &#8220;entreprise&#8221; et continuer.<br><br>Nous vous invitons \u00e9galement \u00e0 vous tenir au courant des activit\u00e9s de l&#8217;ACC et de l&#8217;industrie canadienne de la construction en vous inscrivant \u00e0 notre liste de diffusion.<\/p>\n\n\n<div class=\"\"><a href=\"https:\/\/cca-acc.com\/fr\/sabonner-aux-mises-a-jour\/\"  class=\" cca_purple btn_outlined\" target=\"_self\">S&#8217;abonner<\/a>\n<\/div>\n\n\n\n\n\n<p>Vous \u00eates \u00e9galement invit\u00e9 \u00e0 envisager de vous inscrire \u00e0 notre programme de certification Sceau d&#8217;or afin de faire progresser votre carri\u00e8re dans la construction. Pour plus d&#8217;informations, veuillez cliquer sur le bouton ci-dessous.<\/p>\n\n\n<div class=\"\"><a href=\"https:\/\/cca-acc.com\/fr\/excellence-de-la-main-doeuvre\/sceau-dor\/\"  class=\" cca_purple btn_outlined\" target=\"_blank\">Certification Sceau d\u2019or<\/a>\n<\/div>\n\n\n","protected":false},"excerpt":{"rendered":"<p>L&#8217;adh\u00e9sion \u00e0 l&#8217;ACC est ouverte aux entreprises de construction et non aux particuliers. Pour inscrire votre entreprise, veuillez s\u00e9lectionner &#8220;entreprise&#8221; et continuer. Nous vous invitons \u00e9galement \u00e0 vous tenir au courant des activit\u00e9s de l&#8217;ACC et de l&#8217;industrie canadienne de la construction en vous inscrivant \u00e0 notre liste de diffusion. Vous \u00eates \u00e9galement invit\u00e9 \u00e0 [&hellip;]<\/p>\n","protected":false},"author":24,"featured_media":0,"parent":0,"menu_order":0,"comment_status":"closed","ping_status":"closed","template":"","meta":{"_acf_changed":false,"footnotes":""},"class_list":["post-45813","page","type-page","status-publish","hentry"],"acf":[],"_links":{"self":[{"href":"https:\/\/www.cca-acc.com\/fr\/wp-json\/wp\/v2\/pages\/45813","targetHints":{"allow":["GET"]}}],"collection":[{"href":"https:\/\/www.cca-acc.com\/fr\/wp-json\/wp\/v2\/pages"}],"about":[{"href":"https:\/\/www.cca-acc.com\/fr\/wp-json\/wp\/v2\/types\/page"}],"author":[{"embeddable":true,"href":"https:\/\/www.cca-acc.com\/fr\/wp-json\/wp\/v2\/users\/24"}],"replies":[{"embeddable":true,"href":"https:\/\/www.cca-acc.com\/fr\/wp-json\/wp\/v2\/comments?post=45813"}],"version-history":[{"count":1,"href":"https:\/\/www.cca-acc.com\/fr\/wp-json\/wp\/v2\/pages\/45813\/revisions"}],"predecessor-version":[{"id":45814,"href":"https:\/\/www.cca-acc.com\/fr\/wp-json\/wp\/v2\/pages\/45813\/revisions\/45814"}],"wp:attachment":[{"href":"https:\/\/www.cca-acc.com\/fr\/wp-json\/wp\/v2\/media?parent=45813"}],"curies":[{"name":"wp","href":"https:\/\/api.w.org\/{rel}","templated":true}]}}