{"id":45819,"date":"2023-12-06T15:00:58","date_gmt":"2023-12-06T20:00:58","guid":{"rendered":"https:\/\/www.cca-acc.com\/?page_id=45819"},"modified":"2026-01-22T14:55:06","modified_gmt":"2026-01-22T19:55:06","slug":"devenir-un-membre-integre","status":"publish","type":"page","link":"https:\/\/www.cca-acc.com\/fr\/devenir-un-membre-integre\/","title":{"rendered":"Devenir un membre int\u00e9gr\u00e9"},"content":{"rendered":"\n<p>L&#8217;adh\u00e9sion int\u00e9gr\u00e9e repr\u00e9sente la force et l&#8217;unit\u00e9 de notre industrie et permet aux membres de se faire entendre aux niveaux local, provincial\/territorial, r\u00e9gional et national.<\/p>\n\n\n\n<p>En plus des avantages et des services que vous recevez par l&#8217;entremise de votre association locale de la construction, vous contribuerez \u00e0 l&#8217;\u00e9laboration et \u00e0 la publication des documents et des guides du CCDC et de l&#8217;ACC, vous influencerez les efforts de repr\u00e9sentation de l&#8217;ACC au niveau national, vous aurez la possibilit\u00e9 de soumettre votre nom pour si\u00e9ger au conseil d&#8217;administration, aux comit\u00e9s du conseil et aux conseils consultatifs nationaux de l&#8217;ACC et vous aurez acc\u00e8s \u00e0 des frais de d\u00e9l\u00e9gation r\u00e9duits pour assister \u00e0 la conf\u00e9rence annuelle de l&#8217;ACC afin d&#8217;\u00e9tablir des r\u00e9seaux, de collaborer et d&#8217;apprendre des chefs de file de l&#8217;industrie.<\/p>\n\n\n\n<p>Pour trouver l&#8217;association qui vous convient et devenir un membre int\u00e9gr\u00e9, veuillez cliquer sur le bouton ci-dessous.<\/p>\n\n\n<div class=\"\"><a href=\"\/fr\/adhesion\/repertoire-des-associations-partenaires\/\"  class=\" cca_purple btn_outlined\" target=\"_blank\">Voir nos associations partenaires<\/a>\n<\/div>\n\n\n\n\n\n<p>Vous n&#8217;\u00eates pas s\u00fbr que cette formule vous convienne ? Nous vous invitons \u00e0 prendre rendez-vous avec un membre du personnel pour trouver l&#8217;affiliation qui convient \u00e0 votre entreprise. Pour prendre rendez-vous avec un membre du personnel de l&#8217;ACC, veuillez cliquer sur le bouton ci-dessous.<\/p>\n\n\n<div class=\"\"><a href=\"mailto:membre@cca-acc.com?subject=Demande%20d'adh\u00e9sion%20int\u00e9gr\u00e9e\"  class=\" cca_purple btn_outlined\" target=\"_blank\">Organiser une r\u00e9union de pr\u00e9sentation<\/a>\n<\/div>\n\n\n","protected":false},"excerpt":{"rendered":"<p>L&#8217;adh\u00e9sion int\u00e9gr\u00e9e repr\u00e9sente la force et l&#8217;unit\u00e9 de notre industrie et permet aux membres de se faire entendre aux niveaux local, provincial\/territorial, r\u00e9gional et national. En plus des avantages et des services que vous recevez par l&#8217;entremise de votre association locale de la construction, vous contribuerez \u00e0 l&#8217;\u00e9laboration et \u00e0 la publication des documents et [&hellip;]<\/p>\n","protected":false},"author":24,"featured_media":0,"parent":0,"menu_order":0,"comment_status":"closed","ping_status":"closed","template":"","meta":{"_acf_changed":false,"footnotes":""},"class_list":["post-45819","page","type-page","status-publish","hentry"],"acf":[],"_links":{"self":[{"href":"https:\/\/www.cca-acc.com\/fr\/wp-json\/wp\/v2\/pages\/45819","targetHints":{"allow":["GET"]}}],"collection":[{"href":"https:\/\/www.cca-acc.com\/fr\/wp-json\/wp\/v2\/pages"}],"about":[{"href":"https:\/\/www.cca-acc.com\/fr\/wp-json\/wp\/v2\/types\/page"}],"author":[{"embeddable":true,"href":"https:\/\/www.cca-acc.com\/fr\/wp-json\/wp\/v2\/users\/24"}],"replies":[{"embeddable":true,"href":"https:\/\/www.cca-acc.com\/fr\/wp-json\/wp\/v2\/comments?post=45819"}],"version-history":[{"count":2,"href":"https:\/\/www.cca-acc.com\/fr\/wp-json\/wp\/v2\/pages\/45819\/revisions"}],"predecessor-version":[{"id":76355,"href":"https:\/\/www.cca-acc.com\/fr\/wp-json\/wp\/v2\/pages\/45819\/revisions\/76355"}],"wp:attachment":[{"href":"https:\/\/www.cca-acc.com\/fr\/wp-json\/wp\/v2\/media?parent=45819"}],"curies":[{"name":"wp","href":"https:\/\/api.w.org\/{rel}","templated":true}]}}