{"id":45827,"date":"2023-12-06T15:06:05","date_gmt":"2023-12-06T20:06:05","guid":{"rendered":"https:\/\/www.cca-acc.com\/?page_id=45827"},"modified":"2023-12-06T15:10:06","modified_gmt":"2023-12-06T20:10:06","slug":"thank-you-for-completing-the-self-assessment","status":"publish","type":"page","link":"https:\/\/www.cca-acc.com\/fr\/thank-you-for-completing-the-self-assessment\/","title":{"rendered":"Merci d&#8217;avoir compl\u00e9t\u00e9 l&#8217;auto-\u00e9valuation"},"content":{"rendered":"\n<p>Pr\u00eat \u00e0 devenir membre corporatif de l&#8217;ACC ? Les membres corporatifs sont des entreprises qui adh\u00e8rent directement \u00e0 l&#8217;ACC et dont l&#8217;adh\u00e9sion est renouvel\u00e9e annuellement. Tout comme vous, la majorit\u00e9 de nos membres corporatifs sont d\u00e9j\u00e0 des membres int\u00e9gr\u00e9s par le biais de l&#8217;une de nos associations partenaires, b\u00e9n\u00e9ficiant d&#8217;une repr\u00e9sentation locale, provinciale et nationale, et cherchant \u00e0 avoir un impact plus important au niveau national.<\/p>\n\n\n\n<p>Pour faire une demande d&#8217;adh\u00e9sion en tant que membre corporatif, veuillez cliquer sur le bouton ci-dessous pour remplir le formulaire de demande et cr\u00e9er votre compte CCA.<\/p>\n\n\n\n<div class=\"wp-block-columns is-layout-flex wp-container-core-columns-is-layout-9d6595d7 wp-block-columns-is-layout-flex\">\n<div class=\"wp-block-column is-layout-flow wp-block-column-is-layout-flow\">\n<button class='cca_purple btn_outlined btn' style='text-transform: none' id='create-account-button'>Commencer ma candidature<\/button>\n\n\n\n<div id=\"account-notification\"><\/div>\n<\/div>\n\n\n\n<div class=\"wp-block-column is-layout-flow wp-block-column-is-layout-flow\"><\/div>\n<\/div>\n\n\n\n<p>Vous n&#8217;\u00eates pas s\u00fbr que cette formule vous convienne ? Nous vous invitons \u00e0 prendre rendez-vous avec un membre du personnel pour trouver l&#8217;affiliation qui convient \u00e0 votre entreprise. Pour prendre rendez-vous avec un membre du personnel de l&#8217;ACC, veuillez cliquer sur le bouton ci-dessous.<\/p>\n\n\n<div class=\"\"><a href=\"https:\/\/calendly.com\/cpagliarello\/30min\"  class=\" cca_purple btn_outlined\" target=\"_blank\">Organiser une r\u00e9union de pr\u00e9sentation<\/a>\n<\/div>\n\n\n","protected":false},"excerpt":{"rendered":"<p>Pr\u00eat \u00e0 devenir membre corporatif de l&#8217;ACC ? Les membres corporatifs sont des entreprises qui adh\u00e8rent directement \u00e0 l&#8217;ACC et dont l&#8217;adh\u00e9sion est renouvel\u00e9e annuellement. Tout comme vous, la majorit\u00e9 de nos membres corporatifs sont d\u00e9j\u00e0 des membres int\u00e9gr\u00e9s par le biais de l&#8217;une de nos associations partenaires, b\u00e9n\u00e9ficiant d&#8217;une repr\u00e9sentation locale, provinciale et nationale, [&hellip;]<\/p>\n","protected":false},"author":24,"featured_media":0,"parent":0,"menu_order":0,"comment_status":"closed","ping_status":"closed","template":"templates\/template-onboarding-confirmation.php","meta":{"_acf_changed":false,"footnotes":""},"class_list":["post-45827","page","type-page","status-publish","hentry"],"acf":[],"_links":{"self":[{"href":"https:\/\/www.cca-acc.com\/fr\/wp-json\/wp\/v2\/pages\/45827","targetHints":{"allow":["GET"]}}],"collection":[{"href":"https:\/\/www.cca-acc.com\/fr\/wp-json\/wp\/v2\/pages"}],"about":[{"href":"https:\/\/www.cca-acc.com\/fr\/wp-json\/wp\/v2\/types\/page"}],"author":[{"embeddable":true,"href":"https:\/\/www.cca-acc.com\/fr\/wp-json\/wp\/v2\/users\/24"}],"replies":[{"embeddable":true,"href":"https:\/\/www.cca-acc.com\/fr\/wp-json\/wp\/v2\/comments?post=45827"}],"version-history":[{"count":1,"href":"https:\/\/www.cca-acc.com\/fr\/wp-json\/wp\/v2\/pages\/45827\/revisions"}],"predecessor-version":[{"id":45828,"href":"https:\/\/www.cca-acc.com\/fr\/wp-json\/wp\/v2\/pages\/45827\/revisions\/45828"}],"wp:attachment":[{"href":"https:\/\/www.cca-acc.com\/fr\/wp-json\/wp\/v2\/media?parent=45827"}],"curies":[{"name":"wp","href":"https:\/\/api.w.org\/{rel}","templated":true}]}}