{"id":46082,"date":"2023-12-11T15:24:05","date_gmt":"2023-12-11T20:24:05","guid":{"rendered":"https:\/\/www.cca-acc.com\/?page_id=46082"},"modified":"2024-01-15T11:24:59","modified_gmt":"2024-01-15T16:24:59","slug":"investissements-dans-les-infrastructures","status":"publish","type":"page","link":"https:\/\/www.cca-acc.com\/fr\/defense-des-interets\/investissements-dans-les-infrastructures\/","title":{"rendered":"Investissements dans les infrastructures"},"content":{"rendered":"\n<p>Les infrastructures du Canada ont souffert d\u2019un sous-financement chronique, ce qui a entra\u00een\u00e9 une d\u00e9t\u00e9rioration rapide de nos infrastructures et, par cons\u00e9quent, de notre r\u00e9putation en tant que partenaire commercial fiable.&nbsp;<\/p>\n\n\n<p style=\"padding-left: 40px;\">Lisez le <a href=\"http:\/\/canadianinfrastructure.ca\/downloads\/bulletin-rendement-infrastructures-canadiennes-2019.pdf\"><em>Bulletin de rendement des infrastructures canadiennes<\/em><\/a> (BRIC)<\/p>\n\n\n<p>Nous devons passer des solutions palliatives \u00e0 une strat\u00e9gie ax\u00e9e sur des solutions \u00e0 long terme et \u00e0 valeur ajout\u00e9e pour les Canadiens.<\/p>\n\n\n\n<p>Les investissements dans les infrastructures sont des investissements dans l\u2019\u00e9conomie de croissance du Canada ainsi que dans la sant\u00e9, la s\u00e9curit\u00e9 et le bien-\u00eatre des Canadiens. Qu\u2019il s\u2019agisse d\u2019h\u00f4pitaux, d\u2019\u00e9coles, de routes, d\u2019entrep\u00f4ts, d\u2019usines d\u2019\u00e9puration ou d\u2019autoroutes, l\u2019\u00e9conomie a besoin d\u2019infrastructures fiables pour favoriser la vie des Canadiens.<\/p>\n\n\n<div class=\"wp-block-image\">\n<figure class=\"aligncenter size-large\"><img loading=\"lazy\" decoding=\"async\" width=\"1024\" height=\"576\" src=\"https:\/\/www.cca-acc.com\/wp-content\/uploads\/2023\/12\/bucket_infrastructure-investment-1024x576.jpg\" alt=\"\" class=\"wp-image-46829\" srcset=\"https:\/\/www.cca-acc.com\/wp-content\/uploads\/2023\/12\/bucket_infrastructure-investment-1024x576.jpg 1024w, https:\/\/www.cca-acc.com\/wp-content\/uploads\/2023\/12\/bucket_infrastructure-investment-600x338.jpg 600w, https:\/\/www.cca-acc.com\/wp-content\/uploads\/2023\/12\/bucket_infrastructure-investment-300x169.jpg 300w, https:\/\/www.cca-acc.com\/wp-content\/uploads\/2023\/12\/bucket_infrastructure-investment-768x432.jpg 768w, https:\/\/www.cca-acc.com\/wp-content\/uploads\/2023\/12\/bucket_infrastructure-investment-1536x864.jpg 1536w, https:\/\/www.cca-acc.com\/wp-content\/uploads\/2023\/12\/bucket_infrastructure-investment-1200x675.jpg 1200w, https:\/\/www.cca-acc.com\/wp-content\/uploads\/2023\/12\/bucket_infrastructure-investment.jpg 1920w\" sizes=\"auto, (max-width: 1024px) 100vw, 1024px\" \/><\/figure>\n<\/div>\n\n\n<p>En tant que porte-parole et d\u00e9fenseur national des int\u00e9r\u00eats de l\u2019industrie, l\u2019ACC met tout en \u0153uvre pour aider \u00e0 l\u2019\u00e9laboration d\u2019un plan d\u2019investissements \u00e0 long terme dans les infrastructures durables. Ce plan doit cadrer avec les besoins actuels et futurs des provinces, des municipalit\u00e9s et des communaut\u00e9s autochtones. Une solution unique ne convient pas. Il faut davantage de consultations et une mobilisation pr\u00e9coce.<\/p>\n\n\n\n<p>Alors que des rapports indiquent que les infrastructures commerciales du Canada sont pass\u00e9es du 10e au 26e rang en mati\u00e8re de fiabilit\u00e9 (le Canada figurant au 32e rang en ce qui concerne les infrastructures de transport), l\u2019ACC travaille en partenariat avec d\u2019autres intervenants pour accro\u00eetre les investissements dans les corridors commerciaux. L\u2019am\u00e9lioration de nos infrastructures commerciales renforcera la capacit\u00e9 de la cha\u00eene d\u2019approvisionnement, appuiera l\u2019innovation verte et les technologies \u00e9mergentes, cr\u00e9era des emplois transformateurs et stimulera notre comp\u00e9titivit\u00e9 \u00e0 l\u2019\u00e9chelle mondiale.<\/p>\n\n\n<p style=\"padding-left: 40px;\">Lisez le rapport <a href=\"https:\/\/cwf.ca\/wp-content\/uploads\/2022\/05\/CWF_ShovelReadytoShovelWorthy_Report_WEB.pdf\"><em>From Shovel Read to Shovel Worthy: The Path to a National Trade Infrastructure Plan<\/em><\/a> (en anglais)<\/p>\n\n\n<p>Pr\u00e8s des deux tiers du PIB du Canada reposent sur le commerce, mais la concurrence mondiale s\u2019intensifie \u00e0 mesure que les pays s\u2019adaptent aux changements environnementaux, politiques et \u00e9conomiques qui s\u2019op\u00e8rent. Des mesures audacieuses sont n\u00e9cessaires d\u00e8s maintenant.<\/p>\n\n\n\n<p>L\u2019\u00e9tablissement d\u2019objectifs nationaux visant \u00e0 int\u00e9grer la durabilit\u00e9 dans nos infrastructures et la promotion d\u2019investissements dans les infrastructures propices au commerce ne sont que deux opportunit\u00e9s importantes pour le Canada. Les fonds doivent \u00eatre pr\u00e9visibles, \u00eatre vers\u00e9s rapidement et correspondre aux besoins des provinces, des municipalit\u00e9s et des communaut\u00e9s autochtones.<\/p>\n","protected":false},"excerpt":{"rendered":"<p>Les infrastructures du Canada ont souffert d\u2019un sous-financement chronique, ce qui a entra\u00een\u00e9 une d\u00e9t\u00e9rioration rapide de nos infrastructures et, par cons\u00e9quent, de notre r\u00e9putation en tant que partenaire commercial fiable.&nbsp; Lisez le Bulletin de rendement des infrastructures canadiennes (BRIC) Nous devons passer des solutions palliatives \u00e0 une strat\u00e9gie ax\u00e9e sur des solutions \u00e0 long [&hellip;]<\/p>\n","protected":false},"author":24,"featured_media":0,"parent":15874,"menu_order":0,"comment_status":"closed","ping_status":"closed","template":"","meta":{"_acf_changed":false,"footnotes":""},"class_list":["post-46082","page","type-page","status-publish","hentry"],"acf":[],"_links":{"self":[{"href":"https:\/\/www.cca-acc.com\/fr\/wp-json\/wp\/v2\/pages\/46082","targetHints":{"allow":["GET"]}}],"collection":[{"href":"https:\/\/www.cca-acc.com\/fr\/wp-json\/wp\/v2\/pages"}],"about":[{"href":"https:\/\/www.cca-acc.com\/fr\/wp-json\/wp\/v2\/types\/page"}],"author":[{"embeddable":true,"href":"https:\/\/www.cca-acc.com\/fr\/wp-json\/wp\/v2\/users\/24"}],"replies":[{"embeddable":true,"href":"https:\/\/www.cca-acc.com\/fr\/wp-json\/wp\/v2\/comments?post=46082"}],"version-history":[{"count":4,"href":"https:\/\/www.cca-acc.com\/fr\/wp-json\/wp\/v2\/pages\/46082\/revisions"}],"predecessor-version":[{"id":47794,"href":"https:\/\/www.cca-acc.com\/fr\/wp-json\/wp\/v2\/pages\/46082\/revisions\/47794"}],"up":[{"embeddable":true,"href":"https:\/\/www.cca-acc.com\/fr\/wp-json\/wp\/v2\/pages\/15874"}],"wp:attachment":[{"href":"https:\/\/www.cca-acc.com\/fr\/wp-json\/wp\/v2\/media?parent=46082"}],"curies":[{"name":"wp","href":"https:\/\/api.w.org\/{rel}","templated":true}]}}