{"id":46084,"date":"2023-12-11T15:24:44","date_gmt":"2023-12-11T20:24:44","guid":{"rendered":"https:\/\/www.cca-acc.com\/?page_id=46084"},"modified":"2024-01-15T11:23:21","modified_gmt":"2024-01-15T16:23:21","slug":"developpement-de-la-main-doeuvre","status":"publish","type":"page","link":"https:\/\/www.cca-acc.com\/fr\/defense-des-interets\/developpement-de-la-main-doeuvre\/","title":{"rendered":"D\u00e9veloppement de la main-d\u2019\u0153uvre"},"content":{"rendered":"\n<p>Le gouvernement f\u00e9d\u00e9ral a un plan de croissance ambitieux, lequel comprend la r\u00e9paration, l\u2019entretien et la modernisation des infrastructures vieillissantes, tout en veillant \u00e0 la construction ax\u00e9e sur la r\u00e9silience climatique. Mais m\u00eame les plans les mieux con\u00e7us peuvent d\u00e9railler si nous ne disposons pas des travailleurs dont nous avons besoin pour maintenir le cap.<\/p>\n\n\n\n<p>Alors que toutes les provinces et tous les secteurs de l\u2019\u00e9conomie canadienne sont \u00e9branl\u00e9s par les taux de postes vacants historiquement \u00e9lev\u00e9s, la situation est encore plus grave dans le secteur de la construction qui, depuis des d\u00e9cennies, fait face \u00e0 des probl\u00e8mes chroniques de recrutement de travailleurs qualifi\u00e9s. Le gouvernement f\u00e9d\u00e9ral n\u2019est pas \u00e9tranger \u00e0 la p\u00e9nurie de main-d\u2019\u0153uvre qualifi\u00e9e \u00e0 laquelle notre industrie est confront\u00e9e. La construction emploie 1,5 million de personnes et notre industrie devra pourvoir des centaines de milliers d\u2019emplois d\u2019ici 2028, en raison de l\u2019\u00e9volution d\u00e9mographique et d\u2019une vague de d\u00e9parts \u00e0 la retraite.<\/p>\n\n\n<div class=\"wp-block-image\">\n<figure class=\"aligncenter size-large\"><img loading=\"lazy\" decoding=\"async\" width=\"1024\" height=\"576\" src=\"https:\/\/www.cca-acc.com\/wp-content\/uploads\/2023\/12\/bucket_workforce-development-1024x576.jpg\" alt=\"\" class=\"wp-image-46835\" srcset=\"https:\/\/www.cca-acc.com\/wp-content\/uploads\/2023\/12\/bucket_workforce-development-1024x576.jpg 1024w, https:\/\/www.cca-acc.com\/wp-content\/uploads\/2023\/12\/bucket_workforce-development-600x338.jpg 600w, https:\/\/www.cca-acc.com\/wp-content\/uploads\/2023\/12\/bucket_workforce-development-300x169.jpg 300w, https:\/\/www.cca-acc.com\/wp-content\/uploads\/2023\/12\/bucket_workforce-development-768x432.jpg 768w, https:\/\/www.cca-acc.com\/wp-content\/uploads\/2023\/12\/bucket_workforce-development-1536x864.jpg 1536w, https:\/\/www.cca-acc.com\/wp-content\/uploads\/2023\/12\/bucket_workforce-development-1200x675.jpg 1200w, https:\/\/www.cca-acc.com\/wp-content\/uploads\/2023\/12\/bucket_workforce-development.jpg 1920w\" sizes=\"auto, (max-width: 1024px) 100vw, 1024px\" \/><\/figure>\n<\/div>\n\n\n<p>Notre industrie \u00e9prouve actuellement de la difficult\u00e9 \u00e0 combler des emplois indispensables \u00e0 l\u2019\u00e9chelle nationale qui sont essentiels pour b\u00e2tir les infrastructures n\u00e9cessaires \u00e0 la croissance et \u00e0 la prosp\u00e9rit\u00e9 \u00e9conomique futures du Canada. Cela signifie que des projets cruciaux &#8211; \u00e9coles, h\u00f4pitaux, production d\u2019\u00e9lectricit\u00e9, routes et ponts &#8211; risquent d\u2019\u00eatre retard\u00e9s ou annul\u00e9s.&nbsp;<\/p>\n\n\n<p style=\"padding-left: 80px;\"><strong>Une question de perception<\/strong><\/p>\n<p style=\"padding-left: 80px;\">Pendant des d\u00e9cennies, les jeunes ont \u00e9t\u00e9 d\u00e9tourn\u00e9s des m\u00e9tiers et encourag\u00e9s \u00e0 exercer une \u00ab\u00a0profession\u00a0\u00bb. La construction est souvent per\u00e7ue comme un emploi de \u00ab\u00a0col bleu\u00a0\u00bb, mal r\u00e9mun\u00e9r\u00e9 et offrant peu de possibilit\u00e9s.\u202fCe n\u2019est tout simplement pas la r\u00e9alit\u00e9.<\/p>\n<p style=\"padding-left: 80px;\">L\u2019industrie s\u2019emploie \u00e0 changer cette perception.<\/p>\n<p style=\"padding-left: 80px;\"><a href=\"https:\/\/www.letalentasaplaceici.ca\/\">Le talent a sa place ici<\/a> est une campagne nationale de sensibilisation visant \u00e0 inciter une nouvelle g\u00e9n\u00e9ration de travailleurs \u00e0 joindre les rangs de l\u2019industrie de la construction.<\/p>\n\n\n<p>Nous cherchons \u00e9galement activement \u00e0 recruter des immigrants et des travailleurs \u00e9trangers temporaires pour pallier les d\u00e9parts \u00e0 la retraite et la p\u00e9nurie de main-d\u2019\u0153uvre qualifi\u00e9e, qui se traduira par plus de 300 000 emplois \u00e0 pourvoir d\u2019ici \u00e0 2028. Ce sont ces personnes qui contribueront \u00e0 la diversit\u00e9, \u00e0 l\u2019inclusion, \u00e0 la cr\u00e9ativit\u00e9 et \u00e0 l\u2019innovation dans notre secteur.&nbsp;<\/p>\n\n\n\n<p>Les r\u00e9percussions de ce probl\u00e8me s\u2019intensifient \u00e0 mesure que la demande de construction augmente. La valeur des permis de b\u00e2tir mensuels a atteint le niveau le plus \u00e9lev\u00e9 jamais enregistr\u00e9. Compte tenu de la demande actuelle de construction non r\u00e9sidentielle, ConstruForce Canada pr\u00e9voit que l\u2019industrie aura besoin d\u2019ajouter plus de 113 000 travailleurs d\u2019ici 2027. L\u2019industrie a besoin d\u2019ing\u00e9nieurs, de gestionnaires de projet, de coordonnateurs de projet, de personnes de m\u00e9tiers sp\u00e9cialis\u00e9s et de man\u0153uvres en construction.<\/p>\n\n\n\n<p>Les p\u00e9nuries de main-d\u2019\u0153uvre, conjugu\u00e9es \u00e0 des taux de ch\u00f4mage records, indiquent que l\u2019offre de travailleurs est insuffisante pour pourvoir les postes vacants et r\u00e9pondre \u00e0 la demande dans le secteur de la construction. Nous devons non seulement r\u00e9parer, entretenir et moderniser les infrastructures construites dans les ann\u00e9es 1960, mais aussi b\u00e2tir pour l\u2019avenir, tout en mettant \u00e0 l\u2019avant-plan la r\u00e9silience climatique, l\u2019innovation et la croissance \u00e9conomique. Pour prosp\u00e9rer et atteindre nos objectifs en mati\u00e8re de changement climatique, l\u2019industrie de la construction doit pouvoir compter sur le gouvernement en tant que partenaire \u00e9gal afin d\u2019accro\u00eetre la main-d\u2019\u0153uvre.<\/p>\n","protected":false},"excerpt":{"rendered":"<p>Le gouvernement f\u00e9d\u00e9ral a un plan de croissance ambitieux, lequel comprend la r\u00e9paration, l\u2019entretien et la modernisation des infrastructures vieillissantes, tout en veillant \u00e0 la construction ax\u00e9e sur la r\u00e9silience climatique. Mais m\u00eame les plans les mieux con\u00e7us peuvent d\u00e9railler si nous ne disposons pas des travailleurs dont nous avons besoin pour maintenir le cap. [&hellip;]<\/p>\n","protected":false},"author":24,"featured_media":0,"parent":15874,"menu_order":0,"comment_status":"closed","ping_status":"closed","template":"","meta":{"_acf_changed":false,"footnotes":""},"class_list":["post-46084","page","type-page","status-publish","hentry"],"acf":[],"_links":{"self":[{"href":"https:\/\/www.cca-acc.com\/fr\/wp-json\/wp\/v2\/pages\/46084","targetHints":{"allow":["GET"]}}],"collection":[{"href":"https:\/\/www.cca-acc.com\/fr\/wp-json\/wp\/v2\/pages"}],"about":[{"href":"https:\/\/www.cca-acc.com\/fr\/wp-json\/wp\/v2\/types\/page"}],"author":[{"embeddable":true,"href":"https:\/\/www.cca-acc.com\/fr\/wp-json\/wp\/v2\/users\/24"}],"replies":[{"embeddable":true,"href":"https:\/\/www.cca-acc.com\/fr\/wp-json\/wp\/v2\/comments?post=46084"}],"version-history":[{"count":6,"href":"https:\/\/www.cca-acc.com\/fr\/wp-json\/wp\/v2\/pages\/46084\/revisions"}],"predecessor-version":[{"id":47791,"href":"https:\/\/www.cca-acc.com\/fr\/wp-json\/wp\/v2\/pages\/46084\/revisions\/47791"}],"up":[{"embeddable":true,"href":"https:\/\/www.cca-acc.com\/fr\/wp-json\/wp\/v2\/pages\/15874"}],"wp:attachment":[{"href":"https:\/\/www.cca-acc.com\/fr\/wp-json\/wp\/v2\/media?parent=46084"}],"curies":[{"name":"wp","href":"https:\/\/api.w.org\/{rel}","templated":true}]}}