{"id":46086,"date":"2023-12-11T15:25:13","date_gmt":"2023-12-11T20:25:13","guid":{"rendered":"https:\/\/www.cca-acc.com\/?page_id=46086"},"modified":"2024-01-15T11:24:18","modified_gmt":"2024-01-15T16:24:18","slug":"modernisation-de-lapprovisionnement","status":"publish","type":"page","link":"https:\/\/www.cca-acc.com\/fr\/defense-des-interets\/modernisation-de-lapprovisionnement\/","title":{"rendered":"Modernisation de l\u2019approvisionnement\u00a0"},"content":{"rendered":"\n<p>La strat\u00e9gie d\u2019approvisionnement du gouvernement f\u00e9d\u00e9ral est d\u00e9pass\u00e9e et laisse peu de place aux solutions cr\u00e9atives et au partage \u00e9quitable des risques. Face \u00e0 l\u2019augmentation des probl\u00e8mes de productivit\u00e9 et de durabilit\u00e9, y compris les objectifs en mati\u00e8re de carboneutralit\u00e9 et les p\u00e9nuries de mat\u00e9riaux et de main-d\u2019\u0153uvre qui affectent les marges b\u00e9n\u00e9ficiaires, le moment est venu de moderniser les pratiques d\u2019approvisionnement.<\/p>\n\n\n\n<p><strong>R\u00e9partition \u00e9quitable des risques<\/strong><\/p>\n\n\n\n<p>Les entrepreneurs ont longtemps assum\u00e9 la majorit\u00e9 des risques li\u00e9s aux projets. Ce mod\u00e8le devient intenable pour de nombreuses petites entreprises qui doivent faire face \u00e0 un \u00e9ventail exhaustif de d\u00e9fis, notamment des enjeux li\u00e9s \u00e0 la cha\u00eene d\u2019approvisionnement, des d\u00e9lais plus serr\u00e9s et des p\u00e9nuries de main-d\u2019\u0153uvre. La r\u00e9ticence des entrepreneurs \u00e0 soumissionner pour des projets f\u00e9d\u00e9raux en raison de ces risques accrus devient un v\u00e9ritable probl\u00e8me et a un impact sur l\u2019avancement d\u2019importants projets publics. Le r\u00e9\u00e9quilibrage des risques peut cr\u00e9er des partenariats fructueux fond\u00e9s sur la confiance.<\/p>\n\n\n<div class=\"wp-block-image\">\n<figure class=\"aligncenter size-large\"><img loading=\"lazy\" decoding=\"async\" width=\"1024\" height=\"576\" src=\"https:\/\/www.cca-acc.com\/wp-content\/uploads\/2023\/12\/bucket_procurement-modernization-1024x576.jpg\" alt=\"\" class=\"wp-image-46831\" srcset=\"https:\/\/www.cca-acc.com\/wp-content\/uploads\/2023\/12\/bucket_procurement-modernization-1024x576.jpg 1024w, https:\/\/www.cca-acc.com\/wp-content\/uploads\/2023\/12\/bucket_procurement-modernization-600x338.jpg 600w, https:\/\/www.cca-acc.com\/wp-content\/uploads\/2023\/12\/bucket_procurement-modernization-300x169.jpg 300w, https:\/\/www.cca-acc.com\/wp-content\/uploads\/2023\/12\/bucket_procurement-modernization-768x432.jpg 768w, https:\/\/www.cca-acc.com\/wp-content\/uploads\/2023\/12\/bucket_procurement-modernization-1536x864.jpg 1536w, https:\/\/www.cca-acc.com\/wp-content\/uploads\/2023\/12\/bucket_procurement-modernization-1200x675.jpg 1200w, https:\/\/www.cca-acc.com\/wp-content\/uploads\/2023\/12\/bucket_procurement-modernization.jpg 1920w\" sizes=\"auto, (max-width: 1024px) 100vw, 1024px\" \/><\/figure>\n<\/div>\n\n\n<p><strong>Approvisionnement en faveur d\u2019une action climatique<\/strong><\/p>\n\n\n\n<p>Afin de b\u00e2tir les infrastructures n\u00e9cessaires dans tout le pays et de recruter la main-d\u2019\u0153uvre de l\u2019avenir, les strat\u00e9gies d\u2019approvisionnement du gouvernement f\u00e9d\u00e9ral doivent \u00eatre adapt\u00e9es de mani\u00e8re \u00e0 encourager la productivit\u00e9 et l\u2019innovation, \u00e0 tenir compte de la valeur \u00e0 long terme et de la durabilit\u00e9, \u00e0 promouvoir l\u2019utilisation d\u2019autres modes de r\u00e9alisation de projets et \u00e0 appuyer le partage des risques. Des m\u00e9thodes novatrices d\u2019approvisionnement et de r\u00e9alisation de projets peuvent am\u00e9liorer la productivit\u00e9, permettre de r\u00e9aliser des \u00e9conomies et r\u00e9duire les d\u00e9lais des projets de construction.<\/p>\n\n\n\n<p>Lisez notre livre blanc de 2021 qui contient des recommandations sur les meilleures m\u00e9thodes pour construire en tenant compte de la r\u00e9silience des infrastructures.<\/p>\n\n\n\n<p><p style=\"padding-left: 40px;\"><a href=\"https:\/\/www.cca-acc.com\/wp-content\/uploads\/2021\/03\/Force-r%C3%A9silience-et-durabilit%C3%A9-FR.pdf\"><em>Force, r\u00e9silience et durabilit\u00e9&nbsp;: Recommandations du secteur de la construction du Canada sur les mesures d\u2019adaptation au changement climatique<\/em><\/a><\/p><\/p>\n\n\n\n<p>Plus r\u00e9cemment, l\u2019ACC a \u00e9galement sollicit\u00e9 la participation de l\u2019ensemble de nos membres \u00e0 un sondage qui a r\u00e9v\u00e9l\u00e9 que le fait d\u2019impliquer les entrepreneurs plus t\u00f4t dans le processus et de s\u2019\u00e9loigner du mod\u00e8le ax\u00e9 sur les soumissions les plus basses encouragerait l\u2019utilisation de nouveaux proc\u00e9d\u00e9s, de pratiques exemplaires, de nouvelles sources d\u2019\u00e9nergie et de mat\u00e9riaux plus durables. Notre secteur est d\u00e9sireux de construire de mani\u00e8re durable et d\u2019\u00eatre un partenaire dans l\u2019action climatique.&nbsp;<\/p>\n\n\n\n<p>Nous avons \u00e9galement besoin de donn\u00e9es climatiques fiables, de normes \u00e0 jour et de codes que l\u2019industrie et les fournisseurs peuvent s\u2019efforcer d\u2019appliquer. La strat\u00e9gie canadienne pour les b\u00e2timents verts annonc\u00e9e par Ressources naturelles Canada et la modernisation en cours des codes nationaux du b\u00e2timent sont prometteuses pour l\u2019avancement de ces initiatives dans les secteurs respectifs, mais nous aimerions qu\u2019elles soient davantage refl\u00e9t\u00e9es \u00e0 l\u2019\u00e9chelle du gouvernement.&nbsp;<\/p>\n\n\n\n<p>Des m\u00e9thodes novatrices d\u2019approvisionnement et de r\u00e9alisation de projets peuvent am\u00e9liorer la productivit\u00e9, permettre de r\u00e9aliser des \u00e9conomies et r\u00e9duire les d\u00e9lais des projets de construction. Le gouvernement peut acc\u00e9l\u00e9rer l\u2019adoption de telles m\u00e9thodes en mettant \u00e0 jour son processus d\u2019approvisionnement actuel pour cr\u00e9er un processus qui favorise la concurrence \u00e9quitable, l\u2019innovation et le partage des risques.<\/p>\n","protected":false},"excerpt":{"rendered":"<p>La strat\u00e9gie d\u2019approvisionnement du gouvernement f\u00e9d\u00e9ral est d\u00e9pass\u00e9e et laisse peu de place aux solutions cr\u00e9atives et au partage \u00e9quitable des risques. Face \u00e0 l\u2019augmentation des probl\u00e8mes de productivit\u00e9 et de durabilit\u00e9, y compris les objectifs en mati\u00e8re de carboneutralit\u00e9 et les p\u00e9nuries de mat\u00e9riaux et de main-d\u2019\u0153uvre qui affectent les marges b\u00e9n\u00e9ficiaires, le moment [&hellip;]<\/p>\n","protected":false},"author":24,"featured_media":0,"parent":15874,"menu_order":0,"comment_status":"closed","ping_status":"closed","template":"","meta":{"_acf_changed":false,"footnotes":""},"class_list":["post-46086","page","type-page","status-publish","hentry"],"acf":[],"_links":{"self":[{"href":"https:\/\/www.cca-acc.com\/fr\/wp-json\/wp\/v2\/pages\/46086","targetHints":{"allow":["GET"]}}],"collection":[{"href":"https:\/\/www.cca-acc.com\/fr\/wp-json\/wp\/v2\/pages"}],"about":[{"href":"https:\/\/www.cca-acc.com\/fr\/wp-json\/wp\/v2\/types\/page"}],"author":[{"embeddable":true,"href":"https:\/\/www.cca-acc.com\/fr\/wp-json\/wp\/v2\/users\/24"}],"replies":[{"embeddable":true,"href":"https:\/\/www.cca-acc.com\/fr\/wp-json\/wp\/v2\/comments?post=46086"}],"version-history":[{"count":4,"href":"https:\/\/www.cca-acc.com\/fr\/wp-json\/wp\/v2\/pages\/46086\/revisions"}],"predecessor-version":[{"id":47793,"href":"https:\/\/www.cca-acc.com\/fr\/wp-json\/wp\/v2\/pages\/46086\/revisions\/47793"}],"up":[{"embeddable":true,"href":"https:\/\/www.cca-acc.com\/fr\/wp-json\/wp\/v2\/pages\/15874"}],"wp:attachment":[{"href":"https:\/\/www.cca-acc.com\/fr\/wp-json\/wp\/v2\/media?parent=46086"}],"curies":[{"name":"wp","href":"https:\/\/api.w.org\/{rel}","templated":true}]}}