{"id":46135,"date":"2023-12-11T15:01:45","date_gmt":"2023-12-11T20:01:45","guid":{"rendered":"https:\/\/www.cca-acc.com\/?page_id=46135"},"modified":"2024-05-17T10:49:23","modified_gmt":"2024-05-17T14:49:23","slug":"certification-sceau-dor","status":"publish","type":"page","link":"https:\/\/www.cca-acc.com\/fr\/sceau-dor\/nouveaux-candidats-au-sceau-dor\/certification-sceau-dor\/","title":{"rendered":"Certification Sceau d\u2019or"},"content":{"rendered":"\n<p>Le Programme de certification Sceau d\u2019or de l\u2019ACC a pour mandat de d\u00e9cerner une certification aux agents de s\u00e9curit\u00e9 en construction, contrema\u00eetres, directeurs de la construction de ma\u00eetre d\u2019ouvrage, estimateurs, gestionnaires de projet et surintendants qui \u0153uvrent dans les secteurs de la construction industrielle, commerciale, institutionnelle et de travaux civils (ICITC) au Canada.<\/p>\n\n\n\n<p>Ax\u00e9 sur l\u2019excellence et la formation continue, le Programme de certification Sceau d\u2019or \u00e9tablit, administre et met r\u00e9guli\u00e8rement \u00e0 jour les normes nationales de certification professionnelle tout en veillant \u00e0 promouvoir l\u2019\u00e9ducation et la formation accr\u00e9dit\u00e9es pour les professionnels en gestion de la construction.<\/p>\n\n\n\n<p>Les professionnels en gestion de la construction qui sont certifi\u00e9s Sceau d\u2019or (CSO) ont atteint la norme d\u2019excellence la plus \u00e9lev\u00e9e de l\u2019industrie, ont acquis une exp\u00e9rience reconnue dans l\u2019industrie et sont tenus en tr\u00e8s haute estime. Les entreprises qui emploient des professionnels CSO sont per\u00e7ues comme des chefs de file pour leur engagement envers la qualit\u00e9 et l\u2019excellence gr\u00e2ce \u00e0 leur int\u00e9r\u00eat pour l\u2019\u00e9ducation, la formation et le perfectionnement professionnel continu de leurs employ\u00e9s.<\/p>\n\n\n\n<p>Les candidats doivent d\u2019abord s\u2019inscrire au Programme de certification Sceau d\u2019or et \u00eatre approuv\u00e9s comme apprentis Sceau d\u2019or (ASO). Les ASO ont ensuite jusqu\u2019\u00e0 cinq ans pour satisfaire aux exigences, pr\u00e9senter leur demande de CSO et \u00eatre approuv\u00e9s pour passer l\u2019examen du Sceau d\u2019or.<\/p>\n\n\n\n<div class=\"is-layout-flow wp-block-group alignfull block-cards block-cards--grey\">\n\n  \n    <div class=\"container\">\n    <div class=\"col\">\n      <div class=\"block-cards__grid block-cards__grid--2\">\n              \n<div class=\"module-cards bucket-cards  card-type-text\">\n    <a target=\"\" href=\"\/fr\/sceau-dor\/par-ou-commencer\/\"><\/a>    <div class=\"bucket-cards-inner\">\n\n      \n      <div class=\"bucket-cards-content\">\n        <div class=\"bucket-cards-content-inner\">\n          <p class=\"card-content\">Commencez votre parcours menant \u00e0 la certification Sceau d\u2019or ici!&nbsp;&nbsp;&nbsp;&nbsp;<span class=\"card-content-arrow\"><\/span><\/p>\n                          \n                <\/div>\n\n    <\/div>\n  <\/div>\n<\/div>            <\/div>\n    <\/div>\n  <\/div>\n<\/div>\n\n\n<div class=\"is-layout-flow wp-block-group alignfull block-cta block-cta--purple-motif\">\n\n    <div class=\"block-cta__motif\">\n    <svg xmlns=\"http:\/\/www.w3.org\/2000\/svg\" width=\"527.292\" height=\"547.292\" viewBox=\"0 0 527.292 547.292\">\n      <path d=\"M491.99,410.507a280.341,280.341,0,0,0,35.3-136.861C527.29,122.515,409.251,0,263.644,0S0,122.515,0,273.646A280.341,280.341,0,0,0,35.3,410.507l0,0h0c45.591,81.768,130.776,136.783,228.344,136.783S446.4,492.277,491.988,410.509h0ZM449.8,80.429c49.724,51.61,77.107,120.229,77.107,193.216a279.6,279.6,0,0,1-35.1,136.525L263.868.4C334.1.461,400.129,28.875,449.8,80.429Zm41.528,329.682H35.96L263.644.795ZM.381,273.646c0-72.988,27.384-141.607,77.107-193.216C127.16,28.875,193.186.461,263.422.4L35.485,410.171A279.624,279.624,0,0,1,.381,273.646ZM449.8,466.862c-49.724,51.61-115.835,80.032-186.156,80.032S127.212,518.472,77.488,466.862a273.8,273.8,0,0,1-41.811-56.354H491.613A273.8,273.8,0,0,1,449.8,466.862Z\" transform=\"translate(0.002)\" fill=\"#fff\"\/>\n    <\/svg>\n  <\/div>\n  \n  <div class=\"wp-block-group__inner-container\">\n    <p class=\"text-center\">Si vous ne trouvez pas de r\u00e9ponses \u00e0 vos questions concernant le Sceau d\u2019or sur notre site Web, veuillez communiquer avec nous \u00e0 <a href=\"mailto:goldseal@cca-acc.com\">goldseal@cca-acc.com<\/a> ou au <a href=\"tel:6132369455\">613-236-9455<\/a>. <\/p>\n    <div class=\"button_center\"><a class=\"btn-white outlined\" href=\"mailto:goldseal@cca-acc.com\">Contactez-nous<\/a><\/div>\n  <\/div>\n<\/div>","protected":false},"excerpt":{"rendered":"<p>Le Programme de certification Sceau d\u2019or de l\u2019ACC a pour mandat de d\u00e9cerner une certification aux agents de s\u00e9curit\u00e9 en construction, contrema\u00eetres, directeurs de la construction de ma\u00eetre d\u2019ouvrage, estimateurs, gestionnaires de projet et surintendants qui \u0153uvrent dans les secteurs de la construction industrielle, commerciale, institutionnelle et de travaux civils (ICITC) au Canada. Ax\u00e9 sur [&hellip;]<\/p>\n","protected":false},"author":24,"featured_media":0,"parent":16713,"menu_order":0,"comment_status":"closed","ping_status":"closed","template":"","meta":{"_acf_changed":false,"footnotes":""},"class_list":["post-46135","page","type-page","status-publish","hentry"],"acf":[],"_links":{"self":[{"href":"https:\/\/www.cca-acc.com\/fr\/wp-json\/wp\/v2\/pages\/46135","targetHints":{"allow":["GET"]}}],"collection":[{"href":"https:\/\/www.cca-acc.com\/fr\/wp-json\/wp\/v2\/pages"}],"about":[{"href":"https:\/\/www.cca-acc.com\/fr\/wp-json\/wp\/v2\/types\/page"}],"author":[{"embeddable":true,"href":"https:\/\/www.cca-acc.com\/fr\/wp-json\/wp\/v2\/users\/24"}],"replies":[{"embeddable":true,"href":"https:\/\/www.cca-acc.com\/fr\/wp-json\/wp\/v2\/comments?post=46135"}],"version-history":[{"count":12,"href":"https:\/\/www.cca-acc.com\/fr\/wp-json\/wp\/v2\/pages\/46135\/revisions"}],"predecessor-version":[{"id":52754,"href":"https:\/\/www.cca-acc.com\/fr\/wp-json\/wp\/v2\/pages\/46135\/revisions\/52754"}],"up":[{"embeddable":true,"href":"https:\/\/www.cca-acc.com\/fr\/wp-json\/wp\/v2\/pages\/16713"}],"wp:attachment":[{"href":"https:\/\/www.cca-acc.com\/fr\/wp-json\/wp\/v2\/media?parent=46135"}],"curies":[{"name":"wp","href":"https:\/\/api.w.org\/{rel}","templated":true}]}}