{"id":46143,"date":"2023-12-11T14:58:49","date_gmt":"2023-12-11T19:58:49","guid":{"rendered":"https:\/\/www.cca-acc.com\/?page_id=46143"},"modified":"2025-04-15T10:54:36","modified_gmt":"2025-04-15T14:54:36","slug":"outils-dautoevaluation","status":"publish","type":"page","link":"https:\/\/www.cca-acc.com\/fr\/sceau-dor\/comment-presenter-une-demande\/outils-dautoevaluation\/","title":{"rendered":"Outils d\u2019auto\u00e9valuation"},"content":{"rendered":"\n<h2 class=\"wp-block-heading\">Mesurez-vous \u00e0 la norme du Sceau d\u2019or<\/h2>\n\n\n\n<p>Le Programme de certification Sceau d\u2019or fait appel \u00e0 des professionnels de l\u2019\u00e9ducation des adultes, des experts de l\u2019industrie et des groupes de praticiens b\u00e9n\u00e9voles de l\u2019industrie pour d\u00e9finir les comp\u00e9tences que doivent poss\u00e9der les professionnels de la construction qui travaillent dans un domaine li\u00e9 aux d\u00e9signations du Sceau d\u2019or.&nbsp;<\/p>\n\n\n\n<p>Les candidats sont tenus d\u2019\u00e9valuer leurs comp\u00e9tences en fonction des normes du programme. Si un candidat n\u2019effectue pas certaines des t\u00e2ches qui sont d\u00e9finies dans l\u2019outil d\u2019auto\u00e9valuation des comp\u00e9tences ou qu\u2019il est moins familier avec certaines d\u2019entre elles, il doit acqu\u00e9rir ces comp\u00e9tences en suivant une formation, en faisant des recherches ou en discutant avec ses pairs. Veuillez noter que, pour s\u2019inscrire au programme et \u00e9ventuellement pr\u00e9senter une demande de CSO, la majorit\u00e9 des t\u00e2ches et fonctions du candidat doivent correspondre aux comp\u00e9tences \u00e9nonc\u00e9es dans l\u2019outil d\u2019auto\u00e9valuation.<\/p>\n\n\n\n<div class=\"is-layout-flow wp-block-group alignfull block-cards block-cards--grey\">\n\n  \n    <div class=\"container\">\n    <div class=\"col\">\n      <div class=\"block-cards__intro\"><h2>Outils d\u2019auto\u00e9valuation des comp\u00e9tences<\/h2>\n<\/div>\n    <\/div>\n  <\/div>\n    <div class=\"container\">\n    <div class=\"col\">\n      <div class=\"block-cards__grid block-cards__grid--3\">\n              \n<div class=\"module-cards bucket-cards  card-type-text\">\n    <a target=\"_blank\" href=\"\/wp-content\/uploads\/2021\/03\/FRENCH-Foreman-competency-self-assessement-tool_March102021-1.xlsx\"><\/a>    <div class=\"bucket-cards-inner\">\n\n      \n      <div class=\"bucket-cards-content\">\n        <div class=\"bucket-cards-content-inner\">\n          <p class=\"card-content\">Contrema\u00eetre&nbsp;&nbsp;&nbsp;&nbsp;<span class=\"card-content-arrow\"><\/span><\/p>\n                          \n                <\/div>\n\n    <\/div>\n  <\/div>\n<\/div>              \n<div class=\"module-cards bucket-cards  card-type-text\">\n    <a target=\"_blank\" href=\"\/wp-content\/uploads\/2021\/03\/FRENCH-CSP-competency-self-assessement-tool_March102021-1.xlsx\"><\/a>    <div class=\"bucket-cards-inner\">\n\n      \n      <div class=\"bucket-cards-content\">\n        <div class=\"bucket-cards-content-inner\">\n          <p class=\"card-content\">Coordonnateur Sant\u00e9 et S\u00e9curit\u00e9&nbsp;&nbsp;&nbsp;&nbsp;<span class=\"card-content-arrow\"><\/span><\/p>\n                          \n                <\/div>\n\n    <\/div>\n  <\/div>\n<\/div>              \n<div class=\"module-cards bucket-cards  card-type-text\">\n    <a target=\"_blank\" href=\"\/wp-content\/uploads\/2021\/03\/FRENCH-OCM-competency-self-assessement-tool_March102021-1.xlsx\"><\/a>    <div class=\"bucket-cards-inner\">\n\n      \n      <div class=\"bucket-cards-content\">\n        <div class=\"bucket-cards-content-inner\">\n          <p class=\"card-content\">Directeur de la Construction de Ma\u00eetre d\u2019Ouvrage&nbsp;&nbsp;&nbsp;&nbsp;<span class=\"card-content-arrow\"><\/span><\/p>\n                          \n                <\/div>\n\n    <\/div>\n  <\/div>\n<\/div>              \n<div class=\"module-cards bucket-cards  card-type-text\">\n    <a target=\"_blank\" href=\"\/wp-content\/uploads\/2021\/03\/FRENCH-Estimator-competency-self-assessement-tool_March102021-1.xlsx\"><\/a>    <div class=\"bucket-cards-inner\">\n\n      \n      <div class=\"bucket-cards-content\">\n        <div class=\"bucket-cards-content-inner\">\n          <p class=\"card-content\">Estimateur&nbsp;&nbsp;&nbsp;&nbsp;<span class=\"card-content-arrow\"><\/span><\/p>\n                          \n                <\/div>\n\n    <\/div>\n  <\/div>\n<\/div>              \n<div class=\"module-cards bucket-cards  card-type-text\">\n    <a target=\"_blank\" href=\"\/wp-content\/uploads\/2021\/03\/FRENCH-PM-competency-self-assessement-tool_March102021-1.xlsx\"><\/a>    <div class=\"bucket-cards-inner\">\n\n      \n      <div class=\"bucket-cards-content\">\n        <div class=\"bucket-cards-content-inner\">\n          <p class=\"card-content\">Gestionnaire de Projet&nbsp;&nbsp;&nbsp;&nbsp;<span class=\"card-content-arrow\"><\/span><\/p>\n                          \n                <\/div>\n\n    <\/div>\n  <\/div>\n<\/div>              \n<div class=\"module-cards bucket-cards  card-type-text\">\n    <a target=\"_blank\" href=\"\/wp-content\/uploads\/2021\/03\/FRENCH-Superintendent-competency-self-assessement-tool_March102021-1.xlsx\"><\/a>    <div class=\"bucket-cards-inner\">\n\n      \n      <div class=\"bucket-cards-content\">\n        <div class=\"bucket-cards-content-inner\">\n          <p class=\"card-content\">Surintendant&nbsp;&nbsp;&nbsp;&nbsp;<span class=\"card-content-arrow\"><\/span><\/p>\n                          \n                <\/div>\n\n    <\/div>\n  <\/div>\n<\/div>            <\/div>\n    <\/div>\n  <\/div>\n<\/div>\n\n\n<h2 class=\"wp-block-heading\">Outil d\u2019auto\u00e9valuation des cr\u00e9dits<\/h2>\n\n\n\n<p>L\u2019outil d\u2019auto\u00e9valuation des cr\u00e9dits s\u2019adresse aux personnes qui d\u00e9sirent comprendre comment les demandes de certification Sceau d\u2019or sont examin\u00e9es et \u00e9valu\u00e9es. Pour les candidats d\u00e9j\u00e0 inscrits au programme, l\u2019outil d\u2019auto\u00e9valuation des cr\u00e9dits peut \u00eatre utilis\u00e9 pour d\u00e9terminer s\u2019ils ont suffisamment de cr\u00e9dits pour soumettre une demande de CSO.<\/p>\n\n\n<div class=\"button_left\"><a href=\"https:\/\/www.cca-acc.com\/fr\/sceau-dor\/outil-d-auto\u00e9valuation-des-cr\u00e9dits\"  class=\" cca_purple btn_outlined\" target=\"_blank\">T\u00e9l\u00e9chargez l\u2019outil d\u2019auto\u00e9valuation des cr\u00e9dits <\/a>\n<\/div>\n\n\n\n\n\n<div class=\"is-layout-flow wp-block-group alignfull block-cta block-cta--purple-motif\">\n\n    <div class=\"block-cta__motif\">\n    <svg xmlns=\"http:\/\/www.w3.org\/2000\/svg\" width=\"527.292\" height=\"547.292\" viewBox=\"0 0 527.292 547.292\">\n      <path d=\"M491.99,410.507a280.341,280.341,0,0,0,35.3-136.861C527.29,122.515,409.251,0,263.644,0S0,122.515,0,273.646A280.341,280.341,0,0,0,35.3,410.507l0,0h0c45.591,81.768,130.776,136.783,228.344,136.783S446.4,492.277,491.988,410.509h0ZM449.8,80.429c49.724,51.61,77.107,120.229,77.107,193.216a279.6,279.6,0,0,1-35.1,136.525L263.868.4C334.1.461,400.129,28.875,449.8,80.429Zm41.528,329.682H35.96L263.644.795ZM.381,273.646c0-72.988,27.384-141.607,77.107-193.216C127.16,28.875,193.186.461,263.422.4L35.485,410.171A279.624,279.624,0,0,1,.381,273.646ZM449.8,466.862c-49.724,51.61-115.835,80.032-186.156,80.032S127.212,518.472,77.488,466.862a273.8,273.8,0,0,1-41.811-56.354H491.613A273.8,273.8,0,0,1,449.8,466.862Z\" transform=\"translate(0.002)\" fill=\"#fff\"\/>\n    <\/svg>\n  <\/div>\n  \n  <div class=\"wp-block-group__inner-container\">\n    <p class=\"text-center\">Si vous ne trouvez pas de r\u00e9ponses \u00e0 vos questions concernant le Sceau d\u2019or sur notre site Web, veuillez communiquer avec nous \u00e0 <a href=\"mailto:goldseal@cca-acc.com\">goldseal@cca-acc.com<\/a> ou au <a href=\"tel:6132369455\">613-236-9455<\/a>. <\/p>\n    <div class=\"button_center\"><a class=\"btn-white outlined\" href=\"mailto:goldseal@cca-acc.com\">Contactez-nous<\/a><\/div>\n  <\/div>\n<\/div>","protected":false},"excerpt":{"rendered":"<p>Mesurez-vous \u00e0 la norme du Sceau d\u2019or Le Programme de certification Sceau d\u2019or fait appel \u00e0 des professionnels de l\u2019\u00e9ducation des adultes, des experts de l\u2019industrie et des groupes de praticiens b\u00e9n\u00e9voles de l\u2019industrie pour d\u00e9finir les comp\u00e9tences que doivent poss\u00e9der les professionnels de la construction qui travaillent dans un domaine li\u00e9 aux d\u00e9signations du [&hellip;]<\/p>\n","protected":false},"author":24,"featured_media":0,"parent":21073,"menu_order":0,"comment_status":"closed","ping_status":"closed","template":"","meta":{"_acf_changed":false,"footnotes":""},"class_list":["post-46143","page","type-page","status-publish","hentry"],"acf":[],"_links":{"self":[{"href":"https:\/\/www.cca-acc.com\/fr\/wp-json\/wp\/v2\/pages\/46143","targetHints":{"allow":["GET"]}}],"collection":[{"href":"https:\/\/www.cca-acc.com\/fr\/wp-json\/wp\/v2\/pages"}],"about":[{"href":"https:\/\/www.cca-acc.com\/fr\/wp-json\/wp\/v2\/types\/page"}],"author":[{"embeddable":true,"href":"https:\/\/www.cca-acc.com\/fr\/wp-json\/wp\/v2\/users\/24"}],"replies":[{"embeddable":true,"href":"https:\/\/www.cca-acc.com\/fr\/wp-json\/wp\/v2\/comments?post=46143"}],"version-history":[{"count":15,"href":"https:\/\/www.cca-acc.com\/fr\/wp-json\/wp\/v2\/pages\/46143\/revisions"}],"predecessor-version":[{"id":65549,"href":"https:\/\/www.cca-acc.com\/fr\/wp-json\/wp\/v2\/pages\/46143\/revisions\/65549"}],"up":[{"embeddable":true,"href":"https:\/\/www.cca-acc.com\/fr\/wp-json\/wp\/v2\/pages\/21073"}],"wp:attachment":[{"href":"https:\/\/www.cca-acc.com\/fr\/wp-json\/wp\/v2\/media?parent=46143"}],"curies":[{"name":"wp","href":"https:\/\/api.w.org\/{rel}","templated":true}]}}