{"id":47403,"date":"2024-01-09T14:15:57","date_gmt":"2024-01-09T19:15:57","guid":{"rendered":"https:\/\/www.cca-acc.com\/?page_id=47403"},"modified":"2024-01-09T14:22:23","modified_gmt":"2024-01-09T19:22:23","slug":"outils","status":"publish","type":"page","link":"https:\/\/www.cca-acc.com\/fr\/services-axes-sur-les-pratiques-exemplaires\/outils\/","title":{"rendered":"Outils"},"content":{"rendered":"\n<div class=\"wp-block-group alignfull has-ccp-light-gray-background-color has-background\"><div class=\"wp-block-group__inner-container is-layout-flow wp-block-group-is-layout-flow\">\n<h3 class=\"wp-block-heading\">Lectures recommand\u00e9es<\/h3>\n\n\n\n<div class=\"wp-block-columns is-layout-flex wp-container-core-columns-is-layout-9d6595d7 wp-block-columns-is-layout-flex\">\n<div class=\"wp-block-column is-layout-flow wp-block-column-is-layout-flow\">\n<p><strong>2 Second Lean<\/strong><\/p>\n\n\n\n<p style=\"font-size:16px\">How to Grow People and Build a Fun Lean Culture<br><em>Paul A. Akers<\/em><\/p>\n<\/div>\n\n\n\n<div class=\"wp-block-column is-layout-flow wp-block-column-is-layout-flow\">\n<p><strong>It\u2019s Your Ship<\/strong><\/p>\n\n\n\n<p style=\"font-size:16px\">Management Techniques From The Best Damn Ship In The Navy<br><em>D. Michael Abrashoff<\/em><\/p>\n<\/div>\n\n\n\n<div class=\"wp-block-column is-layout-flow wp-block-column-is-layout-flow\">\n<p><strong>The High-Velocity Edge<\/strong><\/p>\n\n\n\n<p style=\"font-size:16px\">How Market Leaders Leverage Operational Excellence to Beat the Competition<br><em>Steven Spear<\/em><\/p>\n<\/div>\n<\/div>\n\n\n\n<div class=\"wp-block-columns is-layout-flex wp-container-core-columns-is-layout-9d6595d7 wp-block-columns-is-layout-flex\">\n<div class=\"wp-block-column is-layout-flow wp-block-column-is-layout-flow\">\n<p><strong>Transforming Design and Construction<\/strong><br><em>Bill Seed<\/em><\/p>\n<\/div>\n\n\n\n<div class=\"wp-block-column is-layout-flow wp-block-column-is-layout-flow\">\n<p><strong>The Lean House<\/strong><\/p>\n\n\n\n<p style=\"font-size:16px\">John Shook, CEO of the Lean Enterprise Institutes, explains the Lean Transformation Model (The Lean House) and how it can transform your organization.<br><em>John Shook<\/em><br><a rel=\"noreferrer noopener\" href=\"https:\/\/hohmannchris.wordpress.com\/2014\/01\/25\/lean-transformation-model-by-john-shook\/\" target=\"_blank\">Visit link<\/a><\/p>\n<\/div>\n\n\n\n<div class=\"wp-block-column is-layout-flow wp-block-column-is-layout-flow\">\n<p><strong>This Is Lean \u2013 Resolving the Efficiency Paradox<\/strong><\/p>\n\n\n\n<p style=\"font-size:14px\"><em>Niklas Modig and P\u00e4r \u00c5hlstr\u00f6m<\/em><\/p>\n<\/div>\n<\/div>\n<\/div><\/div>\n\n\n\n<h3 class=\"wp-block-heading\">White Papers<\/h3>\n\n\n\n<div class=\"wp-block-columns is-layout-flex wp-container-core-columns-is-layout-9d6595d7 wp-block-columns-is-layout-flex\">\n<div class=\"wp-block-column is-layout-flow wp-block-column-is-layout-flow\">\n<p><strong>Motivation and Means<\/strong><\/p>\n\n\n\n<p style=\"font-size:16px\">How and Why IPD and Lean Lead to Success<\/p>\n\n\n\n<p style=\"font-size:14px\"><em>par l\u2019University of Minnesota en collaboration avec l\u2019University of Washington, University of British Columbia, Scan Consulting<\/em><\/p>\n\n\n\n<p style=\"font-size:16px\"><a rel=\"noreferrer noopener\" href=\"https:\/\/www.cca-acc.com\/wp-content\/uploads\/2021\/08\/MotivationMeans_IPDA_LCI_Report.pdf\" target=\"_blank\">T\u00e9l\u00e9chargez le PDF<\/a><\/p>\n<\/div>\n\n\n\n<div class=\"wp-block-column is-layout-flow wp-block-column-is-layout-flow\">\n<p><strong>Process Benchmarks<\/strong><\/p>\n\n\n\n<p style=\"font-size:16px\">Target Value Design: Current Benchmark (1.0)<\/p>\n\n\n\n<p style=\"font-size:14px\"><em>par Glenn Ballard<\/em><\/p>\n\n\n\n<p style=\"font-size:16px\"><a rel=\"noreferrer noopener\" href=\"https:\/\/www.cca-acc.com\/wp-content\/uploads\/2021\/08\/Process-Benchmarks.pdf\" target=\"_blank\">T\u00e9l\u00e9chargez le PDF<\/a><\/p>\n\n\n\n<p><\/p>\n<\/div>\n\n\n\n<div class=\"wp-block-column is-layout-flow wp-block-column-is-layout-flow\">\n<p><strong>Choosing by Advantages Study<\/strong><\/p>\n\n\n\n<p style=\"font-size:16px\">George Washington University Hospital Rad Onc Space<\/p>\n\n\n\n<p style=\"font-size:16px\"><a rel=\"noreferrer noopener\" href=\"https:\/\/www.cca-acc.com\/wp-content\/uploads\/2021\/08\/Choosing-by-advantages-study.pdf\" target=\"_blank\">T\u00e9l\u00e9chargez le PDF<\/a><\/p>\n\n\n\n<p><\/p>\n<\/div>\n<\/div>\n\n\n\n<div class=\"wp-block-columns is-layout-flex wp-container-core-columns-is-layout-9d6595d7 wp-block-columns-is-layout-flex\">\n<div class=\"wp-block-column is-layout-flow wp-block-column-is-layout-flow\">\n<p><strong>Five Simple Concepts of CBA<\/strong><\/p>\n\n\n\n<p style=\"font-size:16px\">Five Simple Concepts for Making Sound Decisions<\/p>\n\n\n\n<p style=\"font-size:14px\"><em>par Jim Suhr<\/em><\/p>\n\n\n\n<p style=\"font-size:16px\"><a rel=\"noreferrer noopener\" href=\"https:\/\/www.cca-acc.com\/wp-content\/uploads\/2021\/08\/Five-Simple-Concepts-CBA.pdf\" target=\"_blank\">T\u00e9l\u00e9chargez le PDF<\/a><\/p>\n<\/div>\n\n\n\n<div class=\"wp-block-column is-layout-flow wp-block-column-is-layout-flow\">\n<p><strong>Basic Principles of Sound Decisionmaking<\/strong><\/p>\n\n\n\n<p style=\"font-size:16px\">(The CBA System is also called sound decisionmaking)<\/p>\n\n\n\n<p style=\"font-size:14px\"><em>par Jim Suhr<\/em><\/p>\n\n\n\n<p style=\"font-size:16px\"><a rel=\"noreferrer noopener\" href=\"https:\/\/www.cca-acc.com\/wp-content\/uploads\/2021\/08\/Basic-Principles-of-Sound-Decisionmaking.pdf\" target=\"_blank\">T\u00e9l\u00e9chargez le PDF<\/a><\/p>\n<\/div>\n\n\n\n<div class=\"wp-block-column is-layout-flow wp-block-column-is-layout-flow\">\n<p><strong>Putting the Five Big Ideas to Work<\/strong><\/p>\n\n\n\n<p style=\"font-size:16px\">Transforming the experience of project work<\/p>\n\n\n\n<p style=\"font-size:14px\"><em>par Hal Macomber<\/em><\/p>\n\n\n\n<p style=\"font-size:16px\"><a rel=\"noreferrer noopener\" href=\"https:\/\/www.cca-acc.com\/wp-content\/uploads\/2021\/08\/Five-Big-Ideas.pdf\" target=\"_blank\">T\u00e9l\u00e9chargez le PDF<\/a><\/p>\n<\/div>\n<\/div>\n\n\n\n<div class=\"wp-block-columns is-layout-flex wp-container-core-columns-is-layout-9d6595d7 wp-block-columns-is-layout-flex\">\n<div class=\"wp-block-column is-layout-flow wp-block-column-is-layout-flow\">\n<p><strong>Maximizing Success in Integrated Projects An Owner\u2019s Guide<\/strong><\/p>\n\n\n\n<p style=\"font-size:16px\">The Owner\u2019s Guide to Maximizing Success in Integrated Projects is the application of the findings from a robust empirical study of over 200 capital facility projects.<\/p>\n\n\n\n<p style=\"font-size:14px\"><em>par Robert M. Leicht, Keith R. Molenaar, John I. Mesner, Nryan W. Franz et Behzad Esmaeili<\/em><\/p>\n\n\n\n<p style=\"font-size:16px\"><a rel=\"noreferrer noopener\" href=\"https:\/\/www.cca-acc.com\/wp-content\/uploads\/2021\/08\/maximizing_success_owners_guide.pdf\" target=\"_blank\">T\u00e9l\u00e9chargez le PDF<\/a><\/p>\n<\/div>\n\n\n\n<div class=\"wp-block-column is-layout-flow wp-block-column-is-layout-flow\">\n<p><strong>Target Value Design<\/strong><\/p>\n\n\n\n<p style=\"font-size:16px\">Nine Foundational Practices for Delivering Surprising Client Value<\/p>\n\n\n\n<p style=\"font-size:14px\"><em>par Hal Macomber and John Barberio<\/em><\/p>\n\n\n\n<p style=\"font-size:16px\"><a rel=\"noreferrer noopener\" href=\"https:\/\/www.cca-acc.com\/wp-content\/uploads\/2021\/08\/3-Target-Value-Design-LPC.pdf\" target=\"_blank\">T\u00e9l\u00e9chargez le PDF<\/a><\/p>\n<\/div>\n\n\n\n<div class=\"wp-block-column is-layout-flow wp-block-column-is-layout-flow\">\n<p><strong>Last Planner System<\/strong><\/p>\n\n\n\n<p style=\"font-size:16px\">Just the Essentials<br>Advice from the LPC Project Coaches<\/p>\n\n\n\n<p style=\"font-size:16px\"><a rel=\"noreferrer noopener\" href=\"https:\/\/www.cca-acc.com\/wp-content\/uploads\/2021\/08\/Last-Planner-System-Essentials-LPC.pdf\" target=\"_blank\">T\u00e9l\u00e9chargez le PDF<\/a><\/p>\n<\/div>\n<\/div>\n\n\n\n<div class=\"is-layout-flow wp-block-group alignfull block-cta block-cta--purple-motif\">\n\n    <div class=\"block-cta__motif\">\n    <svg xmlns=\"http:\/\/www.w3.org\/2000\/svg\" width=\"527.292\" height=\"547.292\" viewBox=\"0 0 527.292 547.292\">\n      <path d=\"M491.99,410.507a280.341,280.341,0,0,0,35.3-136.861C527.29,122.515,409.251,0,263.644,0S0,122.515,0,273.646A280.341,280.341,0,0,0,35.3,410.507l0,0h0c45.591,81.768,130.776,136.783,228.344,136.783S446.4,492.277,491.988,410.509h0ZM449.8,80.429c49.724,51.61,77.107,120.229,77.107,193.216a279.6,279.6,0,0,1-35.1,136.525L263.868.4C334.1.461,400.129,28.875,449.8,80.429Zm41.528,329.682H35.96L263.644.795ZM.381,273.646c0-72.988,27.384-141.607,77.107-193.216C127.16,28.875,193.186.461,263.422.4L35.485,410.171A279.624,279.624,0,0,1,.381,273.646ZM449.8,466.862c-49.724,51.61-115.835,80.032-186.156,80.032S127.212,518.472,77.488,466.862a273.8,273.8,0,0,1-41.811-56.354H491.613A273.8,273.8,0,0,1,449.8,466.862Z\" transform=\"translate(0.002)\" fill=\"#fff\"\/>\n    <\/svg>\n  <\/div>\n  \n  <div class=\"wp-block-group__inner-container\">\n    <p class=\"text-center\">Le glossaire LEAN<\/p>\n    <div class=\"button_center\"><a class=\"btn-white outlined\" href=\"https:\/\/www.cca-acc.com\/wp-content\/uploads\/2021\/08\/Glossary.pdf\">T\u00e9l\u00e9charger le glossaire<\/a><\/div>\n  <\/div>\n<\/div>","protected":false},"excerpt":{"rendered":"<p>Lectures recommand\u00e9es 2 Second Lean How to Grow People and Build a Fun Lean CulturePaul A. Akers It\u2019s Your Ship Management Techniques From The Best Damn Ship In The NavyD. Michael Abrashoff The High-Velocity Edge How Market Leaders Leverage Operational Excellence to Beat the CompetitionSteven Spear Transforming Design and ConstructionBill Seed The Lean House John [&hellip;]<\/p>\n","protected":false},"author":24,"featured_media":0,"parent":16873,"menu_order":0,"comment_status":"closed","ping_status":"closed","template":"","meta":{"_acf_changed":false,"footnotes":""},"class_list":["post-47403","page","type-page","status-publish","hentry"],"acf":[],"_links":{"self":[{"href":"https:\/\/www.cca-acc.com\/fr\/wp-json\/wp\/v2\/pages\/47403","targetHints":{"allow":["GET"]}}],"collection":[{"href":"https:\/\/www.cca-acc.com\/fr\/wp-json\/wp\/v2\/pages"}],"about":[{"href":"https:\/\/www.cca-acc.com\/fr\/wp-json\/wp\/v2\/types\/page"}],"author":[{"embeddable":true,"href":"https:\/\/www.cca-acc.com\/fr\/wp-json\/wp\/v2\/users\/24"}],"replies":[{"embeddable":true,"href":"https:\/\/www.cca-acc.com\/fr\/wp-json\/wp\/v2\/comments?post=47403"}],"version-history":[{"count":6,"href":"https:\/\/www.cca-acc.com\/fr\/wp-json\/wp\/v2\/pages\/47403\/revisions"}],"predecessor-version":[{"id":47417,"href":"https:\/\/www.cca-acc.com\/fr\/wp-json\/wp\/v2\/pages\/47403\/revisions\/47417"}],"up":[{"embeddable":true,"href":"https:\/\/www.cca-acc.com\/fr\/wp-json\/wp\/v2\/pages\/16873"}],"wp:attachment":[{"href":"https:\/\/www.cca-acc.com\/fr\/wp-json\/wp\/v2\/media?parent=47403"}],"curies":[{"name":"wp","href":"https:\/\/api.w.org\/{rel}","templated":true}]}}