{"id":47561,"date":"2024-01-11T15:34:01","date_gmt":"2024-01-11T20:34:01","guid":{"rendered":"https:\/\/www.cca-acc.com\/?page_id=47561"},"modified":"2024-01-11T15:38:54","modified_gmt":"2024-01-11T20:38:54","slug":"lisez-votre-contrat-de-construction","status":"publish","type":"page","link":"https:\/\/www.cca-acc.com\/fr\/services-axes-sur-les-pratiques-exemplaires\/lisez-votre-contrat-de-construction\/","title":{"rendered":"Lisez votre contrat de construction"},"content":{"rendered":"\n<p><a href=\"#webinar-1\" data-type=\"internal\" data-id=\"#webinar-1\">Webinaire 1 : Lisez votre contrat de construction \u00ab comme un patron \u00bb<\/a>,\u00a0Enregistr\u00e9 le 3 avril 2023<\/p>\n\n\n\n<p><a href=\"#webinar-2\">Webinaire 2 : Lisez votre contrat de construction : \u00ab Pour assurer la bonne marche des contrats \u00bb \u2013 D\u00e9finition de la port\u00e9e et gestion des modifications<\/a>, Enregistr\u00e9 le 17 avril 2023<\/p>\n\n\n\n<p><a href=\"#webinar-3\" data-type=\"internal\" data-id=\"#webinar-3\">Webinaire 3 : Lisez votre contrat de construction : \u00ab Si je pouvais revenir \u00e0 la case d\u00e9part \u00bb \u2013 Exigences en mati\u00e8re de calendrier, de retard et de d\u00e9lai<\/a>, Enregistr\u00e9 le 1 mai 2023<\/p>\n\n\n\n<p><a href=\"#webinar-4\" data-type=\"internal\" data-id=\"#webinar-4\">Webinaire 4 : Lisez votre contrat de construction : \u00ab Affaire risqu\u00e9e \u00bb \u2013 Assurance, garantie contractuelle et indemnisation<\/a>, Enregistr\u00e9 le 15 mai 2023<\/p>\n\n\n\n<p><a href=\"#webinar-5\" data-type=\"internal\" data-id=\"#webinar-5\">Webinaire 5 : Lisez votre contrat de construction : \u00ab Montrez-moi l\u2019argent! \u00bb \u2013 Clauses financi\u00e8res et paiement<\/a>, Enregistr\u00e9 le 29 mai 2023<\/p>\n\n\n\n<h2 class=\"wp-block-heading\" id=\"webinar-1\">Webinaire 1<\/h2>\n\n\n\n<figure class=\"wp-block-embed is-type-video is-provider-youtube wp-block-embed-youtube wp-embed-aspect-16-9 wp-has-aspect-ratio\"><div class=\"wp-block-embed__wrapper\">\n<iframe loading=\"lazy\" title=\"Webinar 1 Read your construction contract &#039;Like a boss&#039;\" width=\"580\" height=\"326\" src=\"https:\/\/www.youtube.com\/embed\/z_OaOuiEtng?feature=oembed\" frameborder=\"0\" allow=\"accelerometer; autoplay; clipboard-write; encrypted-media; gyroscope; picture-in-picture; web-share\" referrerpolicy=\"strict-origin-when-cross-origin\" allowfullscreen><\/iframe>\n<\/div><\/figure>\n\n\n\n<h2 class=\"wp-block-heading\" id=\"webinar-2\">Webinaire 2<\/h2>\n\n\n\n<figure class=\"wp-block-embed is-type-video is-provider-youtube wp-block-embed-youtube wp-embed-aspect-16-9 wp-has-aspect-ratio\"><div class=\"wp-block-embed__wrapper\">\n<iframe loading=\"lazy\" title=\"Webinar 2 Read your construction contract: \u201cMakin\u2019 It Work: Scope and change management&quot;\" width=\"580\" height=\"326\" src=\"https:\/\/www.youtube.com\/embed\/OpRX3gnK3cI?feature=oembed\" frameborder=\"0\" allow=\"accelerometer; autoplay; clipboard-write; encrypted-media; gyroscope; picture-in-picture; web-share\" referrerpolicy=\"strict-origin-when-cross-origin\" allowfullscreen><\/iframe>\n<\/div><\/figure>\n\n\n\n<h2 class=\"wp-block-heading\" id=\"webinar-3\">Webinaire 3<\/h2>\n\n\n\n<figure class=\"wp-block-embed is-type-video is-provider-youtube wp-block-embed-youtube wp-embed-aspect-16-9 wp-has-aspect-ratio\"><div class=\"wp-block-embed__wrapper\">\n<iframe loading=\"lazy\" title=\"Read your construction contract: If I Could Turn Back Time: Schedule, delay, and timing requirements\" width=\"580\" height=\"326\" src=\"https:\/\/www.youtube.com\/embed\/j6AVfMUgC6U?feature=oembed\" frameborder=\"0\" allow=\"accelerometer; autoplay; clipboard-write; encrypted-media; gyroscope; picture-in-picture; web-share\" referrerpolicy=\"strict-origin-when-cross-origin\" allowfullscreen><\/iframe>\n<\/div><\/figure>\n\n\n\n<h2 class=\"wp-block-heading\" id=\"webinar-4\">Webinaire 4<\/h2>\n\n\n\n<figure class=\"wp-block-embed is-type-video is-provider-youtube wp-block-embed-youtube wp-embed-aspect-16-9 wp-has-aspect-ratio\"><div class=\"wp-block-embed__wrapper\">\n<iframe loading=\"lazy\" title=\"Webinar #4 of 5: Read your construction contract \u201cRisky business&quot;\" width=\"580\" height=\"326\" src=\"https:\/\/www.youtube.com\/embed\/bBCF63SL4zo?feature=oembed\" frameborder=\"0\" allow=\"accelerometer; autoplay; clipboard-write; encrypted-media; gyroscope; picture-in-picture; web-share\" referrerpolicy=\"strict-origin-when-cross-origin\" allowfullscreen><\/iframe>\n<\/div><\/figure>\n\n\n\n<h2 class=\"wp-block-heading\" id=\"webinar-5\">Webinaire 5<\/h2>\n\n\n\n<figure class=\"wp-block-embed is-type-video is-provider-youtube wp-block-embed-youtube wp-embed-aspect-16-9 wp-has-aspect-ratio\"><div class=\"wp-block-embed__wrapper\">\n<iframe loading=\"lazy\" title=\"Read your construction contract \u2013 A series of five webinars to keep you out of trouble!\" width=\"580\" height=\"326\" src=\"https:\/\/www.youtube.com\/embed\/4GtbVu_36KA?feature=oembed\" frameborder=\"0\" allow=\"accelerometer; autoplay; clipboard-write; encrypted-media; gyroscope; picture-in-picture; web-share\" referrerpolicy=\"strict-origin-when-cross-origin\" allowfullscreen><\/iframe>\n<\/div><\/figure>\n","protected":false},"excerpt":{"rendered":"<p>Webinaire 1 : Lisez votre contrat de construction \u00ab comme un patron \u00bb,\u00a0Enregistr\u00e9 le 3 avril 2023 Webinaire 2 : Lisez votre contrat de construction : \u00ab Pour assurer la bonne marche des contrats \u00bb \u2013 D\u00e9finition de la port\u00e9e et gestion des modifications, Enregistr\u00e9 le 17 avril 2023 Webinaire 3 : Lisez votre contrat [&hellip;]<\/p>\n","protected":false},"author":24,"featured_media":0,"parent":16873,"menu_order":0,"comment_status":"closed","ping_status":"closed","template":"","meta":{"_acf_changed":false,"footnotes":""},"class_list":["post-47561","page","type-page","status-publish","hentry"],"acf":[],"_links":{"self":[{"href":"https:\/\/www.cca-acc.com\/fr\/wp-json\/wp\/v2\/pages\/47561","targetHints":{"allow":["GET"]}}],"collection":[{"href":"https:\/\/www.cca-acc.com\/fr\/wp-json\/wp\/v2\/pages"}],"about":[{"href":"https:\/\/www.cca-acc.com\/fr\/wp-json\/wp\/v2\/types\/page"}],"author":[{"embeddable":true,"href":"https:\/\/www.cca-acc.com\/fr\/wp-json\/wp\/v2\/users\/24"}],"replies":[{"embeddable":true,"href":"https:\/\/www.cca-acc.com\/fr\/wp-json\/wp\/v2\/comments?post=47561"}],"version-history":[{"count":2,"href":"https:\/\/www.cca-acc.com\/fr\/wp-json\/wp\/v2\/pages\/47561\/revisions"}],"predecessor-version":[{"id":47564,"href":"https:\/\/www.cca-acc.com\/fr\/wp-json\/wp\/v2\/pages\/47561\/revisions\/47564"}],"up":[{"embeddable":true,"href":"https:\/\/www.cca-acc.com\/fr\/wp-json\/wp\/v2\/pages\/16873"}],"wp:attachment":[{"href":"https:\/\/www.cca-acc.com\/fr\/wp-json\/wp\/v2\/media?parent=47561"}],"curies":[{"name":"wp","href":"https:\/\/api.w.org\/{rel}","templated":true}]}}