{"id":47565,"date":"2024-01-11T15:42:04","date_gmt":"2024-01-11T20:42:04","guid":{"rendered":"https:\/\/www.cca-acc.com\/?page_id=47565"},"modified":"2026-03-26T12:41:34","modified_gmt":"2026-03-26T16:41:34","slug":"webinaires","status":"publish","type":"page","link":"https:\/\/www.cca-acc.com\/fr\/services-axes-sur-les-pratiques-exemplaires\/webinaires\/","title":{"rendered":"Services ax\u00e9s sur les pratiques exemplaires &#8211; webinaires"},"content":{"rendered":"\n<p>Restez inform\u00e9 et prenez de l&#8217;avance gr\u00e2ce aux webinaires des Services ax\u00e9s sur les pratiques exemplaires de l&#8217;Association canadienne de la construction. Ces s\u00e9ances dirig\u00e9es par des experts explorent des solutions pratiques, des normes de l&#8217;industrie et des approches \u00e9prouv\u00e9es pour aider votre entreprise \u00e0 prosp\u00e9rer dans un paysage de la construction concurrentiel et en constante \u00e9volution.<\/p>\n\n\n\n<p>Faites d\u00e9filer vers le bas et commencez \u00e0 apprendre d\u00e8s aujourd&#8217;hui !<\/p>\n\n\n\n<div class=\"wp-block-columns is-layout-flex wp-container-core-columns-is-layout-9d6595d7 wp-block-columns-is-layout-flex\">\n<div class=\"wp-block-column is-layout-flow wp-block-column-is-layout-flow\">\n<figure class=\"wp-block-embed is-type-video is-provider-youtube wp-block-embed-youtube wp-embed-aspect-16-9 wp-has-aspect-ratio\"><div class=\"wp-block-embed__wrapper\">\n<iframe loading=\"lazy\" title=\"Webinar   CCA &amp; Impact Assessment Agency of Canada\" width=\"580\" height=\"326\" src=\"https:\/\/www.youtube.com\/embed\/7hXmuH4gqt0?feature=oembed\" frameborder=\"0\" allow=\"accelerometer; autoplay; clipboard-write; encrypted-media; gyroscope; picture-in-picture; web-share\" referrerpolicy=\"strict-origin-when-cross-origin\" allowfullscreen><\/iframe>\n<\/div><figcaption class=\"wp-element-caption\">Overview of the Impact Assessment Act, 4 mars 2026 (en anglais)<\/figcaption><\/figure>\n\n\n\n<figure class=\"wp-block-embed is-type-video is-provider-youtube wp-block-embed-youtube wp-embed-aspect-16-9 wp-has-aspect-ratio\"><div class=\"wp-block-embed__wrapper\">\n<iframe loading=\"lazy\" title=\"BIM fundamentals demystified webinar\" width=\"580\" height=\"326\" src=\"https:\/\/www.youtube.com\/embed\/zAAYl7yoSBo?feature=oembed\" frameborder=\"0\" allow=\"accelerometer; autoplay; clipboard-write; encrypted-media; gyroscope; picture-in-picture; web-share\" referrerpolicy=\"strict-origin-when-cross-origin\" allowfullscreen><\/iframe>\n<\/div><figcaption class=\"wp-element-caption\">Les principes fondamentaux de le MDB d\u00e9mystifi\u00e9s : Le\u00e7ons du terrain, 18 septembre 2025\n (en anglais)<\/figcaption><\/figure>\n\n\n\n<figure class=\"wp-block-embed is-type-video is-provider-youtube wp-block-embed-youtube wp-embed-aspect-16-9 wp-has-aspect-ratio\"><div class=\"wp-block-embed__wrapper\">\n<iframe loading=\"lazy\" title=\"Mastering risk guidelines webinar part 1\" width=\"580\" height=\"326\" src=\"https:\/\/www.youtube.com\/embed\/YcA7IOeQRJw?feature=oembed\" frameborder=\"0\" allow=\"accelerometer; autoplay; clipboard-write; encrypted-media; gyroscope; picture-in-picture; web-share\" referrerpolicy=\"strict-origin-when-cross-origin\" allowfullscreen><\/iframe>\n<\/div><figcaption class=\"wp-element-caption\">Ma\u00eetriser la gestion des risques dans les contrats de construction, partie 1, 24 juin 2025 (en anglais)<\/figcaption><\/figure>\n\n\n\n<figure class=\"wp-block-embed is-type-video is-provider-youtube wp-block-embed-youtube wp-embed-aspect-16-9 wp-has-aspect-ratio\"><div class=\"wp-block-embed__wrapper\">\n<iframe loading=\"lazy\" title=\"Mastering risk guidelines webinar part 2\" width=\"580\" height=\"326\" src=\"https:\/\/www.youtube.com\/embed\/w528RBULq7o?feature=oembed\" frameborder=\"0\" allow=\"accelerometer; autoplay; clipboard-write; encrypted-media; gyroscope; picture-in-picture; web-share\" referrerpolicy=\"strict-origin-when-cross-origin\" allowfullscreen><\/iframe>\n<\/div><figcaption class=\"wp-element-caption\">Ma\u00eetriser la gestion des risques dans les contrats de construction, partie 2, 25 juin 2025 (en anglais)<\/figcaption><\/figure>\n\n\n\n<figure class=\"wp-block-embed is-type-video is-provider-youtube wp-block-embed-youtube wp-embed-aspect-16-9 wp-has-aspect-ratio\"><div class=\"wp-block-embed__wrapper\">\n<iframe loading=\"lazy\" title=\"Construction Playbook Webinar\" width=\"580\" height=\"326\" src=\"https:\/\/www.youtube.com\/embed\/Nm15R_7QpPM?feature=oembed\" frameborder=\"0\" allow=\"accelerometer; autoplay; clipboard-write; encrypted-media; gyroscope; picture-in-picture; web-share\" referrerpolicy=\"strict-origin-when-cross-origin\" allowfullscreen><\/iframe>\n<\/div><figcaption class=\"wp-element-caption\">Strat\u00e9gies de construction: R\u00e9partition des risques de l\u2019approvisionnement public, 6 mai 2025 (en anglais)<\/figcaption><\/figure>\n\n\n\n<figure class=\"wp-block-embed is-type-video is-provider-youtube wp-block-embed-youtube wp-embed-aspect-16-9 wp-has-aspect-ratio\"><div class=\"wp-block-embed__wrapper\">\n<iframe loading=\"lazy\" title=\"Leveraging Expertise in Construction Management\" width=\"580\" height=\"326\" src=\"https:\/\/www.youtube.com\/embed\/de25JIyzOtM?feature=oembed\" frameborder=\"0\" allow=\"accelerometer; autoplay; clipboard-write; encrypted-media; gyroscope; picture-in-picture; web-share\" referrerpolicy=\"strict-origin-when-cross-origin\" allowfullscreen><\/iframe>\n<\/div><figcaption class=\"wp-element-caption\">L\u2019expertise comme levier dans la gestion de la construction, 10 avril 2024 (en anglais)<\/figcaption><\/figure>\n<\/div>\n\n\n\n<div class=\"wp-block-column is-layout-flow wp-block-column-is-layout-flow\">\n<figure class=\"wp-block-embed is-type-video is-provider-youtube wp-block-embed-youtube wp-embed-aspect-16-9 wp-has-aspect-ratio\"><div class=\"wp-block-embed__wrapper\">\n<iframe loading=\"lazy\" title=\"Corporate responsibility: Navigating Canada&#039;s Forced Labour &amp; Child Labour in Supply Chains Act\" width=\"580\" height=\"326\" src=\"https:\/\/www.youtube.com\/embed\/vTcGafY3z1I?feature=oembed\" frameborder=\"0\" allow=\"accelerometer; autoplay; clipboard-write; encrypted-media; gyroscope; picture-in-picture; web-share\" referrerpolicy=\"strict-origin-when-cross-origin\" allowfullscreen><\/iframe>\n<\/div><figcaption class=\"wp-element-caption\">Comprendre votre responsabilit\u00e9 en mati\u00e8re de d\u00e9clarations d&#8217;entreprise : Naviguer en vertu de la loi canadienne sur le travail forc\u00e9 et le travail des enfants dans les cha\u00eenes d&#8217;approvisionnement, 24 f\u00e9vrier 2025 (en anglais)<\/figcaption><\/figure>\n<\/div>\n<\/div>\n\n\n\n<div class=\"wp-block-columns is-layout-flex wp-container-core-columns-is-layout-9d6595d7 wp-block-columns-is-layout-flex\">\n<div class=\"wp-block-column is-layout-flow wp-block-column-is-layout-flow\">\n<figure class=\"wp-block-embed is-type-video is-provider-youtube wp-block-embed-youtube wp-embed-aspect-16-9 wp-has-aspect-ratio\"><div class=\"wp-block-embed__wrapper\">\n<iframe loading=\"lazy\" title=\"Webinar on project delivery models\" width=\"580\" height=\"326\" src=\"https:\/\/www.youtube.com\/embed\/v-4X7RbzS0E?feature=oembed\" frameborder=\"0\" allow=\"accelerometer; autoplay; clipboard-write; encrypted-media; gyroscope; picture-in-picture; web-share\" referrerpolicy=\"strict-origin-when-cross-origin\" allowfullscreen><\/iframe>\n<\/div><figcaption class=\"wp-element-caption\">Webinaire sur les modes de r\u00e9alisation de projets, 24 octobre 2022<\/figcaption><\/figure>\n<\/div>\n\n\n\n<div class=\"wp-block-column is-layout-flow wp-block-column-is-layout-flow\"><\/div>\n<\/div>\n\n\n\n<div class=\"wp-block-columns is-layout-flex wp-container-core-columns-is-layout-9d6595d7 wp-block-columns-is-layout-flex\">\n<div class=\"wp-block-column is-layout-flow wp-block-column-is-layout-flow\" style=\"flex-basis:66.66%\"><\/div>\n\n\n\n<div class=\"wp-block-column is-layout-flow wp-block-column-is-layout-flow\" style=\"flex-basis:33.33%\"><\/div>\n<\/div>\n","protected":false},"excerpt":{"rendered":"<p>Restez inform\u00e9 et prenez de l&#8217;avance gr\u00e2ce aux webinaires des Services ax\u00e9s sur les pratiques exemplaires de l&#8217;Association canadienne de la construction. Ces s\u00e9ances dirig\u00e9es par des experts explorent des solutions pratiques, des normes de l&#8217;industrie et des approches \u00e9prouv\u00e9es pour aider votre entreprise \u00e0 prosp\u00e9rer dans un paysage de la construction concurrentiel et en [&hellip;]<\/p>\n","protected":false},"author":24,"featured_media":0,"parent":16873,"menu_order":0,"comment_status":"closed","ping_status":"closed","template":"","meta":{"_acf_changed":false,"footnotes":""},"class_list":["post-47565","page","type-page","status-publish","hentry"],"acf":[],"_links":{"self":[{"href":"https:\/\/www.cca-acc.com\/fr\/wp-json\/wp\/v2\/pages\/47565","targetHints":{"allow":["GET"]}}],"collection":[{"href":"https:\/\/www.cca-acc.com\/fr\/wp-json\/wp\/v2\/pages"}],"about":[{"href":"https:\/\/www.cca-acc.com\/fr\/wp-json\/wp\/v2\/types\/page"}],"author":[{"embeddable":true,"href":"https:\/\/www.cca-acc.com\/fr\/wp-json\/wp\/v2\/users\/24"}],"replies":[{"embeddable":true,"href":"https:\/\/www.cca-acc.com\/fr\/wp-json\/wp\/v2\/comments?post=47565"}],"version-history":[{"count":13,"href":"https:\/\/www.cca-acc.com\/fr\/wp-json\/wp\/v2\/pages\/47565\/revisions"}],"predecessor-version":[{"id":78551,"href":"https:\/\/www.cca-acc.com\/fr\/wp-json\/wp\/v2\/pages\/47565\/revisions\/78551"}],"up":[{"embeddable":true,"href":"https:\/\/www.cca-acc.com\/fr\/wp-json\/wp\/v2\/pages\/16873"}],"wp:attachment":[{"href":"https:\/\/www.cca-acc.com\/fr\/wp-json\/wp\/v2\/media?parent=47565"}],"curies":[{"name":"wp","href":"https:\/\/api.w.org\/{rel}","templated":true}]}}