{"id":49933,"date":"2024-03-07T09:48:16","date_gmt":"2024-03-07T14:48:16","guid":{"rendered":"https:\/\/www.cca-acc.com\/a-propos-de-nous\/annual-review-2023\/"},"modified":"2024-03-08T16:03:36","modified_gmt":"2024-03-08T21:03:36","slug":"annual-review-2023","status":"publish","type":"page","link":"https:\/\/www.cca-acc.com\/fr\/a-propos-de-nous\/annual-review-2023\/","title":{"rendered":"Rapport Annuel 2023"},"content":{"rendered":"","protected":false},"excerpt":{"rendered":"","protected":false},"author":24,"featured_media":49929,"parent":15804,"menu_order":0,"comment_status":"closed","ping_status":"closed","template":"templates\/template-annualreview-2023.php","meta":{"_acf_changed":false,"footnotes":""},"class_list":["post-49933","page","type-page","status-publish","has-post-thumbnail","hentry"],"acf":{"header":{"image":49928,"title":"<strong>Champion<\/strong> de confiance.\r\n\r\n<strong>Conseiller<\/strong> de confiance.\r\n\r\n<strong>Partenaire<\/strong> de confiance.","content":"Nous faisons entendre une voix plus forte, nous impliquons nos membres et nous introduisons de nouveaux partenariats pour aider notre industrie \u00e0 prosp\u00e9rer. La cl\u00e9 de notre succ\u00e8s collectif est de travailler ensemble \u00e0 la r\u00e9alisation de notre objectif commun : construire un meilleur Canada pour tous."},"pdf":{"button":"T\u00e9l\u00e9chargez la version pdf","pdf_url":"https:\/\/www.cca-acc.com\/wp-content\/uploads\/2024\/03\/ACC-Rapport-annuel-2023.pdf","button_2":"","pdf_url_2":""},"pdf_download":{"section_header":"Voir la version PDF du rapport"},"video":{"excerpt":"En 2023, nous avons travaill\u00e9 ensemble pour b\u00e2tir un avenir plus r\u00e9silient et plus durable pour le Canada.","button":"Regarder la vid\u00e9o","preview_url":"https:\/\/www.cca-acc.com\/wp-content\/uploads\/2023\/03\/CCA_15346_AnnualReview_Recap_Preview_2022.mp4","preview_poster":38224,"video_url":"https:\/\/www.youtube.com\/watch?v=WoOgfEM0fWk"}},"_links":{"self":[{"href":"https:\/\/www.cca-acc.com\/fr\/wp-json\/wp\/v2\/pages\/49933","targetHints":{"allow":["GET"]}}],"collection":[{"href":"https:\/\/www.cca-acc.com\/fr\/wp-json\/wp\/v2\/pages"}],"about":[{"href":"https:\/\/www.cca-acc.com\/fr\/wp-json\/wp\/v2\/types\/page"}],"author":[{"embeddable":true,"href":"https:\/\/www.cca-acc.com\/fr\/wp-json\/wp\/v2\/users\/24"}],"replies":[{"embeddable":true,"href":"https:\/\/www.cca-acc.com\/fr\/wp-json\/wp\/v2\/comments?post=49933"}],"version-history":[{"count":6,"href":"https:\/\/www.cca-acc.com\/fr\/wp-json\/wp\/v2\/pages\/49933\/revisions"}],"predecessor-version":[{"id":49967,"href":"https:\/\/www.cca-acc.com\/fr\/wp-json\/wp\/v2\/pages\/49933\/revisions\/49967"}],"up":[{"embeddable":true,"href":"https:\/\/www.cca-acc.com\/fr\/wp-json\/wp\/v2\/pages\/15804"}],"wp:featuredmedia":[{"embeddable":true,"href":"https:\/\/www.cca-acc.com\/fr\/wp-json\/wp\/v2\/media\/49929"}],"wp:attachment":[{"href":"https:\/\/www.cca-acc.com\/fr\/wp-json\/wp\/v2\/media?parent=49933"}],"curies":[{"name":"wp","href":"https:\/\/api.w.org\/{rel}","templated":true}]}}