{"id":52214,"date":"2024-05-02T10:20:46","date_gmt":"2024-05-02T14:20:46","guid":{"rendered":"https:\/\/www.cca-acc.com\/?page_id=52214"},"modified":"2025-05-14T15:38:16","modified_gmt":"2025-05-14T19:38:16","slug":"pour-commander-les-documents-de-lacc","status":"publish","type":"page","link":"https:\/\/www.cca-acc.com\/fr\/services-axes-sur-les-pratiques-exemplaires\/documents-de-lacc\/pour-commander-les-documents-de-lacc\/","title":{"rendered":"Pour commander les documents de l&#8217;ACC"},"content":{"rendered":"\n<ul class=\"wp-block-list\">\n<li>Contactez l\u2019une de nos&nbsp;<a href=\"https:\/\/www.cca-acc.com\/fr\/adhesion\/repertoire-des-associations-partenaires\/\">associations partenaires<\/a>&nbsp;(l\u2019ACC ne vend pas directement les documents normalis\u00e9s) et achetez un num\u00e9ro d\u2019inscription pour le document requis.&nbsp;<\/li>\n\n\n\n<li>Allez \u00e0 la page Web des documents normalis\u00e9s de l\u2019ACC.<\/li>\n\n\n\n<li>Assurez-vous que le site Web est dans la m\u00eame langue que le document que vous avez achet\u00e9 (vous pouvez modifier la langue dans le coin sup\u00e9rieur droit).<\/li>\n\n\n\n<li>Trouvez le document que vous avez achet\u00e9.<\/li>\n\n\n\n<li>Entrez votre num\u00e9ro d\u2019inscription pour t\u00e9l\u00e9charger votre document.<\/li>\n\n\n\n<li>Pour les contrats normalis\u00e9s, les sceaux de droit d\u2019auteur vous seront fournis par l\u2019association aupr\u00e8s de laquelle vous avez achet\u00e9 le document.<\/li>\n<\/ul>\n\n\n\n<p>Toutes les ventes sont d\u00e9finitives. Aucun remboursement ne sera effectu\u00e9.<\/p>\n","protected":false},"excerpt":{"rendered":"<p>Toutes les ventes sont d\u00e9finitives. Aucun remboursement ne sera effectu\u00e9.<\/p>\n","protected":false},"author":582,"featured_media":0,"parent":16941,"menu_order":0,"comment_status":"closed","ping_status":"closed","template":"","meta":{"_acf_changed":false,"footnotes":""},"class_list":["post-52214","page","type-page","status-publish","hentry"],"acf":[],"_links":{"self":[{"href":"https:\/\/www.cca-acc.com\/fr\/wp-json\/wp\/v2\/pages\/52214","targetHints":{"allow":["GET"]}}],"collection":[{"href":"https:\/\/www.cca-acc.com\/fr\/wp-json\/wp\/v2\/pages"}],"about":[{"href":"https:\/\/www.cca-acc.com\/fr\/wp-json\/wp\/v2\/types\/page"}],"author":[{"embeddable":true,"href":"https:\/\/www.cca-acc.com\/fr\/wp-json\/wp\/v2\/users\/582"}],"replies":[{"embeddable":true,"href":"https:\/\/www.cca-acc.com\/fr\/wp-json\/wp\/v2\/comments?post=52214"}],"version-history":[{"count":1,"href":"https:\/\/www.cca-acc.com\/fr\/wp-json\/wp\/v2\/pages\/52214\/revisions"}],"predecessor-version":[{"id":52219,"href":"https:\/\/www.cca-acc.com\/fr\/wp-json\/wp\/v2\/pages\/52214\/revisions\/52219"}],"up":[{"embeddable":true,"href":"https:\/\/www.cca-acc.com\/fr\/wp-json\/wp\/v2\/pages\/16941"}],"wp:attachment":[{"href":"https:\/\/www.cca-acc.com\/fr\/wp-json\/wp\/v2\/media?parent=52214"}],"curies":[{"name":"wp","href":"https:\/\/api.w.org\/{rel}","templated":true}]}}