{"id":56465,"date":"2024-08-26T15:06:51","date_gmt":"2024-08-26T19:06:51","guid":{"rendered":"https:\/\/www.cca-acc.com\/gold-seal\/faq-copy\/"},"modified":"2025-04-02T13:28:44","modified_gmt":"2025-04-02T17:28:44","slug":"faq-fr","status":"publish","type":"page","link":"https:\/\/www.cca-acc.com\/fr\/sceau-dor\/faq-fr\/","title":{"rendered":"FAQ"},"content":{"rendered":"\n<p>Trouvez des r\u00e9ponses aux questions fr\u00e9quemment pos\u00e9es sur le programme de certification Sceau d&#8217;or.<\/p>\n\n\n\n<h2 class=\"wp-block-heading\"><strong>Renseignements g\u00e9n\u00e9raux<\/strong><\/h2>\n\n\n\n<h4 class=\"wp-block-heading\">Quelle est la diff\u00e9rence entre les titres ASO et CSO?<\/h4>\n\n\n\n<p>Un ASO est un apprenti qui suit le processus de certification Sceau d\u2019or, alors qu\u2019une personne CSO a termin\u00e9 le processus et r\u00e9ussi l\u2019examen Sceau d\u2019or.<\/p>\n\n\n\n<p>Tous les candidats doivent remplir une demande d\u2019inscription lorsqu\u2019ils commencent leur parcours menant \u00e0 la certification Sceau d\u2019or. Une fois que la demande d\u2019inscription a \u00e9t\u00e9 examin\u00e9e et approuv\u00e9e, les candidats obtiennent d\u2019abord le titre d\u2019Apprenti Sceau d\u2019or (ASO). Ce stage \u00e0 titre d\u2019ASO est valide pendant cinq ans \u00e0 compter de la date d\u2019approbation de la demande d\u2019inscription. Les candidats ont donc jusqu\u2019\u00e0 cinq ans pour satisfaire aux exigences du programme et remplir une demande de certification Sceau d\u2019or (CSO) et, une fois que leur demande est approuv\u00e9e, ils peuvent s\u2019inscrire \u00e0 l\u2019examen du Sceau d\u2019or. Une fois qu\u2019ils ont auront r\u00e9ussi l\u2019examen, ils obtiendront leur certification Sceau d\u2019or et le titre de CSO.<\/p>\n\n\n\n<h4 class=\"wp-block-heading\">Qu&#8217;est-ce qu&#8217;une demande de certification Sceau d&#8217;or?<\/h4>\n\n\n\n<p>Cette demande est remplie une fois que le candidat a obtenu les 100\u202fcr\u00e9dits Sceau d\u2019or requis. Il s\u2019agit d\u2019une combinaison d\u2019exp\u00e9rience industrielle et d\u2019\u00e9ducation\/formation. Les \u00e9l\u00e9ments suivants doivent \u00eatre inclus dans la demande, les d\u00e9tails \u00e9tant disponibles aux pages\u202f16-18 de notre <a href=\"https:\/\/www.cca-acc.com\/fr\/sceau-dor\/guide\" target=\"_blank\" rel=\"noreferrer noopener\">Guide de candidature au Sceau d\u2019or<\/a> :<\/p>\n\n\n\n<ul class=\"wp-block-list\">\n<li><strong>Exp\u00e9rience :<\/strong> Un minimum de 50 cr\u00e9dits (cinq ans) jusqu\u2019\u00e0 un maximum de 75 cr\u00e9dits (jusqu\u2019\u00e0 huit ans) d\u2019exp\u00e9rience dans l\u2019industrie.<\/li>\n\n\n\n<li><strong>\u00c9ducation et formation :<\/strong> Au moins 25 cr\u00e9dits\n<ul class=\"wp-block-list\">\n<li>\u00c9tudes formelles : Facultatif <\/li>\n\n\n\n<li>Formation obligatoire : Cinq cr\u00e9dits (voir page 17 pour les d\u00e9tails)\n<ul class=\"wp-block-list\">\n<li>Cours \u00c9thique dans le secteur de la construction (trois cr\u00e9dits)<\/li>\n\n\n\n<li>Formation sp\u00e9cifique \u00e0 la d\u00e9signation (deux cr\u00e9dits)<\/li>\n<\/ul>\n<\/li>\n\n\n\n<li>Formation en s\u00e9curit\u00e9 : Facultatif<\/li>\n\n\n\n<li>Formation suppl\u00e9mentaire : Facultatif <\/li>\n<\/ul>\n<\/li>\n<\/ul>\n\n\n\n<h4 class=\"wp-block-heading\"><strong>Comment puis-je me connecter au centre des membres?&nbsp;<\/strong><\/h4>\n\n\n\n<p>Actuellement, l\u2019Espace membres n\u2019est pas destin\u00e9 aux candidats au Sceau d\u2019or. Nous utilisons des formulaires en ligne et si vous souhaitez postuler, veuillez consulter notre <a href=\"https:\/\/www.cca-acc.com\/fr\/sceau-dor\/par-ou-commencer\/nouveaux-candidats-au-sceau-dor\/\" target=\"_blank\" rel=\"noreferrer noopener\">site Web<\/a>, ou nous envoyer un courriel \u00e0 <a href=\"mailto:goldseal@cca-acc.com\" target=\"_blank\" rel=\"noreferrer noopener\">goldseal@cca-acc.com<\/a> si vous avez des questions concernant votre statut actuel.&nbsp;<\/p>\n\n\n\n<h4 class=\"wp-block-heading\">Puis-je obtenir plusieurs titres de CSO? Comment dois-je proc\u00e9der?<\/h4>\n\n\n\n<p>Une fois qu\u2019un candidat a obtenu le titre de CSO dans l\u2019une des d\u00e9signations du Sceau d\u2019or, il peut obtenir un titre de CSO dans une autre d\u00e9signation. Cela s\u2019applique aux professionnels d\u00e9j\u00e0 certifi\u00e9s Sceau d\u2019or qui ont chang\u00e9 de poste depuis l\u2019obtention de leur certification et qui travaillent maintenant dans l\u2019une des autres d\u00e9signations menant \u00e0 la certification. Le processus est le m\u00eame que celui de la demande initiale; les candidats doivent remplir une nouvelle demande d\u2019inscription au Programme de certification Sceau d\u2019or ainsi qu\u2019une nouvelle demande de CSO, et payer les frais de demande respectifs. Ils doivent \u00e9galement passer l\u2019examen du Sceau d\u2019or correspondant \u00e0 leur nouvelle d\u00e9signation.<\/p>\n\n\n\n<h4 class=\"wp-block-heading\"><strong>Je suis un Apprenti Sceau d\u2019or, mais je ne sais pas combien de cr\u00e9dits que j\u2019ai actuellement. Que dois-je faire?&nbsp;&nbsp;<\/strong><\/h4>\n\n\n\n<p>Veuillez contacter le Sceau d\u2019or \u00e0 <a href=\"mailto:goldseal@cca-acc.com\" target=\"_blank\" rel=\"noreferrer noopener\">goldseal@cca-acc.com<\/a>. L\u2019\u00e9quipe du Sceau d\u2019or v\u00e9rifiera votre statut actuel, vous fournira un relev\u00e9 \u00e0 jour de vos cr\u00e9dits et vous expliquera les prochaines \u00e9tapes de votre parcours.<\/p>\n\n\n\n<h4 class=\"wp-block-heading\"><strong>Combien cela co\u00fbte-t-il pour obtenir la certification Sceau d\u2019or?&nbsp;<\/strong><\/h4>\n\n\n\n<p>Le co\u00fbt total pour obtenir le titre de CSO est de 650 $ et est r\u00e9parti comme suit :&nbsp;<\/p>\n\n\n\n<ul class=\"wp-block-list\">\n<li>Demande d\u2019inscription : 425 $ plus les taxes&nbsp;<\/li>\n\n\n\n<li>Demande de CSO : 100 $ plus les taxes&nbsp;&nbsp;<\/li>\n\n\n\n<li>Inscription \u00e0 l\u2019examen : 125 $ plus les taxes<\/li>\n<\/ul>\n\n\n\n<h2 class=\"wp-block-heading\"><strong>Certification Sceau d\u2019or &#8211; Exp\u00e9rience<\/strong><\/h2>\n\n\n\n<h4 class=\"wp-block-heading\"><strong>Est-ce que mon exp\u00e9rience dans un poste d\u2019assistant ou d\u2019adjoint me donne droit \u00e0 des cr\u00e9dits d\u2019exp\u00e9rience dans ma demande de certification Sceau d\u2019or?<\/strong>&nbsp;<\/h4>\n\n\n\n<p>Oui. Les candidats doivent avoir au moins cinq ans d\u2019exp\u00e9rience dans le domaine choisi, dont trois ans dans un poste \u00e0 part enti\u00e8re au Canada. Les candidats qui ont au moins trois ans d\u2019exp\u00e9rience dans un poste \u00e0 part enti\u00e8re peuvent faire valoir deux ans dans un poste d\u2019assistant pertinent pour obtenir leur exp\u00e9rience minimale de cinq ans. Si les candidats ont plus de cinq ans d\u2019exp\u00e9rience, ils peuvent faire valoir jusqu\u2019\u00e0 trois ann\u00e9es suppl\u00e9mentaires dans un poste d\u2019assistant (7,5\u202fans au maximum) pour atteindre le maximum de 75\u202fcr\u00e9dits d\u2019exp\u00e9rience.&nbsp;<\/p>\n\n\n\n<h4 class=\"wp-block-heading\"><strong>Suis-je oblig\u00e9 de remplir une demande d\u2019inscription si je satisfais d\u00e9j\u00e0 aux exigences minimales de la demande de CSO?<\/strong>&nbsp;<\/h4>\n\n\n\n<p>Non. Tous les candidats doivent d\u2019abord remplir une demande d\u2019inscription pour commencer leur parcours menant \u00e0 la certification Sceau d\u2019or. Cependant, une fois leur demande approuv\u00e9e, il n\u2019y a pas de d\u00e9lai d\u2019attente pour remplir une demande de CSO. Une fois que la demande d\u2019inscription est approuv\u00e9e, si les candidats satisfont \u00e0 toutes les exigences, ils peuvent remplir leur demande de CSO imm\u00e9diatement.&nbsp;<\/p>\n\n\n\n<h4 class=\"wp-block-heading\">Pendant combien de temps suis-je un apprenti Sceau d\u2019or?<\/h4>\n\n\n\n<p>La p\u00e9riode d\u2019apprenti Sceau d\u2019or (ASO) est de cinq ans \u00e0 partir du moment o\u00f9 la demande d\u2019inscription est approuv\u00e9e. Les candidats sont inform\u00e9s de la date d\u2019expiration de leur titre d\u2019ASO dans le courriel d\u2019approbation de leur inscription.&nbsp;<\/p>\n\n\n\n<h4 class=\"wp-block-heading\">Quels renseignements doivent figurer dans la lettre de r\u00e9f\u00e9rence de mon employeur actuel?<\/h4>\n\n\n\n<p>La lettre de r\u00e9f\u00e9rence devant accompagner votre demande d\u2019inscription au Programme de certification Sceau d\u2019or doit comprendre des renseignements sur l\u2019entreprise pour laquelle vous travaillez, notamment le nom et les coordonn\u00e9es de votre superviseur direct, le titre du poste, la dur\u00e9e de l\u2019emploi, la date de d\u00e9but et vos fonctions principales. La lettre doit \u00e9galement \u00eatre sign\u00e9e par le superviseur direct.<\/p>\n\n\n\n<h4 class=\"wp-block-heading\"><strong>Je dois changer ma d\u00e9signation. Qui dois-je contacter?&nbsp;<\/strong><\/h4>\n\n\n\n<p>Si vous devez changer votre d\u00e9signation au cours de votre stage d\u2019apprenti Sceau d\u2019or, veuillez contacter l\u2019\u00e9quipe du Sceau d\u2019or \u00e0 <a href=\"mailto:goldseal@cca-acc.com\" target=\"_blank\" rel=\"noreferrer noopener\">goldseal@cca-acc.com<\/a>.&nbsp;Les d\u00e9signations ne peuvent pas \u00eatre modifi\u00e9es une fois que l\u2019autorisation de passer l\u2019examen a \u00e9t\u00e9 accord\u00e9e.&nbsp;<\/p>\n\n\n\n<h4 class=\"wp-block-heading\"><strong>Le Sceau d\u2019or reconna\u00eet-il l\u2019exp\u00e9rience de travail acquise \u00e0 l\u2019\u00e9tranger?<\/strong><\/h4>\n\n\n\n<p>Oui. Des cinq ann\u00e9es minimums d\u2019exp\u00e9rience requises, au moins trois ann\u00e9es doivent correspondre \u00e0 une exp\u00e9rience acquise dans l\u2019industrie canadienne de la construction; toute autre exp\u00e9rience peut avoir \u00e9t\u00e9 acquise \u00e0 l\u2019\u00e9tranger.<\/p>\n\n\n\n<h2 class=\"wp-block-heading\"><strong>Certification Sceau d\u2019or \u2013 \u00c9tudes et formation<\/strong><\/h2>\n\n\n\n<h4 class=\"wp-block-heading\">Comment puis-je faire le suivi de mes cr\u00e9dits?&nbsp;<\/h4>\n\n\n\n<p>Les candidats doivent faire le suivi de leurs propres cr\u00e9dits afin de d\u00e9terminer quand ils sont admissibles \u00e0 pr\u00e9senter leur demande de certification Sceau d\u2019or (CSO). Avant de pr\u00e9senter leur demande, il est recommand\u00e9 aux candidats de remplir <a href=\"https:\/\/www.cca-acc.com\/gold-seal\/outil-d-auto%C3%A9valuation-des-cr%C3%A9dits\" data-type=\"link\" data-id=\"https:\/\/www.cca-acc.com\/gold-seal\/outil-d-auto%C3%A9valuation-des-cr%C3%A9dits\">l\u2019outil d\u2019auto\u00e9valuation des cr\u00e9dits<\/a> afin de d\u00e9terminer le nombre actuel de leurs cr\u00e9dits.\u00a0\u00a0<\/p>\n\n\n\n<h4 class=\"wp-block-heading\"><strong>Comment puis-je m\u2019inscrire au cours obligatoire d\u2019\u00e9thique dans le secteur de la construction?&nbsp;<\/strong><\/h4>\n\n\n\n<p>Les candidats doivent communiquer avec leur association locale de la construction pour s\u2019inscrire au cours d\u2019\u00e9thique dans le secteur de la construction. Pour voir la liste des associations partenaires de l\u2019ACC, <a href=\"https:\/\/www.cca-acc.com\/fr\/adhesion\/repertoire-des-associations-partenaires\/\" target=\"_blank\" rel=\"noreferrer noopener\">visitez notre site Web<\/a>.&nbsp;<\/p>\n\n\n\n<h4 class=\"wp-block-heading\"><strong>Je ne sais pas quels cours suivre pour satisfaire aux exigences de ma d\u00e9signation Sceau d\u2019or. Que dois-je faire?&nbsp;<\/strong><\/h4>\n\n\n\n<p>Pour suivre des cours qui s\u2019appliquent \u00e0 votre d\u00e9signation, contactez votre <a href=\"https:\/\/www.cca-acc.com\/fr\/adhesion\/repertoire-des-associations-partenaires\/\" target=\"_blank\" rel=\"noreferrer noopener\">association locale<\/a>. Les associations locales sont des experts en formation et peuvent vous guider et vous inscrire aux cours qu\u2019elles offrent. Vous pouvez \u00e9galement consulter la <a href=\"https:\/\/www.cca-acc.com\/fr\/sceau-dor\/programme-daccreditation\/formation-accreditee\/\" target=\"_blank\" rel=\"noreferrer noopener\">liste de formation accr\u00e9dit\u00e9e du Sceau d\u2019or<\/a> pour voir les cours disponibles aupr\u00e8s des diff\u00e9rents fournisseurs de formation.&nbsp;<\/p>\n\n\n\n<h4 class=\"wp-block-heading\"><strong>La formation que j\u2019ai suivie avant de devenir stagiaire Sceau d\u2019or est-elle prise en compte dans ma candidature?&nbsp;<\/strong><\/h4>\n\n\n\n<p>Oui. La formation doit cependant \u00eatre <a href=\"https:\/\/www.cca-acc.com\/fr\/sceau-dor\/programme-daccreditation\/formation-accreditee\/\" target=\"_blank\" rel=\"noreferrer noopener\">accr\u00e9dit\u00e9e du Sceau d\u2019or<\/a> et avoir \u00e9t\u00e9 suivie au cours des 10\u202fderni\u00e8res ann\u00e9es.<\/p>\n\n\n\n<h4 class=\"wp-block-heading\"><strong>I have another industry-related certification. What do I need to apply for Gold Seal Certification?<\/strong>&nbsp;<\/h4>\n\n\n\n<p>Le Programme de certification Sceau d\u2019or accepte des \u00e9quivalences, notamment les titres \u00e9quivalents suivants\u202f: MCIOB, NCSO, \u00c9CA et ECC. Veuillez consulter notre <em><a href=\"https:\/\/www.cca-acc.com\/fr\/sceau-dor\/guide\" target=\"_blank\" rel=\"noreferrer noopener\">Guide pour la pr\u00e9sentation d\u2019une demande de certification Sceau d\u2019or<\/a><\/em> pour obtenir des d\u00e9tails \u00e0 ce sujet. Notez que nous n\u2019acceptons pas d\u2019autres certifications telles que PMP, CET, etc.<\/p>\n\n\n\n<h2 class=\"wp-block-heading\"><strong>Certification Sceau d\u2019or \u2013 Examen<\/strong>&nbsp;<\/h2>\n\n\n\n<h4 class=\"wp-block-heading\">Comment puis-je me pr\u00e9parer pour l\u2019examen du Sceau d\u2019or?&nbsp;<\/h4>\n\n\n\n<p>Comme l\u2019examen est bas\u00e9 sur l\u2019exp\u00e9rience, la meilleure fa\u00e7on de se pr\u00e9parer \u00e0 l\u2019examen du Sceau d\u2019or est de passer en revue l\u2019<a href=\"https:\/\/www.cca-acc.com\/fr\/sceau-dor\/comment-presenter-une-demande\/outils-dautoevaluation\/\" target=\"_blank\" rel=\"noreferrer noopener\">outil d\u2019auto\u00e9valuation des comp\u00e9tences<\/a> correspondant \u00e0 la d\u00e9signation pertinente. Cela vous aidera \u00e0 comprendre les sujets qui seront trait\u00e9s \u00e0 l\u2019examen. Si, dans ses fonctions quotidiennes, un candidat accomplit les t\u00e2ches \u00e9nonc\u00e9es dans cet outil d\u2019auto\u00e9valuation, il sera bien pr\u00e9par\u00e9 pour passer l\u2019examen du Sceau d\u2019or. La page Web <a href=\"https:\/\/www.cca-acc.com\/fr\/sceau-dor\/examen-du-sceau-dor\/\" target=\"_blank\" rel=\"noreferrer noopener\">Examen du Sceau d\u2019or<\/a> contient \u00e9galement des questions de pratique qui correspondent au style et au format des questions de l\u2019examen r\u00e9el. Les candidats sont \u00e9galement encourag\u00e9s \u00e0 s\u2019inscrire \u00e0 un webinaire de pr\u00e9paration \u00e0 l\u2019examen qui a lieu deux semaines avant chaque examen<strong>. Il n\u2019y a pas de cours de pr\u00e9paration \u00e0 l\u2019examen ni de guide d\u2019\u00e9tude.<\/strong>&nbsp;<\/p>\n\n\n\n<h4 class=\"wp-block-heading\"><strong>\u00c0 quelle fr\u00e9quence l\u2019examen du Sceau d\u2019or est-il offert?&nbsp;<\/strong><\/h4>\n\n\n\n<p>L\u2019examen du Sceau d\u2019or est offert quatre fois par ann\u00e9e : en mars, en juin, en septembre et en novembre. Veuillez consulter notre <a href=\"https:\/\/www.cca-acc.com\/fr\/sceau-dor\/examen-du-sceau-dor\/\" target=\"_blank\" rel=\"noreferrer noopener\">site Web<\/a> pour conna\u00eetre les dates d\u2019examen.&nbsp;&nbsp;<\/p>\n\n\n\n<h4 class=\"wp-block-heading\">O\u00f9 dois-je passer l\u2019examen du Sceau d\u2019or?&nbsp;<\/h4>\n\n\n\n<p>Tous les examens se font en ligne par le biais du portail d\u2019examen du Sceau d\u2019or. Les candidats peuvent passer l\u2019examen \u00e0 partir de leur domicile ou de leur bureau.&nbsp;<\/p>\n\n\n\n<h4 class=\"wp-block-heading\"><strong>Puis-je reprendre l\u2019examen?&nbsp;<\/strong><\/h4>\n\n\n\n<p>Oui. Les candidats qui ne r\u00e9ussissent pas l\u2019examen peuvent passer un examen de reprise moyennant des frais de 125 $ plus les taxes applicables. Il n\u2019y a aucune limite sur le nombre de fois qu\u2019un candidat peut s\u2019inscrire \u00e0 un examen de reprise.&nbsp;Un lien d\u2019inscription \u00e0 l\u2019examen de rattrapage est envoy\u00e9 aux candidats non retenus apr\u00e8s l\u2019examen.<\/p>\n\n\n\n<h4 class=\"wp-block-heading\"><strong>Combien de temps faut-il avant de recevoir les r\u00e9sultats de mon examen?&nbsp;<\/strong><\/h4>\n\n\n\n<p>Gr\u00e2ce au portail d\u2019examen en ligne, les candidats obtiennent leurs r\u00e9sultats imm\u00e9diatement apr\u00e8s avoir termin\u00e9 l\u2019examen. L\u2019\u00e9quipe du Sceau d\u2019or envoie \u00e9galement les r\u00e9sultats par courriel la semaine suivant l\u2019examen.&nbsp;<\/p>\n\n\n\n<h4 class=\"wp-block-heading\"><strong>Combien de temps est accord\u00e9 pour passer l\u2019examen?&nbsp;<\/strong><\/h4>\n\n\n\n<p>Il y a entre 150 et 180 questions \u00e0 l\u2019examen, selon la d\u00e9signation. La dur\u00e9e de l\u2019examen varie de trois heures \u00e0 trois heures et demie. Les candidats sont inform\u00e9s de la dur\u00e9e exacte de leur examen dans leur courriel de confirmation de l\u2019examen.<\/p>\n\n\n\n<h4 class=\"wp-block-heading\"><strong>Quelle est la note de passage de l\u2019examen?&nbsp;<\/strong><\/h4>\n\n\n\n<p>La note de passage de l\u2019examen du Sceau d\u2019or est de 70 %.<\/p>\n\n\n\n<h2 class=\"wp-block-heading\"><strong>Professionnel certifi\u00e9 Sceau d\u2019or (P.CSO)<\/strong><\/h2>\n\n\n\n<h4 class=\"wp-block-heading\"><strong>Comment puis-je obtenir le titre de Professionnel certifi\u00e9 Sceau d\u2019or (P.CSO)?<\/strong><\/h4>\n\n\n\n<p>Pour obtenir le titre de P.CSO, les candidats doivent satisfaire aux exigences suivantes :&nbsp;<\/p>\n\n\n\n<ol start=\"1\" class=\"wp-block-list\">\n<li>D\u00e9tenir un titre\/certificat de CSO.&nbsp;<\/li>\n<\/ol>\n\n\n\n<ol start=\"2\" class=\"wp-block-list\">\n<li>Preuve qu\u2019ils ont travaill\u00e9 pour un entrepreneur g\u00e9n\u00e9ral, sp\u00e9cialis\u00e9, en \u00e9lectricit\u00e9, en m\u00e9canique ou en infrastructure civile au cours des deux derni\u00e8res ann\u00e9es dans la d\u00e9signation pour laquelle ils ont \u00e9t\u00e9 certifi\u00e9s.<\/li>\n<\/ol>\n\n\n\n<ol start=\"3\" class=\"wp-block-list\">\n<li>Avoir une preuve d\u00e9montrant qu\u2019ils obtenu au moins 30 cr\u00e9dits Sceau d\u2019or au cours des deux derni\u00e8res ann\u00e9es :<\/li>\n<\/ol>\n\n\n\n<ul class=\"wp-block-list\">\n<li>Un minimum de 10 cr\u00e9dits cours li\u00e9s \u00e0 la construction (un cr\u00e9dit par tranche de trois heures) provenant de cours li\u00e9s \u00e0 la construction obtenus apr\u00e8s l\u2019obtention de la CSO est obligatoire. Les cours doivent \u00eatre accr\u00e9dit\u00e9s du Sceau d\u2019or.<\/li>\n<\/ul>\n\n\n\n<ul class=\"wp-block-list\">\n<li>s\u00e9minaires, conf\u00e9rences, apprentissage autodirig\u00e9 ou r\u00e9unions professionnelles (un cr\u00e9dit par tranche de trois heures)<\/li>\n<\/ul>\n\n\n\n<ul class=\"wp-block-list\">\n<li>participation \u00e0 des organismes communautaires ou de charit\u00e9, \u00e0 des associations techniques ou professionnelles, du mentorat (un cr\u00e9dit par tranche de trois heures)<\/li>\n<\/ul>\n\n\n\n<ul class=\"wp-block-list\">\n<li>enseignement, y compris faire des pr\u00e9sentations, animer des s\u00e9minaires ou des ateliers (deux cr\u00e9dits par tranche d\u2019une heure d\u2019enseignement)<\/li>\n<\/ul>\n\n\n\n<ul class=\"wp-block-list\">\n<li>contribution \u00e0 des activit\u00e9s qui am\u00e9liorent l\u2019industrie de la construction, comme si\u00e9ger \u00e0 des comit\u00e9s (un cr\u00e9dit par tranche d\u2019une heure).<\/li>\n<\/ul>\n\n\n\n<h4 class=\"wp-block-heading\">Le titre de P.CSO expire-t-il?&nbsp;<\/h4>\n\n\n\n<p>Oui. Il s\u2019agit d\u2019un titre renouvelable qui est valide pendant deux ans. Pour renouveler votre titre de P.CSO, veuillez remplir le formulaire de demande ou de renouvellement.\u00a0<\/p>\n\n\n\n<h5 class=\"wp-block-heading\">Pour de plus amples renseignements, veuillez consulter le <a href=\"https:\/\/www.cca-acc.com\/wp-content\/uploads\/2024\/06\/GS-application-guide_FRENCH_June12024.pdf\"><em>Guide pour la pr\u00e9sentation d\u2019une demande de certification Sceau d\u2019or<\/em>.<\/a><\/h5>\n\n\n\n<div class=\"is-layout-flow wp-block-group alignfull block-cta block-cta--purple-motif\">\n\n    <div class=\"block-cta__motif\">\n    <svg xmlns=\"http:\/\/www.w3.org\/2000\/svg\" width=\"527.292\" height=\"547.292\" viewBox=\"0 0 527.292 547.292\">\n      <path d=\"M491.99,410.507a280.341,280.341,0,0,0,35.3-136.861C527.29,122.515,409.251,0,263.644,0S0,122.515,0,273.646A280.341,280.341,0,0,0,35.3,410.507l0,0h0c45.591,81.768,130.776,136.783,228.344,136.783S446.4,492.277,491.988,410.509h0ZM449.8,80.429c49.724,51.61,77.107,120.229,77.107,193.216a279.6,279.6,0,0,1-35.1,136.525L263.868.4C334.1.461,400.129,28.875,449.8,80.429Zm41.528,329.682H35.96L263.644.795ZM.381,273.646c0-72.988,27.384-141.607,77.107-193.216C127.16,28.875,193.186.461,263.422.4L35.485,410.171A279.624,279.624,0,0,1,.381,273.646ZM449.8,466.862c-49.724,51.61-115.835,80.032-186.156,80.032S127.212,518.472,77.488,466.862a273.8,273.8,0,0,1-41.811-56.354H491.613A273.8,273.8,0,0,1,449.8,466.862Z\" transform=\"translate(0.002)\" fill=\"#fff\"\/>\n    <\/svg>\n  <\/div>\n  \n  <div class=\"wp-block-group__inner-container\">\n    <p class=\"text-center\">Si vous ne trouvez pas de r\u00e9ponses \u00e0 vos questions concernant le Sceau d\u2019or sur notre site Web, veuillez communiquer avec nous \u00e0 goldseal@cca-acc.com ou au 613-236-9455.<\/p>\n    <div class=\"button_center\"><a class=\"btn-white outlined\" href=\"mailto:goldseal@cca-acc.com\">Contactez-nous<\/a><\/div>\n  <\/div>\n<\/div>\n\n\n<p><\/p>\n","protected":false},"excerpt":{"rendered":"<p>Trouvez des r\u00e9ponses aux questions fr\u00e9quemment pos\u00e9es sur le programme de certification Sceau d&#8217;or. Renseignements g\u00e9n\u00e9raux Quelle est la diff\u00e9rence entre les titres ASO et CSO? Un ASO est un apprenti qui suit le processus de certification Sceau d\u2019or, alors qu\u2019une personne CSO a termin\u00e9 le processus et r\u00e9ussi l\u2019examen Sceau d\u2019or. Tous les candidats [&hellip;]<\/p>\n","protected":false},"author":31,"featured_media":0,"parent":16695,"menu_order":0,"comment_status":"closed","ping_status":"closed","template":"","meta":{"_acf_changed":false,"footnotes":""},"class_list":["post-56465","page","type-page","status-publish","hentry"],"acf":[],"_links":{"self":[{"href":"https:\/\/www.cca-acc.com\/fr\/wp-json\/wp\/v2\/pages\/56465","targetHints":{"allow":["GET"]}}],"collection":[{"href":"https:\/\/www.cca-acc.com\/fr\/wp-json\/wp\/v2\/pages"}],"about":[{"href":"https:\/\/www.cca-acc.com\/fr\/wp-json\/wp\/v2\/types\/page"}],"author":[{"embeddable":true,"href":"https:\/\/www.cca-acc.com\/fr\/wp-json\/wp\/v2\/users\/31"}],"replies":[{"embeddable":true,"href":"https:\/\/www.cca-acc.com\/fr\/wp-json\/wp\/v2\/comments?post=56465"}],"version-history":[{"count":6,"href":"https:\/\/www.cca-acc.com\/fr\/wp-json\/wp\/v2\/pages\/56465\/revisions"}],"predecessor-version":[{"id":65250,"href":"https:\/\/www.cca-acc.com\/fr\/wp-json\/wp\/v2\/pages\/56465\/revisions\/65250"}],"up":[{"embeddable":true,"href":"https:\/\/www.cca-acc.com\/fr\/wp-json\/wp\/v2\/pages\/16695"}],"wp:attachment":[{"href":"https:\/\/www.cca-acc.com\/fr\/wp-json\/wp\/v2\/media?parent=56465"}],"curies":[{"name":"wp","href":"https:\/\/api.w.org\/{rel}","templated":true}]}}