{"id":58983,"date":"2024-11-14T12:12:03","date_gmt":"2024-11-14T17:12:03","guid":{"rendered":"https:\/\/www.cca-acc.com\/?page_id=58983"},"modified":"2024-11-14T12:35:15","modified_gmt":"2024-11-14T17:35:15","slug":"ce-ne-sont-pas-les-promesses-qui-batissent-leconomie-cest-la-construction","status":"publish","type":"page","link":"https:\/\/www.cca-acc.com\/fr\/defense-des-interets\/ce-ne-sont-pas-les-promesses-qui-batissent-leconomie-cest-la-construction\/","title":{"rendered":"Ce ne sont pas les promesses qui b\u00e2tissent l\u2019\u00e9conomie \u2013 c&#8217;est la construction."},"content":{"rendered":"\n<p>Si vous demandez aux Canadiens ce qui les emp\u00eache de dormir, ils vont principalement mentionner la crise du logement, l\u2019augmentation du co\u00fbt de la vie et l\u2019incertitude \u00e9conomique. Bien que les propositions pour r\u00e9soudre ces probl\u00e8mes ne manquent pas, une r\u00e9ponse simple s\u2019impose : la construction.<\/p>\n\n\n\n<p>Notre secteur fa\u00e7onne le paysage physique de notre pays. Des maisons aux routes en passant par les h\u00f4pitaux et les \u00e9coles, la construction permet d\u2019assurer les services essentiels dont les Canadiens d\u00e9pendent quotidiennement et constitue le fondement de notre qualit\u00e9 de vie. Mais plus encore, l\u2019industrie canadienne de la construction est au c\u0153ur de notre \u00e9conomie nationale. Elle cr\u00e9e des emplois, favorise les \u00e9changes commerciaux, d\u00e9veloppe des infrastructures essentielles, relie les industries et stimule la croissance.<\/p>\n\n\n\n<h5 class=\"wp-block-heading has-text-align-center\"><span class=\"has-inline-color has-ccp-purple-color\">La verit\u00e9 est que nous ne pouvons pas avoir une \u00e9conomie canadienne solide sans un secteur de la construction fort et sain.<\/span><\/h5>\n\n\n\n<p>Et tout le monde souhaite une \u00e9conomie solide. Elle fait du Canada une nation plus forte, aide \u00e0 fournir les services dont notre population d\u00e9pend et am\u00e9liore la vie de tous les Canadiens. Alors, comment pouvons-nous assurer la prosp\u00e9rit\u00e9 et la r\u00e9silience du Canada aujourd\u2019hui et dans l\u2019avenir? En \u00e9liminant les obstacles qui freinent la productivit\u00e9 et cr\u00e9ent des conditions impossibles pour la prosp\u00e9rit\u00e9 de notre industrie.<\/p>\n\n\n\n<p>Le potentiel du secteur de la construction est immense. Nous avons la possibilit\u00e9 d\u2019adopter des pratiques et des technologies innovantes ainsi que des m\u00e9thodes plus efficaces pour acc\u00e9l\u00e9rer la r\u00e9alisation des projets et am\u00e9liorer les r\u00e9sultats. Nous pouvons construire de mani\u00e8re plus r\u00e9siliente et durable, d\u00e9velopper une main-d\u2019\u0153uvre diversifi\u00e9e et efficace, et commencer \u00e0 investir dans des projets qui apportent une valeur r\u00e9elle aux Canadiens.<\/p>\n\n\n\n<p>Pour ce faire, le gouvernement f\u00e9d\u00e9ral doit modifier en profondeur sa fa\u00e7on d\u2019aborder les investissements dans les infrastructures, le d\u00e9veloppement de la main-d\u2019\u0153uvre et la passation de march\u00e9s. Ces changements sont essentiels et offrent au gouvernement f\u00e9d\u00e9ral une occasion unique de s\u2019associer \u00e0 l\u2019industrie de la construction pour d\u00e9bloquer ces gains, soutenir le d\u00e9veloppement des communaut\u00e9s et construire une \u00e9conomie plus forte.<\/p>\n\n\n\n<p>Soutenez une industrie qui est le moteur de l\u2019\u00e9conomie. Aidez-nous \u00e0 <strong>B\u00e2tir un Canada meilleur<\/strong> en mettant en \u0153uvre les politiques publiques qui \u00e9liminent les obstacles et stimulent la construction.<\/p>\n\n\n\n<figure class=\"wp-block-image size-large\"><img loading=\"lazy\" decoding=\"async\" width=\"1024\" height=\"381\" src=\"https:\/\/www.cca-acc.com\/wp-content\/uploads\/2024\/11\/Screenshot-2024-11-14-113737-Hill-Day-1024x381.png\" alt=\"\" class=\"wp-image-58991\" srcset=\"https:\/\/www.cca-acc.com\/wp-content\/uploads\/2024\/11\/Screenshot-2024-11-14-113737-Hill-Day-1024x381.png 1024w, https:\/\/www.cca-acc.com\/wp-content\/uploads\/2024\/11\/Screenshot-2024-11-14-113737-Hill-Day-600x223.png 600w, https:\/\/www.cca-acc.com\/wp-content\/uploads\/2024\/11\/Screenshot-2024-11-14-113737-Hill-Day-300x112.png 300w, https:\/\/www.cca-acc.com\/wp-content\/uploads\/2024\/11\/Screenshot-2024-11-14-113737-Hill-Day-768x285.png 768w, https:\/\/www.cca-acc.com\/wp-content\/uploads\/2024\/11\/Screenshot-2024-11-14-113737-Hill-Day-400x149.png 400w, https:\/\/www.cca-acc.com\/wp-content\/uploads\/2024\/11\/Screenshot-2024-11-14-113737-Hill-Day.png 1095w\" sizes=\"auto, (max-width: 1024px) 100vw, 1024px\" \/><\/figure>\n\n\n\n<h4 class=\"wp-block-heading\">INVESTIR dans les infrastructures<\/h4>\n\n\n\n<p>\u200bUn investissement dans les infrastructures est un investissement dans l\u2019\u00e9conomie du Canada et dans la sant\u00e9, la s\u00e9curit\u00e9 et le bien-\u00eatre des Canadiens. Le gouvernement f\u00e9d\u00e9ral peut en faire une priorit\u00e9 en mettant en \u0153uvre l\u2019\u00c9valuation nationale des infrastructures, en mettant l\u2019acc\u00e8s sur les projets \u00e0 long terme, notamment le logement, les transports et les infrastructures favorisant le commerce.<\/p>\n\n\n\n<p>L\u2019incertitude caus\u00e9 par les irr\u00e9gularit\u00e9s des investissements publiques doit cesser si nous voulons que notre industrie am\u00e9liore sa productivit\u00e9 et apporte de la valeur aux Canadiens. En stimulant la productivit\u00e9 du secteur de la construction, on peut s\u2019assurer qu\u2019il pourra \u00e0 la fois r\u00e9pondre \u00e0 la demande croissante et att\u00e9nuer l\u2019impact d\u2019un ralentissement \u00e9conomique, tout en construisant des infrastructures r\u00e9silientes.<\/p>\n\n\n\n<h4 class=\"wp-block-heading\">ACCRO\u00ceTRE notre main-d\u2019\u0153uvre<\/h4>\n\n\n\n<p>Le Canada a besoin d\u2019un plan de croissance ambitieux, qui comprend la r\u00e9paration, l\u2019entretien et la modernisation de nos infrastructures vieillissantes, tout en b\u00e2tissant notre r\u00e9silience climatique future. Cependant, m\u00eame les plans les mieux con\u00e7us peuvent d\u00e9railler sans les travailleurs dont nous avons besoin pour nous maintenir sur la bonne voie.<\/p>\n\n\n\n<p>Pour rem\u00e9dier \u00e0 la grave p\u00e9nurie de main-d\u2019\u0153uvre dans le secteur de la construction, le gouvernement f\u00e9d\u00e9ral doit moderniser les politiques d\u2019immigration afin de mieux les adapter aux besoins de l\u2019\u00e9conomie canadienne, en simplifiant les proc\u00e9dures pour permettre une int\u00e9gration plus rapide des travailleurs qualifi\u00e9s de la construction et des m\u00e9tiers sp\u00e9cialis\u00e9s. \u00c0 long terme, nous devons \u00e9galement changer la perception de l\u2019industrie et de la diversit\u00e9 des opportunit\u00e9s qui existent dans le secteur. Avec une main-d\u2019\u0153uvre forte et dynamique, notre industrie peut am\u00e9liorer la productivit\u00e9 et fournir les infrastructures dont les Canadiens ont besoin, propulsant ainsi notre \u00e9conomie vers de nouveaux sommets.<\/p>\n\n\n\n<h4 class=\"wp-block-heading\">MODERNISER l\u2019approvisionnement<\/h4>\n\n\n\n<p>La strat\u00e9gie d\u2019approvisionnement du gouvernement f\u00e9d\u00e9ral est d\u00e9su\u00e8te et laisse peu de place aux solutions cr\u00e9atives et au partage \u00e9quitable des risques. Face \u00e0 l\u2019augmentation des d\u00e9fis en mati\u00e8re de productivit\u00e9 et de durabilit\u00e9, il est temps de moderniser les pratiques d\u2019approvisionnement et de r\u00e9duire les formalit\u00e9s administratives inutiles afin de cr\u00e9er les conditions n\u00e9cessaires \u00e0 la prosp\u00e9rit\u00e9 des Canadiens.<\/p>\n\n\n\n<p>La modernisation des politiques d\u2019approvisionnement et des mod\u00e8les d\u2019appel d\u2019offres permet un partage des risques plus \u00e9quilibr\u00e9 entre les propri\u00e9taires et les entrepreneurs, et acc\u00e9l\u00e8re l\u2019approbation des projets d\u2019infrastructures critiques. En actualisant les proc\u00e9dures actuelles de passation de march\u00e9s pour favoriser une concurrence loyale, un engagement h\u00e2tif des entrepreneurs et un partage des risques, le gouvernement peut stimuler la productivit\u00e9 en minimisant les retards, en r\u00e9duisant les co\u00fbts et en aidant les projets de construction \u00e0 progresser de mani\u00e8re plus efficace.<\/p>\n\n\n\n<hr class=\"wp-block-separator has-alpha-channel-opacity\"\/>\n\n\n\n<p><strong>Contact:<\/strong><\/p>\n\n\n\n<p>Louis-Philippe Champagne<br>Vice-pr\u00e9sident associ\u00e9, affaires publiques et pratiques de l\u2019industrie<br>Courriel: <a href=\"mailto:lpchampagne@cca-acc.com\" target=\"_blank\" rel=\"noreferrer noopener\">lpchampagne@cca-acc.com<\/a><br>T\u00e9l: (613) 236-9455<br><\/p>\n\n\n\n<p><\/p>\n","protected":false},"excerpt":{"rendered":"<p>Si vous demandez aux Canadiens ce qui les emp\u00eache de dormir, ils vont principalement mentionner la crise du logement, l\u2019augmentation du co\u00fbt de la vie et l\u2019incertitude \u00e9conomique. Bien que les propositions pour r\u00e9soudre ces probl\u00e8mes ne manquent pas, une r\u00e9ponse simple s\u2019impose : la construction. Notre secteur fa\u00e7onne le paysage physique de notre pays. [&hellip;]<\/p>\n","protected":false},"author":33,"featured_media":58991,"parent":15874,"menu_order":4,"comment_status":"closed","ping_status":"closed","template":"","meta":{"_acf_changed":false,"footnotes":""},"class_list":["post-58983","page","type-page","status-publish","has-post-thumbnail","hentry"],"acf":[],"_links":{"self":[{"href":"https:\/\/www.cca-acc.com\/fr\/wp-json\/wp\/v2\/pages\/58983","targetHints":{"allow":["GET"]}}],"collection":[{"href":"https:\/\/www.cca-acc.com\/fr\/wp-json\/wp\/v2\/pages"}],"about":[{"href":"https:\/\/www.cca-acc.com\/fr\/wp-json\/wp\/v2\/types\/page"}],"author":[{"embeddable":true,"href":"https:\/\/www.cca-acc.com\/fr\/wp-json\/wp\/v2\/users\/33"}],"replies":[{"embeddable":true,"href":"https:\/\/www.cca-acc.com\/fr\/wp-json\/wp\/v2\/comments?post=58983"}],"version-history":[{"count":8,"href":"https:\/\/www.cca-acc.com\/fr\/wp-json\/wp\/v2\/pages\/58983\/revisions"}],"predecessor-version":[{"id":59002,"href":"https:\/\/www.cca-acc.com\/fr\/wp-json\/wp\/v2\/pages\/58983\/revisions\/59002"}],"up":[{"embeddable":true,"href":"https:\/\/www.cca-acc.com\/fr\/wp-json\/wp\/v2\/pages\/15874"}],"wp:featuredmedia":[{"embeddable":true,"href":"https:\/\/www.cca-acc.com\/fr\/wp-json\/wp\/v2\/media\/58991"}],"wp:attachment":[{"href":"https:\/\/www.cca-acc.com\/fr\/wp-json\/wp\/v2\/media?parent=58983"}],"curies":[{"name":"wp","href":"https:\/\/api.w.org\/{rel}","templated":true}]}}