{"id":63103,"date":"2026-02-13T16:04:00","date_gmt":"2026-02-13T21:04:00","guid":{"rendered":"https:\/\/www.cca-acc.com\/agm-2025\/"},"modified":"2026-03-11T17:02:31","modified_gmt":"2026-03-11T21:02:31","slug":"aga-2026","status":"publish","type":"page","link":"https:\/\/www.cca-acc.com\/fr\/aga-2026\/","title":{"rendered":"AGA &#8211; 9 mars 2026"},"content":{"rendered":"\n<p class=\"has-normal-font-size\">Joignez-vous \u00e0 nous pour l\u2019assembl\u00e9e g\u00e9n\u00e9rale annuelle (AGA) de l\u2019ACC le <strong>lundi 9 mars 2026 <\/strong>de <strong>13 h 30 \u00e0 14 h 30 (HP) <\/strong>\u00e0 <strong>San Diego <\/strong>en<strong> Californie<\/strong>.<\/p>\n\n\n\n<p>L\u2019AGA a pour objet ce qui suit :<\/p>\n\n\n\n<ul class=\"wp-block-list\">\n<li>Pr\u00e9sentation des rapports du conseil d\u2019administration et de la direction de l\u2019ACC.<\/li>\n\n\n\n<li>Approbation du proc\u00e8s-verbal de l\u2019AGA tenue le 10 mars 2025.<\/li>\n\n\n\n<li>Pr\u00e9sentation des \u00e9tats financiers v\u00e9rifi\u00e9s de 2025.<\/li>\n\n\n\n<li>Nomination des auditeurs pour l\u2019exercice 2026.<\/li>\n\n\n\n<li>\u00c9lection des administrateurs au conseil de l\u2019ACC.<\/li>\n\n\n\n<li>D\u00e9lib\u00e9ration de toute autre question pouvant \u00eatre d\u00fbment soumise \u00e0 l\u2019assembl\u00e9e.<\/li>\n<\/ul>\n\n\n\n<h3 class=\"wp-block-heading\"><strong><strong>Renseignements et documents relatifs \u00e0 l\u2019AGA<\/strong><\/strong><\/h3>\n\n\n\n<p>Veuillez noter que nous ajouterons \u00e0 cette page des documents pertinents pour l\u2019assembl\u00e9e \u00e0 mesure qu\u2019ils seront disponibles. Revenez donc consulter cette page souvent.<\/p>\n\n\n\n<div class=\"wp-block-columns is-layout-flex wp-container-core-columns-is-layout-9d6595d7 wp-block-columns-is-layout-flex\">\n<div class=\"wp-block-column is-layout-flow wp-block-column-is-layout-flow\"><div class=\"button_left\"><a href=\"https:\/\/www.cca-acc.com\/wp-content\/uploads\/2026\/02\/March-10-2025-AGM-draft-minutes-FR.pdf\"  class=\" cca_purple btn_outlined\" target=\"_blank\">\u00c9bauche du proc\u00e8s-verbal de l\u2019AGA du 10 mars 2025<\/a>\n<\/div>\n\n\n<\/div>\n\n\n\n<div class=\"wp-block-column is-layout-flow wp-block-column-is-layout-flow\"><div class=\"button_left\"><a href=\"https:\/\/www.cca-acc.com\/wp-content\/uploads\/2026\/02\/Cdn-Construction-FS-Draft-French-2025.pdf\"  class=\" cca_purple btn_outlined\" target=\"_blank\">\u00c9tats financiers au 31 d\u00e9cembre 2025<\/a>\n<\/div>\n\n\n<\/div>\n<\/div>\n\n\n\n<hr class=\"wp-block-separator aligncenter has-alpha-channel-opacity is-style-wide\"\/>\n\n\n\n<h3 class=\"wp-block-heading\"><strong><strong>Liste des candidats \u00e0 l\u2019\u00e9lection ou le renouvellement <\/strong><strong>au conseil d\u2019administration de l\u2019ACC de 2026-2027<\/strong><\/strong><\/h3>\n\n\n\n<p>Conform\u00e9ment au r\u00e8glement administratif de l\u2019ACC, les administrateurs sont \u00e9lus par les membres \u00e0 chaque assembl\u00e9e annuelle des membres au cours de laquelle l\u2019\u00e9lection d\u2019administrateurs est requise.<\/p>\n\n\n\n<p>Le conseil d\u2019administration de l\u2019ACC recommande les onze candidats ci-dessous aux fins d\u2019\u00e9lection ou de renouvellement au conseil d\u2019administration de l\u2019ACC de 2026-2027&nbsp;:<\/p>\n\n\n\n<figure class=\"wp-block-table\"><table><thead><tr><th><strong>Candidat \u00e0<\/strong> l&#8217;\u00e9lection<\/th><th>Compagnie<\/th><th>Province &#8211; <strong><strong>R\u00e9gion<\/strong><\/strong><\/th><th><strong>Secteur<\/strong><\/th><th><strong><strong>Expiration du mandat<\/strong><\/strong><\/th><\/tr><\/thead><tbody><tr><td>Bill Black<\/td><td>Calgary Construction Association<\/td><td>Alb. \u2013 Ouest du Canada<\/td><td>ALC<\/td><td>2028<\/td><\/tr><tr><td>Marty Harris<\/td><td>Aecon<\/td><td>Ont. \u2013 Centre du Canada<\/td><td>Civile<\/td><td>2028<\/td><\/tr><tr><td>Tina Larson<\/td><td>Amrize<\/td><td>Man. \u2013 Ouest du Canada<\/td><td>Civile<\/td><td>2028<\/td><\/tr><tr><td>Bruce Thomas<\/td><td>Ron Eastern Construction Ltd.<\/td><td>Ont. \u2013 Centre du Canada<\/td><td>EG<\/td><td>2028<\/td><\/tr><tr><td>Ali Torabi<\/td><td>Ed Brunet &amp; Associates Canada Inc.<\/td><td>Qu\u00e9. \u2013 Centre du Canada<\/td><td>EG<\/td><td>2028<\/td><\/tr><\/tbody><\/table><\/figure>\n\n\n\n<figure class=\"wp-block-table\"><table><thead><tr><th><strong><strong>Candidat au renouvellement<\/strong><\/strong><\/th><th>Compagnie<\/th><th>Province &#8211; <strong><strong><strong>R\u00e9gion<\/strong><\/strong><\/strong><\/th><th><strong>Secteur<\/strong><\/th><th><strong><strong><strong>Expiration du mandat<\/strong><\/strong><\/strong><\/th><\/tr><\/thead><tbody><tr><td>Steve Drummond<\/td><td>Capilano Highway Services Company<\/td><td>C.-B. \u2013 Ouest du Canada<\/td><td>Civile<\/td><td>2028<\/td><\/tr><tr><td>Frank Faieta<\/td><td>Trisura Guarantee<\/td><td>Ont. \u2013 Centre du Canada<\/td><td>MFS<\/td><td>2028<\/td><\/tr><tr><td>Peter Grose<\/td><td>Westland Construction Ltd.<\/td><td>Man. \u2013 Ouest du Canada<\/td><td>EG<\/td><td>2028<\/td><\/tr><tr><td>Cory Richter<\/td><td>Quorex Construction Services&nbsp;<\/td><td>Sask. \u2013 Ouest du Canada<\/td><td>EG<\/td><td>2028<\/td><\/tr><tr><td>Sam Sanderson<\/td><td>Construction Association of PEI&nbsp;<\/td><td>\u00ce.-P.-\u00c9. \u2013 Est du Canada<\/td><td>ES<\/td><td>2028<\/td><\/tr><tr><td>Brad Scott<\/td><td>Basin Contracting Limited&nbsp;<\/td><td>N.-\u00c9. \u2013 Est du Canada<\/td><td>Civile<\/td><td>2028<\/td><\/tr><\/tbody><\/table><figcaption class=\"wp-element-caption\">ALC = Association locale de la construction<br>EG = Entrepreneurs g\u00e9n\u00e9raux<br>ES = Entrepreneurs sp\u00e9cialis\u00e9s<br>Civil = Infrastructure civil<br>MFS = Manufacturiers, fournisseurs et services<\/figcaption><\/figure>\n\n\n\n<p>Une fois ces candidats \u00e9lus ou renouvel\u00e9es, ils se joindront aux neuf membres \u00e9lus pr\u00e9c\u00e9demment qui figurent ci-dessous :<\/p>\n\n\n\n<figure class=\"wp-block-table\"><table><thead><tr><th>Titulaire<\/th><th>Compagnie<\/th><th>Province &#8211; <strong><strong><strong><strong>R\u00e9gion<\/strong><\/strong><\/strong><\/strong><\/th><th><strong>Secteur<\/strong><\/th><th><strong><strong><strong><strong>Expiration du mandat<\/strong><\/strong><\/strong><\/strong><\/th><\/tr><\/thead><tbody><tr><td>Trevor Doucette (pr\u00e9sident)<\/td><td>Synergy Group of Companies<\/td><td>Alb. \u2013 Ouest du Canada<\/td><td>EG<\/td><td>2027<\/td><\/tr><tr><td>Sara Becker<\/td><td>Ideal Construction Services Ltd.<\/td><td>Alb. \u2013 Ouest du Canada<\/td><td>ES<\/td><td>2027<\/td><\/tr><tr><td>Derek Brown<\/td><td>The Cahill Group of Companies<\/td><td>T.-N.-L. \u2013 Est du Canada<\/td><td>ES<\/td><td>2027<\/td><\/tr><tr><td>Cathy Kent<\/td><td>Black &amp; McDonald Limited<\/td><td>Ont. \u2013 Centre du Canada<\/td><td>ES<\/td><td>2027<\/td><\/tr><tr><td>Daniel Lessard<\/td><td>Pomerleau<\/td><td>Qu\u00e9. \u2013 Centre du Canada<\/td><td>Civile<\/td><td>2027<\/td><\/tr><tr><td>Allan MacIntosh<\/td><td>Marco Group Limited<\/td><td>N.-\u00c9. \u2013 Est du Canada<\/td><td>EG<\/td><td>2027<\/td><\/tr><tr><td>Anthony Minniti<\/td><td>CGI Constructors<\/td><td>C.-B. \u2013 Ouest du Canada<\/td><td>EG<\/td><td>2027<\/td><\/tr><tr><td>Amber Sandhu<\/td><td>Liberty Mutual Canada<\/td><td>Ont. \u2013 Centre du Canada<\/td><td>MFS<\/td><td>2027<\/td><\/tr><tr><td>Rick Wagner<\/td><td>Maxwell Floors<\/td><td>C.-B. \u2013 Ouest du Canada<\/td><td>ES<\/td><td>2027<\/td><\/tr><\/tbody><\/table><\/figure>\n\n\n\n<p><\/p>\n","protected":false},"excerpt":{"rendered":"<p>Joignez-vous \u00e0 nous pour l\u2019assembl\u00e9e g\u00e9n\u00e9rale annuelle (AGA) de l\u2019ACC le lundi 9 mars 2026 de 13 h 30 \u00e0 14 h 30 (HP) \u00e0 San Diego en Californie. L\u2019AGA a pour objet ce qui suit : Renseignements et documents relatifs \u00e0 l\u2019AGA Veuillez noter que nous ajouterons \u00e0 cette page des documents pertinents pour [&hellip;]<\/p>\n","protected":false},"author":33,"featured_media":0,"parent":0,"menu_order":0,"comment_status":"closed","ping_status":"closed","template":"","meta":{"_acf_changed":false,"footnotes":""},"class_list":["post-63103","page","type-page","status-publish","hentry"],"acf":[],"_links":{"self":[{"href":"https:\/\/www.cca-acc.com\/fr\/wp-json\/wp\/v2\/pages\/63103","targetHints":{"allow":["GET"]}}],"collection":[{"href":"https:\/\/www.cca-acc.com\/fr\/wp-json\/wp\/v2\/pages"}],"about":[{"href":"https:\/\/www.cca-acc.com\/fr\/wp-json\/wp\/v2\/types\/page"}],"author":[{"embeddable":true,"href":"https:\/\/www.cca-acc.com\/fr\/wp-json\/wp\/v2\/users\/33"}],"replies":[{"embeddable":true,"href":"https:\/\/www.cca-acc.com\/fr\/wp-json\/wp\/v2\/comments?post=63103"}],"version-history":[{"count":11,"href":"https:\/\/www.cca-acc.com\/fr\/wp-json\/wp\/v2\/pages\/63103\/revisions"}],"predecessor-version":[{"id":77788,"href":"https:\/\/www.cca-acc.com\/fr\/wp-json\/wp\/v2\/pages\/63103\/revisions\/77788"}],"wp:attachment":[{"href":"https:\/\/www.cca-acc.com\/fr\/wp-json\/wp\/v2\/media?parent=63103"}],"curies":[{"name":"wp","href":"https:\/\/api.w.org\/{rel}","templated":true}]}}