{"id":64085,"date":"2025-03-07T12:02:10","date_gmt":"2025-03-07T17:02:10","guid":{"rendered":"https:\/\/www.cca-acc.com\/?page_id=64085"},"modified":"2025-03-10T13:43:49","modified_gmt":"2025-03-10T17:43:49","slug":"rapport-annuel-2024","status":"publish","type":"page","link":"https:\/\/www.cca-acc.com\/fr\/a-propos-de-nous\/rapport-annuel-2024\/","title":{"rendered":"Rapport Annuel 2024"},"content":{"rendered":"","protected":false},"excerpt":{"rendered":"","protected":false},"author":24,"featured_media":64077,"parent":15804,"menu_order":0,"comment_status":"closed","ping_status":"closed","template":"templates\/template-annualreview-2024.php","meta":{"_acf_changed":false,"footnotes":""},"class_list":["post-64085","page","type-page","status-publish","has-post-thumbnail","hentry"],"acf":{"header":{"image":64094,"title":"","content":"Nous sommes fiers de partager les progr\u00e8s que nous avons r\u00e9alis\u00e9s ensemble. Cette ann\u00e9e, nous nous sommes unis pour d\u00e9fendre avec d\u00e9termination l'avenir de notre industrie et du Canada, en favorisant la croissance, la collaboration et l'autonomisation afin de b\u00e2tir une communaut\u00e9 de la construction plus forte et mieux connect\u00e9e."},"pdf":{"button":"Telechargez le rapport","pdf_url":"https:\/\/www.cca-acc.com\/wp-content\/uploads\/2025\/03\/Annual-Review_FR_2024.pdf","button_2":"","pdf_url_2":""},"pdf_download":{"section_header":"D\u00e9couvrez les faits saillants de l'ann\u00e9e "},"video":{"excerpt":"En 2024, nous avons travaill\u00e9 ensemble pour b\u00e2tir un avenir plus r\u00e9silient et plus durable pour les canadiennes.","button":"Regardez la video","preview_url":"https:\/\/www.cca-acc.com\/wp-content\/uploads\/2025\/03\/CCA_AnnualReview_Recap_Preview_2024.mp4","preview_poster":38224,"video_url":"https:\/\/www.youtube.com\/watch?v=x2IU-aUIu-Q"}},"_links":{"self":[{"href":"https:\/\/www.cca-acc.com\/fr\/wp-json\/wp\/v2\/pages\/64085","targetHints":{"allow":["GET"]}}],"collection":[{"href":"https:\/\/www.cca-acc.com\/fr\/wp-json\/wp\/v2\/pages"}],"about":[{"href":"https:\/\/www.cca-acc.com\/fr\/wp-json\/wp\/v2\/types\/page"}],"author":[{"embeddable":true,"href":"https:\/\/www.cca-acc.com\/fr\/wp-json\/wp\/v2\/users\/24"}],"replies":[{"embeddable":true,"href":"https:\/\/www.cca-acc.com\/fr\/wp-json\/wp\/v2\/comments?post=64085"}],"version-history":[{"count":4,"href":"https:\/\/www.cca-acc.com\/fr\/wp-json\/wp\/v2\/pages\/64085\/revisions"}],"predecessor-version":[{"id":64135,"href":"https:\/\/www.cca-acc.com\/fr\/wp-json\/wp\/v2\/pages\/64085\/revisions\/64135"}],"up":[{"embeddable":true,"href":"https:\/\/www.cca-acc.com\/fr\/wp-json\/wp\/v2\/pages\/15804"}],"wp:featuredmedia":[{"embeddable":true,"href":"https:\/\/www.cca-acc.com\/fr\/wp-json\/wp\/v2\/media\/64077"}],"wp:attachment":[{"href":"https:\/\/www.cca-acc.com\/fr\/wp-json\/wp\/v2\/media?parent=64085"}],"curies":[{"name":"wp","href":"https:\/\/api.w.org\/{rel}","templated":true}]}}