{"id":66077,"date":"2025-05-05T12:30:26","date_gmt":"2025-05-05T16:30:26","guid":{"rendered":"https:\/\/www.cca-acc.com\/?page_id=66077"},"modified":"2025-05-06T15:07:11","modified_gmt":"2025-05-06T19:07:11","slug":"repertoires","status":"publish","type":"page","link":"https:\/\/www.cca-acc.com\/fr\/sceau-dor\/repertoires\/","title":{"rendered":"R\u00e9pertoires du Sceau d&#8217;or"},"content":{"rendered":"\n<h5 class=\"wp-block-heading\">Les professionnels figurant dans ces r\u00e9pertoires ont obtenu la Certification Sceau d&#8217;or (CSO) ou professionnels certifi\u00e9s Sceau d\u2019or (P.CSO) et ont consenti \u00e0 la publication de leurs renseignements. Si vous souhaitez ne pas figurer dans nos r\u00e9pertoires, veuillez vous connecter \u00e0 votre compte via le <a href=\"https:\/\/www.cca-acc.com\/fr\/centre-des-membres\/sceau-dor\/\" target=\"_blank\" rel=\"noreferrer noopener\">centre des membres de l\u2019ACC<\/a> et mettre \u00e0 jour vos pr\u00e9f\u00e9rences en cliquant sur le bouton \u00ab Mettre \u00e0 jour \u00bb.<\/h5>\n\n\n\n<div class=\"is-layout-flow wp-block-group alignfull block-cards block-cards--white-motif\">\n\n    <div class=\"block-cards__motif\">\n    <svg xmlns=\"http:\/\/www.w3.org\/2000\/svg\" width=\"598.293\" height=\"518.136\" viewBox=\"0 0 598.293 518.136\">\n      <path d=\"M448.721,0H149.574L0,259.068,149.574,518.136H448.721L598.294,259.068Zm-.24.413L597.817,259.068,523.268,388.189,299.386.413Zm74.287,387.735H75.526L299.146.826ZM149.813.413h149.1L75.025,388.189.478,259.068ZM448.482,517.724H149.813L75.242,388.561H523.053Z\" transform=\"translate(-0.001)\" fill=\"#582c83\"\/>\n    <\/svg>\n  <\/div>\n  \n    <div class=\"container\">\n    <div class=\"col\">\n      <div class=\"block-cards__grid block-cards__grid--2\">\n              \n<div class=\"module-cards bucket-cards card-grey card-type-images\">\n    <a target=\"\" href=\"https:\/\/www.cca-acc.com\/fr\/sceau-dor\/repertoires\/cso\"><\/a>    <div class=\"bucket-cards-inner\">\n\n            <div class=\"bucket-cards-image\">\n        <img decoding=\"async\" src=\"https:\/\/www.cca-acc.com\/wp-content\/uploads\/2025\/04\/Graham_On-site-4-e1744225291405.jpg\" alt=\"\" \/>\n      <\/div>\n      \n      <div class=\"bucket-cards-content\">\n        <div class=\"bucket-cards-content-inner\">\n          <p class=\"card-content\">R\u00e9pertoire des certifi\u00e9s Sceau d\u2019or (CSO)<\/p>\n                    <p class=\"card-description\">Rechercher des CSO<\/p>\n                          \n                <\/div>\n\n    <\/div>\n  <\/div>\n<\/div>              \n<div class=\"module-cards bucket-cards card-grey card-type-images\">\n    <a target=\"\" href=\"https:\/\/www.cca-acc.com\/fr\/sceau-dor\/repertoires\/pcso\"><\/a>    <div class=\"bucket-cards-inner\">\n\n            <div class=\"bucket-cards-image\">\n        <img decoding=\"async\" src=\"https:\/\/www.cca-acc.com\/wp-content\/uploads\/2024\/08\/2022-06-02-Brigadoon-Village-Staff-Site-Visit-IMG_1791-scaled-e1744225561732.jpg\" alt=\"\" \/>\n      <\/div>\n      \n      <div class=\"bucket-cards-content\">\n        <div class=\"bucket-cards-content-inner\">\n          <p class=\"card-content\">R\u00e9pertoire des professionnels certifi\u00e9s Sceau d\u2019or (P.CSO)<\/p>\n                    <p class=\"card-description\">Rechercher des P.CSO<\/p>\n                          \n                <\/div>\n\n    <\/div>\n  <\/div>\n<\/div>            <\/div>\n    <\/div>\n  <\/div>\n<\/div>\n\n\n<div class=\"is-layout-flow wp-block-group alignfull block-cta block-cta--purple-motif\">\n\n    <div class=\"block-cta__motif\">\n    <svg xmlns=\"http:\/\/www.w3.org\/2000\/svg\" width=\"527.292\" height=\"547.292\" viewBox=\"0 0 527.292 547.292\">\n      <path d=\"M491.99,410.507a280.341,280.341,0,0,0,35.3-136.861C527.29,122.515,409.251,0,263.644,0S0,122.515,0,273.646A280.341,280.341,0,0,0,35.3,410.507l0,0h0c45.591,81.768,130.776,136.783,228.344,136.783S446.4,492.277,491.988,410.509h0ZM449.8,80.429c49.724,51.61,77.107,120.229,77.107,193.216a279.6,279.6,0,0,1-35.1,136.525L263.868.4C334.1.461,400.129,28.875,449.8,80.429Zm41.528,329.682H35.96L263.644.795ZM.381,273.646c0-72.988,27.384-141.607,77.107-193.216C127.16,28.875,193.186.461,263.422.4L35.485,410.171A279.624,279.624,0,0,1,.381,273.646ZM449.8,466.862c-49.724,51.61-115.835,80.032-186.156,80.032S127.212,518.472,77.488,466.862a273.8,273.8,0,0,1-41.811-56.354H491.613A273.8,273.8,0,0,1,449.8,466.862Z\" transform=\"translate(0.002)\" fill=\"#fff\"\/>\n    <\/svg>\n  <\/div>\n  \n  <div class=\"wp-block-group__inner-container\">\n    <p class=\"text-center\">Si vous ne trouvez pas de r\u00e9ponses \u00e0 vos questions concernant le Sceau d\u2019or sur notre site Web, veuillez communiquer avec nous \u00e0 <a href=\"mailto:goldseal@cca-acc.com\">goldseal@cca-acc.com<\/a>, or <a href=\"tel:6132369455\">613-236-9455<\/a>.<\/p>\n    <div class=\"button_center\"><a class=\"btn-white outlined\" href=\"mailto:goldseal@cca-acc.com\">Contactez-nous<\/a><\/div>\n  <\/div>\n<\/div>","protected":false},"excerpt":{"rendered":"<p>Les professionnels figurant dans ces r\u00e9pertoires ont obtenu la Certification Sceau d&#8217;or (CSO) ou professionnels certifi\u00e9s Sceau d\u2019or (P.CSO) et ont consenti \u00e0 la publication de leurs renseignements. Si vous souhaitez ne pas figurer dans nos r\u00e9pertoires, veuillez vous connecter \u00e0 votre compte via le centre des membres de l\u2019ACC et mettre \u00e0 jour vos [&hellip;]<\/p>\n","protected":false},"author":24,"featured_media":0,"parent":16695,"menu_order":0,"comment_status":"closed","ping_status":"closed","template":"","meta":{"_acf_changed":false,"footnotes":""},"class_list":["post-66077","page","type-page","status-publish","hentry"],"acf":[],"_links":{"self":[{"href":"https:\/\/www.cca-acc.com\/fr\/wp-json\/wp\/v2\/pages\/66077","targetHints":{"allow":["GET"]}}],"collection":[{"href":"https:\/\/www.cca-acc.com\/fr\/wp-json\/wp\/v2\/pages"}],"about":[{"href":"https:\/\/www.cca-acc.com\/fr\/wp-json\/wp\/v2\/types\/page"}],"author":[{"embeddable":true,"href":"https:\/\/www.cca-acc.com\/fr\/wp-json\/wp\/v2\/users\/24"}],"replies":[{"embeddable":true,"href":"https:\/\/www.cca-acc.com\/fr\/wp-json\/wp\/v2\/comments?post=66077"}],"version-history":[{"count":4,"href":"https:\/\/www.cca-acc.com\/fr\/wp-json\/wp\/v2\/pages\/66077\/revisions"}],"predecessor-version":[{"id":66226,"href":"https:\/\/www.cca-acc.com\/fr\/wp-json\/wp\/v2\/pages\/66077\/revisions\/66226"}],"up":[{"embeddable":true,"href":"https:\/\/www.cca-acc.com\/fr\/wp-json\/wp\/v2\/pages\/16695"}],"wp:attachment":[{"href":"https:\/\/www.cca-acc.com\/fr\/wp-json\/wp\/v2\/media?parent=66077"}],"curies":[{"name":"wp","href":"https:\/\/api.w.org\/{rel}","templated":true}]}}