{"id":67473,"date":"2025-06-23T12:29:00","date_gmt":"2025-06-23T16:29:00","guid":{"rendered":"https:\/\/www.cca-acc.com\/?page_id=67473"},"modified":"2025-06-23T16:02:54","modified_gmt":"2025-06-23T20:02:54","slug":"bps-hotel-et-voyage","status":"publish","type":"page","link":"https:\/\/www.cca-acc.com\/fr\/evenements\/symposium-sur-les-pratiques-exemplaires-en-construction\/bps-hotel-et-voyage\/","title":{"rendered":"H\u00f4tel et voyage"},"content":{"rendered":"\n<div class=\"wp-block-columns alignwide has-background is-layout-flex wp-container-core-columns-is-layout-9d6595d7 wp-block-columns-is-layout-flex\" style=\"background:linear-gradient(135deg,rgb(238,238,238) 0%,rgb(238,238,238) 100%)\">\n<div class=\"wp-block-column is-layout-flow wp-block-column-is-layout-flow\">\n<p class=\"has-text-align-center has-primary-color has-text-color has-link-color has-small-font-size wp-elements-5be1498f85dfe4cbac00b928e7166856\"><a href=\"https:\/\/www.cca-acc.com\/fr\/evenements\/symposium-sur-les-pratiques-exemplaires-en-construction\/#inscription\" data-type=\"internal\" data-id=\"#reg\"><strong>Inscription<\/strong><\/a><\/p>\n<\/div>\n\n\n\n<div class=\"wp-block-column is-layout-flow wp-block-column-is-layout-flow\">\n<p class=\"has-text-align-center has-primary-color has-text-color has-link-color has-small-font-size wp-elements-71c943d5fa6842dda9778c6012ca3be8\"><a href=\"https:\/\/www.cca-acc.com\/fr\/evenements\/symposium-sur-les-pratiques-exemplaires-en-construction\/#programme\"><strong>Programme<\/strong><\/a><\/p>\n<\/div>\n\n\n\n<div class=\"wp-block-column is-layout-flow wp-block-column-is-layout-flow\">\n<p class=\"has-text-align-center has-brand-color has-text-color has-link-color has-small-font-size wp-elements-82027493d2248c22f4e2557db7b8a533\"><a href=\"https:\/\/www.cca-acc.com\/fr\/evenements\/symposium-sur-les-pratiques-exemplaires-en-construction\/bps-hotel-et-voyage\/\"><strong>H\u00f4tel et voyage<\/strong><\/a><\/p>\n<\/div>\n<\/div>\n\n\n\n<div class=\"wp-block-columns are-vertically-aligned-center is-layout-flex wp-container-core-columns-is-layout-9d6595d7 wp-block-columns-is-layout-flex\">\n<div class=\"wp-block-column is-vertically-aligned-center is-layout-flow wp-block-column-is-layout-flow\">\n<div class=\"wp-block-group\"><div class=\"wp-block-group__inner-container is-layout-constrained wp-block-group-is-layout-constrained\">\n<h2 class=\"wp-block-heading\"><strong>Le Symposium sur les pratiques exemplaires en construction de l&#8217;ACC aura lieu les 30 et 31 octobre 2025 \u00e0 l&#8217;h\u00f4tel <a href=\"https:\/\/www.hilton.com\/en\/hotels\/yyzhihh-hilton-toronto-airport-hotel-and-suites\/\" target=\"_blank\" rel=\"noreferrer noopener\">Hilton Toronto Airport<\/a>.<\/strong><\/h2>\n\n\n\n<p>Assurez-vous d&#8217;un s\u00e9jour confortable et pratique pendant le <strong>Symposium sur les pratiques exemplaires en construction<\/strong> en r\u00e9servant \u00e0 notre partenaire h\u00f4telier officiel et \u00e0 l&#8217;endroit o\u00f9 se d\u00e9rouleront les sessions, l&#8217;h\u00f4tel Hilton Toronto Airport\u2014\u00e0 quelques minutes seulement de l&#8217;a\u00e9roport international Pearson de Toronto.<\/p>\n\n\n\n<p><strong>Adresse :<\/strong> 5875 rue Airport, Mississauga, ON<\/p>\n<\/div><\/div>\n\n\n\n<div class=\"wp-block-group\"><div class=\"wp-block-group__inner-container is-layout-constrained wp-block-group-is-layout-constrained\">\n<div class=\"wp-block-group\"><div class=\"wp-block-group__inner-container is-layout-constrained wp-block-group-is-layout-constrained\">\n<h2 class=\"wp-block-heading\" id=\"hotel\"><strong><strong>Tarifs de l\u2019h\u00f4tel<\/strong><\/strong><\/h2>\n<\/div><\/div>\n<\/div><\/div>\n\n\n\n<div class=\"wp-block-group\"><div class=\"wp-block-group__inner-container is-layout-constrained wp-block-group-is-layout-constrained\">\n<p>Nous avons obtenu un tarif sp\u00e9cial pour une chambre avec un lit king \u00e0 <strong>189,00 $CAN<\/strong> par nuit, disponible du <strong>29 au 31 octobre 2025<\/strong>.<\/p>\n<\/div><\/div>\n\n\n\n<div class=\"wp-block-group\"><div class=\"wp-block-group__inner-container is-layout-constrained wp-block-group-is-layout-constrained\">\n<p>Votre s\u00e9jour comprend :<\/p>\n\n\n\n<ul class=\"wp-block-list\">\n<li>Wi-Fi gratuit dans la chambre<\/li>\n\n\n\n<li>Stationnement \u00e0 prix r\u00e9duit <strong>(12,00 $CAN\/jour)<\/strong><\/li>\n<\/ul>\n<\/div><\/div>\n\n\n\n<div class=\"wp-block-group\"><div class=\"wp-block-group__inner-container is-layout-constrained wp-block-group-is-layout-constrained\">\n<p>Les chambres \u00e0 ce tarif sont limit\u00e9es et doivent \u00eatre r\u00e9serv\u00e9es avant le <strong>11 octobre 2025<\/strong>.<\/p>\n<\/div><\/div>\n\n\n\n<div class=\"wp-block-group\"><div class=\"wp-block-group__inner-container is-layout-constrained wp-block-group-is-layout-constrained\">\n<p>R\u00e9servez votre h\u00e9bergement \u00e0 l&#8217;avance et restez au plus pr\u00e8s de l&#8217;action!<\/p>\n\n\n<div class=\"\"><a href=\"https:\/\/www.hilton.com\/en\/attend-my-event\/yyzhihh-best25-1958e3f8-664d-4066-a80e-918cc0d8180\/\"  class=\" cca_purple btn_solid\" target=\"_blank\">R\u00e9servez votre chambre!<\/a>\n<\/div>\n\n\n<\/div><\/div>\n\n\n\n<div class=\"wp-block-group\"><div class=\"wp-block-group__inner-container is-layout-constrained wp-block-group-is-layout-constrained\">\n<div class=\"wp-block-group\"><div class=\"wp-block-group__inner-container is-layout-constrained wp-block-group-is-layout-constrained\">\n<h2 class=\"wp-block-heading\" id=\"flights\"><strong>Vols<\/strong><\/h2>\n\n\n\n<div class=\"wp-block-group has-background\" style=\"background:linear-gradient(135deg,rgb(248,248,248) 0%,rgb(248,248,248) 100%)\"><div class=\"wp-block-group__inner-container is-layout-constrained wp-block-group-is-layout-constrained\">\n<h3 class=\"wp-block-heading has-text-align-center has-larger-font-size\"><strong>Vous rendez <strong>\u00e0<\/strong> Toronto avec Air Canada? \u00c9CONOMISER $ en utilisant le code promotionnel de l&#8217;ACC<\/strong>!<\/h3>\n\n\n\n<p class=\"has-text-align-center has-normal-font-size\">Rendez-vous sur la site Web de&nbsp;<strong><a href=\"https:\/\/www.aircanada.com\/home\/us\/fr\/aco\/flights\" data-type=\"link\" data-id=\"https:\/\/www.aircanada.com\/home\/ca\/en\/aco\/flights\" target=\"_blank\" rel=\"noreferrer noopener\">Air Canada<\/a><\/strong>&nbsp;et saisissez le code promotionnel <font color=\"red\"><strong>V24Q4DR1<\/strong><\/font><br>*<strong>Valable pour les dates de voyage allant du <\/strong><br><strong>27 octobre au 1 novembre 2025<\/strong><\/p>\n<\/div><\/div>\n<\/div><\/div>\n<\/div><\/div>\n\n\n\n<div class=\"wp-block-group\"><div class=\"wp-block-group__inner-container is-layout-constrained wp-block-group-is-layout-constrained\">\n<div class=\"wp-block-group\"><div class=\"wp-block-group__inner-container is-layout-constrained wp-block-group-is-layout-constrained\">\n<p><strong><strong>R\u00e8gles applicable<\/strong>s<\/strong><\/p>\n\n\n\n<p>Le rabais est appliqu\u00e9 au tarif achet\u00e9 aupr\u00e8s d\u2019Air Canada. Le rabais et le tarif sont soumis \u00e0 toutes les taxes et \u00e0 tous les suppl\u00e9ments applicables..<\/p>\n\n\n\n<ul class=\"wp-block-list\">\n<li>La r\u00e9servation doit \u00eatre effectu\u00e9e aupr\u00e8s de la ville suivante&nbsp;: Toronto, Ontario, YYZ (CA)<\/li>\n\n\n\n<li>La p\u00e9riode de voyage commence le&nbsp;lundi 27 octobre et se termine le samedi <br>1 novembre 2025.<\/li>\n<\/ul>\n<\/div><\/div>\n<\/div><\/div>\n<\/div>\n<\/div>\n\n\n\n<div class=\"wp-block-group alignfull has-subtle-background-background-color has-background\"><div class=\"wp-block-group__inner-container is-layout-constrained wp-block-group-is-layout-constrained\">\n<h4 class=\"wp-block-heading has-text-align-center has-primary-color has-text-color has-link-color wp-elements-903306eb88d636897d7f4d96d86e484d\">Demandes de renseignements sur les \u00e9v\u00e9nements. Veuillez communiquer avec <a href=\"mailto:tellwood@cca-acc.com\">Theresa Ellwood<\/a>.<br><br>Demandes des possibilit\u00e9s de commandite. Veuillez communiquer avec <a href=\"mailto:cpagliarello@cca-acc.com\">Carly Pagliarello<\/a>.<\/h4>\n<\/div><\/div>\n","protected":false},"excerpt":{"rendered":"<p>Inscription Programme H\u00f4tel et voyage Le Symposium sur les pratiques exemplaires en construction de l&#8217;ACC aura lieu les 30 et 31 octobre 2025 \u00e0 l&#8217;h\u00f4tel Hilton Toronto Airport. Assurez-vous d&#8217;un s\u00e9jour confortable et pratique pendant le Symposium sur les pratiques exemplaires en construction en r\u00e9servant \u00e0 notre partenaire h\u00f4telier officiel et \u00e0 l&#8217;endroit o\u00f9 se [&hellip;]<\/p>\n","protected":false},"author":33,"featured_media":67629,"parent":67438,"menu_order":2,"comment_status":"closed","ping_status":"closed","template":"","meta":{"_acf_changed":false,"footnotes":""},"class_list":["post-67473","page","type-page","status-publish","has-post-thumbnail","hentry"],"acf":[],"_links":{"self":[{"href":"https:\/\/www.cca-acc.com\/fr\/wp-json\/wp\/v2\/pages\/67473","targetHints":{"allow":["GET"]}}],"collection":[{"href":"https:\/\/www.cca-acc.com\/fr\/wp-json\/wp\/v2\/pages"}],"about":[{"href":"https:\/\/www.cca-acc.com\/fr\/wp-json\/wp\/v2\/types\/page"}],"author":[{"embeddable":true,"href":"https:\/\/www.cca-acc.com\/fr\/wp-json\/wp\/v2\/users\/33"}],"replies":[{"embeddable":true,"href":"https:\/\/www.cca-acc.com\/fr\/wp-json\/wp\/v2\/comments?post=67473"}],"version-history":[{"count":5,"href":"https:\/\/www.cca-acc.com\/fr\/wp-json\/wp\/v2\/pages\/67473\/revisions"}],"predecessor-version":[{"id":67633,"href":"https:\/\/www.cca-acc.com\/fr\/wp-json\/wp\/v2\/pages\/67473\/revisions\/67633"}],"up":[{"embeddable":true,"href":"https:\/\/www.cca-acc.com\/fr\/wp-json\/wp\/v2\/pages\/67438"}],"wp:featuredmedia":[{"embeddable":true,"href":"https:\/\/www.cca-acc.com\/fr\/wp-json\/wp\/v2\/media\/67629"}],"wp:attachment":[{"href":"https:\/\/www.cca-acc.com\/fr\/wp-json\/wp\/v2\/media?parent=67473"}],"curies":[{"name":"wp","href":"https:\/\/api.w.org\/{rel}","templated":true}]}}