{"id":77325,"date":"2026-03-05T07:43:30","date_gmt":"2026-03-05T12:43:30","guid":{"rendered":"https:\/\/www.cca-acc.com\/?page_id=77325"},"modified":"2026-03-10T09:55:25","modified_gmt":"2026-03-10T13:55:25","slug":"revue-annuelle-2025","status":"publish","type":"page","link":"https:\/\/www.cca-acc.com\/fr\/a-propos-de-nous\/revue-annuelle-2025\/","title":{"rendered":"Revue Annuelle 2025"},"content":{"rendered":"","protected":false},"excerpt":{"rendered":"","protected":false},"author":24,"featured_media":77506,"parent":15804,"menu_order":0,"comment_status":"closed","ping_status":"closed","template":"templates\/template-annualreview-2025.php","meta":{"_acf_changed":false,"footnotes":""},"class_list":["post-77325","page","type-page","status-publish","has-post-thumbnail","hentry"],"acf":{"header":{"image":77506,"title":"","content":"Personne n\u2019aurait pu pr\u00e9voir les changements et l\u2019incertitude auxquels nous avons \u00e9t\u00e9 confront\u00e9s l\u2019ann\u00e9e derni\u00e8re. Nous sommes fiers de rappeler quelques-unes des fa\u00e7ons dont nous avons renforc\u00e9 nos relations, apport\u00e9 de la valeur et d\u00e9velopp\u00e9 notre r\u00e9silience pour non seulement survivre \u00e0 la temp\u00eate, mais aussi en sortir plus forts de l\u2019autre c\u00f4t\u00e9. "},"pdf":{"button":"La lettre du pr\u00e9sident de notre conseil d'administration","pdf_url":"https:\/\/www.cca-acc.com\/wp-content\/uploads\/2026\/02\/AR-Message-from-Chair-FR.pdf","button_2":"La lettre de notre pr\u00e9sident","pdf_url_2":"https:\/\/www.cca-acc.com\/wp-content\/uploads\/2026\/02\/AR-Message-from-President-FR.pdf"},"pdf_download":{"section_header":""},"video":{"excerpt":"Voyez comment une approche cibl\u00e9e, des choix ambitieux et des actions claires nous ont aid\u00e9s \u00e0 rendre notre industrie et notre pays plus forts et plus r\u00e9sistants. ","button":"Regarder la vid\u00e9o","preview_url":"https:\/\/www.cca-acc.com\/wp-content\/uploads\/2025\/03\/CCA_AnnualReview_Recap_Preview_2024.mp4","preview_poster":38223,"video_url":"https:\/\/www.youtube.com\/watch?v=gzqQwepyrr0"}},"_links":{"self":[{"href":"https:\/\/www.cca-acc.com\/fr\/wp-json\/wp\/v2\/pages\/77325","targetHints":{"allow":["GET"]}}],"collection":[{"href":"https:\/\/www.cca-acc.com\/fr\/wp-json\/wp\/v2\/pages"}],"about":[{"href":"https:\/\/www.cca-acc.com\/fr\/wp-json\/wp\/v2\/types\/page"}],"author":[{"embeddable":true,"href":"https:\/\/www.cca-acc.com\/fr\/wp-json\/wp\/v2\/users\/24"}],"replies":[{"embeddable":true,"href":"https:\/\/www.cca-acc.com\/fr\/wp-json\/wp\/v2\/comments?post=77325"}],"version-history":[{"count":6,"href":"https:\/\/www.cca-acc.com\/fr\/wp-json\/wp\/v2\/pages\/77325\/revisions"}],"predecessor-version":[{"id":77670,"href":"https:\/\/www.cca-acc.com\/fr\/wp-json\/wp\/v2\/pages\/77325\/revisions\/77670"}],"up":[{"embeddable":true,"href":"https:\/\/www.cca-acc.com\/fr\/wp-json\/wp\/v2\/pages\/15804"}],"wp:featuredmedia":[{"embeddable":true,"href":"https:\/\/www.cca-acc.com\/fr\/wp-json\/wp\/v2\/media\/77506"}],"wp:attachment":[{"href":"https:\/\/www.cca-acc.com\/fr\/wp-json\/wp\/v2\/media?parent=77325"}],"curies":[{"name":"wp","href":"https:\/\/api.w.org\/{rel}","templated":true}]}}