{"id":78625,"date":"2026-03-30T15:01:30","date_gmt":"2026-03-30T19:01:30","guid":{"rendered":"https:\/\/www.cca-acc.com\/?page_id=78625"},"modified":"2026-03-30T15:11:24","modified_gmt":"2026-03-30T19:11:24","slug":"demande-daccreditation","status":"publish","type":"page","link":"https:\/\/www.cca-acc.com\/fr\/sceau-dor\/programme-daccreditation\/demande-daccreditation\/","title":{"rendered":"Demande d&#8217;accr\u00e9ditation"},"content":{"rendered":"\n<h2 class=\"wp-block-heading\"><strong>Processus d&#8217;accr\u00e9ditation<\/strong><\/h2>\n\n\n\n<p>Les demandes de certification sont trait\u00e9es chaque semaine. Les candidats recevront un courriel d\u2019approbation avec un certificat si la demande est approuv\u00e9e. Veuillez noter les dates d\u2019expiration de la certification de vos cours et renouvelez-la avant cette date. Les cours menant \u00e0 la certification sont affich\u00e9s sur la <a href=\"https:\/\/www.cca-acc.com\/fr\/sceau-dor\/programme-daccreditation\/formation-accreditee\/\">page des formations<\/a> menant \u00e0 la certification d\u2019une \u00e0 deux semaines apr\u00e8s leur approbation.<\/p>\n\n\n\n<div class=\"is-layout-flow wp-block-group alignfull block-cards block-cards--white-motif\">\n\n    <div class=\"block-cards__motif\">\n    <svg xmlns=\"http:\/\/www.w3.org\/2000\/svg\" width=\"598.293\" height=\"518.136\" viewBox=\"0 0 598.293 518.136\">\n      <path d=\"M448.721,0H149.574L0,259.068,149.574,518.136H448.721L598.294,259.068Zm-.24.413L597.817,259.068,523.268,388.189,299.386.413Zm74.287,387.735H75.526L299.146.826ZM149.813.413h149.1L75.025,388.189.478,259.068ZM448.482,517.724H149.813L75.242,388.561H523.053Z\" transform=\"translate(-0.001)\" fill=\"#582c83\"\/>\n    <\/svg>\n  <\/div>\n  \n    <div class=\"container\">\n    <div class=\"col\">\n      <div class=\"block-cards__intro\"><h3>Soumettre une demande<\/h3>\n<\/div>\n    <\/div>\n  <\/div>\n    <div class=\"container\">\n    <div class=\"col\">\n      <div class=\"block-cards__grid block-cards__grid--2\">\n              \n<div class=\"module-cards bucket-cards card-grey card-type-text\">\n    <a target=\"\" href=\"https:\/\/app.certain.com\/profile\/form\/index.cfm?PKformID=0x3140986a7a8\"><\/a>    <div class=\"bucket-cards-inner\">\n\n      \n      <div class=\"bucket-cards-content\">\n        <div class=\"bucket-cards-content-inner\">\n          <p class=\"card-content\">Prestataires de cours \u2013 nouvelles demandes et renouvellements&nbsp;&nbsp;&nbsp;&nbsp;<span class=\"card-content-arrow\"><\/span><\/p>\n                    <p class=\"card-description\">200 $ plus les taxes applicables<\/p>\n                          \n                <\/div>\n\n    <\/div>\n  <\/div>\n<\/div>              \n<div class=\"module-cards bucket-cards card-grey card-type-text\">\n    <a target=\"\" href=\"https:\/\/app.certain.com\/profile\/form\/index.cfm?PKformID=0x3414605e8e2\"><\/a>    <div class=\"bucket-cards-inner\">\n\n      \n      <div class=\"bucket-cards-content\">\n        <div class=\"bucket-cards-content-inner\">\n          <p class=\"card-content\">Institutions \u2013 nouvelles demandes et renouvellements&nbsp;&nbsp;&nbsp;&nbsp;<span class=\"card-content-arrow\"><\/span><\/p>\n                    <p class=\"card-description\">200 $ plus les taxes applicables<\/p>\n                          \n                <\/div>\n\n    <\/div>\n  <\/div>\n<\/div>            <\/div>\n    <\/div>\n  <\/div>\n<\/div>\n\n\n<p>Si votre demande de certification n\u2019est pas approuv\u00e9e, les frais de demande vous seront rembours\u00e9s.<\/p>\n\n\n\n<p>Pour toute question, veuillez \u00e9crire \u00e0 l\u2019adresse goldseal@cca-acc.com.<\/p>\n","protected":false},"excerpt":{"rendered":"<p>Processus d&#8217;accr\u00e9ditation Les demandes de certification sont trait\u00e9es chaque semaine. Les candidats recevront un courriel d\u2019approbation avec un certificat si la demande est approuv\u00e9e. Veuillez noter les dates d\u2019expiration de la certification de vos cours et renouvelez-la avant cette date. Les cours menant \u00e0 la certification sont affich\u00e9s sur la page des formations menant \u00e0 [&hellip;]<\/p>\n","protected":false},"author":31,"featured_media":0,"parent":16732,"menu_order":0,"comment_status":"closed","ping_status":"closed","template":"","meta":{"_acf_changed":false,"footnotes":""},"class_list":["post-78625","page","type-page","status-publish","hentry"],"acf":[],"_links":{"self":[{"href":"https:\/\/www.cca-acc.com\/fr\/wp-json\/wp\/v2\/pages\/78625","targetHints":{"allow":["GET"]}}],"collection":[{"href":"https:\/\/www.cca-acc.com\/fr\/wp-json\/wp\/v2\/pages"}],"about":[{"href":"https:\/\/www.cca-acc.com\/fr\/wp-json\/wp\/v2\/types\/page"}],"author":[{"embeddable":true,"href":"https:\/\/www.cca-acc.com\/fr\/wp-json\/wp\/v2\/users\/31"}],"replies":[{"embeddable":true,"href":"https:\/\/www.cca-acc.com\/fr\/wp-json\/wp\/v2\/comments?post=78625"}],"version-history":[{"count":3,"href":"https:\/\/www.cca-acc.com\/fr\/wp-json\/wp\/v2\/pages\/78625\/revisions"}],"predecessor-version":[{"id":78628,"href":"https:\/\/www.cca-acc.com\/fr\/wp-json\/wp\/v2\/pages\/78625\/revisions\/78628"}],"up":[{"embeddable":true,"href":"https:\/\/www.cca-acc.com\/fr\/wp-json\/wp\/v2\/pages\/16732"}],"wp:attachment":[{"href":"https:\/\/www.cca-acc.com\/fr\/wp-json\/wp\/v2\/media?parent=78625"}],"curies":[{"name":"wp","href":"https:\/\/api.w.org\/{rel}","templated":true}]}}