{"id":79342,"date":"2026-04-22T14:24:16","date_gmt":"2026-04-22T18:24:16","guid":{"rendered":"https:\/\/www.cca-acc.com\/?page_id=79342"},"modified":"2026-04-27T15:11:12","modified_gmt":"2026-04-27T19:11:12","slug":"securite-sur-les-chantiers","status":"publish","type":"page","link":"https:\/\/www.cca-acc.com\/fr\/services-axes-sur-les-pratiques-exemplaires\/securite-sur-les-chantiers\/","title":{"rendered":"S\u00e9curit\u00e9 sur les chantiers"},"content":{"rendered":"\n<h2 class=\"wp-block-heading has-brand-color has-text-color has-link-color wp-elements-855e6109553dd4582bc8fcfc0dfb318f\">L&#8217;ACC s&#8217;engage \u00e0 promouvoir des changements favorables aux normes de sant\u00e9 et de s\u00e9curit\u00e9 dans le secteur de la construction \u00e0 travers le Canada.<\/h2>\n\n\n\n<p>Nous sommes fiers de soutenir le <a href=\"https:\/\/canadianconstructionsafetycouncil.com\/page-daccueil\/\" target=\"_blank\" rel=\"noreferrer noopener\">Conseil canadien de la s\u00e9curit\u00e9 dans la construction<\/a> (CSCC) et de contribuer \u00e0 faire conna\u00eetre ses \u00ab appels \u00e0 l&#8217;action \u00bb nationaux \u00e9num\u00e9r\u00e9s ci-dessous. Ces priorit\u00e9s refl\u00e8tent notre engagement collectif \u00e0 promouvoir des pratiques de s\u00e9curit\u00e9 rigoureuses et de grande qualit\u00e9 dans l&#8217;ensemble du secteur de la construction au Canada, ainsi qu&#8217;\u00e0 am\u00e9liorer les conditions de travail pour les travailleurs et les entreprises partout au pays.<\/p>\n\n\n\n<div class=\"wp-block-columns is-layout-flex wp-container-core-columns-is-layout-9d6595d7 wp-block-columns-is-layout-flex\">\n<div class=\"wp-block-column is-vertically-aligned-center is-layout-flow wp-block-column-is-layout-flow\">\n<figure class=\"wp-block-image size-large\"><img loading=\"lazy\" decoding=\"async\" width=\"1024\" height=\"683\" src=\"https:\/\/www.cca-acc.com\/wp-content\/uploads\/2026\/04\/GettyImages-2211368205-2-1024x683.jpg\" alt=\"\" class=\"wp-image-79445\" srcset=\"https:\/\/www.cca-acc.com\/wp-content\/uploads\/2026\/04\/GettyImages-2211368205-2-1024x683.jpg 1024w, https:\/\/www.cca-acc.com\/wp-content\/uploads\/2026\/04\/GettyImages-2211368205-2-300x200.jpg 300w, https:\/\/www.cca-acc.com\/wp-content\/uploads\/2026\/04\/GettyImages-2211368205-2-768x512.jpg 768w, https:\/\/www.cca-acc.com\/wp-content\/uploads\/2026\/04\/GettyImages-2211368205-2-400x267.jpg 400w, https:\/\/www.cca-acc.com\/wp-content\/uploads\/2026\/04\/GettyImages-2211368205-2-600x400.jpg 600w, https:\/\/www.cca-acc.com\/wp-content\/uploads\/2026\/04\/GettyImages-2211368205-2.jpg 1200w\" sizes=\"auto, (max-width: 1024px) 100vw, 1024px\" \/><\/figure>\n<\/div>\n\n\n\n<div class=\"wp-block-column is-layout-flow wp-block-column-is-layout-flow\">\n<h3 class=\"wp-block-heading\"><strong>Passage aux casques de s\u00e9curit\u00e9 avec mentonni\u00e8re<\/strong><\/h3>\n\n\n\n<p>Le Conseil canadien de la s\u00e9curit\u00e9 dans la construction annonce le passage obligatoire aux casques de s\u00e9curit\u00e9 de type 2 avec mentonni\u00e8re int\u00e9gr\u00e9e pour tous les sous-traitants travaillant sur les chantiers des membres du CCSC \u00e0 travers le Canada, \u00e0 compter du 1er juillet 2026.<\/p>\n\n\n\n<p>Ce changement refl\u00e8te l\u2019engagement croissant du secteur en faveur d\u2019une meilleure protection de la t\u00eate contre les chocs lat\u00e9raux et les chutes, en garantissant que les casques restent bien en place lorsque cela compte le plus.<\/p>\n\n\n\n<p>Ce que cela implique pour les sous-traitants :<\/p>\n\n\n\n<ul class=\"wp-block-list\">\n<li>Le port de casques de s\u00e9curit\u00e9 de type 2 certifi\u00e9s CSA ou ANSI avec mentonni\u00e8re int\u00e9gr\u00e9e sera obligatoire.<\/li>\n\n\n\n<li>Cette mesure s\u2019applique \u00e0 tous les projets des membres du CCSC \u00e0 travers le pays.<br><\/li>\n<\/ul>\n\n\n\n<p>Cette transition repr\u00e9sente une avanc\u00e9e collective de tous les membres du CCSC visant \u00e0 prot\u00e9ger les travailleurs et \u00e0 r\u00e9duire les blessures graves \u00e0 la t\u00eate sur les chantiers de construction canadiens.<\/p>\n<\/div>\n<\/div>\n\n\n\n<h3 class=\"wp-block-heading\"><strong>Guide sur les risques critiques<\/strong><\/h3>\n\n\n\n<p>Les risques critiques sont inh\u00e9rents au secteur de la construction et peuvent entra\u00eener des d\u00e9c\u00e8s ou des blessures qui changent le cours d\u2019une vie si rien n\u2019est fait. Le Guide sur les risques critiques identifie 13&nbsp;activit\u00e9s \u00e0 haut risque qui pourraient constituer une menace importante pour la s\u00e9curit\u00e9 des travailleurs de premi\u00e8re ligne et entra\u00eener des d\u00e9c\u00e8s ou des blessures graves. Reconnaitre ces risques critiques permet aux travailleurs de premi\u00e8re ligne de s\u2019assurer que les travaux commencent de mani\u00e8re s\u00e9curitaire, contr\u00f4l\u00e9e et en toute connaissance des dangers, et garantit la mise en place de contr\u00f4les appropri\u00e9s.<\/p>\n\n\n<div class=\"button_left\"><a href=\"https:\/\/canadianconstructionsafetycouncil.com\/guide-sur-les-risques-critiques\/\"  class=\" cca_purple btn_solid\" target=\"_blank\">Guide sur les risques critiques<\/a>\n<\/div>\n\n\n\n\n\n<div class=\"wp-block-columns is-layout-flex wp-container-core-columns-is-layout-9d6595d7 wp-block-columns-is-layout-flex\">\n<div class=\"wp-block-column is-vertically-aligned-center is-layout-flow wp-block-column-is-layout-flow\">\n<figure class=\"wp-block-image size-large\"><img loading=\"lazy\" decoding=\"async\" width=\"1024\" height=\"683\" src=\"https:\/\/www.cca-acc.com\/wp-content\/uploads\/2026\/04\/GettyImages-1171320000-2-1024x683.jpg\" alt=\"\" class=\"wp-image-79451\" srcset=\"https:\/\/www.cca-acc.com\/wp-content\/uploads\/2026\/04\/GettyImages-1171320000-2-1024x683.jpg 1024w, https:\/\/www.cca-acc.com\/wp-content\/uploads\/2026\/04\/GettyImages-1171320000-2-300x200.jpg 300w, https:\/\/www.cca-acc.com\/wp-content\/uploads\/2026\/04\/GettyImages-1171320000-2-768x512.jpg 768w, https:\/\/www.cca-acc.com\/wp-content\/uploads\/2026\/04\/GettyImages-1171320000-2-400x267.jpg 400w, https:\/\/www.cca-acc.com\/wp-content\/uploads\/2026\/04\/GettyImages-1171320000-2-600x400.jpg 600w, https:\/\/www.cca-acc.com\/wp-content\/uploads\/2026\/04\/GettyImages-1171320000-2.jpg 1200w\" sizes=\"auto, (max-width: 1024px) 100vw, 1024px\" \/><\/figure>\n<\/div>\n\n\n\n<div class=\"wp-block-column is-vertically-aligned-center is-layout-flow wp-block-column-is-layout-flow\">\n<h3 class=\"wp-block-heading\"><strong>R\u00e8gle de protection contre les chutes de six pieds<\/strong><\/h3>\n\n\n\n<p>Les chutes restent l\u2019une des principales causes d\u2019accidents graves et de d\u00e9c\u00e8s dans le secteur de la construction. En mettant en \u0153uvre des mesures rigoureuses de protection contre les chutes au seuil de six pieds, telles que l\u2019installation de garde-corps, de filets de s\u00e9curit\u00e9 et de syst\u00e8mes d\u2019arr\u00eat de chute individuels, les entreprises peuvent r\u00e9duire de mani\u00e8re significative le risque d\u2019incidents&nbsp;tragiques.&nbsp;Gr\u00e2ce \u00e0 une formation compl\u00e8te et \u00e0 la sensibilisation de tous les&nbsp;travailleurs, chaque lieu de travail peut devenir un environnement plus s\u00fbr, o\u00f9 l\u2019ensemble des travailleurs se sentent valoris\u00e9s et prot\u00e9g\u00e9s.&nbsp;<\/p>\n<\/div>\n<\/div>\n\n\n\n<div class=\"wp-block-columns is-layout-flex wp-container-core-columns-is-layout-9d6595d7 wp-block-columns-is-layout-flex\">\n<div class=\"wp-block-column is-vertically-aligned-center is-layout-flow wp-block-column-is-layout-flow\">\n<figure class=\"wp-block-image size-large\"><img loading=\"lazy\" decoding=\"async\" width=\"1024\" height=\"683\" src=\"https:\/\/www.cca-acc.com\/wp-content\/uploads\/2026\/04\/GettyImages-2190518272-1-1024x683.jpg\" alt=\"\" class=\"wp-image-79454\" srcset=\"https:\/\/www.cca-acc.com\/wp-content\/uploads\/2026\/04\/GettyImages-2190518272-1-1024x683.jpg 1024w, https:\/\/www.cca-acc.com\/wp-content\/uploads\/2026\/04\/GettyImages-2190518272-1-300x200.jpg 300w, https:\/\/www.cca-acc.com\/wp-content\/uploads\/2026\/04\/GettyImages-2190518272-1-768x512.jpg 768w, https:\/\/www.cca-acc.com\/wp-content\/uploads\/2026\/04\/GettyImages-2190518272-1-400x267.jpg 400w, https:\/\/www.cca-acc.com\/wp-content\/uploads\/2026\/04\/GettyImages-2190518272-1-600x400.jpg 600w, https:\/\/www.cca-acc.com\/wp-content\/uploads\/2026\/04\/GettyImages-2190518272-1.jpg 1200w\" sizes=\"auto, (max-width: 1024px) 100vw, 1024px\" \/><\/figure>\n<\/div>\n\n\n\n<div class=\"wp-block-column is-vertically-aligned-center is-layout-flow wp-block-column-is-layout-flow\">\n<h3 class=\"wp-block-heading\"><strong>Mise en \u0153uvre proactive de gants anti-coupures de niveau 4<\/strong><\/h3>\n\n\n\n<p>Les travaux de construction impliquent souvent la manipulation d\u2019outils et de mat\u00e9riaux tranchants, ce qui repr\u00e9sente un risque constant de lac\u00e9rations et de blessures graves aux mains. Les gants r\u00e9sistants aux coupures de niveau 4 offrent une protection sup\u00e9rieure pour att\u00e9nuer ces risques et garantir que les mains des travailleurs sont prot\u00e9g\u00e9es&nbsp;en tout temps.&nbsp;En normalisant l\u2019utilisation de ces gants, les entreprises de construction adoptent une approche proactive de la pr\u00e9vention des blessures et favorisent une culture dans laquelle la s\u00e9curit\u00e9 est int\u00e9gr\u00e9e \u00e0 chaque t\u00e2che, aussi routini\u00e8re soit-elle.<\/p>\n<\/div>\n<\/div>\n\n\n\n<div class=\"wp-block-group\"><div class=\"wp-block-group__inner-container is-layout-constrained wp-block-group-is-layout-constrained\">\n<p class=\"has-brand-background-color has-background has-normal-font-size\"><strong>Un engagement concert\u00e9 en faveur de la sant\u00e9 et s\u00e9curit\u00e9<\/strong><br><br>L\u2019adoption collective de ces mesures de sant\u00e9 et s\u00e9curit\u00e9 avanc\u00e9es, telles que la protection contre les chutes de six pieds, les casques de s\u00e9curit\u00e9 de type 2 \u00e0 jugulaire et les gants r\u00e9sistants aux coupures de niveau 4, annonce un changement transformateur dans l\u2019industrie de la construction. Ce mouvement t\u00e9moigne d\u2019un engagement commun visant \u00e0 \u00e9lever les normes de sant\u00e9 et s\u00e9curit\u00e9 et \u00e0 cr\u00e9er un environnement de travail o\u00f9 le risque de blessures graves et d\u2019accidents mortels est r\u00e9duit au minimum. Cet alignement exige des efforts conjoints de la part de toutes les parties prenantes, y compris des dirigeants, des responsables de la s\u00e9curit\u00e9 et des travailleurs, pour garantir que ces mesures sont non seulement mises en \u0153uvre, mais aussi rigoureusement respect\u00e9es.<\/p>\n<\/div><\/div>\n","protected":false},"excerpt":{"rendered":"<p>L&#8217;ACC s&#8217;engage \u00e0 promouvoir des changements favorables aux normes de sant\u00e9 et de s\u00e9curit\u00e9 dans le secteur de la construction \u00e0 travers le Canada. Nous sommes fiers de soutenir le Conseil canadien de la s\u00e9curit\u00e9 dans la construction (CSCC) et de contribuer \u00e0 faire conna\u00eetre ses \u00ab appels \u00e0 l&#8217;action \u00bb nationaux \u00e9num\u00e9r\u00e9s ci-dessous. Ces [&hellip;]<\/p>\n","protected":false},"author":33,"featured_media":0,"parent":16873,"menu_order":0,"comment_status":"closed","ping_status":"closed","template":"","meta":{"_acf_changed":false,"footnotes":""},"class_list":["post-79342","page","type-page","status-publish","hentry"],"acf":[],"_links":{"self":[{"href":"https:\/\/www.cca-acc.com\/fr\/wp-json\/wp\/v2\/pages\/79342","targetHints":{"allow":["GET"]}}],"collection":[{"href":"https:\/\/www.cca-acc.com\/fr\/wp-json\/wp\/v2\/pages"}],"about":[{"href":"https:\/\/www.cca-acc.com\/fr\/wp-json\/wp\/v2\/types\/page"}],"author":[{"embeddable":true,"href":"https:\/\/www.cca-acc.com\/fr\/wp-json\/wp\/v2\/users\/33"}],"replies":[{"embeddable":true,"href":"https:\/\/www.cca-acc.com\/fr\/wp-json\/wp\/v2\/comments?post=79342"}],"version-history":[{"count":9,"href":"https:\/\/www.cca-acc.com\/fr\/wp-json\/wp\/v2\/pages\/79342\/revisions"}],"predecessor-version":[{"id":79479,"href":"https:\/\/www.cca-acc.com\/fr\/wp-json\/wp\/v2\/pages\/79342\/revisions\/79479"}],"up":[{"embeddable":true,"href":"https:\/\/www.cca-acc.com\/fr\/wp-json\/wp\/v2\/pages\/16873"}],"wp:attachment":[{"href":"https:\/\/www.cca-acc.com\/fr\/wp-json\/wp\/v2\/media?parent=79342"}],"curies":[{"name":"wp","href":"https:\/\/api.w.org\/{rel}","templated":true}]}}