{"id":58933,"date":"2024-11-12T15:11:03","date_gmt":"2024-11-12T20:11:03","guid":{"rendered":"https:\/\/www.cca-acc.com\/?post_type=product&#038;p=58933"},"modified":"2026-01-05T13:11:12","modified_gmt":"2026-01-05T18:11:12","slug":"adhesion-pour-les-membres-corporatifs-de-la-categorie-a","status":"publish","type":"product","link":"https:\/\/www.cca-acc.com\/fr\/shop\/adhesion-pour-les-membres-corporatifs-de-la-categorie-a\/","title":{"rendered":"Adh\u00e9sion pour les membres corporatifs de la cat\u00e9gorie A"},"content":{"rendered":"<p>Les membres corporatifs sont des entreprises qui adh\u00e8rent directement \u00e0 l\u2019ACC et qui renouvellent leur adh\u00e9sion chaque ann\u00e9e. La majorit\u00e9 de nos membres corporatifs sont d\u00e9j\u00e0 des membres int\u00e9gr\u00e9s, b\u00e9n\u00e9ficiant ainsi d\u2019une repr\u00e9sentation locale, provinciale et nationale, et souhaitent avoir un impact plus important au niveau national.<\/p>\n<p>Cat\u00e9gorie A : 2 054 $ + la TPS\/TVH\/TVQ* pour les entreprises dont les revenus annuels li\u00e9s \u00e0 la construction sont de moins de 10 millions de dollars;<\/p>\n","protected":false},"excerpt":{"rendered":"<p>Pour les entreprises dont les revenus annuels li\u00e9s \u00e0 la construction sont de moins de 10 millions de dollars.<\/p>\n","protected":false},"featured_media":0,"template":"","meta":{"_acf_changed":false},"product_brand":[],"product_cat":[282],"product_tag":[],"class_list":{"0":"post-58933","1":"product","2":"type-product","3":"status-publish","5":"product_cat-adhesion","7":"first","8":"instock","9":"virtual","10":"taxable","11":"purchasable","12":"product-type-subscription"},"acf":[],"_links":{"self":[{"href":"https:\/\/www.cca-acc.com\/fr\/wp-json\/wp\/v2\/product\/58933","targetHints":{"allow":["GET"]}}],"collection":[{"href":"https:\/\/www.cca-acc.com\/fr\/wp-json\/wp\/v2\/product"}],"about":[{"href":"https:\/\/www.cca-acc.com\/fr\/wp-json\/wp\/v2\/types\/product"}],"wp:attachment":[{"href":"https:\/\/www.cca-acc.com\/fr\/wp-json\/wp\/v2\/media?parent=58933"}],"wp:term":[{"taxonomy":"product_brand","embeddable":true,"href":"https:\/\/www.cca-acc.com\/fr\/wp-json\/wp\/v2\/product_brand?post=58933"},{"taxonomy":"product_cat","embeddable":true,"href":"https:\/\/www.cca-acc.com\/fr\/wp-json\/wp\/v2\/product_cat?post=58933"},{"taxonomy":"product_tag","embeddable":true,"href":"https:\/\/www.cca-acc.com\/fr\/wp-json\/wp\/v2\/product_tag?post=58933"}],"curies":[{"name":"wp","href":"https:\/\/api.w.org\/{rel}","templated":true}]}}